{"id":1315,"date":"2022-08-29T07:37:28","date_gmt":"2022-08-29T07:37:28","guid":{"rendered":"https:\/\/transfergo.wpengine.com\/story"},"modified":"2026-04-30T06:33:57","modified_gmt":"2026-04-30T06:33:57","slug":"die-ganze-geschichte","status":"publish","type":"page","link":"https:\/\/www.transfergo.com\/de\/die-ganze-geschichte","title":{"rendered":"DIE GANZE GESCHICHTE"},"content":{"rendered":"\n<section class=\"wp-block-tg-media-and-text media-and-text container-fluid alignfull is-style-square-image\" align=\"full\"><div class=\"container\">\n<div class=\"wp-block-media-text has-media-on-the-right is-stacked-on-mobile is-vertically-aligned-center media-and-text__container\"><div class=\"wp-block-media-text__content\">\n<p class=\"has-text-align-left media-and-text__paragraph has-blue-900-color has-text-color has-large-font-size\"><strong><strong>Die ganze Geschichte<\/strong><\/strong><\/p>\n\n\n\n<h1 class=\"wp-block-heading has-text-align-left media-and-text__heading is-style-h2-higher-header-style has-blue-900-color has-text-color\"><mark style=\"background-color:rgba(0, 0, 0, 0)\" class=\"has-inline-color has-blue-500-color\">Entstehung von<\/mark> TransferGo<\/h1>\n\n\n\n<p class=\"has-text-align-left media-and-text__paragraph has-blue-900-color has-text-color\">Es war 2012. Wir vier betrieben ein Import- und Exportgesch\u00e4ft und mussten st\u00e4ndig Geld ins Ausland senden. Jede \u00dcberweisung bedeutete langsame Zustellung, hohe Geb\u00fchren und einen Kundenservice, der praktisch nicht existierte. Wir standen in Warteschlangen an Kiosken, schickten Geld in das falsche Land und bekamen keine Entsch\u00e4digung, wenn etwas schiefging.<br><br>Irgendwann hatten wir genug. Also haben wir etwas Besseres aufgebaut. Wir haben TransferGo aufgebaut.<\/p>\n<\/div><figure class=\"wp-block-media-text__media\"><img loading=\"lazy\" decoding=\"async\" width=\"451\" height=\"453\" src=\"https:\/\/www.transfergo.com\/wp-content\/uploads\/2024\/06\/Story-2-2.png\" alt=\"\" class=\"wp-image-71104 size-full\" srcset=\"https:\/\/www.transfergo.com\/wp-content\/uploads\/2024\/06\/Story-2-2.png 451w, https:\/\/www.transfergo.com\/wp-content\/uploads\/2024\/06\/Story-2-2.png?resize=150,150 150w, https:\/\/www.transfergo.com\/wp-content\/uploads\/2024\/06\/Story-2-2.png?resize=300,300 300w\" sizes=\"auto, (max-width: 451px) 100vw, 451px\" \/><\/figure><\/div>\n<\/div><\/section>\n\n\n\n<section class=\"wp-block-tg-media-and-text media-and-text container-fluid alignfull is-style-square-image has-bw-200-background-color has-background\" align=\"full\"><div class=\"container\">\n<div class=\"wp-block-media-text is-stacked-on-mobile is-vertically-aligned-center media-and-text__container\"><figure class=\"wp-block-media-text__media\"><img loading=\"lazy\" decoding=\"async\" width=\"451\" height=\"451\" src=\"https:\/\/www.transfergo.com\/wp-content\/uploads\/2024\/06\/Story-3-2.png\" alt=\"\" class=\"wp-image-71115 size-full\" srcset=\"https:\/\/www.transfergo.com\/wp-content\/uploads\/2024\/06\/Story-3-2.png 451w, https:\/\/www.transfergo.com\/wp-content\/uploads\/2024\/06\/Story-3-2.png?resize=150,150 150w, https:\/\/www.transfergo.com\/wp-content\/uploads\/2024\/06\/Story-3-2.png?resize=300,300 300w\" sizes=\"auto, (max-width: 451px) 100vw, 451px\" \/><\/figure><div class=\"wp-block-media-text__content\">\n<h2 class=\"wp-block-heading has-text-align-left media-and-text__heading is-style-h2-higher-header-style has-blue-900-color has-text-color\">Schwierige  <mark style=\"background-color:rgba(0, 0, 0, 0)\" class=\"has-inline-color has-blue-500-color\">Anf\u00e4nge<\/mark><\/h2>\n\n\n\n<p class=\"has-text-align-left media-and-text__paragraph has-blue-900-color has-text-color\">Es war nicht einfach. Sechs Monate f\u00fcr die beh\u00f6rdliche Lizenzierung. Weitere vier, um eine Bank zu finden, die bereit war, mit uns zusammenzuarbeiten. Die Ersparnisse eines ganzen Jahres \u2013 aufgebraucht. Und dann, gerade als die Kunden das Produkt liebten, erhielten wir einen Brief von unserer Bank. Ohne jegliche Erkl\u00e4rung wurde uns mitgeteilt, dass man uns schlie\u00dfen w\u00fcrde \u2013 mit nichts weiter als einer Frist von 90 Tagen, um das Unternehmen zu retten.<br><br>Wir waren nicht bereit aufzugeben. Unter enormem Zeitdruck fanden wir einen neuen Bankpartner. Das Unternehmen \u00fcberlebte \u2013 und seitdem wachsen wir kontinuierlich.<\/p>\n<\/div><\/div>\n<\/div><\/section>\n\n\n\n<section class=\"wp-block-tg-media-and-text media-and-text container-fluid alignfull is-style-square-image\" align=\"full\"><div class=\"container\">\n<div class=\"wp-block-media-text has-media-on-the-right is-stacked-on-mobile is-vertically-aligned-center media-and-text__container\"><div class=\"wp-block-media-text__content\">\n<h2 class=\"wp-block-heading has-text-align-left media-and-text__heading is-style-h2-higher-header-style has-blue-900-color has-text-color\"><mark style=\"background-color:rgba(0, 0, 0, 0)\" class=\"has-inline-color has-blue-500-color\">Der Weg zum<\/mark> Erfolg<\/h2>\n\n\n\n<p class=\"has-text-align-left media-and-text__paragraph has-blue-900-color has-text-color\">Heute sieht alles ganz anders aus. Wir arbeiten mit \u00fcber 30 Banken weltweit zusammen \u2013 eine bemerkenswerte Entwicklung, wenn man bedenkt, wie schwierig es fr\u00fcher war, \u00fcberhaupt eine einzige zu finden. Wir wurden bei den TechCrunch Europe Awards 2018 als \u201eFastest Rising Start-up\u201c nominiert und von TNW als eines der f\u00fcnf vielversprechendsten Scale-ups im Vereinigten K\u00f6nigreich ausgezeichnet.<br><br>Doch am meisten danken wir Ihnen. Denjenigen, die hart arbeiten, Geld nach Hause senden und ihre Familien unterst\u00fctzen. F\u00fcr Sie haben wir TransferGo entwickelt. Und daran hat sich nichts ge\u00e4ndert.<\/p>\n<\/div><figure class=\"wp-block-media-text__media\"><img loading=\"lazy\" decoding=\"async\" width=\"450\" height=\"442\" src=\"https:\/\/www.transfergo.com\/wp-content\/uploads\/2024\/06\/Story-4-2.png\" alt=\"\" class=\"wp-image-71126 size-full\" srcset=\"https:\/\/www.transfergo.com\/wp-content\/uploads\/2024\/06\/Story-4-2.png 450w, https:\/\/www.transfergo.com\/wp-content\/uploads\/2024\/06\/Story-4-2.png?resize=300,295 300w\" sizes=\"auto, (max-width: 450px) 100vw, 450px\" \/><\/figure><\/div>\n<\/div><\/section>\n\n\n\n<section class=\"wp-block-tg-media-and-text media-and-text container-fluid alignfull is-style-square-image has-bw-200-background-color has-background\" align=\"full\"><div class=\"container\">\n<div class=\"wp-block-media-text is-stacked-on-mobile is-vertically-aligned-center media-and-text__container\"><figure class=\"wp-block-media-text__media\"><img loading=\"lazy\" decoding=\"async\" width=\"450\" height=\"442\" src=\"https:\/\/www.transfergo.com\/wp-content\/uploads\/2024\/06\/Story-5-2.png\" alt=\"\" class=\"wp-image-71137 size-full\" srcset=\"https:\/\/www.transfergo.com\/wp-content\/uploads\/2024\/06\/Story-5-2.png 450w, https:\/\/www.transfergo.com\/wp-content\/uploads\/2024\/06\/Story-5-2.png?resize=300,295 300w\" sizes=\"auto, (max-width: 450px) 100vw, 450px\" \/><\/figure><div class=\"wp-block-media-text__content\">\n<h2 class=\"wp-block-heading has-text-align-left media-and-text__heading is-style-h2-higher-header-style has-blue-900-color has-text-color\">Eine bessere <mark style=\"background-color:rgba(0, 0, 0, 0)\" class=\"has-inline-color has-blue-500-color\">Zukunft<\/mark><\/h2>\n\n\n\n<p class=\"has-text-align-left media-and-text__paragraph has-blue-900-color has-text-color\">Seit 2012 haben wir schon viel erreicht \u2013 und wir fangen gerade erst an. Mehr Routen, mehr W\u00e4hrungen, mehr Produkte. Alles daf\u00fcr gemacht, dass Sie schnell und g\u00fcnstig Geld nach Hause senden k\u00f6nnen. Das Beste von TransferGo liegt noch vor uns.<\/p>\n<\/div><\/div>\n<\/div><\/section>\n\n\n\n<section class=\"wp-block-tg-banner-cta banner-cta container-fluid alignfull is-style-rounded\" align=\"full\"><div class=\"container\">\n<div class=\"wp-block-group banner-cta__container has-blue-50-background-color has-background is-vertical is-content-justification-center is-layout-flex wp-container-core-group-is-layout-ce155fab wp-block-group-is-layout-flex\">\n<div class=\"wp-block-group banner-cta__text-wrapper is-vertical is-content-justification-stretch is-layout-flex wp-container-core-group-is-layout-353c4f5a wp-block-group-is-layout-flex\">\n<h2 class=\"wp-block-heading has-text-align-center banner-cta__heading has-blue-900-color has-text-color\">Wir sind hier, damit <mark style=\"background-color:rgba(0, 0, 0, 0)\" class=\"has-inline-color has-blue-500-color\">Ihr Leben einfacher wird.<\/mark><\/h2>\n\n\n\n<p class=\"has-text-align-center\">Ganz gleich, ob Sie Rechnungen bezahlen, Familie unterst\u00fctzen, Unternehmen helfen oder mit Notf\u00e4llen umgehen m\u00fcssen \u2013 wir m\u00f6chten, dass Sie schnell und kosteng\u00fcnstig sichere Geldtransfers durchf\u00fchren k\u00f6nnen. Warum? Weil das Senden von Geld vor nicht allzu langer Zeit noch ein echter Albtraum war.<\/p>\n<\/div>\n\n\n\n<div class=\"wp-block-buttons banner-cta__buttons-wrapper is-content-justification-center is-layout-flex wp-container-core-buttons-is-layout-a89b3969 wp-block-buttons-is-layout-flex\">\n<div class=\"wp-block-button banner-cta__button is-style-fill\"><a class=\"wp-block-button__link wp-element-button\" href=\"https:\/\/app.transfergo.com\/de\/login\" target=\"_blank\" rel=\"noopener\">Jetzt Geld senden<\/a><\/div>\n<\/div>\n<\/div>\n<\/div><\/section>\n\n\n\n<div class=\"wp-block-buttons is-content-justification-center is-layout-flex wp-container-core-buttons-is-layout-c3d5205c wp-block-buttons-is-layout-flex\" style=\"margin-top:0;margin-bottom:0\">\n<div class=\"wp-block-button is-style-button-blue-with-reversed-arrow-no-background\"><a class=\"wp-block-button__link has-bw-900-color has-text-color has-link-color wp-element-button\" href=\"https:\/\/www.transfergo.com\/de\/ueber-uns\">Zur\u00fcck zur \u201e\u00dcber uns\u201c-Seite<\/a><\/div>\n<\/div>\n","protected":false},"excerpt":{"rendered":"","protected":false},"author":1,"featured_media":0,"parent":0,"menu_order":0,"comment_status":"closed","ping_status":"closed","template":"","meta":{"hideMenuColor":false,"footnotes":""},"class_list":["post-1315","page","type-page","status-publish","hentry"],"parsely":{"version":"1.1.0","canonical_url":"https:\/\/transfergo.com\/de\/die-ganze-geschichte","smart_links":{"inbound":0,"outbound":0},"traffic_boost_suggestions_count":0,"meta":{"@context":"https:\/\/schema.org","@type":"WebPage","headline":"DIE GANZE GESCHICHTE","url":"http:\/\/www.transfergo.com\/de\/die-ganze-geschichte","mainEntityOfPage":{"@type":"WebPage","@id":"http:\/\/www.transfergo.com\/de\/die-ganze-geschichte"},"thumbnailUrl":"","image":{"@type":"ImageObject","url":""},"articleSection":"Pers\u00f6nliche Finanzen","author":[{"@type":"Person","name":"TransferGo Team"}],"creator":["TransferGo Team"],"publisher":{"@type":"Organization","name":"TransferGo","logo":""},"keywords":[],"dateCreated":"2022-08-29T07:37:28Z","datePublished":"2022-08-29T07:37:28Z","dateModified":"2026-04-30T06:33:57Z"},"rendered":"<script type=\"application\/ld+json\" class=\"wp-parsely-metadata\">{\"@context\":\"https:\\\/\\\/schema.org\",\"@type\":\"WebPage\",\"headline\":\"DIE GANZE GESCHICHTE\",\"url\":\"http:\\\/\\\/www.transfergo.com\\\/de\\\/die-ganze-geschichte\",\"mainEntityOfPage\":{\"@type\":\"WebPage\",\"@id\":\"http:\\\/\\\/www.transfergo.com\\\/de\\\/die-ganze-geschichte\"},\"thumbnailUrl\":\"\",\"image\":{\"@type\":\"ImageObject\",\"url\":\"\"},\"articleSection\":\"Pers\\u00f6nliche Finanzen\",\"author\":[{\"@type\":\"Person\",\"name\":\"TransferGo Team\"}],\"creator\":[\"TransferGo Team\"],\"publisher\":{\"@type\":\"Organization\",\"name\":\"TransferGo\",\"logo\":\"\"},\"keywords\":[],\"dateCreated\":\"2022-08-29T07:37:28Z\",\"datePublished\":\"2022-08-29T07:37:28Z\",\"dateModified\":\"2026-04-30T06:33:57Z\"}<\/script>","tracker_url":"https:\/\/cdn.parsely.com\/keys\/transfergo.com\/p.js"},"jetpack_sharing_enabled":true,"hideMenuColor":false,"_links":{"self":[{"href":"https:\/\/www.transfergo.com\/de\/wp-json\/wp\/v2\/pages\/1315","targetHints":{"allow":["GET"]}}],"collection":[{"href":"https:\/\/www.transfergo.com\/de\/wp-json\/wp\/v2\/pages"}],"about":[{"href":"https:\/\/www.transfergo.com\/de\/wp-json\/wp\/v2\/types\/page"}],"author":[{"embeddable":true,"href":"https:\/\/www.transfergo.com\/de\/wp-json\/wp\/v2\/users\/1"}],"replies":[{"embeddable":true,"href":"https:\/\/www.transfergo.com\/de\/wp-json\/wp\/v2\/comments?post=1315"}],"version-history":[{"count":2,"href":"https:\/\/www.transfergo.com\/de\/wp-json\/wp\/v2\/pages\/1315\/revisions"}],"predecessor-version":[{"id":1449335,"href":"https:\/\/www.transfergo.com\/de\/wp-json\/wp\/v2\/pages\/1315\/revisions\/1449335"}],"wp:attachment":[{"href":"https:\/\/www.transfergo.com\/de\/wp-json\/wp\/v2\/media?parent=1315"}],"curies":[{"name":"wp","href":"https:\/\/api.w.org\/{rel}","templated":true}]}}