{"id":1385,"date":"2022-08-21T03:56:41","date_gmt":"2022-08-21T03:56:41","guid":{"rendered":"https:\/\/transfergo.wpengine.com\/referral-gift"},"modified":"2026-01-22T10:35:21","modified_gmt":"2026-01-22T10:35:21","slug":"empfehlungsgeschenk","status":"publish","type":"page","link":"https:\/\/www.transfergo.com\/de\/empfehlungsgeschenk","title":{"rendered":"Empfehlungsgeschenk"},"content":{"rendered":"\r\n<section class=\"wp-block-tg-hero-refer-a-friend hero-refer-a-friend container-fluid alignfull\" align=\"full\"><div class=\"container\">\r\n<div class=\"wp-block-columns hero-refer-a-friend__columns is-layout-flex wp-container-core-columns-is-layout-28f84493 wp-block-columns-is-layout-flex\">\r\n<div class=\"wp-block-column hero-refer-a-friend__column is-layout-flow wp-block-column-is-layout-flow\">\n<p class=\"is-style-h2-higher-header-style wp-block-tg-hero-raf-parameter\">\n\t<mark class=\"has-inline-color has-blue-500-color\">\n\t\tIHR FREUND\t<\/mark>\n<\/p>\n\r\n\r\n<h1 class=\"wp-block-heading hero-refer-a-friend__title is-style-h4-higher-header-style\">l\u00e4dt Sie ein, TransferGo zu nutzen<\/h1>\r\n\r\n<p  class=\"hero-refer-a-friend__subtitle\">Versenden Sie Geld einfach g\u00fcnstiger \u2013 die ersten zwei \u00dcberweisungen sind kostenlos!<\/p>\r\n\r\n\r\n\r\n<div class=\"wp-block-button hero-refer-a-friend__button is-style-button-with-arrow\"><a class=\"wp-block-button__link wp-element-button\" href=\"https:\/\/app.transfergo.com\/de\/register\" target=\"_blank\" rel=\"noopener\">Einladung annehmen<\/a><\/div><\/div>\r\n\r\n\r\n\r\n<div class=\"wp-block-column hero-refer-a-friend__column hero-refer-a-friend__column--images is-layout-flow wp-block-column-is-layout-flow\">\r\n<figure class=\"wp-block-image hero-refer-a-friend__image\"><img decoding=\"async\" src=\"https:\/\/www.transfergo.com\/wp-content\/plugins\/transfergo-blocks\/assets\/img\/hero-refer-a-friend\/hero-refer-a-friend-image-male.webp\" alt=\"\"\/><\/figure>\r\n\r\n\r\n\r\n<figure class=\"wp-block-image hero-refer-a-friend__image\"><img decoding=\"async\" src=\"https:\/\/www.transfergo.com\/wp-content\/plugins\/transfergo-blocks\/assets\/img\/hero-refer-a-friend\/hero-refer-a-friend-image-female.webp\" alt=\"\"\/><\/figure>\r\n<\/div>\r\n<\/div>\r\n<\/div><\/section>\r\n\n\n\n<section class=\"wp-block-tg-benefits benefits  container-fluid\"><div class=\"container\">\n<h2 class=\"wp-block-heading has-text-align-center benefits__title has-blue-900-color has-text-color\">Darum vertrauen mehr als 8 Millionen Kunden TransferGo\u2026<\/h2>\n\n\n\n<div class=\"wp-block-columns benefits__columns is-layout-flex wp-container-core-columns-is-layout-28f84493 wp-block-columns-is-layout-flex\">\n<div class=\"wp-block-column benefits__column is-layout-flow wp-block-column-is-layout-flow\">\n<figure class=\"wp-block-image aligncenter benefits__column-image\"><img decoding=\"async\" src=\"https:\/\/www.transfergo.com\/wp-content\/plugins\/transfergo-blocks\/assets\/img\/benefits\/high-speed.svg\" alt=\"High speed icon\"\/><\/figure>\n\n\n\n<h6 class=\"wp-block-heading has-text-align-center t2 benefits__column-title has-blue-500-color has-text-color\"><strong>Besonders schnell<\/strong><\/h6>\n\n\n\n<p class=\"has-text-align-center benefits__column-subtitle has-blue-900-color has-text-color has-medium-font-size\">Die meisten \u00dcberweisungen dauern nur 2\u20133 Minuten! Sie k\u00f6nnen sogar am Wochenende Geld versenden.<\/p>\n<\/div>\n\n\n\n<div class=\"wp-block-column benefits__column is-layout-flow wp-block-column-is-layout-flow\">\n<figure class=\"wp-block-image aligncenter benefits__column-image\"><img decoding=\"async\" src=\"https:\/\/www.transfergo.com\/wp-content\/plugins\/transfergo-blocks\/assets\/img\/benefits\/low-fees.svg\" alt=\"Low fees icon\"\/><\/figure>\n\n\n\n<h6 class=\"wp-block-heading has-text-align-center t2 benefits__column-title has-blue-500-color has-text-color\"><strong>Niedrige Geb\u00fchren<\/strong><\/h6>\n\n\n\n<p class=\"has-text-align-center benefits__column-subtitle has-blue-900-color has-text-color has-medium-font-size\">Profitieren Sie von hervorragenden Kursen, niedrigen Geb\u00fchren und t\u00e4tigen Sie Ihre ersten zwei \u00dcberweisungen kostenlos!<\/p>\n<\/div>\n\n\n\n<div class=\"wp-block-column benefits__column is-layout-flow wp-block-column-is-layout-flow\">\n<figure class=\"wp-block-image aligncenter benefits__column-image\"><img decoding=\"async\" src=\"https:\/\/www.transfergo.com\/wp-content\/plugins\/transfergo-blocks\/assets\/img\/benefits\/no-hassle.svg\" alt=\"No hassle icon\"\/><\/figure>\n\n\n\n<h6 class=\"wp-block-heading has-text-align-center t2 benefits__column-title has-blue-500-color has-text-color\"><strong>Unkompliziert<\/strong><\/h6>\n\n\n\n<p class=\"has-text-align-center benefits__column-subtitle has-blue-900-color has-text-color has-medium-font-size\">Die App kann kostenlos heruntergeladen werden und ist einfach zu bedienen.<\/p>\n<\/div>\n\n\n\n<div class=\"wp-block-column benefits__column is-layout-flow wp-block-column-is-layout-flow\">\n<figure class=\"wp-block-image aligncenter benefits__column-image\"><img decoding=\"async\" src=\"https:\/\/www.transfergo.com\/wp-content\/plugins\/transfergo-blocks\/assets\/img\/benefits\/global.svg\" alt=\"Global icon\"\/><\/figure>\n\n\n\n<h6 class=\"wp-block-heading has-text-align-center t2 benefits__column-title has-blue-500-color has-text-color\"><strong>Weltweit<\/strong><\/h6>\n\n\n\n<p class=\"has-text-align-center benefits__column-subtitle has-blue-900-color has-text-color has-medium-font-size\">Senden Sie Geld an Kreditkarten, Bankkonten und Geldausgabestellen in \u00fcber 160 L\u00e4nder auf der ganzen Welt.<\/p>\n<\/div>\n\n\n\n<div class=\"wp-block-column benefits__column is-layout-flow wp-block-column-is-layout-flow\">\n<figure class=\"wp-block-image aligncenter benefits__column-image\"><img decoding=\"async\" src=\"https:\/\/www.transfergo.com\/wp-content\/plugins\/transfergo-blocks\/assets\/img\/benefits\/multilingual.svg\" alt=\"Multi-lingual icon\"\/><\/figure>\n\n\n\n<h6 class=\"wp-block-heading has-text-align-center t2 benefits__column-title has-blue-500-color has-text-color\"><strong>Mehrsprachiger Support<\/strong><\/h6>\n\n\n\n<p class=\"has-text-align-center benefits__column-subtitle has-blue-900-color has-text-color has-medium-font-size\">Unser schneller, freundlicher Kundendienst in 9 Sprachen ist f\u00fcr Sie da.<\/p>\n<\/div>\n\n\n\n<div class=\"wp-block-column benefits__column is-layout-flow wp-block-column-is-layout-flow\">\n<figure class=\"wp-block-image aligncenter benefits__column-image\"><img decoding=\"async\" src=\"https:\/\/www.transfergo.com\/wp-content\/plugins\/transfergo-blocks\/assets\/img\/benefits\/security.svg\" alt=\"Security icon\"\/><\/figure>\n\n\n\n<h6 class=\"wp-block-heading has-text-align-center t2 benefits__column-title has-blue-500-color has-text-color\"><strong>Sicher und durch die FCA zugelassen<\/strong><\/h6>\n\n\n\n<p class=\"has-text-align-center benefits__column-subtitle has-blue-900-color has-text-color has-medium-font-size\">Wir unterliegen den Gesetzen des Vereinigten K\u00f6nigreichs und der EU und nutzen erstklassige Sicherheits- und Verschl\u00fcsselungsma\u00dfnahmen, um Ihr Geld zu sch\u00fctzen.<\/p>\n<\/div>\n<\/div>\n<\/div><\/section>\n\n\n\n<section class=\"wp-block-tg-make-faster-transfers make-faster-transfers container-fluid\" data-subtitle=\"Scannen Sie, um die TransferGo-App herunterzuladen\"><div class=\"container\">\n<h3 class=\"wp-block-heading has-text-align-left make-faster-transfers__title has-blue-900-color has-text-color\">Senden Sie Geld von unterwegs\u2014 Laden Sie unsere App herunter!<\/h3>\n\n\n\n<div class=\"wp-block-group badges is-layout-flow wp-block-group-is-layout-flow\">\n<div class=\"badges__container\">\n\t<div class=\"wp-block-button badges__button  is-style-button-with-arrow\" data-button-id=\"tg-1736234143\">\n\t\t<a class=\"wp-block-button__link wp-element-button\" href=\"https:\/\/transfergo.onelink.me\/3553566860\/auava1pk\" target=\"_blank\" rel=\"noreferrer noopener\">\n\t\t\tLaden Sie die App herunter\t\t<\/a>\n\t<\/div>\n\t<div class=\"badges__popup\" data-popup-id=\"tg-1736234143\">\n\t\t<div class=\"badges__popup-wrapper\">\n\t\t\t<button class=\"badges__popup-button\"><\/button>\n\t\t\t<p class=\"badges__popup-title wp-heading is-style-h4-higher-header-style\">\n\t\t\t\t<mark style=\"background-color:rgba(0, 0, 0, 0)\" class=\"has-inline-color has-blue-500-color\">\n\t\t\t\t\tScannen Sie,\t\t\t\t<\/mark>\n\t\t\t\t um die TransferGo-App herunterzuladen\t\t\t<\/p>\n\t\t\t<img decoding=\"async\" class=\"badges__popup-image\" src=\"https:\/\/www.transfergo.com\/wp-content\/plugins\/transfergo-blocks\/assets\/img\/QR_code.webp\"\n\t\t\t\talt=\"http:\/\/QR%20code\"\/>\n\t\t<\/div>\n\t<\/div>\n<\/div>\n<\/div>\n\n\n\n<figure class=\"wp-block-image size-full make-faster-transfers__image make-faster-transfers__image--with-border\"><img loading=\"lazy\" decoding=\"async\" width=\"283\" height=\"609\" src=\"https:\/\/www.transfergo.com\/de\/wp-content\/uploads\/2024\/12\/de.png\" alt=\"\" class=\"wp-image-99230\" srcset=\"https:\/\/www.transfergo.com\/wp-content\/uploads\/2024\/12\/de.png 283w, https:\/\/www.transfergo.com\/wp-content\/uploads\/2024\/12\/de.png?resize=139,300 139w\" sizes=\"auto, (max-width: 283px) 100vw, 283px\" \/><\/figure>\n<\/div><\/section>\n\n\n\n<div style=\"height:8rem\" aria-hidden=\"true\" class=\"wp-block-spacer\"><\/div>\n","protected":false},"excerpt":{"rendered":"","protected":false},"author":1,"featured_media":0,"parent":0,"menu_order":0,"comment_status":"closed","ping_status":"closed","template":"landing","meta":{"hideMenuColor":false,"footnotes":""},"class_list":["post-1385","page","type-page","status-publish","hentry"],"parsely":{"version":"1.1.0","canonical_url":"https:\/\/transfergo.com\/de\/empfehlungsgeschenk","smart_links":{"inbound":0,"outbound":0},"traffic_boost_suggestions_count":0,"meta":{"@context":"https:\/\/schema.org","@type":"WebPage","headline":"Empfehlungsgeschenk","url":"http:\/\/www.transfergo.com\/de\/empfehlungsgeschenk","mainEntityOfPage":{"@type":"WebPage","@id":"http:\/\/www.transfergo.com\/de\/empfehlungsgeschenk"},"thumbnailUrl":"","image":{"@type":"ImageObject","url":""},"articleSection":"Pers\u00f6nliche Finanzen","author":[{"@type":"Person","name":"TransferGo Team"}],"creator":["TransferGo Team"],"publisher":{"@type":"Organization","name":"TransferGo","logo":""},"keywords":[],"dateCreated":"2022-08-21T03:56:41Z","datePublished":"2022-08-21T03:56:41Z","dateModified":"2026-01-22T10:35:21Z"},"rendered":"<script type=\"application\/ld+json\" class=\"wp-parsely-metadata\">{\"@context\":\"https:\\\/\\\/schema.org\",\"@type\":\"WebPage\",\"headline\":\"Empfehlungsgeschenk\",\"url\":\"http:\\\/\\\/www.transfergo.com\\\/de\\\/empfehlungsgeschenk\",\"mainEntityOfPage\":{\"@type\":\"WebPage\",\"@id\":\"http:\\\/\\\/www.transfergo.com\\\/de\\\/empfehlungsgeschenk\"},\"thumbnailUrl\":\"\",\"image\":{\"@type\":\"ImageObject\",\"url\":\"\"},\"articleSection\":\"Pers\\u00f6nliche Finanzen\",\"author\":[{\"@type\":\"Person\",\"name\":\"TransferGo Team\"}],\"creator\":[\"TransferGo Team\"],\"publisher\":{\"@type\":\"Organization\",\"name\":\"TransferGo\",\"logo\":\"\"},\"keywords\":[],\"dateCreated\":\"2022-08-21T03:56:41Z\",\"datePublished\":\"2022-08-21T03:56:41Z\",\"dateModified\":\"2026-01-22T10:35:21Z\"}<\/script>","tracker_url":"https:\/\/cdn.parsely.com\/keys\/transfergo.com\/p.js"},"jetpack_sharing_enabled":true,"hideMenuColor":false,"_links":{"self":[{"href":"https:\/\/www.transfergo.com\/de\/wp-json\/wp\/v2\/pages\/1385","targetHints":{"allow":["GET"]}}],"collection":[{"href":"https:\/\/www.transfergo.com\/de\/wp-json\/wp\/v2\/pages"}],"about":[{"href":"https:\/\/www.transfergo.com\/de\/wp-json\/wp\/v2\/types\/page"}],"author":[{"embeddable":true,"href":"https:\/\/www.transfergo.com\/de\/wp-json\/wp\/v2\/users\/1"}],"replies":[{"embeddable":true,"href":"https:\/\/www.transfergo.com\/de\/wp-json\/wp\/v2\/comments?post=1385"}],"version-history":[{"count":2,"href":"https:\/\/www.transfergo.com\/de\/wp-json\/wp\/v2\/pages\/1385\/revisions"}],"predecessor-version":[{"id":847204,"href":"https:\/\/www.transfergo.com\/de\/wp-json\/wp\/v2\/pages\/1385\/revisions\/847204"}],"wp:attachment":[{"href":"https:\/\/www.transfergo.com\/de\/wp-json\/wp\/v2\/media?parent=1385"}],"curies":[{"name":"wp","href":"https:\/\/api.w.org\/{rel}","templated":true}]}}