{"id":1405,"date":"2022-08-09T15:21:13","date_gmt":"2022-08-09T15:21:13","guid":{"rendered":"https:\/\/transfergo.wpengine.com\/privacy-policy"},"modified":"2026-05-05T10:08:06","modified_gmt":"2026-05-05T10:08:06","slug":"datenschutzbestimmungen","status":"publish","type":"page","link":"https:\/\/www.transfergo.com\/de\/datenschutzbestimmungen","title":{"rendered":"Datenschutzbestimmungen"},"content":{"rendered":"\n<section class=\"wp-block-tg-privacy-policy-hero privacy-policy-hero container-fluid alignfull\" align=\"full\"><div class=\"container\">\n<h1 class=\"wp-block-heading has-text-align-center privacy-policy-hero__title has-blue-900-color has-text-color\">TransferGo<br>Datenschutzrichtlinie<\/h1>\n\n\n\n<p class=\"has-text-align-center privacy-policy-hero__text has-blue-900-color has-text-color has-medium-font-size\">Niemand mag es, sich durch seitenlange rechtliche Richtlinien zu w\u00fchlen. Hier sind also deine Datenschutzrechte \u2013 auf einer Seite.<br><\/p>\n<\/div><\/section>\n\n\n\n<section class=\"wp-block-tg-privacy-policy-cards-repeater privacy-policy-cards-repeater container-fluid\"><div class=\"container\"><div class=\"privacy-policy-cards-repeater__wrapper\">\n<div class=\"wp-block-tg-privacy-policy-small-card privacy-policy-small-card has-bw-200-background-color has-background\">\n<h4 class=\"wp-block-heading has-text-align-left privacy-policy-small-card__title is-style-h4-higher-header-style has-blue-900-color has-text-color\">Du hast das Recht darauf\u2026<\/h4>\n\n\n\n<ul class=\"wp-block-list privacy-policy-small-card__list is-style-with-circle-icon has-blue-900-color has-text-color has-medium-font-size\">\n<li>genau informiert zu werden, wie wir deine Daten verwenden<\/li>\n\n\n\n<li>deine Daten einsehen, korrigieren und l\u00f6schen zu lassen.<\/li>\n\n\n\n<li>dich von Marketing-Kommunikation abzumelden<\/li>\n\n\n\n<li>deine Einwilligung jederzeit zu widerrufen<\/li>\n<\/ul>\n\n\n\n<div class=\"wp-block-button privacy-policy-small-card__button is-style-button-blue-with-arrow-no-background\"><a class=\"wp-block-button__link has-text-align-left wp-element-button\" href=\"https:\/\/www.transfergo.com\/de\/datenschutzbestimmungen\/voll#your-rights\">Mehr \u00fcber deine Rechte<\/a><\/div>\n<\/div>\n\n\n\n<div class=\"wp-block-tg-privacy-policy-small-card privacy-policy-small-card has-bw-200-background-color has-background\">\n<h4 class=\"wp-block-heading has-text-align-left privacy-policy-small-card__title is-style-h4-higher-header-style has-blue-900-color has-text-color\">Wir versprechen, dass\u2026<\/h4>\n\n\n\n<ul class=\"wp-block-list privacy-policy-small-card__list is-style-with-circle-icon has-blue-900-color has-text-color has-medium-font-size\">\n<li>wir deine pers\u00f6nlichen Daten immer sicher und privat aufbewahren<\/li>\n\n\n\n<li>wir niemals deine Daten verkaufen<\/li>\n\n\n\n<li>du deine Datenschutzeinstellungen jederzeit \u00fcberpr\u00fcfen und verwalten kannst<\/li>\n<\/ul>\n<\/div>\n\n\n\n<div class=\"wp-block-tg-privacy-policy-large-card privacy-policy-large-card has-bw-250-background-color has-background\">\n<h4 class=\"wp-block-heading has-text-align-left privacy-policy-large-card__title is-style-h4-higher-header-style has-blue-900-color has-text-color\">Was und wann wir sammeln<\/h4>\n\n\n\n<div class=\"wp-block-tg-privacy-policy-card-items-repeater card-items-repeater\">\n<div class=\"wp-block-tg-privacy-policy-card-item card-item\">\n<h5 class=\"wp-block-heading has-text-align-left card-item__title has-blue-900-color has-text-color\">Daten \u00fcber dich<\/h5>\n\n\n\n<p class=\"has-text-align-left card-item__text has-blue-900-color has-text-color\">wenn du dich registrierst, Formulare ausf\u00fcllst oder uns kontaktierst<\/p>\n<\/div>\n\n\n\n<div class=\"wp-block-tg-privacy-policy-card-item card-item\">\n<h5 class=\"wp-block-heading has-text-align-left card-item__title has-blue-900-color has-text-color\">Daten zu deinem Standort<\/h5>\n\n\n\n<p class=\"has-text-align-left card-item__text has-blue-900-color has-text-color\">wenn Standortdienste eingeschaltet sind<\/p>\n<\/div>\n\n\n\n<div class=\"wp-block-tg-privacy-policy-card-item card-item\">\n<h5 class=\"wp-block-heading has-text-align-left card-item__title has-blue-900-color has-text-color\">Daten von deinem Ger\u00e4t<\/h5>\n\n\n\n<p class=\"has-text-align-left card-item__text has-blue-900-color has-text-color\">wann immer du TransferGo benutzt<\/p>\n<\/div>\n\n\n\n<div class=\"wp-block-tg-privacy-policy-card-item card-item\">\n<h5 class=\"wp-block-heading has-text-align-left card-item__title has-blue-900-color has-text-color\">Daten von anderen<\/h5>\n\n\n\n<p class=\"has-text-align-left card-item__text has-blue-900-color has-text-color\">wenn du Formulare einreichst oder wir Transaktionen pr\u00fcfen<\/p>\n<\/div>\n<\/div>\n\n\n\n<div class=\"wp-block-button privacy-policy-large-card__button is-style-button-blue-with-arrow-no-background\"><a class=\"wp-block-button__link has-text-align-left wp-element-button\" href=\"https:\/\/www.transfergo.com\/de\/datenschutzbestimmungen\/voll#collecting-your-data\">Mehr dar\u00fcber, was und wann wir sammeln<\/a><\/div>\n<\/div>\n\n\n\n<div class=\"wp-block-tg-privacy-policy-small-card privacy-policy-small-card has-bw-200-background-color has-background\">\n<h4 class=\"wp-block-heading has-text-align-left privacy-policy-small-card__title is-style-h4-higher-header-style has-blue-900-color has-text-color\">Wir ben\u00f6tigen deine Daten, um\u2026<\/h4>\n\n\n\n<ul class=\"wp-block-list privacy-policy-small-card__list is-style-with-circle-icon has-blue-900-color has-text-color has-medium-font-size\">\n<li>unsere App zum Laufen zu bringen<\/li>\n\n\n\n<li>vor Betrug zu sch\u00fctzen<\/li>\n\n\n\n<li>Dinge zu vermarkten, von denen wir glauben, dass sie dir gefallen werden (Du kannst dies abschalten)<\/li>\n\n\n\n<li>unseren Service zu verbessern<\/li>\n\n\n\n<li>das Gesetz zu befolgen<\/li>\n<\/ul>\n\n\n\n<div class=\"wp-block-button privacy-policy-small-card__button is-style-button-blue-with-arrow-no-background\"><a class=\"wp-block-button__link has-text-align-left wp-element-button\" href=\"https:\/\/www.transfergo.com\/de\/datenschutzbestimmungen\/voll#how-and-when-we-use-your-data\">Mehr \u00fcber unsere Verantwortlichkeiten<\/a><\/div>\n<\/div>\n\n\n\n<div class=\"wp-block-tg-privacy-policy-small-card privacy-policy-small-card has-bw-200-background-color has-background\">\n<h4 class=\"wp-block-heading has-text-align-left privacy-policy-small-card__title is-style-h4-higher-header-style has-blue-900-color has-text-color\">Wir teilen Daten\u2026<\/h4>\n\n\n\n<ul class=\"wp-block-list privacy-policy-small-card__list is-style-with-circle-icon has-blue-900-color has-text-color has-medium-font-size\">\n<li>mit Dienstleistern (z.B. Drittanbietern, die ID-Pr\u00fcfungen durchf\u00fchren)<\/li>\n\n\n\n<li>aus rechtlichen Gr\u00fcnden<\/li>\n\n\n\n<li>mit Social-Media-Plattformen<\/li>\n<\/ul>\n\n\n\n<div class=\"wp-block-button privacy-policy-small-card__button is-style-button-blue-with-arrow-no-background\"><a class=\"wp-block-button__link has-text-align-left wp-element-button\" href=\"https:\/\/www.transfergo.com\/de\/datenschutzbestimmungen\/voll#sharing-your-information-with-others\">Mehr dar\u00fcber, wie wir Daten teilen<\/a><\/div>\n<\/div>\n\n\n\n<div class=\"wp-block-tg-privacy-policy-large-card privacy-policy-large-card\">\n<h4 class=\"wp-block-heading has-text-align-left privacy-policy-large-card__title is-style-h4-higher-header-style has-blue-900-color has-text-color\">Es lohnt sich auch zu wissen\u2026<\/h4>\n\n\n\n<div class=\"wp-block-tg-privacy-policy-card-items-repeater card-items-repeater\">\n<div class=\"wp-block-tg-privacy-policy-card-item card-item\">\n<h5 class=\"wp-block-heading has-text-align-left card-item__title has-blue-900-color has-text-color\">Wir verwenden Cookies<\/h5>\n\n\n\n<p class=\"has-text-align-left card-item__text has-blue-900-color has-text-color\">um dein Erlebnis zu verbessern<\/p>\n<\/div>\n\n\n\n<div class=\"wp-block-tg-privacy-policy-card-item card-item\">\n<h5 class=\"wp-block-heading has-text-align-left card-item__title has-blue-900-color has-text-color\">Wir speichern deine Daten<\/h5>\n\n\n\n<p class=\"has-text-align-left card-item__text has-blue-900-color has-text-color\">f\u00fcr bis zu 8 Jahre (gesetzlich vorgeschrieben)<\/p>\n<\/div>\n\n\n\n<div class=\"wp-block-tg-privacy-policy-card-item card-item\">\n<h5 class=\"wp-block-heading has-text-align-left card-item__title has-blue-900-color has-text-color\">Wir sch\u00fctzen deine Daten<\/h5>\n\n\n\n<p class=\"has-text-align-left card-item__text has-blue-900-color has-text-color\">mit starker Sicherheit<\/p>\n<\/div>\n<\/div>\n\n\n\n<div class=\"wp-block-button privacy-policy-large-card__button is-style-button-blue-with-arrow-no-background\"><a class=\"wp-block-button__link has-text-align-left wp-element-button\" href=\"https:\/\/www.transfergo.com\/de\/datenschutzbestimmungen\/voll#protecting-your-personal-data\">Mehr dazu<\/a><\/div>\n<\/div>\n<\/div><\/div><\/section>\n\n\n\n<section class=\"wp-block-tg-privacy-policy-text privacy-policy-text container-fluid\"><div class=\"container\">\n<p class=\"has-text-align-center privacy-policy-text__text has-blue-900-color has-text-color\">Hast du Fragen zu deinem Datenschutz? Sende uns eine E-Mail an <a href=\"mailto:dpo@transfergo.com\"><mark style=\"background-color:rgba(0, 0, 0, 0)\" class=\"has-inline-color has-blue-500-color\">dpo@transfergo.com<\/mark><\/a>. M\u00f6chtest du dich \u00fcber uns beschweren? Kontaktiere deine lokale Datenschutzbeh\u00f6rde.<\/p>\n<\/div><\/section>\n","protected":false},"excerpt":{"rendered":"","protected":false},"author":1,"featured_media":718150,"parent":0,"menu_order":0,"comment_status":"closed","ping_status":"closed","template":"page-with-short-footer","meta":{"hideMenuColor":true,"footnotes":""},"class_list":["post-1405","page","type-page","status-publish","has-post-thumbnail","hentry"],"parsely":{"version":"1.1.0","canonical_url":"https:\/\/transfergo.com\/de\/datenschutzbestimmungen","smart_links":{"inbound":0,"outbound":0},"traffic_boost_suggestions_count":0,"meta":{"@context":"https:\/\/schema.org","@type":"WebPage","headline":"Datenschutzbestimmungen","url":"http:\/\/www.transfergo.com\/de\/datenschutzbestimmungen","mainEntityOfPage":{"@type":"WebPage","@id":"http:\/\/www.transfergo.com\/de\/datenschutzbestimmungen"},"thumbnailUrl":"https:\/\/www.transfergo.com\/wp-content\/uploads\/2025\/10\/Terms-and-Conditions.png?resize=150,150","image":{"@type":"ImageObject","url":"https:\/\/www.transfergo.com\/wp-content\/uploads\/2025\/10\/Terms-and-Conditions.png"},"articleSection":"Pers\u00f6nliche Finanzen","author":[{"@type":"Person","name":"TransferGo Team"}],"creator":["TransferGo Team"],"publisher":{"@type":"Organization","name":"TransferGo","logo":""},"keywords":[],"dateCreated":"2022-08-09T15:21:13Z","datePublished":"2022-08-09T15:21:13Z","dateModified":"2026-05-05T10:08:06Z"},"rendered":"<script type=\"application\/ld+json\" class=\"wp-parsely-metadata\">{\"@context\":\"https:\\\/\\\/schema.org\",\"@type\":\"WebPage\",\"headline\":\"Datenschutzbestimmungen\",\"url\":\"http:\\\/\\\/www.transfergo.com\\\/de\\\/datenschutzbestimmungen\",\"mainEntityOfPage\":{\"@type\":\"WebPage\",\"@id\":\"http:\\\/\\\/www.transfergo.com\\\/de\\\/datenschutzbestimmungen\"},\"thumbnailUrl\":\"https:\\\/\\\/www.transfergo.com\\\/wp-content\\\/uploads\\\/2025\\\/10\\\/Terms-and-Conditions.png?resize=150,150\",\"image\":{\"@type\":\"ImageObject\",\"url\":\"https:\\\/\\\/www.transfergo.com\\\/wp-content\\\/uploads\\\/2025\\\/10\\\/Terms-and-Conditions.png\"},\"articleSection\":\"Pers\\u00f6nliche Finanzen\",\"author\":[{\"@type\":\"Person\",\"name\":\"TransferGo Team\"}],\"creator\":[\"TransferGo Team\"],\"publisher\":{\"@type\":\"Organization\",\"name\":\"TransferGo\",\"logo\":\"\"},\"keywords\":[],\"dateCreated\":\"2022-08-09T15:21:13Z\",\"datePublished\":\"2022-08-09T15:21:13Z\",\"dateModified\":\"2026-05-05T10:08:06Z\"}<\/script>","tracker_url":"https:\/\/cdn.parsely.com\/keys\/transfergo.com\/p.js"},"jetpack_sharing_enabled":true,"hideMenuColor":"1","_links":{"self":[{"href":"https:\/\/www.transfergo.com\/de\/wp-json\/wp\/v2\/pages\/1405","targetHints":{"allow":["GET"]}}],"collection":[{"href":"https:\/\/www.transfergo.com\/de\/wp-json\/wp\/v2\/pages"}],"about":[{"href":"https:\/\/www.transfergo.com\/de\/wp-json\/wp\/v2\/types\/page"}],"author":[{"embeddable":true,"href":"https:\/\/www.transfergo.com\/de\/wp-json\/wp\/v2\/users\/1"}],"replies":[{"embeddable":true,"href":"https:\/\/www.transfergo.com\/de\/wp-json\/wp\/v2\/comments?post=1405"}],"version-history":[{"count":2,"href":"https:\/\/www.transfergo.com\/de\/wp-json\/wp\/v2\/pages\/1405\/revisions"}],"predecessor-version":[{"id":1476986,"href":"https:\/\/www.transfergo.com\/de\/wp-json\/wp\/v2\/pages\/1405\/revisions\/1476986"}],"wp:featuredmedia":[{"embeddable":true,"href":"https:\/\/www.transfergo.com\/de\/wp-json\/wp\/v2\/media\/718150"}],"wp:attachment":[{"href":"https:\/\/www.transfergo.com\/de\/wp-json\/wp\/v2\/media?parent=1405"}],"curies":[{"name":"wp","href":"https:\/\/api.w.org\/{rel}","templated":true}]}}