{"id":1321,"date":"2022-08-29T07:37:28","date_gmt":"2022-08-29T07:37:28","guid":{"rendered":"https:\/\/transfergo.wpengine.com\/story"},"modified":"2026-04-30T12:48:31","modified_gmt":"2026-04-30T12:48:31","slug":"nuestra-historia","status":"publish","type":"page","link":"https:\/\/www.transfergo.com\/es\/nuestra-historia","title":{"rendered":"Nuestra historia"},"content":{"rendered":"\n<section class=\"wp-block-tg-media-and-text media-and-text container-fluid alignfull is-style-square-image\" align=\"full\"><div class=\"container\">\n<div class=\"wp-block-media-text has-media-on-the-right is-stacked-on-mobile is-vertically-aligned-center media-and-text__container\"><div class=\"wp-block-media-text__content\">\n<p class=\"has-text-align-left media-and-text__paragraph has-blue-900-color has-text-color has-large-font-size\"><strong>La historia completa<\/strong><\/p>\n\n\n\n<h1 class=\"wp-block-heading has-text-align-left media-and-text__heading is-style-h2-higher-header-style has-blue-900-color has-text-color\"><mark style=\"background-color:rgba(0, 0, 0, 0)\" class=\"has-inline-color has-blue-500-color\">El nacimiento de<\/mark> TransferGo<\/h1>\n\n\n\n<p class=\"has-text-align-left media-and-text__paragraph has-blue-900-color has-text-color\">Era 2012. Los cuatro ten\u00edamos un negocio de importaci\u00f3n y exportaci\u00f3n y envi\u00e1bamos dinero al extranjero constantemente. Cada transferencia significaba una espera prolongada, comisiones altas y un servicio de atenci\u00f3n al cliente inexistente. Hac\u00edamos cola en los quioscos, el dinero acababa en el pa\u00eds equivocado y no recib\u00edamos ninguna compensaci\u00f3n cuando las cosas sal\u00edan mal.<br><br>Ya hab\u00edamos tenido bastante. As\u00ed que creamos algo mejor. Creamos TransferGo.<\/p>\n<\/div><figure class=\"wp-block-media-text__media\"><img loading=\"lazy\" decoding=\"async\" width=\"451\" height=\"453\" src=\"https:\/\/www.transfergo.com\/wp-content\/uploads\/2024\/06\/Story-2-2.png\" alt=\"\" class=\"wp-image-71104 size-full\" srcset=\"https:\/\/www.transfergo.com\/wp-content\/uploads\/2024\/06\/Story-2-2.png 451w, https:\/\/www.transfergo.com\/wp-content\/uploads\/2024\/06\/Story-2-2.png?resize=150,150 150w, https:\/\/www.transfergo.com\/wp-content\/uploads\/2024\/06\/Story-2-2.png?resize=300,300 300w\" sizes=\"auto, (max-width: 451px) 100vw, 451px\" \/><\/figure><\/div>\n<\/div><\/section>\n\n\n\n<section class=\"wp-block-tg-media-and-text media-and-text container-fluid alignfull is-style-square-image has-bw-200-background-color has-background\" align=\"full\"><div class=\"container\">\n<div class=\"wp-block-media-text is-stacked-on-mobile is-vertically-aligned-center media-and-text__container\"><figure class=\"wp-block-media-text__media\"><img loading=\"lazy\" decoding=\"async\" width=\"451\" height=\"451\" src=\"https:\/\/www.transfergo.com\/wp-content\/uploads\/2024\/06\/Story-3-2.png\" alt=\"\" class=\"wp-image-71115 size-full\" srcset=\"https:\/\/www.transfergo.com\/wp-content\/uploads\/2024\/06\/Story-3-2.png 451w, https:\/\/www.transfergo.com\/wp-content\/uploads\/2024\/06\/Story-3-2.png?resize=150,150 150w, https:\/\/www.transfergo.com\/wp-content\/uploads\/2024\/06\/Story-3-2.png?resize=300,300 300w\" sizes=\"auto, (max-width: 451px) 100vw, 451px\" \/><\/figure><div class=\"wp-block-media-text__content\">\n<h2 class=\"wp-block-heading has-text-align-left media-and-text__heading is-style-h2-higher-header-style has-blue-900-color has-text-color\"><mark style=\"background-color:rgba(0, 0, 0, 0)\" class=\"has-inline-color has-blue-500-color\">Comienzos<\/mark> dif\u00edciles<\/h2>\n\n\n\n<p class=\"has-text-align-left media-and-text__paragraph has-blue-900-color has-text-color\">No fue f\u00e1cil. Seis meses para conseguir la licencia regulatoria. Cuatro m\u00e1s para encontrar un banco dispuesto a trabajar con nosotros. Los ahorros de todo un a\u00f1o: esfumados. Luego, justo cuando los clientes estaban encantados con el producto, nuestro banco nos envi\u00f3 una carta. Cerr\u00f3 nuestra cuenta sin explicaci\u00f3n, otorg\u00e1ndonos una cuenta atr\u00e1s de solo noventa d\u00edas para salvar la empresa.<br><br>No \u00edbamos a rendirnos. En una carrera contrarreloj, encontramos un nuevo socio bancario. La empresa sobrevivi\u00f3 y, desde entonces, no hemos dejado de crecer.<\/p>\n<\/div><\/div>\n<\/div><\/section>\n\n\n\n<section class=\"wp-block-tg-media-and-text media-and-text container-fluid alignfull is-style-square-image\" align=\"full\"><div class=\"container\">\n<div class=\"wp-block-media-text has-media-on-the-right is-stacked-on-mobile is-vertically-aligned-center media-and-text__container\"><div class=\"wp-block-media-text__content\">\n<h2 class=\"wp-block-heading has-text-align-left media-and-text__heading is-style-h2-higher-header-style has-blue-900-color has-text-color\"><mark style=\"background-color:rgba(0, 0, 0, 0)\" class=\"has-inline-color has-blue-500-color\">El camino<\/mark> AL \u00e9xito<\/h2>\n\n\n\n<p class=\"has-text-align-left media-and-text__paragraph has-blue-900-color has-text-color\">Hoy las cosas son muy diferentes. Colaboramos con m\u00e1s de 30 bancos en todo el mundo\u2014algo incre\u00edble si pensamos en lo dif\u00edcil que fue encontrar siquiera uno. Fuimos nominados a la startup de crecimiento m\u00e1s r\u00e1pido en TechCrunch Europa 2018 y TNW nos nombr\u00f3 una de las cinco scale-ups m\u00e1s prometedoras del Reino Unido.<br><br>Pero a quien m\u00e1s queremos dar las gracias es a ti. A ti, que trabajas duro, env\u00edas dinero a casa y mantienes a tu familia. Creamos TransferGo para ti. Eso nunca ha cambiado.<\/p>\n<\/div><figure class=\"wp-block-media-text__media\"><img loading=\"lazy\" decoding=\"async\" width=\"450\" height=\"442\" src=\"https:\/\/www.transfergo.com\/wp-content\/uploads\/2024\/06\/Story-4-2.png\" alt=\"\" class=\"wp-image-71126 size-full\" srcset=\"https:\/\/www.transfergo.com\/wp-content\/uploads\/2024\/06\/Story-4-2.png 450w, https:\/\/www.transfergo.com\/wp-content\/uploads\/2024\/06\/Story-4-2.png?resize=300,295 300w\" sizes=\"auto, (max-width: 450px) 100vw, 450px\" \/><\/figure><\/div>\n<\/div><\/section>\n\n\n\n<section class=\"wp-block-tg-media-and-text media-and-text container-fluid alignfull is-style-square-image has-bw-200-background-color has-background\" align=\"full\"><div class=\"container\">\n<div class=\"wp-block-media-text is-stacked-on-mobile is-vertically-aligned-center media-and-text__container\"><figure class=\"wp-block-media-text__media\"><img loading=\"lazy\" decoding=\"async\" width=\"450\" height=\"442\" src=\"https:\/\/www.transfergo.com\/wp-content\/uploads\/2024\/06\/Story-5-2.png\" alt=\"\" class=\"wp-image-71137 size-full\" srcset=\"https:\/\/www.transfergo.com\/wp-content\/uploads\/2024\/06\/Story-5-2.png 450w, https:\/\/www.transfergo.com\/wp-content\/uploads\/2024\/06\/Story-5-2.png?resize=300,295 300w\" sizes=\"auto, (max-width: 450px) 100vw, 450px\" \/><\/figure><div class=\"wp-block-media-text__content\">\n<h2 class=\"wp-block-heading has-text-align-left media-and-text__heading is-style-h2-higher-header-style has-blue-900-color has-text-color\">Un futuro <mark style=\"background-color:rgba(0, 0, 0, 0)\" class=\"has-inline-color has-blue-500-color\">brillante<\/mark><\/h2>\n\n\n\n<p class=\"has-text-align-left media-and-text__paragraph has-blue-900-color has-text-color\">Hemos recorrido un largo camino desde 2012 y esto no ha hecho m\u00e1s que empezar. M\u00e1s rutas, m\u00e1s divisas, m\u00e1s productos. Todo dise\u00f1ado para ayudarte a enviar dinero a casa de forma r\u00e1pida y econ\u00f3mica. Lo mejor de TransferGo est\u00e1 a\u00fan por llegar.<\/p>\n<\/div><\/div>\n<\/div><\/section>\n\n\n\n<section class=\"wp-block-tg-banner-cta banner-cta container-fluid alignfull is-style-rounded\" align=\"full\"><div class=\"container\">\n<div class=\"wp-block-group banner-cta__container has-blue-50-background-color has-background is-vertical is-content-justification-center is-layout-flex wp-container-core-group-is-layout-ce155fab wp-block-group-is-layout-flex\">\n<div class=\"wp-block-group banner-cta__text-wrapper is-vertical is-content-justification-stretch is-layout-flex wp-container-core-group-is-layout-353c4f5a wp-block-group-is-layout-flex\">\n<h2 class=\"wp-block-heading has-text-align-center banner-cta__heading has-blue-900-color has-text-color\">Estamos aqu\u00ed para <mark style=\"background-color:rgba(0, 0, 0, 0)\" class=\"has-inline-color has-blue-500-color\">hacerte la vida m\u00e1s f\u00e1cil.<\/mark><\/h2>\n\n\n\n<p class=\"has-text-align-center\">Ya sea para pagar facturas, apoyar a tu familia, ayudar a empresas o gestionar emergencias, queremos que puedas hacer transferencias de dinero r\u00e1pidas y de bajo coste de forma segura y protegida. \u00bfPor qu\u00e9? Porque, hasta hace no tanto, enviar dinero era una pesadilla.<\/p>\n<\/div>\n\n\n\n<div class=\"wp-block-buttons banner-cta__buttons-wrapper is-content-justification-center is-layout-flex wp-container-core-buttons-is-layout-a89b3969 wp-block-buttons-is-layout-flex\">\n<div class=\"wp-block-button banner-cta__button is-style-fill\"><a class=\"wp-block-button__link wp-element-button\" href=\"https:\/\/app.transfergo.com\/es\/login\" target=\"_blank\" rel=\"noopener\">Enviar dinero ahora<\/a><\/div>\n<\/div>\n<\/div>\n<\/div><\/section>\n\n\n\n<div class=\"wp-block-buttons is-content-justification-center is-layout-flex wp-container-core-buttons-is-layout-c3d5205c wp-block-buttons-is-layout-flex\" style=\"margin-top:0;margin-bottom:0\">\n<div class=\"wp-block-button is-style-button-blue-with-reversed-arrow-no-background\"><a class=\"wp-block-button__link has-bw-900-color has-text-color has-link-color wp-element-button\" href=\"https:\/\/www.transfergo.com\/es\/quienes-somos\">Volver a la p\u00e1gina sobre nosotros<\/a><\/div>\n<\/div>\n","protected":false},"excerpt":{"rendered":"","protected":false},"author":1,"featured_media":0,"parent":0,"menu_order":0,"comment_status":"closed","ping_status":"closed","template":"","meta":{"hideMenuColor":false,"footnotes":""},"class_list":["post-1321","page","type-page","status-publish","hentry"],"parsely":{"version":"1.1.0","canonical_url":"https:\/\/transfergo.com\/es\/nuestra-historia","smart_links":{"inbound":0,"outbound":0},"traffic_boost_suggestions_count":0,"meta":{"@context":"https:\/\/schema.org","@type":"WebPage","headline":"Nuestra historia","url":"http:\/\/www.transfergo.com\/es\/nuestra-historia","mainEntityOfPage":{"@type":"WebPage","@id":"http:\/\/www.transfergo.com\/es\/nuestra-historia"},"thumbnailUrl":"","image":{"@type":"ImageObject","url":""},"articleSection":"Finanzas Personales","author":[{"@type":"Person","name":"TransferGo Team"}],"creator":["TransferGo Team"],"publisher":{"@type":"Organization","name":"TransferGo","logo":""},"keywords":[],"dateCreated":"2022-08-29T07:37:28Z","datePublished":"2022-08-29T07:37:28Z","dateModified":"2026-04-30T12:48:31Z"},"rendered":"<script type=\"application\/ld+json\" class=\"wp-parsely-metadata\">{\"@context\":\"https:\\\/\\\/schema.org\",\"@type\":\"WebPage\",\"headline\":\"Nuestra historia\",\"url\":\"http:\\\/\\\/www.transfergo.com\\\/es\\\/nuestra-historia\",\"mainEntityOfPage\":{\"@type\":\"WebPage\",\"@id\":\"http:\\\/\\\/www.transfergo.com\\\/es\\\/nuestra-historia\"},\"thumbnailUrl\":\"\",\"image\":{\"@type\":\"ImageObject\",\"url\":\"\"},\"articleSection\":\"Finanzas Personales\",\"author\":[{\"@type\":\"Person\",\"name\":\"TransferGo Team\"}],\"creator\":[\"TransferGo Team\"],\"publisher\":{\"@type\":\"Organization\",\"name\":\"TransferGo\",\"logo\":\"\"},\"keywords\":[],\"dateCreated\":\"2022-08-29T07:37:28Z\",\"datePublished\":\"2022-08-29T07:37:28Z\",\"dateModified\":\"2026-04-30T12:48:31Z\"}<\/script>","tracker_url":"https:\/\/cdn.parsely.com\/keys\/transfergo.com\/p.js"},"jetpack_sharing_enabled":true,"hideMenuColor":false,"_links":{"self":[{"href":"https:\/\/www.transfergo.com\/es\/wp-json\/wp\/v2\/pages\/1321","targetHints":{"allow":["GET"]}}],"collection":[{"href":"https:\/\/www.transfergo.com\/es\/wp-json\/wp\/v2\/pages"}],"about":[{"href":"https:\/\/www.transfergo.com\/es\/wp-json\/wp\/v2\/types\/page"}],"author":[{"embeddable":true,"href":"https:\/\/www.transfergo.com\/es\/wp-json\/wp\/v2\/users\/1"}],"replies":[{"embeddable":true,"href":"https:\/\/www.transfergo.com\/es\/wp-json\/wp\/v2\/comments?post=1321"}],"version-history":[{"count":4,"href":"https:\/\/www.transfergo.com\/es\/wp-json\/wp\/v2\/pages\/1321\/revisions"}],"predecessor-version":[{"id":1449364,"href":"https:\/\/www.transfergo.com\/es\/wp-json\/wp\/v2\/pages\/1321\/revisions\/1449364"}],"wp:attachment":[{"href":"https:\/\/www.transfergo.com\/es\/wp-json\/wp\/v2\/media?parent=1321"}],"curies":[{"name":"wp","href":"https:\/\/api.w.org\/{rel}","templated":true}]}}