{"id":1391,"date":"2022-08-21T03:56:41","date_gmt":"2022-08-21T03:56:41","guid":{"rendered":"https:\/\/transfergo.wpengine.com\/referral-gift"},"modified":"2026-01-22T10:57:48","modified_gmt":"2026-01-22T10:57:48","slug":"regalo-por-invitar","status":"publish","type":"page","link":"https:\/\/www.transfergo.com\/es\/regalo-por-invitar","title":{"rendered":"Regalo por invitar"},"content":{"rendered":"\r\n<section class=\"wp-block-tg-hero-refer-a-friend hero-refer-a-friend container-fluid alignfull\" align=\"full\"><div class=\"container\">\r\n<div class=\"wp-block-columns hero-refer-a-friend__columns is-layout-flex wp-container-core-columns-is-layout-28f84493 wp-block-columns-is-layout-flex\">\r\n<div class=\"wp-block-column hero-refer-a-friend__column is-layout-flow wp-block-column-is-layout-flow\">\n<p class=\"is-style-h2-higher-header-style wp-block-tg-hero-raf-parameter\">\n\t<mark class=\"has-inline-color has-blue-500-color\">\n\t\tTU AMIGO\t<\/mark>\n<\/p>\n\r\n\r\n<h1 class=\"wp-block-heading hero-refer-a-friend__title is-style-h4-higher-header-style\">te invita a utilizar TransferGo<\/h1>\r\n\r\n<p  class=\"hero-refer-a-friend__subtitle\">Env\u00eda dinero por menos y obt\u00e9n tus dos primeras transferencias gratis.<\/p>\r\n\r\n\r\n\r\n<div class=\"wp-block-button hero-refer-a-friend__button is-style-button-with-arrow\"><a class=\"wp-block-button__link wp-element-button\" href=\"https:\/\/app.transfergo.com\/es\/register\" target=\"_blank\" rel=\"noopener\">Aceptar invitaci\u00f3n<\/a><\/div><\/div>\r\n\r\n\r\n\r\n<div class=\"wp-block-column hero-refer-a-friend__column hero-refer-a-friend__column--images is-layout-flow wp-block-column-is-layout-flow\">\r\n<figure class=\"wp-block-image hero-refer-a-friend__image\"><img decoding=\"async\" src=\"https:\/\/www.transfergo.com\/wp-content\/plugins\/transfergo-blocks\/assets\/img\/hero-refer-a-friend\/hero-refer-a-friend-image-male.webp\" alt=\"\"\/><\/figure>\r\n\r\n\r\n\r\n<figure class=\"wp-block-image hero-refer-a-friend__image\"><img decoding=\"async\" src=\"https:\/\/www.transfergo.com\/wp-content\/plugins\/transfergo-blocks\/assets\/img\/hero-refer-a-friend\/hero-refer-a-friend-image-female.webp\" alt=\"\"\/><\/figure>\r\n<\/div>\r\n<\/div>\r\n<\/div><\/section>\r\n\n\n\n<section class=\"wp-block-tg-benefits benefits  container-fluid\"><div class=\"container\">\n<h2 class=\"wp-block-heading has-text-align-center benefits__title has-blue-900-color has-text-color\">Estos son los motivos por los que m\u00e1s de 8 millones de clientes conf\u00edan en TransferGo\u2026<\/h2>\n\n\n\n<div class=\"wp-block-columns benefits__columns is-layout-flex wp-container-core-columns-is-layout-28f84493 wp-block-columns-is-layout-flex\">\n<div class=\"wp-block-column benefits__column is-layout-flow wp-block-column-is-layout-flow\">\n<figure class=\"wp-block-image aligncenter benefits__column-image\"><img decoding=\"async\" src=\"https:\/\/www.transfergo.com\/wp-content\/plugins\/transfergo-blocks\/assets\/img\/benefits\/high-speed.svg\" alt=\"High speed icon\"\/><\/figure>\n\n\n\n<h6 class=\"wp-block-heading has-text-align-center t2 benefits__column-title has-blue-500-color has-text-color\"><strong>Gran rapidez<\/strong><\/h6>\n\n\n\n<p class=\"has-text-align-center benefits__column-subtitle has-blue-900-color has-text-color has-medium-font-size\">La mayor\u00eda de las transferencias tardan entre 2 y 3 minutos. Puedes enviar dinero incluso los fines de semana.<\/p>\n<\/div>\n\n\n\n<div class=\"wp-block-column benefits__column is-layout-flow wp-block-column-is-layout-flow\">\n<figure class=\"wp-block-image aligncenter benefits__column-image\"><img decoding=\"async\" src=\"https:\/\/www.transfergo.com\/wp-content\/plugins\/transfergo-blocks\/assets\/img\/benefits\/low-fees.svg\" alt=\"Low fees icon\"\/><\/figure>\n\n\n\n<h6 class=\"wp-block-heading has-text-align-center t2 benefits__column-title has-blue-500-color has-text-color\"><strong>Comisiones reducidas<\/strong><\/h6>\n\n\n\n<p class=\"has-text-align-center benefits__column-subtitle has-blue-900-color has-text-color has-medium-font-size\">Obt\u00e9n excelentes tipos de cambio y comisiones reducidas. \u00a1Las dos primeras transferencias son gratis!<\/p>\n<\/div>\n\n\n\n<div class=\"wp-block-column benefits__column is-layout-flow wp-block-column-is-layout-flow\">\n<figure class=\"wp-block-image aligncenter benefits__column-image\"><img decoding=\"async\" src=\"https:\/\/www.transfergo.com\/wp-content\/plugins\/transfergo-blocks\/assets\/img\/benefits\/no-hassle.svg\" alt=\"No hassle icon\"\/><\/figure>\n\n\n\n<h6 class=\"wp-block-heading has-text-align-center t2 benefits__column-title has-blue-500-color has-text-color\"><strong>Sin complicaciones<\/strong><\/h6>\n\n\n\n<p class=\"has-text-align-center benefits__column-subtitle has-blue-900-color has-text-color has-medium-font-size\">La aplicaci\u00f3n se puede descargar gratuitamente y es f\u00e1cil de usar.<\/p>\n<\/div>\n\n\n\n<div class=\"wp-block-column benefits__column is-layout-flow wp-block-column-is-layout-flow\">\n<figure class=\"wp-block-image aligncenter benefits__column-image\"><img decoding=\"async\" src=\"https:\/\/www.transfergo.com\/wp-content\/plugins\/transfergo-blocks\/assets\/img\/benefits\/global.svg\" alt=\"Global icon\"\/><\/figure>\n\n\n\n<h6 class=\"wp-block-heading has-text-align-center t2 benefits__column-title has-blue-500-color has-text-color\"><strong>Global<\/strong><\/h6>\n\n\n\n<p class=\"has-text-align-center benefits__column-subtitle has-blue-900-color has-text-color has-medium-font-size\">Env\u00eda dinero a tarjetas, cuentas bancarias y cajeros de m\u00e1s de 160 pa\u00edses de todo el mundo.<\/p>\n<\/div>\n\n\n\n<div class=\"wp-block-column benefits__column is-layout-flow wp-block-column-is-layout-flow\">\n<figure class=\"wp-block-image aligncenter benefits__column-image\"><img decoding=\"async\" src=\"https:\/\/www.transfergo.com\/wp-content\/plugins\/transfergo-blocks\/assets\/img\/benefits\/multilingual.svg\" alt=\"Multi-lingual icon\"\/><\/figure>\n\n\n\n<h6 class=\"wp-block-heading has-text-align-center t2 benefits__column-title has-blue-500-color has-text-color\"><strong>Asistencia en varios idiomas<\/strong><\/h6>\n\n\n\n<p class=\"has-text-align-center benefits__column-subtitle has-blue-900-color has-text-color has-medium-font-size\">Nuestro equipo de atenci\u00f3n al cliente habla 9 idiomas y est\u00e1 listo para ayudarte.<\/p>\n<\/div>\n\n\n\n<div class=\"wp-block-column benefits__column is-layout-flow wp-block-column-is-layout-flow\">\n<figure class=\"wp-block-image aligncenter benefits__column-image\"><img decoding=\"async\" src=\"https:\/\/www.transfergo.com\/wp-content\/plugins\/transfergo-blocks\/assets\/img\/benefits\/security.svg\" alt=\"Security icon\"\/><\/figure>\n\n\n\n<h6 class=\"wp-block-heading has-text-align-center t2 benefits__column-title has-blue-500-color has-text-color\"><strong>Seguro y autorizado por la FCA<\/strong><\/h6>\n\n\n\n<p class=\"has-text-align-center benefits__column-subtitle has-blue-900-color has-text-color has-medium-font-size\">Estamos regulados por la legislaci\u00f3n del Reino Unido y de la UE, y utilizamos sistemas de seguridad y cifrado de primera categor\u00eda para mantener tu dinero a salvo.<\/p>\n<\/div>\n<\/div>\n<\/div><\/section>\n\n\n\n<section class=\"wp-block-tg-make-faster-transfers make-faster-transfers container-fluid\" data-subtitle=\"Escanea para descargar la aplicaci\u00f3n TransferGo\"><div class=\"container\">\n<h3 class=\"wp-block-heading has-text-align-left make-faster-transfers__title has-blue-900-color has-text-color\">Env\u00eda dinero sobre la marcha \u2014<br>desc\u00e1rgate la app!<\/h3>\n\n\n\n<div class=\"wp-block-group badges is-layout-flow wp-block-group-is-layout-flow\">\n<div class=\"badges__container\">\n\t<div class=\"wp-block-button badges__button  is-style-button-with-arrow\" data-button-id=\"tg-2182572583\">\n\t\t<a class=\"wp-block-button__link wp-element-button\" href=\"https:\/\/transfergo.onelink.me\/3553566860\/auava1pk\" target=\"_blank\" rel=\"noreferrer noopener\">\n\t\t\tDesc\u00e1rgate la app\t\t<\/a>\n\t<\/div>\n\t<div class=\"badges__popup\" data-popup-id=\"tg-2182572583\">\n\t\t<div class=\"badges__popup-wrapper\">\n\t\t\t<button class=\"badges__popup-button\"><\/button>\n\t\t\t<p class=\"badges__popup-title wp-heading is-style-h4-higher-header-style\">\n\t\t\t\t<mark style=\"background-color:rgba(0, 0, 0, 0)\" class=\"has-inline-color has-blue-500-color\">\n\t\t\t\t\tEscanea\t\t\t\t<\/mark>\n\t\t\t\t para descargar la aplicaci\u00f3n TransferGo\t\t\t<\/p>\n\t\t\t<img decoding=\"async\" class=\"badges__popup-image\" src=\"https:\/\/www.transfergo.com\/wp-content\/plugins\/transfergo-blocks\/assets\/img\/QR_code.webp\"\n\t\t\t\talt=\"http:\/\/QR%20code\"\/>\n\t\t<\/div>\n\t<\/div>\n<\/div>\n<\/div>\n\n\n\n<figure class=\"wp-block-image size-large make-faster-transfers__image make-faster-transfers__image--with-border\"><img loading=\"lazy\" decoding=\"async\" height=\"1024\" width=\"473\" src=\"https:\/\/www.transfergo.com\/es\/wp-content\/uploads\/2024\/12\/es-473x1024.png\" alt=\"\" class=\"wp-image-99272\" srcset=\"https:\/\/www.transfergo.com\/wp-content\/uploads\/2024\/12\/es-473x1024.png 473w, https:\/\/www.transfergo.com\/wp-content\/uploads\/2024\/12\/es-139x300.png 139w, https:\/\/www.transfergo.com\/wp-content\/uploads\/2024\/12\/es-768x1662.png 768w, https:\/\/www.transfergo.com\/wp-content\/uploads\/2024\/12\/es-710x1536.png 710w, https:\/\/www.transfergo.com\/wp-content\/uploads\/2024\/12\/es-946x2048.png 946w, https:\/\/www.transfergo.com\/wp-content\/uploads\/2024\/12\/es.png 1170w\" sizes=\"auto, (max-width: 473px) 100vw, 473px\" \/><\/figure>\n<\/div><\/section>\n\n\n\n<div style=\"height:8rem\" aria-hidden=\"true\" class=\"wp-block-spacer\"><\/div>\n","protected":false},"excerpt":{"rendered":"","protected":false},"author":1,"featured_media":0,"parent":0,"menu_order":0,"comment_status":"closed","ping_status":"closed","template":"landing","meta":{"hideMenuColor":false,"footnotes":""},"class_list":["post-1391","page","type-page","status-publish","hentry"],"parsely":{"version":"1.1.0","canonical_url":"https:\/\/transfergo.com\/es\/regalo-por-invitar","smart_links":{"inbound":0,"outbound":0},"traffic_boost_suggestions_count":0,"meta":{"@context":"https:\/\/schema.org","@type":"WebPage","headline":"Regalo por invitar","url":"http:\/\/www.transfergo.com\/es\/regalo-por-invitar","mainEntityOfPage":{"@type":"WebPage","@id":"http:\/\/www.transfergo.com\/es\/regalo-por-invitar"},"thumbnailUrl":"","image":{"@type":"ImageObject","url":""},"articleSection":"Finanzas Personales","author":[{"@type":"Person","name":"TransferGo Team"}],"creator":["TransferGo Team"],"publisher":{"@type":"Organization","name":"TransferGo","logo":""},"keywords":[],"dateCreated":"2022-08-21T03:56:41Z","datePublished":"2022-08-21T03:56:41Z","dateModified":"2026-01-22T10:57:48Z"},"rendered":"<script type=\"application\/ld+json\" class=\"wp-parsely-metadata\">{\"@context\":\"https:\\\/\\\/schema.org\",\"@type\":\"WebPage\",\"headline\":\"Regalo por invitar\",\"url\":\"http:\\\/\\\/www.transfergo.com\\\/es\\\/regalo-por-invitar\",\"mainEntityOfPage\":{\"@type\":\"WebPage\",\"@id\":\"http:\\\/\\\/www.transfergo.com\\\/es\\\/regalo-por-invitar\"},\"thumbnailUrl\":\"\",\"image\":{\"@type\":\"ImageObject\",\"url\":\"\"},\"articleSection\":\"Finanzas Personales\",\"author\":[{\"@type\":\"Person\",\"name\":\"TransferGo Team\"}],\"creator\":[\"TransferGo Team\"],\"publisher\":{\"@type\":\"Organization\",\"name\":\"TransferGo\",\"logo\":\"\"},\"keywords\":[],\"dateCreated\":\"2022-08-21T03:56:41Z\",\"datePublished\":\"2022-08-21T03:56:41Z\",\"dateModified\":\"2026-01-22T10:57:48Z\"}<\/script>","tracker_url":"https:\/\/cdn.parsely.com\/keys\/transfergo.com\/p.js"},"jetpack_sharing_enabled":true,"hideMenuColor":false,"_links":{"self":[{"href":"https:\/\/www.transfergo.com\/es\/wp-json\/wp\/v2\/pages\/1391","targetHints":{"allow":["GET"]}}],"collection":[{"href":"https:\/\/www.transfergo.com\/es\/wp-json\/wp\/v2\/pages"}],"about":[{"href":"https:\/\/www.transfergo.com\/es\/wp-json\/wp\/v2\/types\/page"}],"author":[{"embeddable":true,"href":"https:\/\/www.transfergo.com\/es\/wp-json\/wp\/v2\/users\/1"}],"replies":[{"embeddable":true,"href":"https:\/\/www.transfergo.com\/es\/wp-json\/wp\/v2\/comments?post=1391"}],"version-history":[{"count":2,"href":"https:\/\/www.transfergo.com\/es\/wp-json\/wp\/v2\/pages\/1391\/revisions"}],"predecessor-version":[{"id":847222,"href":"https:\/\/www.transfergo.com\/es\/wp-json\/wp\/v2\/pages\/1391\/revisions\/847222"}],"wp:attachment":[{"href":"https:\/\/www.transfergo.com\/es\/wp-json\/wp\/v2\/media?parent=1391"}],"curies":[{"name":"wp","href":"https:\/\/api.w.org\/{rel}","templated":true}]}}