{"id":841878,"date":"2025-12-09T15:22:56","date_gmt":"2025-12-09T15:22:56","guid":{"rendered":"https:\/\/www.transfergo.com\/?page_id=841878"},"modified":"2025-12-17T15:08:08","modified_gmt":"2025-12-17T15:08:08","slug":"iban-virtual","status":"publish","type":"page","link":"https:\/\/www.transfergo.com\/es\/iban-virtual","title":{"rendered":"Virtual IBAN (vIBAN)"},"content":{"rendered":"\n<section class=\"wp-block-tg-terms-and-conditions-hero terms-and-conditions-hero container-fluid alignfull\" align=\"full\"><div class=\"container\">\n<h1 class=\"wp-block-heading has-text-align-center terms-and-conditions-hero__title has-blue-900-color has-text-color\"><strong><strong><strong><strong>Entender tu IBAN virtual (vIBAN) para transferencias<\/strong><\/strong><\/strong><\/strong><\/h1>\n<\/div><\/section>\n\n\n\n<section class=\"wp-block-tg-terms-and-conditions-main-content terms-and-conditions-main-content container-fluid\"><div class=\"container\">\n<p>Cuando haces o recibes transferencias internacionales a trav\u00e9s de TransferGo, es posible que se te proporcione un IBAN virtual (vIBAN).<\/p>\n\n\n\n<p>Un vIBAN funciona de forma muy similar a un IBAN normal, pero en lugar de representar una cuenta bancaria independiente, es un identificador \u00fanico vinculado a tu cuenta de TransferGo.<\/p>\n\n\n\n<p>Te permite recibir dinero a tu nombre, en una divisa concreta, y ayuda a TransferGo a enrutar los fondos de forma r\u00e1pida y precisa.<\/p>\n\n\n\n<h2 class=\"wp-block-heading has-x-large-font-size\"><strong>\u00bfQui\u00e9n emite tu vIBAN para EUR?<\/strong><\/h2>\n\n\n\n<p>Tu vIBAN lo emite y gestiona LHV Pank, una entidad de cr\u00e9dito estonia con licencia, regulada por el Banco de Estonia (Eesti Pank).<\/p>\n\n\n\n<p>LHV Pank colabora con TransferGo para ofrecer determinados servicios bancarios, incluida la generaci\u00f3n de vIBAN que se usan para enviar y recibir transferencias.<\/p>\n\n\n\n<h2 class=\"wp-block-heading has-x-large-font-size\"><strong><strong>\u00bfQui\u00e9n emite tu vIBAN para GBP?<\/strong><\/strong><\/h2>\n\n\n\n<p>Tu vIBAN lo emite y gestiona Santander Bank Polska S.A., una entidad de cr\u00e9dito polaca con licencia, regulada por el supervisor financiero de Polonia (Komisja Nadzoru Finansowego).<\/p>\n\n\n\n<p>Santander Bank Polska S.A. colabora con TransferGo para ofrecer determinados servicios bancarios, incluida la generaci\u00f3n de vIBAN que se usan para enviar y recibir transferencias.<\/p>\n\n\n\n<h2 class=\"wp-block-heading has-x-large-font-size\"><strong><strong>\u00bfQui\u00e9n emite tu vIBAN para USD?<\/strong><\/strong><\/h2>\n\n\n\n<p>Tu vIBAN lo emite y gestiona Santander Bank Polska S.A., una entidad de cr\u00e9dito polaca con licencia, regulada por el supervisor financiero de Polonia (Komisja Nadzoru Finansowego).<\/p>\n\n\n\n<p>Santander Bank Polska S.A. colabora con TransferGo para ofrecer determinados servicios bancarios, incluida la generaci\u00f3n de vIBAN que se usan para enviar y recibir transferencias.<\/p>\n\n\n\n<h2 class=\"wp-block-heading has-x-large-font-size\"><strong><strong>\u00bfQui\u00e9n emite tu vIBAN para GBP?<\/strong><\/strong><\/h2>\n\n\n\n<p>Tu vIBAN lo emite y gestiona LHV Bank Limited, autorizado como entidad financiera por la\u00a0<strong>autoridad reguladora del Reino Unido (Prudential Regulation Authority).<\/strong> LHV Bank colabora con TransferGo para ofrecer determinados servicios bancarios, incluida la generaci\u00f3n de vIBAN que se usan para enviar y recibir transferencias.<\/p>\n\n\n\n<h2 class=\"wp-block-heading has-x-large-font-size\"><strong>Qu\u00e9 significa esto para ti<\/strong><\/h2>\n\n\n\n<p>Como tu vIBAN se ofrece a trav\u00e9s de estos bancos, ten en cuenta que:<\/p>\n\n\n\n<ul class=\"wp-block-list\">\n<li>\u2022 Algunos servicios est\u00e1n sujetos a su jurisdicci\u00f3n y regulaci\u00f3n.<\/li>\n\n\n\n<li>\u2022 Tu cuenta de TransferGo sigue funcionando con normalidad; sin embargo, los pagos que se hacen desde o hacia tu vIBAN siguen las normas que se aplican a sus cuentas bancarias.<\/li>\n\n\n\n<li>\u2022 Esta configuraci\u00f3n ayuda a TransferGo a ofrecer transferencias r\u00e1pidas, fiables y\u00a0de tipo\u00a0local en euros (EUR), zloty polaco (PLN), d\u00f3lar estadounidense (USD) y libra esterlina (GBP).<\/li>\n\n\n\n<li><\/li>\n<\/ul>\n\n\n\n<p><strong>Importante: <\/strong>aunque tu vIBAN lo emiten estos bancos, los fondos de tu cuenta de TransferGo siguen protegidos y salvaguardados de acuerdo con todos los requisitos normativos.<\/p>\n<\/div><\/section>\n","protected":false},"excerpt":{"rendered":"","protected":false},"author":7,"featured_media":0,"parent":0,"menu_order":0,"comment_status":"closed","ping_status":"closed","template":"","meta":{"hideMenuColor":false,"footnotes":""},"class_list":["post-841878","page","type-page","status-publish","hentry"],"parsely":{"version":"1.1.0","canonical_url":"https:\/\/transfergo.com\/es\/iban-virtual","smart_links":{"inbound":0,"outbound":0},"traffic_boost_suggestions_count":0,"meta":{"@context":"https:\/\/schema.org","@type":"WebPage","headline":"Virtual IBAN (vIBAN)","url":"http:\/\/www.transfergo.com\/es\/iban-virtual","mainEntityOfPage":{"@type":"WebPage","@id":"http:\/\/www.transfergo.com\/es\/iban-virtual"},"thumbnailUrl":"","image":{"@type":"ImageObject","url":""},"articleSection":"Finanzas Personales","author":[{"@type":"Person","name":"Jennifer Tate"}],"creator":["Jennifer Tate"],"publisher":{"@type":"Organization","name":"TransferGo","logo":""},"keywords":[],"dateCreated":"2025-12-09T15:22:56Z","datePublished":"2025-12-09T15:22:56Z","dateModified":"2025-12-17T15:08:08Z"},"rendered":"<script type=\"application\/ld+json\" class=\"wp-parsely-metadata\">{\"@context\":\"https:\\\/\\\/schema.org\",\"@type\":\"WebPage\",\"headline\":\"Virtual IBAN (vIBAN)\",\"url\":\"http:\\\/\\\/www.transfergo.com\\\/es\\\/iban-virtual\",\"mainEntityOfPage\":{\"@type\":\"WebPage\",\"@id\":\"http:\\\/\\\/www.transfergo.com\\\/es\\\/iban-virtual\"},\"thumbnailUrl\":\"\",\"image\":{\"@type\":\"ImageObject\",\"url\":\"\"},\"articleSection\":\"Finanzas Personales\",\"author\":[{\"@type\":\"Person\",\"name\":\"Jennifer Tate\"}],\"creator\":[\"Jennifer Tate\"],\"publisher\":{\"@type\":\"Organization\",\"name\":\"TransferGo\",\"logo\":\"\"},\"keywords\":[],\"dateCreated\":\"2025-12-09T15:22:56Z\",\"datePublished\":\"2025-12-09T15:22:56Z\",\"dateModified\":\"2025-12-17T15:08:08Z\"}<\/script>","tracker_url":"https:\/\/cdn.parsely.com\/keys\/transfergo.com\/p.js"},"jetpack_sharing_enabled":true,"hideMenuColor":false,"_links":{"self":[{"href":"https:\/\/www.transfergo.com\/es\/wp-json\/wp\/v2\/pages\/841878","targetHints":{"allow":["GET"]}}],"collection":[{"href":"https:\/\/www.transfergo.com\/es\/wp-json\/wp\/v2\/pages"}],"about":[{"href":"https:\/\/www.transfergo.com\/es\/wp-json\/wp\/v2\/types\/page"}],"author":[{"embeddable":true,"href":"https:\/\/www.transfergo.com\/es\/wp-json\/wp\/v2\/users\/7"}],"replies":[{"embeddable":true,"href":"https:\/\/www.transfergo.com\/es\/wp-json\/wp\/v2\/comments?post=841878"}],"version-history":[{"count":4,"href":"https:\/\/www.transfergo.com\/es\/wp-json\/wp\/v2\/pages\/841878\/revisions"}],"predecessor-version":[{"id":841938,"href":"https:\/\/www.transfergo.com\/es\/wp-json\/wp\/v2\/pages\/841878\/revisions\/841938"}],"wp:attachment":[{"href":"https:\/\/www.transfergo.com\/es\/wp-json\/wp\/v2\/media?parent=841878"}],"curies":[{"name":"wp","href":"https:\/\/api.w.org\/{rel}","templated":true}]}}