{"id":1284,"date":"2022-08-29T11:52:22","date_gmt":"2022-08-29T11:52:22","guid":{"rendered":"https:\/\/transfergo.wpengine.com\/confirmation-one-day"},"modified":"2024-12-16T13:45:13","modified_gmt":"2024-12-16T13:45:13","slug":"confirmation-un-jour","status":"publish","type":"page","link":"https:\/\/www.transfergo.com\/fr\/confirmation-un-jour","title":{"rendered":"Confirmation un jour"},"content":{"rendered":"\n<section class=\"wp-block-tg-hero-confirmation hero-confirmation container-fluid alignfull\" align=\"full\"><div class=\"container\">\n<h2 class=\"wp-block-heading has-text-align-center hero-confirmation__subtitle--top has-blue-900-color has-text-color\">G\u00c9NIAL !<\/h2>\n\n\n\n<h1 class=\"wp-block-heading has-text-align-center hero-confirmation__title has-blue-900-color has-text-color\"><mark style=\"background-color:rgba(0, 0, 0, 0)\" class=\"has-inline-color has-blue-500-color\">Merci<\/mark> de nous avoir parl\u00e9 de votre paiement !<\/h1>\n\n\n\n<h5 class=\"wp-block-heading has-text-align-center hero-confirmation__subtitle--bottom has-blue-900-color has-text-color\">Il peut s\u2019\u00e9couler jusqu\u2019\u00e0 un jour ouvrable avant que votre d\u00e9p\u00f4t ne parvienne sur notre compte.<\/h5>\n<\/div><\/section>\n\n\n\n<h2 class=\"wp-block-heading has-text-align-center\">Quelle est la <mark style=\"background-color:rgba(0, 0, 0, 0)\" class=\"has-inline-color has-blue-500-color\">prochaine \u00e9tape<\/mark> ?<\/h2>\n\n\n\n<div class=\"wp-block-buttons is-vertical is-content-justification-center is-layout-flex wp-container-core-buttons-is-layout-734eb2c2 wp-block-buttons-is-layout-flex\">\n<div class=\"wp-block-button is-style-button-blue-with-arrow-no-background\"><a class=\"wp-block-button__link wp-element-button\" href=\"https:\/\/support.transfergo.com\/hc\/en-gb\/articles\/206284315-Transfer-speeds?_gl=1%2Ak50d4k%2A_gcl_au%2ANjkyMjk5MDY0LjE3MzE5MzQ4NDM.%2A_ga%2AMjEzODEwNjQ3NS4xNzI0MTU4MDg2%2A_ga_N5YECT9QN2%2AMTczNDM0ODE1OS4xLjEuMTczNDM1NjQ5Ni4zNS4wLjA.\" target=\"_blank\" rel=\"noopener\">Combien de temps un transfert prend-il pour arriver ?<\/a><\/div>\n\n\n\n<div class=\"wp-block-button is-style-button-blue-with-arrow-no-background\"><a class=\"wp-block-button__link wp-element-button\" href=\"https:\/\/support.transfergo.com\/hc\/en-gb\/articles\/206416593-Check-Your-Transfer-Status?_gl=1%2Ak50d4k%2A_gcl_au%2ANjkyMjk5MDY0LjE3MzE5MzQ4NDM.%2A_ga%2AMjEzODEwNjQ3NS4xNzI0MTU4MDg2%2A_ga_N5YECT9QN2%2AMTczNDM0ODE1OS4xLjEuMTczNDM1NjQ5Ni4zNS4wLjA.\" target=\"_blank\" rel=\"noopener\">V\u00e9rifiez l\u2019\u00e9tat de votre transfert<\/a><\/div>\n\n\n\n<div class=\"wp-block-button is-style-button-blue-with-arrow-no-background\"><a class=\"wp-block-button__link wp-element-button\" href=\"https:\/\/support.transfergo.com\/hc\/en-gb?_gl=1*k50d4k*_gcl_au*NjkyMjk5MDY0LjE3MzE5MzQ4NDM.*_ga*MjEzODEwNjQ3NS4xNzI0MTU4MDg2*_ga_N5YECT9QN2*MTczNDM0ODE1OS4xLjEuMTczNDM1NjQ5Ni4zNS4wLjA.\" target=\"_blank\" rel=\"noopener\">Vous avez des questions ? Visitez notre section Aide<\/a><\/div>\n<\/div>\n","protected":false},"excerpt":{"rendered":"<p>Quelle est la prochaine \u00e9tape ?<\/p>\n","protected":false},"author":1,"featured_media":0,"parent":0,"menu_order":0,"comment_status":"closed","ping_status":"closed","template":"page-with-short-footer","meta":{"hideMenuColor":false,"footnotes":""},"class_list":["post-1284","page","type-page","status-publish","hentry"],"parsely":{"version":"1.1.0","canonical_url":"https:\/\/transfergo.com\/fr\/confirmation-un-jour","smart_links":{"inbound":0,"outbound":0},"traffic_boost_suggestions_count":0,"meta":{"@context":"https:\/\/schema.org","@type":"WebPage","headline":"Confirmation un jour","url":"http:\/\/www.transfergo.com\/fr\/confirmation-un-jour","mainEntityOfPage":{"@type":"WebPage","@id":"http:\/\/www.transfergo.com\/fr\/confirmation-un-jour"},"thumbnailUrl":"","image":{"@type":"ImageObject","url":""},"articleSection":"Finances personnelles","author":[{"@type":"Person","name":"TransferGo Team"}],"creator":["TransferGo Team"],"publisher":{"@type":"Organization","name":"TransferGo","logo":""},"keywords":[],"dateCreated":"2022-08-29T11:52:22Z","datePublished":"2022-08-29T11:52:22Z","dateModified":"2024-12-16T13:45:13Z"},"rendered":"<script type=\"application\/ld+json\" class=\"wp-parsely-metadata\">{\"@context\":\"https:\\\/\\\/schema.org\",\"@type\":\"WebPage\",\"headline\":\"Confirmation un jour\",\"url\":\"http:\\\/\\\/www.transfergo.com\\\/fr\\\/confirmation-un-jour\",\"mainEntityOfPage\":{\"@type\":\"WebPage\",\"@id\":\"http:\\\/\\\/www.transfergo.com\\\/fr\\\/confirmation-un-jour\"},\"thumbnailUrl\":\"\",\"image\":{\"@type\":\"ImageObject\",\"url\":\"\"},\"articleSection\":\"Finances personnelles\",\"author\":[{\"@type\":\"Person\",\"name\":\"TransferGo Team\"}],\"creator\":[\"TransferGo Team\"],\"publisher\":{\"@type\":\"Organization\",\"name\":\"TransferGo\",\"logo\":\"\"},\"keywords\":[],\"dateCreated\":\"2022-08-29T11:52:22Z\",\"datePublished\":\"2022-08-29T11:52:22Z\",\"dateModified\":\"2024-12-16T13:45:13Z\"}<\/script>","tracker_url":"https:\/\/cdn.parsely.com\/keys\/transfergo.com\/p.js"},"jetpack_sharing_enabled":true,"hideMenuColor":false,"_links":{"self":[{"href":"https:\/\/www.transfergo.com\/fr\/wp-json\/wp\/v2\/pages\/1284","targetHints":{"allow":["GET"]}}],"collection":[{"href":"https:\/\/www.transfergo.com\/fr\/wp-json\/wp\/v2\/pages"}],"about":[{"href":"https:\/\/www.transfergo.com\/fr\/wp-json\/wp\/v2\/types\/page"}],"author":[{"embeddable":true,"href":"https:\/\/www.transfergo.com\/fr\/wp-json\/wp\/v2\/users\/1"}],"replies":[{"embeddable":true,"href":"https:\/\/www.transfergo.com\/fr\/wp-json\/wp\/v2\/comments?post=1284"}],"version-history":[{"count":0,"href":"https:\/\/www.transfergo.com\/fr\/wp-json\/wp\/v2\/pages\/1284\/revisions"}],"wp:attachment":[{"href":"https:\/\/www.transfergo.com\/fr\/wp-json\/wp\/v2\/media?parent=1284"}],"curies":[{"name":"wp","href":"https:\/\/api.w.org\/{rel}","templated":true}]}}