{"id":839568,"date":"2025-11-25T11:44:58","date_gmt":"2025-11-25T11:44:58","guid":{"rendered":"https:\/\/www.transfergo.com\/?page_id=839568"},"modified":"2025-12-02T13:52:28","modified_gmt":"2025-12-02T13:52:28","slug":"vulnerabilite-des-clients","status":"publish","type":"page","link":"https:\/\/www.transfergo.com\/fr\/vulnerabilite-des-clients","title":{"rendered":"Vulnerable customers"},"content":{"rendered":"\n<section class=\"wp-block-tg-terms-and-conditions-hero terms-and-conditions-hero container-fluid alignfull\" align=\"full\"><div class=\"container\">\n<h1 class=\"wp-block-heading has-text-align-center terms-and-conditions-hero__title has-blue-900-color has-text-color\"><strong><strong>Accompagner les clients en situation de vuln\u00e9rabilit\u00e9<\/strong><\/strong><\/h1>\n\n\n\n<div class=\"wp-block-group terms-and-conditions-hero__last-updated-wrapper is-layout-flow wp-block-group-is-layout-flow\">\n<p class=\"terms-and-conditions-hero__last-updated-text has-blue-900-color has-text-color has-medium-font-size\">Effective date<\/p>\n\n\n\t<p class=\"terms-and-conditions-hero__last-updated-date has-blue-900-color has-text-color has-large-font-size\">\n\t\t2\/12\/2025\t<\/p>\n<\/div>\n<\/div><\/section>\n\n\n\n<section class=\"wp-block-tg-terms-and-conditions-main-content terms-and-conditions-main-content container-fluid\"><div class=\"container\">\n<p>Chez TransferGo, nous comprenons que certains \u00e9v\u00e9nements de la vie ou des situations personnelles peuvent influencer la mani\u00e8re dont chacun g\u00e8re son argent ou utilise les services financiers.<\/p>\n\n\n\n<p>Vous pouvez \u00eatre en situation de vuln\u00e9rabilit\u00e9 en raison de situations telles que :<\/p>\n\n\n\n<ul class=\"wp-block-list\">\n<li>\u2022 un changement majeur dans votre vie (par exemple, un deuil, une maladie)<\/li>\n\n\n\n<li>\u2022 des difficult\u00e9s financi\u00e8res temporaires<\/li>\n\n\n\n<li>\u2022 des probl\u00e8mes de sant\u00e9 (y compris mentale ou physique)<\/li>\n\n\n\n<li>\u2022 des difficult\u00e9s \u00e0 comprendre ou \u00e0 traiter l&#8217;information<\/li>\n\n\n\n<li>\u2022 un stress \u00e9motionnel ou des difficult\u00e9s personnelles<\/li>\n<\/ul>\n\n\n\n<p>Chaque situation est diff\u00e9rente, et la vuln\u00e9rabilit\u00e9 peut \u00eatre temporaire, \u00e0 long terme, ou \u00e9voluer avec le temps.<\/p>\n\n\n\n<h2 class=\"wp-block-heading\">Notre engagement<\/h2>\n\n\n\n<p>Nous nous engageons \u00e0 traiter tous nos clients de mani\u00e8re \u00e9quitable et avec compr\u00e9hension.<\/p>\n\n\n\n<p>Lorsque nous prenons conscience qu&#8217;un client peut avoir besoin d&#8217;un soutien suppl\u00e9mentaire, nous nous effor\u00e7ons de communiquer clairement, d&#8217;agir avec sensibilit\u00e9 et de nous assurer que nous fournissons les informations d&#8217;une mani\u00e8re facile \u00e0 comprendre.<\/p>\n\n\n\n<h2 class=\"wp-block-heading\">Si vous pensez avoir besoin d&#8217;un soutien suppl\u00e9mentaire<\/h2>\n\n\n\n<p>Si vos circonstances personnelles affectent la fa\u00e7on dont vous utilisez nos services, vous pouvez choisir de nous en informer lorsque vous \u00e9changez avec notre \u00e9quipe d&#8217;assistance.<\/p>\n\n\n\n<p>Vous n&#8217;avez besoin de partager que les informations avec lesquelles vous vous sentez \u00e0 l&#8217;aise, et tout ce que vous nous dites est trait\u00e9 de mani\u00e8re confidentielle.<\/p>\n\n\n\n<h2 class=\"wp-block-heading\">Votre vie priv\u00e9e est importante<\/h2>\n\n\n\n<p>Toute information que vous partagez avec nous est trait\u00e9e de mani\u00e8re s\u00e9curis\u00e9e et conform\u00e9ment aux exigences en mati\u00e8re de protection des donn\u00e9es. Nous utilisons ces informations uniquement pour vous accompagner lorsque vous utilisez nos services TransferGo..<\/p>\n<\/div><\/section>\n","protected":false},"excerpt":{"rendered":"","protected":false},"author":7,"featured_media":0,"parent":0,"menu_order":0,"comment_status":"closed","ping_status":"closed","template":"","meta":{"hideMenuColor":false,"footnotes":""},"class_list":["post-839568","page","type-page","status-publish","hentry"],"parsely":{"version":"1.1.0","canonical_url":"https:\/\/transfergo.com\/fr\/vulnerabilite-des-clients","smart_links":{"inbound":0,"outbound":0},"traffic_boost_suggestions_count":0,"meta":{"@context":"https:\/\/schema.org","@type":"WebPage","headline":"Vulnerable customers","url":"http:\/\/www.transfergo.com\/fr\/vulnerabilite-des-clients","mainEntityOfPage":{"@type":"WebPage","@id":"http:\/\/www.transfergo.com\/fr\/vulnerabilite-des-clients"},"thumbnailUrl":"","image":{"@type":"ImageObject","url":""},"articleSection":"Finances personnelles","author":[{"@type":"Person","name":"Jennifer Tate"}],"creator":["Jennifer Tate"],"publisher":{"@type":"Organization","name":"TransferGo","logo":""},"keywords":[],"dateCreated":"2025-11-25T11:44:58Z","datePublished":"2025-11-25T11:44:58Z","dateModified":"2025-12-02T13:52:28Z"},"rendered":"<script type=\"application\/ld+json\" class=\"wp-parsely-metadata\">{\"@context\":\"https:\\\/\\\/schema.org\",\"@type\":\"WebPage\",\"headline\":\"Vulnerable customers\",\"url\":\"http:\\\/\\\/www.transfergo.com\\\/fr\\\/vulnerabilite-des-clients\",\"mainEntityOfPage\":{\"@type\":\"WebPage\",\"@id\":\"http:\\\/\\\/www.transfergo.com\\\/fr\\\/vulnerabilite-des-clients\"},\"thumbnailUrl\":\"\",\"image\":{\"@type\":\"ImageObject\",\"url\":\"\"},\"articleSection\":\"Finances personnelles\",\"author\":[{\"@type\":\"Person\",\"name\":\"Jennifer Tate\"}],\"creator\":[\"Jennifer Tate\"],\"publisher\":{\"@type\":\"Organization\",\"name\":\"TransferGo\",\"logo\":\"\"},\"keywords\":[],\"dateCreated\":\"2025-11-25T11:44:58Z\",\"datePublished\":\"2025-11-25T11:44:58Z\",\"dateModified\":\"2025-12-02T13:52:28Z\"}<\/script>","tracker_url":"https:\/\/cdn.parsely.com\/keys\/transfergo.com\/p.js"},"jetpack_sharing_enabled":true,"hideMenuColor":false,"_links":{"self":[{"href":"https:\/\/www.transfergo.com\/fr\/wp-json\/wp\/v2\/pages\/839568","targetHints":{"allow":["GET"]}}],"collection":[{"href":"https:\/\/www.transfergo.com\/fr\/wp-json\/wp\/v2\/pages"}],"about":[{"href":"https:\/\/www.transfergo.com\/fr\/wp-json\/wp\/v2\/types\/page"}],"author":[{"embeddable":true,"href":"https:\/\/www.transfergo.com\/fr\/wp-json\/wp\/v2\/users\/7"}],"replies":[{"embeddable":true,"href":"https:\/\/www.transfergo.com\/fr\/wp-json\/wp\/v2\/comments?post=839568"}],"version-history":[{"count":3,"href":"https:\/\/www.transfergo.com\/fr\/wp-json\/wp\/v2\/pages\/839568\/revisions"}],"predecessor-version":[{"id":839729,"href":"https:\/\/www.transfergo.com\/fr\/wp-json\/wp\/v2\/pages\/839568\/revisions\/839729"}],"wp:attachment":[{"href":"https:\/\/www.transfergo.com\/fr\/wp-json\/wp\/v2\/media?parent=839568"}],"curies":[{"name":"wp","href":"https:\/\/api.w.org\/{rel}","templated":true}]}}