{"id":1299929,"date":"2026-03-11T14:29:08","date_gmt":"2026-03-11T14:29:08","guid":{"rendered":"https:\/\/www.transfergo.com\/?page_id=1299929"},"modified":"2026-04-17T14:34:45","modified_gmt":"2026-04-17T14:34:45","slug":"moitsvie-megobrebi","status":"publish","type":"page","link":"https:\/\/www.transfergo.com\/ka\/moitsvie-megobrebi","title":{"rendered":"Refer a friend &#8211; KA"},"content":{"rendered":"\n<section class=\"wp-block-tg-hero-raf-welcome hero-raf container-fluid alignfull\" align=\"full\"><div class=\"container\">\n<div class=\"wp-block-group hero-raf__background-container is-layout-flow wp-block-group-is-layout-flow\">\n<div class=\"wp-block-cover is-light hero-raf__background-image\"><img decoding=\"async\" class=\"wp-block-cover__image-background size-full\" alt=\"\" src=\"https:\/\/www.transfergo.com\/wp-content\/plugins\/transfergo-blocks\/assets\/img\/hero-raf\/hero-background-desktop.webp\" data-object-fit=\"cover\"\/><span aria-hidden=\"true\" class=\"wp-block-cover__background has-background-dim-0 has-background-dim\"><\/span><div class=\"wp-block-cover__inner-container is-layout-constrained wp-block-cover-is-layout-constrained\">\n<figure class=\"wp-block-image size-large hero-raf__background-image--mobile\"><img loading=\"lazy\" decoding=\"async\" height=\"1024\" width=\"452\" src=\"https:\/\/www.transfergo.com\/wp-content\/uploads\/2026\/03\/raf-hero-mobile.webp?resize=452,1024\" alt=\"\" class=\"wp-image-987306\" srcset=\"https:\/\/www.transfergo.com\/wp-content\/uploads\/2026\/03\/raf-hero-mobile.webp 720w, https:\/\/www.transfergo.com\/wp-content\/uploads\/2026\/03\/raf-hero-mobile.webp?resize=132,300 132w, https:\/\/www.transfergo.com\/wp-content\/uploads\/2026\/03\/raf-hero-mobile.webp?resize=452,1024 452w, https:\/\/www.transfergo.com\/wp-content\/uploads\/2026\/03\/raf-hero-mobile.webp?resize=678,1536 678w\" sizes=\"auto, (max-width: 452px) 100vw, 452px\" \/><\/figure>\n\n\n\n<div class=\"wp-block-group hero-raf__bubbles is-layout-flow wp-block-group-is-layout-flow\">\n<div class=\"wp-block-group hero-raf__bubbles__inner is-layout-flow wp-block-group-is-layout-flow\">\n<div class=\"wp-block-group hero-raf__bubbles--top is-layout-flow wp-block-group-is-layout-flow\">\n<p class=\"hero-raf__bubble has-bw-100-background-color has-background has-large-font-size\"><strong>\u10d2\u10d0\u10d2\u10d6\u10d0\u10d5\u10dc\u10d8\u10da\u10d8 \u10d7\u10d0\u10dc\u10ee\u10d0<\/strong> \u20ac50<\/p>\n\n\n\n<p class=\"hero-raf__bubble has-bw-100-color has-blue-500-background-color has-text-color has-background has-link-color has-large-font-size wp-elements-742629692eb2e1e2fd48939368c5f34a\"><strong>\u10db\u10dd\u10de\u10dd\u10d5\u10d4\u10d1\u10e3\u10da\u10d8 \u10ef\u10d0\u10db\u10d8<\/strong> \u20ac10<\/p>\n<\/div>\n\n\n\n<div class=\"wp-block-group hero-raf__bubbles--bottom is-layout-flow wp-block-group-is-layout-flow\">\n<div class=\"wp-block-group hero-raf__bubble--with-avatar is-layout-flow wp-block-group-is-layout-flow\">\n<figure class=\"wp-block-image size-thumbnail is-resized hero-raf__bubble-avatar\"><img decoding=\"async\" src=\"https:\/\/www.transfergo.com\/wp-content\/plugins\/transfergo-blocks\/assets\/img\/hero-raf\/hero-raf-avatar.webp\" alt=\"\"\/><\/figure>\n\n\n\n<p class=\"hero-raf__bubble has-blue-50-background-color has-background has-large-font-size\"><strong>\u10db\u10d8\u10ec\u10d5\u10d4\u10d5\u10d0 \u10d2\u10d0\u10d2\u10d6\u10d0\u10d5\u10dc\u10d8\u10da\u10d8\u10d0<\/strong><\/p>\n<\/div>\n<\/div>\n<\/div>\n<\/div>\n\n\n\n<div class=\"wp-block-group hero-raf__text-wrapper is-layout-flow wp-block-group-is-layout-flow\">\n<div class=\"wp-block-group hero-raf__subheading-wrapper is-layout-flow wp-block-group-is-layout-flow\">\n<p class=\"has-text-align-left hero-raf__subheading has-blue-900-color has-text-color\">TransferGo x<\/p>\n\n\n\n<p class=\"hero-raf__subheading-parameter wp-block-tg-hero-raf-parameter\">\n\t<mark class=\"has-inline-color has-blue-500-color\">\n\t\t\u10e8\u10d4\u10dc\u10d8 \u10db\u10d4\u10d2\u10dd\u10d1\u10d0\u10e0\u10d8\t<\/mark>\n<\/p>\n<\/div>\n\n\n\n<h1 class=\"wp-block-heading has-text-align-left hero-raf__heading is-style-h2-higher-header-style has-blue-900-color has-text-color\"><strong>\u10d2\u10d0\u10d2\u10d6\u10d0\u10d5\u10dc\u10d4 \u10e4\u10e3\u10da\u10d8 \u10d0\u10ee\u10da\u10d0\u10d5\u10d4 <mark style=\"background-color:rgba(0, 0, 0, 0)\" class=\"has-inline-color has-blue-500-color\">\u10d3\u10d0 \u10db\u10d0\u10e8\u10d8\u10dc\u10d5\u10d4 \u10db\u10d8\u10d8\u10e6\u10d4 \u20ac10.<\/mark><\/strong><\/h1>\n\n\n\n<div class=\"wp-block-buttons hero-raf__buttons-wrapper is-content-justification-left is-layout-flex wp-container-core-buttons-is-layout-fc4fd283 wp-block-buttons-is-layout-flex\">\n<div class=\"wp-block-button hero-raf__button is-style-button-with-arrow\"><a class=\"wp-block-button__link wp-element-button\" href=\"https:\/\/app.transfergo.com\/ka\/register\" target=\"_blank\" rel=\"noopener\">\u10db\u10d8\u10d8\u10e6\u10d4 \u10e8\u10d4\u10dc\u10d8 \u20ac10 \u10d0\u10ee\u10da\u10d0<\/a><\/div>\n<\/div>\n<\/div>\n<\/div><\/div>\n<\/div>\n<\/div><\/section>\n\n\n\n<section class=\"wp-block-tg-benefits benefits container-fluid alignfull\" align=\"full\"><div class=\"container\">\n<h2 class=\"wp-block-heading has-text-align-center benefits__title has-blue-900-color has-text-color\">\u10d0\u10d8, \u10e0\u10d0\u10e2\u10dd\u10db \u10d4\u10dc\u10d3\u10dd\u10d1\u10d0 9 \u10db\u10d8\u10da\u10d8\u10dd\u10dc\u10d6\u10d4 \u10db\u10d4\u10e2\u10d8 \u10db\u10dd\u10db\u10ee\u10db\u10d0\u10e0\u10d4\u10d1\u10d4\u10da\u10d8 <br>TransferGo-\u10e1&#8230;<\/h2>\n\n\n\n<div class=\"wp-block-columns benefits__columns is-layout-flex wp-container-core-columns-is-layout-28f84493 wp-block-columns-is-layout-flex\">\n<div class=\"wp-block-column benefits__column is-layout-flow wp-block-column-is-layout-flow\">\n<figure class=\"wp-block-image aligncenter benefits__column-image\"><img decoding=\"async\" src=\"https:\/\/www.transfergo.com\/wp-content\/plugins\/transfergo-blocks\/assets\/img\/benefits\/high-speed.svg\" alt=\"High speed icon\"\/><\/figure>\n\n\n\n<h6 class=\"wp-block-heading has-text-align-center t2 benefits__column-title has-blue-500-color has-text-color\"><strong>\u10db\u10d0\u10e6\u10d0\u10da\u10d8 \u10e1\u10d8\u10e9\u10e5\u10d0\u10e0\u10d4<\/strong><\/h6>\n\n\n\n<p class=\"has-text-align-center benefits__column-subtitle has-blue-900-color has-text-color has-medium-font-size\">\u10d2\u10d0\u10d3\u10d0\u10e0\u10d8\u10ea\u10ee\u10d5\u10d4\u10d1\u10d8\u10e1 \u10e3\u10db\u10d4\u10e2\u10d4\u10e1\u10dd\u10d1\u10d0\u10e1 2\u20133 \u10ec\u10e3\u10d7\u10d8 \u10ed\u10d8\u10e0\u10d3\u10d4\u10d1\u10d0! \u10e8\u10d4\u10d2\u10d8\u10eb\u10da\u10d8\u10d0 \u10e4\u10e3\u10da\u10d8 \u10e8\u10d0\u10d1\u10d0\u10d7-\u10d9\u10d5\u10d8\u10e0\u10d0\u10e1\u10d0\u10ea \u10d2\u10d0\u10d0\u10d2\u10d6\u10d0\u10d5\u10dc\u10dd.<\/p>\n<\/div>\n\n\n\n<div class=\"wp-block-column benefits__column is-layout-flow wp-block-column-is-layout-flow\">\n<figure class=\"wp-block-image aligncenter benefits__column-image\"><img decoding=\"async\" src=\"https:\/\/www.transfergo.com\/wp-content\/plugins\/transfergo-blocks\/assets\/img\/benefits\/low-fees.svg\" alt=\"Low fees icon\"\/><\/figure>\n\n\n\n<h6 class=\"wp-block-heading has-text-align-center t2 benefits__column-title has-blue-500-color has-text-color\"><strong>\u10e1\u10d0\u10d9\u10dd\u10db\u10d8\u10e1\u10d8\u10dd\u10e1 \u10d2\u10d0\u10e0\u10d4\u10e8\u10d4<\/strong><\/h6>\n\n\n\n<p class=\"has-text-align-center benefits__column-subtitle has-blue-900-color has-text-color has-medium-font-size\">\u10e1\u10d0\u10e3\u10d9\u10d4\u10d7\u10d4\u10e1\u10dd \u10d2\u10d0\u10ea\u10d5\u10da\u10d8\u10d7\u10d8 \u10d9\u10e3\u10e0\u10e1\u10d8 \u10d3\u10d0 \u10e3\u10e4\u10d0\u10e1\u10dd \u10d2\u10d0\u10d3\u10d0\u10e0\u10d8\u10ea\u10ee\u10d5\u10d4\u10d1\u10d8 \u10d0\u10d3\u10d2\u10d8\u10da\u10dd\u10d1\u10e0\u10d8\u10d5\u10d8 \u10e2\u10d0\u10e0\u10d8\u10e4\u10d8\u10d7!<\/p>\n<\/div>\n\n\n\n<div class=\"wp-block-column benefits__column is-layout-flow wp-block-column-is-layout-flow\">\n<figure class=\"wp-block-image aligncenter benefits__column-image\"><img decoding=\"async\" src=\"https:\/\/www.transfergo.com\/wp-content\/plugins\/transfergo-blocks\/assets\/img\/benefits\/no-hassle.svg\" alt=\"No hassle icon\"\/><\/figure>\n\n\n\n<h6 class=\"wp-block-heading has-text-align-center t2 benefits__column-title has-blue-500-color has-text-color\"><strong>\u10db\u10d0\u10e0\u10e2\u10d8\u10d5\u10d0\u10d3, \u10e3\u10e1\u10d8\u10d0\u10db\u10dd\u10d5\u10dc\u10d4\u10d1\u10d4\u10d1\u10d8\u10e1 \u10d2\u10d0\u10e0\u10d4\u10e8\u10d4<\/strong><\/h6>\n\n\n\n<p class=\"has-text-align-center benefits__column-subtitle has-blue-900-color has-text-color has-medium-font-size\">\u10d0\u10de\u10d8 \u10e3\u10e4\u10d0\u10e1\u10dd\u10d0 \u10d3\u10d0 \u10db\u10d0\u10e0\u10e2\u10d8\u10d5\u10d8 \u10d2\u10d0\u10db\u10dd\u10e1\u10d0\u10e7\u10d4\u10dc\u10d4\u10d1\u10d4\u10da\u10d8\u10d0.<\/p>\n<\/div>\n\n\n\n<div class=\"wp-block-column benefits__column is-layout-flow wp-block-column-is-layout-flow\">\n<figure class=\"wp-block-image aligncenter benefits__column-image\"><img decoding=\"async\" src=\"https:\/\/www.transfergo.com\/wp-content\/plugins\/transfergo-blocks\/assets\/img\/benefits\/global.svg\" alt=\"Global icon\"\/><\/figure>\n\n\n\n<h6 class=\"wp-block-heading has-text-align-center t2 benefits__column-title has-blue-500-color has-text-color\"><strong>\u10d2\u10da\u10dd\u10d1\u10d0\u10da\u10e3\u10e0\u10d8<\/strong><\/h6>\n\n\n\n<p class=\"has-text-align-center benefits__column-subtitle has-blue-900-color has-text-color has-medium-font-size\">\u10d2\u10d0\u10d0\u10d2\u10d6\u10d0\u10d5\u10dc\u10d4 \u10e4\u10e3\u10da\u10d8 \u10d1\u10d0\u10e0\u10d0\u10d7\u10d4\u10d1\u10d6\u10d4, \u10e1\u10d0\u10d1\u10d0\u10dc\u10d9\u10dd \u10d0\u10dc\u10d2\u10d0\u10e0\u10d8\u10e8\u10d4\u10d1\u10d6\u10d4 \u10d3\u10d0 \u10dc\u10d0\u10e6\u10d3\u10d8 \u10e4\u10e3\u10da\u10d8\u10e1 \u10e1\u10d4\u10e0\u10d5\u10d8\u10e1\u10d4\u10d1\u10e8\u10d8, \u10db\u10e1\u10dd\u10e4\u10da\u10d8\u10dd\u10e1 160-\u10d6\u10d4 \u10db\u10d4\u10e2 \u10e5\u10d5\u10d4\u10e7\u10d0\u10dc\u10d0\u10e8\u10d8.<\/p>\n<\/div>\n\n\n\n<div class=\"wp-block-column benefits__column is-layout-flow wp-block-column-is-layout-flow\">\n<figure class=\"wp-block-image aligncenter benefits__column-image\"><img decoding=\"async\" src=\"https:\/\/www.transfergo.com\/wp-content\/plugins\/transfergo-blocks\/assets\/img\/benefits\/multilingual.svg\" alt=\"Multi-lingual icon\"\/><\/figure>\n\n\n\n<h6 class=\"wp-block-heading has-text-align-center t2 benefits__column-title has-blue-500-color has-text-color\"><strong>\u10db\u10e0\u10d0\u10d5\u10d0\u10da\u10d4\u10dc\u10dd\u10d5\u10d0\u10dc\u10d8 \u10db\u10ee\u10d0\u10e0\u10d3\u10d0\u10ed\u10d4\u10e0\u10d0<\/strong><\/h6>\n\n\n\n<p class=\"has-text-align-center benefits__column-subtitle has-blue-900-color has-text-color has-medium-font-size\">\u10e9\u10d5\u10d4\u10dc\u10d8 \u10e1\u10ec\u10e0\u10d0\u10e4\u10d8 \u10d3\u10d0 \u10db\u10d4\u10d2\u10dd\u10d1\u10e0\u10e3\u10da\u10d8 \u10db\u10dd\u10db\u10ee\u10db\u10d0\u10e0\u10d4\u10d1\u10d4\u10da\u10d7\u10d0 \u10db\u10ee\u10d0\u10e0\u10d3\u10d0\u10ed\u10d4\u10e0\u10d8\u10e1 \u10d2\u10e3\u10dc\u10d3\u10d8 \u10da\u10d0\u10de\u10d0\u10e0\u10d9\u10dd\u10d1\u10e1 9 \u10d4\u10dc\u10d0\u10d6\u10d4 \u10d3\u10d0 \u10db\u10d6\u10d0\u10d3 \u10d0\u10e0\u10d8\u10e1, \u10d3\u10d0\u10d2\u10d4\u10ee\u10db\u10d0\u10e0\u10dd\u10d7.<\/p>\n<\/div>\n\n\n\n<div class=\"wp-block-column benefits__column is-layout-flow wp-block-column-is-layout-flow\">\n<figure class=\"wp-block-image aligncenter is-resized benefits__column-image\"><img decoding=\"async\" src=\"https:\/\/www.transfergo.com\/wp-content\/plugins\/transfergo-blocks\/assets\/img\/benefits\/security.svg\" alt=\"Security icon\" style=\"width:150px;height:auto\"\/><\/figure>\n\n\n\n<h6 class=\"wp-block-heading has-text-align-center t2 benefits__column-title has-blue-500-color has-text-color\"><strong>\u10e1\u10e0\u10e3\u10da\u10d8\u10d0\u10d3 \u10d3\u10d0\u10ea\u10e3\u10da\u10d8 \u10d3\u10d0 FCA-\u10e1 \u10db\u10d8\u10d4\u10e0 \u10d0\u10d5\u10e2\u10dd\u10e0\u10d8\u10d6\u10d4\u10d1\u10e3\u10da\u10d8<\/strong><\/h6>\n\n\n\n<p class=\"has-text-align-center benefits__column-subtitle has-blue-900-color has-text-color has-medium-font-size\">\u10e9\u10d5\u10d4\u10dc \u10e0\u10d4\u10d2\u10e3\u10da\u10d8\u10e0\u10d4\u10d1\u10e3\u10da\u10d4\u10d1\u10d8 \u10d5\u10d0\u10e0\u10d7 \u10d1\u10e0\u10d8\u10e2\u10d0\u10dc\u10d4\u10d7\u10d8\u10e1\u10d0 \u10d3\u10d0 \u10d4\u10d5\u10e0\u10dd\u10d9\u10d0\u10d5\u10e8\u10d8\u10e0\u10d8\u10e1 \u10d9\u10d0\u10dc\u10dd\u10dc\u10d4\u10d1\u10d8\u10d7 \u10d3\u10d0 \u10d5\u10d8\u10e7\u10d4\u10dc\u10d4\u10d1\u10d7 \u10e3\u10db\u10d0\u10e6\u10da\u10d4\u10e1\u10d8 \u10d3\u10dd\u10dc\u10d8\u10e1 \u10d3\u10d0\u10ea\u10d5\u10d0\u10e1\u10d0 \u10d3\u10d0 \u10d3\u10d0\u10e8\u10d8\u10e4\u10d5\u10e0\u10d0\u10e1, \u10e0\u10dd\u10db \u10e8\u10d4\u10dc\u10d8 \u10e4\u10e3\u10da\u10d8 \u10e3\u10e1\u10d0\u10e4\u10e0\u10d7\u10ee\u10dd\u10d3 \u10d8\u10e7\u10dd\u10e1.<\/p>\n<\/div>\n<\/div>\n<\/div><\/section>\n\n\n\n<section class=\"wp-block-tg-make-faster-transfers make-faster-transfers container-fluid\" data-subtitle=\"\u10d3\u10d0\u10d0\u10e1\u10d9\u10d0\u10dc\u10d4\u10e0\u10d4, \u10e0\u10dd\u10db \u10d2\u10d0\u10d3\u10db\u10dd\u10ec\u10d4\u10e0\u10dd TransferGo - \u10e1 \u10d0\u10de\u10da\u10d8\u10d9\u10d0\u10ea\u10d8\u10d0\"><div class=\"container\">\n<h3 class=\"wp-block-heading has-text-align-left make-faster-transfers__title has-blue-900-color has-text-color\">\u10d2\u10d0\u10d3\u10d0\u10e0\u10d8\u10ea\u10ee\u10d5\u10d0 \u10d2\u10d6\u10d0\u10e8\u10d8\u10ea \u10e8\u10d4\u10e1\u10d0\u10eb\u10da\u10d4\u10d1\u10d4\u10da\u10d8\u10d0 \u2014 \u10d2\u10d0\u10d3\u10db\u10dd\u10ec\u10d4\u10e0\u10d4 TransferGo \u10d0\u10de\u10d8!<\/h3>\n\n\n\n<div class=\"wp-block-group badges is-layout-flow wp-block-group-is-layout-flow\">\n<div class=\"badges__container\">\n\t<div class=\"wp-block-button badges__button  is-style-button-with-arrow\" data-button-id=\"tg-1685762062\">\n\t\t<a class=\"wp-block-button__link wp-element-button\" href=\"https:\/\/transfergo.onelink.me\/3553566860\/auava1pk\" target=\"_blank\" rel=\"noreferrer noopener\">\n\t\t\t\u10d2\u10d0\u10d3\u10db\u10dd\u10ec\u10d4\u10e0\u10d4 \u10d0\u10de\u10d8\t\t<\/a>\n\t<\/div>\n\t<div class=\"badges__popup\" data-popup-id=\"tg-1685762062\">\n\t\t<div class=\"badges__popup-wrapper\">\n\t\t\t<button class=\"badges__popup-button\"><\/button>\n\t\t\t<p class=\"badges__popup-title wp-heading is-style-h4-higher-header-style\">\n\t\t\t\t<mark style=\"background-color:rgba(0, 0, 0, 0)\" class=\"has-inline-color has-blue-500-color\">\n\t\t\t\t\tScan\t\t\t\t<\/mark>\n\t\t\t\t to download the TransferGo app\t\t\t<\/p>\n\t\t\t<img decoding=\"async\" class=\"badges__popup-image\" src=\"https:\/\/www.transfergo.com\/wp-content\/plugins\/transfergo-blocks\/assets\/img\/QR_code.webp\"\n\t\t\t\talt=\"http:\/\/QR%20code\"\/>\n\t\t<\/div>\n\t<\/div>\n<\/div>\n<\/div>\n\n\n\n<figure class=\"wp-block-image size-full make-faster-transfers__image make-faster-transfers__image--with-border\"><img loading=\"lazy\" decoding=\"async\" width=\"277\" height=\"600\" src=\"https:\/\/www.transfergo.com\/wp-content\/uploads\/2024\/12\/en-gb.png\" alt=\"\" class=\"wp-image-99202\" srcset=\"https:\/\/www.transfergo.com\/wp-content\/uploads\/2024\/12\/en-gb.png 277w, https:\/\/www.transfergo.com\/wp-content\/uploads\/2024\/12\/en-gb.png?resize=139,300 139w\" sizes=\"auto, (max-width: 277px) 100vw, 277px\" \/><\/figure>\n<\/div><\/section>\n\n\n\n<div style=\"height:8rem\" aria-hidden=\"true\" class=\"wp-block-spacer\"><\/div>\n","protected":false},"excerpt":{"rendered":"","protected":false},"author":106,"featured_media":0,"parent":0,"menu_order":0,"comment_status":"closed","ping_status":"closed","template":"","meta":{"hideMenuColor":false,"footnotes":""},"class_list":["post-1299929","page","type-page","status-publish","hentry"],"parsely":{"version":"1.1.0","canonical_url":"https:\/\/transfergo.com\/ka\/moitsvie-megobrebi","smart_links":{"inbound":0,"outbound":0},"traffic_boost_suggestions_count":0,"meta":{"@context":"https:\/\/schema.org","@type":"WebPage","headline":"Refer a friend &#8211; KA","url":"http:\/\/www.transfergo.com\/ka\/moitsvie-megobrebi","mainEntityOfPage":{"@type":"WebPage","@id":"http:\/\/www.transfergo.com\/ka\/moitsvie-megobrebi"},"thumbnailUrl":"","image":{"@type":"ImageObject","url":""},"articleSection":"Uncategorized @ka","author":[{"@type":"Person","name":"Bo\u017eena Voitkevi\u010d"}],"creator":["Bo\u017eena Voitkevi\u010d"],"publisher":{"@type":"Organization","name":"TransferGo","logo":""},"keywords":[],"dateCreated":"2026-03-11T14:29:08Z","datePublished":"2026-03-11T14:29:08Z","dateModified":"2026-04-17T14:34:45Z"},"rendered":"<script type=\"application\/ld+json\" class=\"wp-parsely-metadata\">{\"@context\":\"https:\\\/\\\/schema.org\",\"@type\":\"WebPage\",\"headline\":\"Refer a friend &#8211; KA\",\"url\":\"http:\\\/\\\/www.transfergo.com\\\/ka\\\/moitsvie-megobrebi\",\"mainEntityOfPage\":{\"@type\":\"WebPage\",\"@id\":\"http:\\\/\\\/www.transfergo.com\\\/ka\\\/moitsvie-megobrebi\"},\"thumbnailUrl\":\"\",\"image\":{\"@type\":\"ImageObject\",\"url\":\"\"},\"articleSection\":\"Uncategorized @ka\",\"author\":[{\"@type\":\"Person\",\"name\":\"Bo\\u017eena Voitkevi\\u010d\"}],\"creator\":[\"Bo\\u017eena Voitkevi\\u010d\"],\"publisher\":{\"@type\":\"Organization\",\"name\":\"TransferGo\",\"logo\":\"\"},\"keywords\":[],\"dateCreated\":\"2026-03-11T14:29:08Z\",\"datePublished\":\"2026-03-11T14:29:08Z\",\"dateModified\":\"2026-04-17T14:34:45Z\"}<\/script>","tracker_url":"https:\/\/cdn.parsely.com\/keys\/transfergo.com\/p.js"},"jetpack_sharing_enabled":true,"hideMenuColor":false,"_links":{"self":[{"href":"https:\/\/www.transfergo.com\/ka\/wp-json\/wp\/v2\/pages\/1299929","targetHints":{"allow":["GET"]}}],"collection":[{"href":"https:\/\/www.transfergo.com\/ka\/wp-json\/wp\/v2\/pages"}],"about":[{"href":"https:\/\/www.transfergo.com\/ka\/wp-json\/wp\/v2\/types\/page"}],"author":[{"embeddable":true,"href":"https:\/\/www.transfergo.com\/ka\/wp-json\/wp\/v2\/users\/106"}],"replies":[{"embeddable":true,"href":"https:\/\/www.transfergo.com\/ka\/wp-json\/wp\/v2\/comments?post=1299929"}],"version-history":[{"count":9,"href":"https:\/\/www.transfergo.com\/ka\/wp-json\/wp\/v2\/pages\/1299929\/revisions"}],"predecessor-version":[{"id":1300404,"href":"https:\/\/www.transfergo.com\/ka\/wp-json\/wp\/v2\/pages\/1299929\/revisions\/1300404"}],"wp:attachment":[{"href":"https:\/\/www.transfergo.com\/ka\/wp-json\/wp\/v2\/media?parent=1299929"}],"curies":[{"name":"wp","href":"https:\/\/api.w.org\/{rel}","templated":true}]}}