{"id":1299939,"date":"2026-03-11T14:29:08","date_gmt":"2026-03-11T14:29:08","guid":{"rendered":"https:\/\/www.transfergo.com\/?page_id=1299939"},"modified":"2026-04-17T14:33:30","modified_gmt":"2026-04-17T14:33:30","slug":"dostordu-chakyrynyz","status":"publish","type":"page","link":"https:\/\/www.transfergo.com\/ky\/dostordu-chakyrynyz","title":{"rendered":"Refer a friend &#8211; KY"},"content":{"rendered":"\n<section class=\"wp-block-tg-hero-raf-welcome hero-raf container-fluid alignfull\" align=\"full\"><div class=\"container\">\n<div class=\"wp-block-group hero-raf__background-container is-layout-flow wp-block-group-is-layout-flow\">\n<div class=\"wp-block-cover is-light hero-raf__background-image\"><img decoding=\"async\" class=\"wp-block-cover__image-background size-full\" alt=\"\" src=\"https:\/\/www.transfergo.com\/wp-content\/plugins\/transfergo-blocks\/assets\/img\/hero-raf\/hero-background-desktop.webp\" data-object-fit=\"cover\"\/><span aria-hidden=\"true\" class=\"wp-block-cover__background has-background-dim-0 has-background-dim\"><\/span><div class=\"wp-block-cover__inner-container is-layout-constrained wp-block-cover-is-layout-constrained\">\n<figure class=\"wp-block-image size-large hero-raf__background-image--mobile\"><img loading=\"lazy\" decoding=\"async\" height=\"1024\" width=\"452\" src=\"https:\/\/www.transfergo.com\/wp-content\/uploads\/2026\/03\/raf-hero-mobile.webp?resize=452,1024\" alt=\"\" class=\"wp-image-987306\" srcset=\"https:\/\/www.transfergo.com\/wp-content\/uploads\/2026\/03\/raf-hero-mobile.webp 720w, https:\/\/www.transfergo.com\/wp-content\/uploads\/2026\/03\/raf-hero-mobile.webp?resize=132,300 132w, https:\/\/www.transfergo.com\/wp-content\/uploads\/2026\/03\/raf-hero-mobile.webp?resize=452,1024 452w, https:\/\/www.transfergo.com\/wp-content\/uploads\/2026\/03\/raf-hero-mobile.webp?resize=678,1536 678w\" sizes=\"auto, (max-width: 452px) 100vw, 452px\" \/><\/figure>\n\n\n\n<div class=\"wp-block-group hero-raf__bubbles is-layout-flow wp-block-group-is-layout-flow\">\n<div class=\"wp-block-group hero-raf__bubbles__inner is-layout-flow wp-block-group-is-layout-flow\">\n<div class=\"wp-block-group hero-raf__bubbles--top is-layout-flow wp-block-group-is-layout-flow\">\n<p class=\"hero-raf__bubble has-bw-100-background-color has-background has-large-font-size\"><strong>\u0416\u04e9\u043d\u04e9\u0442\u04af\u043b\u0433\u04e9\u043d \u0430\u043a\u0447\u0430<\/strong> \u20ac50<\/p>\n\n\n\n<p class=\"hero-raf__bubble has-bw-100-color has-blue-500-background-color has-text-color has-background has-link-color has-large-font-size wp-elements-d607cec8bc3a1bee491caa1a71518d33\"><strong>\u0422\u0430\u043f\u043a\u0430\u043d \u0441\u0443\u043c\u043c\u0430\u04a3\u044b\u0437<\/strong> \u20ac10<\/p>\n<\/div>\n\n\n\n<div class=\"wp-block-group hero-raf__bubbles--bottom is-layout-flow wp-block-group-is-layout-flow\">\n<div class=\"wp-block-group hero-raf__bubble--with-avatar is-layout-flow wp-block-group-is-layout-flow\">\n<figure class=\"wp-block-image size-thumbnail is-resized hero-raf__bubble-avatar\"><img decoding=\"async\" src=\"https:\/\/www.transfergo.com\/wp-content\/plugins\/transfergo-blocks\/assets\/img\/hero-raf\/hero-raf-avatar.webp\" alt=\"\"\/><\/figure>\n\n\n\n<p class=\"hero-raf__bubble has-blue-50-background-color has-background has-large-font-size\"><strong>\u0427\u0430\u043a\u044b\u0440\u0443\u0443 \u0436\u04e9\u043d\u04e9\u0442\u04af\u043b\u0434\u04af<\/strong><\/p>\n<\/div>\n<\/div>\n<\/div>\n<\/div>\n\n\n\n<div class=\"wp-block-group hero-raf__text-wrapper is-layout-flow wp-block-group-is-layout-flow\">\n<div class=\"wp-block-group hero-raf__subheading-wrapper is-layout-flow wp-block-group-is-layout-flow\">\n<p class=\"has-text-align-left hero-raf__subheading has-blue-900-color has-text-color\">TransferGo x<\/p>\n\n\n\n<p class=\"hero-raf__subheading-parameter wp-block-tg-hero-raf-parameter\">\n\t<mark class=\"has-inline-color has-blue-500-color\">\n\t\t\u0421\u0418\u0417\u0414\u0418\u041d \u0414\u041e\u0421\u0423\u04a2\u0423\u0417\t<\/mark>\n<\/p>\n<\/div>\n\n\n\n<h1 class=\"wp-block-heading has-text-align-left hero-raf__heading is-style-h2-higher-header-style has-blue-900-color has-text-color\">\u0410\u0437\u044b\u0440 \u0430\u043a\u0447\u0430 \u0436\u04e9\u043d\u04e9\u0442\u04af\u04a3\u04af\u0437 <mark style=\"background-color:rgba(0, 0, 0, 0)\" class=\"has-inline-color has-blue-500-color\">\u0436\u0430\u043d\u0430 \u0434\u0430\u0440\u043e\u043e \u20ac10 \u0430\u043b\u044b\u04a3\u044b\u0437.<\/mark><\/h1>\n\n\n\n<div class=\"wp-block-buttons hero-raf__buttons-wrapper is-content-justification-left is-layout-flex wp-container-core-buttons-is-layout-fc4fd283 wp-block-buttons-is-layout-flex\">\n<div class=\"wp-block-button hero-raf__button is-style-button-with-arrow\"><a class=\"wp-block-button__link wp-element-button\" href=\"https:\/\/app.transfergo.com\/ky\/register\" target=\"_blank\" rel=\"noopener\">\u20ac10 \u0431\u043e\u043d\u0443\u0441\u0442\u0443 \u0430\u0437\u044b\u0440 \u0430\u043b\u044b\u04a3\u044b\u0437<\/a><\/div>\n<\/div>\n<\/div>\n<\/div><\/div>\n<\/div>\n<\/div><\/section>\n\n\n\n<section class=\"wp-block-tg-benefits benefits container-fluid alignfull\" align=\"full\"><div class=\"container\">\n<h2 class=\"wp-block-heading has-text-align-center benefits__title has-blue-900-color has-text-color\">9 \u043c\u0438\u043b\u043b\u0438\u043e\u043d\u0434\u043e\u043d \u0430\u0448\u044b\u043a \u043a\u0430\u0440\u0434\u0430\u0440 \u044d\u043c\u043d\u0435\u0433\u0435 TransferGo&#8217;\u0433\u043e \u0438\u0448\u0435\u043d\u0435\u0440\u0438\u043d \u043a\u04e9\u0440\u04af\u04a3\u04af\u0437\u2026<\/h2>\n\n\n\n<div class=\"wp-block-columns benefits__columns is-layout-flex wp-container-core-columns-is-layout-28f84493 wp-block-columns-is-layout-flex\">\n<div class=\"wp-block-column benefits__column is-layout-flow wp-block-column-is-layout-flow\">\n<figure class=\"wp-block-image aligncenter benefits__column-image\"><img decoding=\"async\" src=\"https:\/\/www.transfergo.com\/wp-content\/plugins\/transfergo-blocks\/assets\/img\/benefits\/high-speed.svg\" alt=\"High speed icon\"\/><\/figure>\n\n\n\n<h6 class=\"wp-block-heading has-text-align-center t2 benefits__column-title has-blue-500-color has-text-color\"><strong>\u0416\u043e\u0433\u043e\u0440\u043a\u0443 \u044b\u043b\u0434\u0430\u043c\u0434\u044b\u043a<\/strong><\/h6>\n\n\n\n<p class=\"has-text-align-center benefits__column-subtitle has-blue-900-color has-text-color has-medium-font-size\">\u041a\u04e9\u043f\u0447\u04af\u043b\u04af\u043a \u0430\u043a\u0447\u0430 \u043a\u043e\u0442\u043e\u0440\u0443\u0443\u043b\u0430\u0440 2\u20133 \u043c\u04af\u043d\u04e9\u0442\u0442\u04af \u0433\u0430\u043d\u0430 \u0430\u043b\u0430\u0442! \u0410\u043a\u0447\u0430\u043d\u044b \u0434\u0435\u043c \u0430\u043b\u044b\u0448 \u043a\u04af\u043d\u0434\u04e9\u0440\u04af \u0434\u0430 \u0436\u04e9\u043d\u04e9\u0442\u04e9 \u0430\u043b\u0430\u0441\u044b\u0437.<\/p>\n<\/div>\n\n\n\n<div class=\"wp-block-column benefits__column is-layout-flow wp-block-column-is-layout-flow\">\n<figure class=\"wp-block-image aligncenter benefits__column-image\"><img decoding=\"async\" src=\"https:\/\/www.transfergo.com\/wp-content\/plugins\/transfergo-blocks\/assets\/img\/benefits\/low-fees.svg\" alt=\"Low fees icon\"\/><\/figure>\n\n\n\n<h6 class=\"wp-block-heading has-text-align-center t2 benefits__column-title has-blue-500-color has-text-color\"><strong>\u041a\u043e\u043c\u0438\u0441\u0441\u0438\u044f \u0436\u043e\u043a<\/strong><\/h6>\n\n\n\n<p class=\"has-text-align-center benefits__column-subtitle has-blue-900-color has-text-color has-medium-font-size\">\u0416\u0430\u043a\u0448\u044b \u0430\u043b\u043c\u0430\u0448\u0443\u0443 \u043a\u0443\u0440\u0441\u0442\u0430\u0440\u044b \u0436\u0430\u043d\u0430 \u0436\u0435\u0440\u0433\u0438\u043b\u0438\u043a\u0442\u04af\u04af \u0442\u0430\u0440\u0438\u0444\u0442\u0435\u0440 \u0431\u043e\u044e\u043d\u0447\u0430 \u0430\u043a\u044b\u0441\u044b\u0437 \u043a\u043e\u0442\u043e\u0440\u0443\u0443\u043b\u0430\u0440!<\/p>\n<\/div>\n\n\n\n<div class=\"wp-block-column benefits__column is-layout-flow wp-block-column-is-layout-flow\">\n<figure class=\"wp-block-image aligncenter benefits__column-image\"><img decoding=\"async\" src=\"https:\/\/www.transfergo.com\/wp-content\/plugins\/transfergo-blocks\/assets\/img\/benefits\/no-hassle.svg\" alt=\"No hassle icon\"\/><\/figure>\n\n\n\n<h6 class=\"wp-block-heading has-text-align-center t2 benefits__column-title has-blue-500-color has-text-color\"><strong>\u041e\u04a3\u043e\u0439 \u0436\u0430\u043d\u0430 \u0442\u04af\u0439\u0448\u04af\u043a\u0441\u04af\u0437<\/strong><\/h6>\n\n\n\n<p class=\"has-text-align-center benefits__column-subtitle has-blue-900-color has-text-color has-medium-font-size\">\u041a\u043e\u043b\u0434\u043e\u043d\u043c\u043e\u043d\u0443 \u0430\u043a\u044b\u0441\u044b\u0437 \u0436\u04af\u043a\u0442\u04e9\u043f \u0430\u043b\u044b\u043f, \u0430\u043d\u044b \u043e\u04a3\u043e\u0439 \u043f\u0430\u0439\u0434\u0430\u043b\u0430\u043d\u0430 \u0430\u043b\u0430\u0441\u044b\u0437.<\/p>\n<\/div>\n\n\n\n<div class=\"wp-block-column benefits__column is-layout-flow wp-block-column-is-layout-flow\">\n<figure class=\"wp-block-image aligncenter benefits__column-image\"><img decoding=\"async\" src=\"https:\/\/www.transfergo.com\/wp-content\/plugins\/transfergo-blocks\/assets\/img\/benefits\/global.svg\" alt=\"Global icon\"\/><\/figure>\n\n\n\n<h6 class=\"wp-block-heading has-text-align-center t2 benefits__column-title has-blue-500-color has-text-color\"><strong>\u0414\u04af\u0439\u043d\u04e9 \u0436\u04af\u0437\u04af \u0431\u043e\u044e\u043d\u0447\u0430<\/strong><\/h6>\n\n\n\n<p class=\"has-text-align-center benefits__column-subtitle has-blue-900-color has-text-color has-medium-font-size\">\u0410\u043a\u0447\u0430\u043d\u044b \u0434\u04af\u0439\u043d\u04e9\u043d\u04af\u043d 160\u0442\u0430\u043d \u0430\u0448\u0443\u0443\u043d \u04e9\u043b\u043a\u04e9\u0441\u04af\u043d\u0434\u04e9\u0433\u04af \u0431\u0430\u043d\u043a \u044d\u0441\u0435\u043f\u0442\u0435\u0440\u0438\u043d\u0435, \u043a\u0430\u0440\u0442\u0430\u043b\u0430\u0440\u0433\u0430 \u0436\u0430\u043d\u0430 \u043d\u0430\u043a\u0442\u0430\u043b\u0430\u0439 \u0430\u043a\u0447\u0430 \u0431\u0435\u0440\u04af\u04af \u043f\u0443\u043d\u043a\u0442\u0442\u0430\u0440\u044b\u043d\u0430 \u0436\u04e9\u043d\u04e9\u0442\u04af\u04a3\u04af\u0437.<\/p>\n<\/div>\n\n\n\n<div class=\"wp-block-column benefits__column is-layout-flow wp-block-column-is-layout-flow\">\n<figure class=\"wp-block-image aligncenter benefits__column-image\"><img decoding=\"async\" src=\"https:\/\/www.transfergo.com\/wp-content\/plugins\/transfergo-blocks\/assets\/img\/benefits\/multilingual.svg\" alt=\"Multi-lingual icon\"\/><\/figure>\n\n\n\n<h6 class=\"wp-block-heading has-text-align-center t2 benefits__column-title has-blue-500-color has-text-color\"><strong>\u041a\u04e9\u043f \u0442\u0438\u043b\u0434\u04af\u04af \u043a\u043e\u043b\u0434\u043e\u043e<\/strong><\/h6>\n\n\n\n<p class=\"has-text-align-center benefits__column-subtitle has-blue-900-color has-text-color has-medium-font-size\">\u0411\u0438\u0437\u0434\u0438\u043d \u044b\u043a\u0447\u0430\u043c \u0436\u0430\u043d\u0430 \u0434\u043e\u0441\u0442\u0443\u043a \u041a\u0430\u0440\u0434\u0430\u0440\u043b\u0430\u0440\u0434\u044b \u043a\u043e\u043b\u0434\u043e\u043e \u043a\u044b\u0437\u043c\u0430\u0442\u044b 9 \u0442\u0438\u043b\u0434\u0435 \u0441\u04af\u0439\u043b\u04e9\u0439\u0442 \u0436\u0430\u043d\u0430 \u0441\u0438\u0437\u0433\u0435 \u0436\u0430\u0440\u0434\u0430\u043c \u0431\u0435\u0440\u04af\u04af\u0433\u04e9 \u0434\u0430\u0439\u044b\u043c \u0434\u0430\u044f\u0440.<\/p>\n<\/div>\n\n\n\n<div class=\"wp-block-column benefits__column is-layout-flow wp-block-column-is-layout-flow\">\n<figure class=\"wp-block-image aligncenter benefits__column-image\"><img decoding=\"async\" src=\"https:\/\/www.transfergo.com\/wp-content\/plugins\/transfergo-blocks\/assets\/img\/benefits\/security.svg\" alt=\"Security icon\"\/><\/figure>\n\n\n\n<h6 class=\"wp-block-heading has-text-align-center t2 benefits__column-title has-blue-500-color has-text-color\"><strong>\u041a\u043e\u043e\u043f\u0441\u0443\u0437 \u0436\u0430\u043d\u0430 FCA \u0442\u0430\u0440\u0430\u0431\u044b\u043d\u0430\u043d \u0443\u0440\u0443\u043a\u0441\u0430\u0442 \u0431\u0435\u0440\u0438\u043b\u0433\u0435\u043d<\/strong><\/h6>\n\n\n\n<p class=\"has-text-align-center benefits__column-subtitle has-blue-900-color has-text-color has-medium-font-size\">\u0411\u0438\u0437 \u0423\u043b\u0443\u0443 \u0411\u0440\u0438\u0442\u0430\u043d\u0438\u044f\u043d\u044b\u043d \u0436\u0430\u043d\u0430 \u0415\u0432\u0440\u043e\u043f\u0430 \u0411\u0438\u0440\u0438\u043c\u0434\u0438\u0433\u0438\u043d\u0438\u043d \u043c\u044b\u0439\u0437\u0430\u043c\u0434\u0430\u0440\u044b\u043d\u0430 \u044b\u043b\u0430\u0439\u044b\u043a \u0436\u04e9\u043d\u0433\u04e9 \u0441\u0430\u043b\u044b\u043d\u0433\u0430\u043d\u0431\u044b\u0437. \u0410\u043a\u0447\u0430\u04a3\u044b\u0437\u0434\u044b\u043d \u043a\u043e\u043e\u043f\u0441\u0443\u0437\u0434\u0443\u0433\u0443\u043d \u043a\u0430\u043c\u0441\u044b\u0437 \u043a\u044b\u043b\u0443\u0443 \u04af\u0447\u04af\u043d \u044d\u04a3 \u0436\u043e\u0433\u043e\u0440\u043a\u0443 \u0434\u0435\u04a3\u0433\u044d\u044d\u043b\u0434\u0435\u0433\u0438 \u043a\u043e\u0440\u0433\u043e\u043e \u0436\u0430\u043d\u0430 \u0448\u0438\u0444\u0440\u043b\u04e9\u04e9 \u0442\u0435\u0445\u043d\u043e\u043b\u043e\u0433\u0438\u044f\u043b\u0430\u0440\u044b\u043d \u043a\u043e\u043b\u0434\u043e\u043d\u043e\u0431\u0443\u0437.<\/p>\n<\/div>\n<\/div>\n<\/div><\/section>\n\n\n\n<section class=\"wp-block-tg-make-faster-transfers make-faster-transfers container-fluid\" data-subtitle=\"TransferGo \u043a\u043e\u043b\u0434\u043e\u043d\u043c\u043e\u0441\u0443\u043d \u0436\u04af\u043a\u0442\u04e9\u043f \u0430\u043b\u0443\u0443 \u04af\u0447\u04af\u043d \u0441\u043a\u0430\u043d\u0435\u0440\u0434\u0435\u04a3\u0438\u0437\"><div class=\"container\">\n<h3 class=\"wp-block-heading has-text-align-left make-faster-transfers__title has-blue-900-color has-text-color\">\u0416\u043e\u043b\u0434\u043e \u0436\u04af\u0440\u04af\u043f \u044d\u043b\u0435 \u0430\u043a\u0447\u0430 \u043a\u043e\u0442\u043e\u0440\u0443\u04a3\u0443\u0437 \u2014 TransferGo \u043a\u043e\u043b\u0434\u043e\u043d\u043c\u043e\u0441\u0443\u043d \u0436\u04af\u043a\u0442\u04e9\u043f \u0430\u043b\u044b\u04a3\u044b\u0437!<\/h3>\n\n\n\n<div class=\"wp-block-group badges is-layout-flow wp-block-group-is-layout-flow\">\n<div class=\"badges__container\">\n\t<div class=\"wp-block-button badges__button  is-style-button-with-arrow\" data-button-id=\"tg-1720604785\">\n\t\t<a class=\"wp-block-button__link wp-element-button\" href=\"https:\/\/transfergo.onelink.me\/3553566860\/auava1pk\" target=\"_blank\" rel=\"noreferrer noopener\">\n\t\t\t\u0422\u0438\u0440\u043a\u0435\u043c\u0435\u043d\u0438 \u0436\u04af\u043a\u0442\u04e9\u043f \u0430\u043b\u044b\u04a3\u044b\u0437\t\t<\/a>\n\t<\/div>\n\t<div class=\"badges__popup\" data-popup-id=\"tg-1720604785\">\n\t\t<div class=\"badges__popup-wrapper\">\n\t\t\t<button class=\"badges__popup-button\"><\/button>\n\t\t\t<p class=\"badges__popup-title wp-heading is-style-h4-higher-header-style\">\n\t\t\t\t<mark style=\"background-color:rgba(0, 0, 0, 0)\" class=\"has-inline-color has-blue-500-color\">\n\t\t\t\t\tScan\t\t\t\t<\/mark>\n\t\t\t\t to download the TransferGo app\t\t\t<\/p>\n\t\t\t<img decoding=\"async\" class=\"badges__popup-image\" src=\"https:\/\/www.transfergo.com\/wp-content\/plugins\/transfergo-blocks\/assets\/img\/QR_code.webp\"\n\t\t\t\talt=\"http:\/\/QR%20code\"\/>\n\t\t<\/div>\n\t<\/div>\n<\/div>\n<\/div>\n\n\n\n<figure class=\"wp-block-image size-full make-faster-transfers__image make-faster-transfers__image--with-border\"><img loading=\"lazy\" decoding=\"async\" width=\"277\" height=\"600\" src=\"https:\/\/www.transfergo.com\/wp-content\/uploads\/2024\/12\/en-gb.png\" alt=\"\" class=\"wp-image-99202\" srcset=\"https:\/\/www.transfergo.com\/wp-content\/uploads\/2024\/12\/en-gb.png 277w, https:\/\/www.transfergo.com\/wp-content\/uploads\/2024\/12\/en-gb.png?resize=139,300 139w\" sizes=\"auto, (max-width: 277px) 100vw, 277px\" \/><\/figure>\n<\/div><\/section>\n\n\n\n<div style=\"height:8rem\" aria-hidden=\"true\" class=\"wp-block-spacer\"><\/div>\n","protected":false},"excerpt":{"rendered":"","protected":false},"author":106,"featured_media":0,"parent":0,"menu_order":0,"comment_status":"closed","ping_status":"closed","template":"","meta":{"hideMenuColor":false,"footnotes":""},"class_list":["post-1299939","page","type-page","status-publish","hentry"],"parsely":{"version":"1.1.0","canonical_url":"https:\/\/transfergo.com\/ky\/dostordu-chakyrynyz","smart_links":{"inbound":0,"outbound":0},"traffic_boost_suggestions_count":0,"meta":{"@context":"https:\/\/schema.org","@type":"WebPage","headline":"Refer a friend &#8211; KY","url":"http:\/\/www.transfergo.com\/ky\/dostordu-chakyrynyz","mainEntityOfPage":{"@type":"WebPage","@id":"http:\/\/www.transfergo.com\/ky\/dostordu-chakyrynyz"},"thumbnailUrl":"","image":{"@type":"ImageObject","url":""},"articleSection":"Uncategorized @ky","author":[{"@type":"Person","name":"Bo\u017eena Voitkevi\u010d"}],"creator":["Bo\u017eena Voitkevi\u010d"],"publisher":{"@type":"Organization","name":"TransferGo","logo":""},"keywords":[],"dateCreated":"2026-03-11T14:29:08Z","datePublished":"2026-03-11T14:29:08Z","dateModified":"2026-04-17T14:33:30Z"},"rendered":"<script type=\"application\/ld+json\" class=\"wp-parsely-metadata\">{\"@context\":\"https:\\\/\\\/schema.org\",\"@type\":\"WebPage\",\"headline\":\"Refer a friend &#8211; KY\",\"url\":\"http:\\\/\\\/www.transfergo.com\\\/ky\\\/dostordu-chakyrynyz\",\"mainEntityOfPage\":{\"@type\":\"WebPage\",\"@id\":\"http:\\\/\\\/www.transfergo.com\\\/ky\\\/dostordu-chakyrynyz\"},\"thumbnailUrl\":\"\",\"image\":{\"@type\":\"ImageObject\",\"url\":\"\"},\"articleSection\":\"Uncategorized @ky\",\"author\":[{\"@type\":\"Person\",\"name\":\"Bo\\u017eena Voitkevi\\u010d\"}],\"creator\":[\"Bo\\u017eena Voitkevi\\u010d\"],\"publisher\":{\"@type\":\"Organization\",\"name\":\"TransferGo\",\"logo\":\"\"},\"keywords\":[],\"dateCreated\":\"2026-03-11T14:29:08Z\",\"datePublished\":\"2026-03-11T14:29:08Z\",\"dateModified\":\"2026-04-17T14:33:30Z\"}<\/script>","tracker_url":"https:\/\/cdn.parsely.com\/keys\/transfergo.com\/p.js"},"jetpack_sharing_enabled":true,"hideMenuColor":false,"_links":{"self":[{"href":"https:\/\/www.transfergo.com\/ky\/wp-json\/wp\/v2\/pages\/1299939","targetHints":{"allow":["GET"]}}],"collection":[{"href":"https:\/\/www.transfergo.com\/ky\/wp-json\/wp\/v2\/pages"}],"about":[{"href":"https:\/\/www.transfergo.com\/ky\/wp-json\/wp\/v2\/types\/page"}],"author":[{"embeddable":true,"href":"https:\/\/www.transfergo.com\/ky\/wp-json\/wp\/v2\/users\/106"}],"replies":[{"embeddable":true,"href":"https:\/\/www.transfergo.com\/ky\/wp-json\/wp\/v2\/comments?post=1299939"}],"version-history":[{"count":6,"href":"https:\/\/www.transfergo.com\/ky\/wp-json\/wp\/v2\/pages\/1299939\/revisions"}],"predecessor-version":[{"id":1300402,"href":"https:\/\/www.transfergo.com\/ky\/wp-json\/wp\/v2\/pages\/1299939\/revisions\/1300402"}],"wp:attachment":[{"href":"https:\/\/www.transfergo.com\/ky\/wp-json\/wp\/v2\/media?parent=1299939"}],"curies":[{"name":"wp","href":"https:\/\/api.w.org\/{rel}","templated":true}]}}