{"id":1287,"date":"2022-08-29T11:52:22","date_gmt":"2022-08-29T11:52:22","guid":{"rendered":"https:\/\/transfergo.wpengine.com\/confirmation-one-day"},"modified":"2024-12-16T14:01:25","modified_gmt":"2024-12-16T14:01:25","slug":"patvirtinimas-viena-diena","status":"publish","type":"page","link":"https:\/\/www.transfergo.com\/lt\/patvirtinimas-viena-diena","title":{"rendered":"Patvirtinimas viena diena"},"content":{"rendered":"\n<section class=\"wp-block-tg-hero-confirmation hero-confirmation container-fluid alignfull\" align=\"full\"><div class=\"container\">\n<h2 class=\"wp-block-heading has-text-align-center hero-confirmation__subtitle--top has-blue-900-color has-text-color\">PUIKU!<\/h2>\n\n\n\n<h1 class=\"wp-block-heading has-text-align-center hero-confirmation__title has-blue-900-color has-text-color\"><mark style=\"background-color:rgba(0, 0, 0, 0)\" class=\"has-inline-color has-blue-500-color\">A\u010di\u016b<\/mark>, kad prane\u0161\u0117te apie atlikt\u0105 mok\u0117jim\u0105.<\/h1>\n\n\n\n<h5 class=\"wp-block-heading has-text-align-center hero-confirmation__subtitle--bottom has-blue-900-color has-text-color\">J\u016bs\u0173 \u012fmoka m\u016bs\u0173 s\u0105skait\u0105 tur\u0117t\u0173 pasiekti per 1 darbo dien\u0105.<\/h5>\n<\/div><\/section>\n\n\n\n<h2 class=\"wp-block-heading has-text-align-center\">Kas <mark style=\"background-color:rgba(0, 0, 0, 0)\" class=\"has-inline-color has-blue-500-color\">toliau<\/mark>?<\/h2>\n\n\n\n<div class=\"wp-block-buttons is-vertical is-content-justification-center is-layout-flex wp-container-core-buttons-is-layout-734eb2c2 wp-block-buttons-is-layout-flex\">\n<div class=\"wp-block-button is-style-button-blue-with-arrow-no-background\"><a class=\"wp-block-button__link wp-element-button\" href=\"https:\/\/transfergo.zendesk.com\/auth\/v2\/login\/signin?return_to=https%3A%2F%2Fsupport.transfergo.com%2Fhc%2Flt%2Farticles%2F206799593-Kada-gav%25C4%2597jas-gaus-mano-pervedim%25C4%2585-&amp;theme=hc&amp;locale=lt&amp;brand_id=2233236&amp;auth_origin=2233236%2Ctrue%2Ctrue\" target=\"_blank\" rel=\"noopener\">Kada gav\u0117jas gaus mano pervedim\u0105?<\/a><\/div>\n\n\n\n<div class=\"wp-block-button is-style-button-blue-with-arrow-no-background\"><a class=\"wp-block-button__link wp-element-button\" href=\"https:\/\/support.transfergo.com\/hc\/lt\/articles\/206799523-Tikrinti-pervedimo-b%C5%ABsen%C4%85?_gl=1%2A12e5ejd%2A_gcl_au%2ANjkyMjk5MDY0LjE3MzE5MzQ4NDM.%2A_ga%2AMjEzODEwNjQ3NS4xNzI0MTU4MDg2%2A_ga_N5YECT9QN2%2AMTczNDM0ODE1OS4xLjEuMTczNDM1NzI2Mi41Ny4wLjA.\" target=\"_blank\" rel=\"noopener\">Tikrinti pervedimo b\u016bsen\u0105<\/a><\/div>\n\n\n\n<div class=\"wp-block-button is-style-button-blue-with-arrow-no-background\"><a class=\"wp-block-button__link wp-element-button\" href=\"https:\/\/support.transfergo.com\/hc\/lt?_gl=1*12e5ejd*_gcl_au*NjkyMjk5MDY0LjE3MzE5MzQ4NDM.*_ga*MjEzODEwNjQ3NS4xNzI0MTU4MDg2*_ga_N5YECT9QN2*MTczNDM0ODE1OS4xLjEuMTczNDM1NzI2Mi41Ny4wLjA.\" target=\"_blank\" rel=\"noopener\">Turite klausim\u0173? Skaitykite m\u016bs\u0173 Pagalbos skilt\u012f<\/a><\/div>\n<\/div>\n","protected":false},"excerpt":{"rendered":"<p>Kas toliau?<\/p>\n","protected":false},"author":1,"featured_media":0,"parent":0,"menu_order":0,"comment_status":"closed","ping_status":"closed","template":"page-with-short-footer","meta":{"hideMenuColor":false,"footnotes":""},"class_list":["post-1287","page","type-page","status-publish","hentry"],"parsely":{"version":"1.1.0","canonical_url":"https:\/\/transfergo.com\/lt\/patvirtinimas-viena-diena","smart_links":{"inbound":0,"outbound":0},"traffic_boost_suggestions_count":0,"meta":{"@context":"https:\/\/schema.org","@type":"WebPage","headline":"Patvirtinimas viena diena","url":"http:\/\/www.transfergo.com\/lt\/patvirtinimas-viena-diena","mainEntityOfPage":{"@type":"WebPage","@id":"http:\/\/www.transfergo.com\/lt\/patvirtinimas-viena-diena"},"thumbnailUrl":"","image":{"@type":"ImageObject","url":""},"articleSection":"Asmeniniai finansai","author":[{"@type":"Person","name":"TransferGo Team"}],"creator":["TransferGo Team"],"publisher":{"@type":"Organization","name":"TransferGo","logo":""},"keywords":[],"dateCreated":"2022-08-29T11:52:22Z","datePublished":"2022-08-29T11:52:22Z","dateModified":"2024-12-16T14:01:25Z"},"rendered":"<script type=\"application\/ld+json\" class=\"wp-parsely-metadata\">{\"@context\":\"https:\\\/\\\/schema.org\",\"@type\":\"WebPage\",\"headline\":\"Patvirtinimas viena diena\",\"url\":\"http:\\\/\\\/www.transfergo.com\\\/lt\\\/patvirtinimas-viena-diena\",\"mainEntityOfPage\":{\"@type\":\"WebPage\",\"@id\":\"http:\\\/\\\/www.transfergo.com\\\/lt\\\/patvirtinimas-viena-diena\"},\"thumbnailUrl\":\"\",\"image\":{\"@type\":\"ImageObject\",\"url\":\"\"},\"articleSection\":\"Asmeniniai finansai\",\"author\":[{\"@type\":\"Person\",\"name\":\"TransferGo Team\"}],\"creator\":[\"TransferGo Team\"],\"publisher\":{\"@type\":\"Organization\",\"name\":\"TransferGo\",\"logo\":\"\"},\"keywords\":[],\"dateCreated\":\"2022-08-29T11:52:22Z\",\"datePublished\":\"2022-08-29T11:52:22Z\",\"dateModified\":\"2024-12-16T14:01:25Z\"}<\/script>","tracker_url":"https:\/\/cdn.parsely.com\/keys\/transfergo.com\/p.js"},"jetpack_sharing_enabled":true,"hideMenuColor":false,"_links":{"self":[{"href":"https:\/\/www.transfergo.com\/lt\/wp-json\/wp\/v2\/pages\/1287","targetHints":{"allow":["GET"]}}],"collection":[{"href":"https:\/\/www.transfergo.com\/lt\/wp-json\/wp\/v2\/pages"}],"about":[{"href":"https:\/\/www.transfergo.com\/lt\/wp-json\/wp\/v2\/types\/page"}],"author":[{"embeddable":true,"href":"https:\/\/www.transfergo.com\/lt\/wp-json\/wp\/v2\/users\/1"}],"replies":[{"embeddable":true,"href":"https:\/\/www.transfergo.com\/lt\/wp-json\/wp\/v2\/comments?post=1287"}],"version-history":[{"count":0,"href":"https:\/\/www.transfergo.com\/lt\/wp-json\/wp\/v2\/pages\/1287\/revisions"}],"wp:attachment":[{"href":"https:\/\/www.transfergo.com\/lt\/wp-json\/wp\/v2\/media?parent=1287"}],"curies":[{"name":"wp","href":"https:\/\/api.w.org\/{rel}","templated":true}]}}