{"id":1317,"date":"2022-08-29T07:37:28","date_gmt":"2022-08-29T07:37:28","guid":{"rendered":"https:\/\/transfergo.wpengine.com\/story"},"modified":"2026-04-30T12:56:33","modified_gmt":"2026-04-30T12:56:33","slug":"visa-istorija","status":"publish","type":"page","link":"https:\/\/www.transfergo.com\/lt\/visa-istorija","title":{"rendered":"VISA ISTORIJA"},"content":{"rendered":"\n<section class=\"wp-block-tg-media-and-text media-and-text container-fluid alignfull is-style-square-image\" align=\"full\"><div class=\"container\">\n<div class=\"wp-block-media-text has-media-on-the-right is-stacked-on-mobile is-vertically-aligned-center media-and-text__container\"><div class=\"wp-block-media-text__content\">\n<p class=\"has-text-align-left media-and-text__paragraph has-blue-900-color has-text-color has-large-font-size\"><strong>Visa istorija<\/strong><\/p>\n\n\n\n<h1 class=\"wp-block-heading has-text-align-left media-and-text__heading is-style-h2-higher-header-style has-blue-900-color has-text-color\">TRANSFERGO <mark style=\"background-color:rgba(0, 0, 0, 0)\" class=\"has-inline-color has-blue-500-color\">GIMIMAS<\/mark><\/h1>\n\n\n\n<p class=\"has-text-align-left media-and-text__paragraph has-blue-900-color has-text-color\">2012-ieji. Keturi \u017emon\u0117s, vienas verslas ir nuolatiniai pinig\u0173 pervedimai \u012f u\u017esien\u012f. Tai, kas tur\u0117jo b\u016bti paprasta, da\u017eniau virsdavo kantryb\u0117s i\u0161bandymu \u2013 l\u0117tas procesas, dideli mokes\u010diai ir klient\u0173 aptarnavimas, kurio prakti\u0161kai nebuvo. Tekdavo stov\u0117ti eil\u0117se kioskuose, kartais pinigai keliaudavo ne \u012f t\u0105 \u0161al\u012f, o jokios kompensacijos negaudavome.<br><br>Vien\u0105 dien\u0105 supratome \u2013 u\u017eteks. Tod\u0117l suk\u016br\u0117me ka\u017ek\u0105 geresnio. Taip atsirado TransferGo.<\/p>\n<\/div><figure class=\"wp-block-media-text__media\"><img loading=\"lazy\" decoding=\"async\" width=\"451\" height=\"453\" src=\"https:\/\/www.transfergo.com\/wp-content\/uploads\/2024\/06\/Story-2-2.png\" alt=\"\" class=\"wp-image-71104 size-full\" srcset=\"https:\/\/www.transfergo.com\/wp-content\/uploads\/2024\/06\/Story-2-2.png 451w, https:\/\/www.transfergo.com\/wp-content\/uploads\/2024\/06\/Story-2-2.png?resize=150,150 150w, https:\/\/www.transfergo.com\/wp-content\/uploads\/2024\/06\/Story-2-2.png?resize=300,300 300w\" sizes=\"auto, (max-width: 451px) 100vw, 451px\" \/><\/figure><\/div>\n<\/div><\/section>\n\n\n\n<section class=\"wp-block-tg-media-and-text media-and-text container-fluid alignfull is-style-square-image has-bw-200-background-color has-background\" align=\"full\"><div class=\"container\">\n<div class=\"wp-block-media-text is-stacked-on-mobile is-vertically-aligned-center media-and-text__container\"><figure class=\"wp-block-media-text__media\"><img loading=\"lazy\" decoding=\"async\" width=\"451\" height=\"451\" src=\"https:\/\/www.transfergo.com\/wp-content\/uploads\/2024\/06\/Story-3-2.png\" alt=\"\" class=\"wp-image-71115 size-full\" srcset=\"https:\/\/www.transfergo.com\/wp-content\/uploads\/2024\/06\/Story-3-2.png 451w, https:\/\/www.transfergo.com\/wp-content\/uploads\/2024\/06\/Story-3-2.png?resize=150,150 150w, https:\/\/www.transfergo.com\/wp-content\/uploads\/2024\/06\/Story-3-2.png?resize=300,300 300w\" sizes=\"auto, (max-width: 451px) 100vw, 451px\" \/><\/figure><div class=\"wp-block-media-text__content\">\n<h2 class=\"wp-block-heading has-text-align-left media-and-text__heading is-style-h2-higher-header-style has-blue-900-color has-text-color\">SUNKI <br><mark style=\"background-color:rgba(0, 0, 0, 0)\" class=\"has-inline-color has-blue-500-color\">PRAD\u017dIA<\/mark><\/h2>\n\n\n\n<p class=\"has-text-align-left media-and-text__paragraph has-blue-900-color has-text-color\">Tai nebuvo lengva. Prireik\u0117 \u0161e\u0161i\u0173 m\u0117nesi\u0173 licencijoms gauti. Dar keturi\u0173, kol radome bank\u0105, kuris sutiko su mumis dirbti. Met\u0173 santaupos \u2013 i\u0161leistos. O tada, kai klientams m\u016bs\u0173 produktas jau labai patiko, gavome lai\u0161k\u0105 i\u0161 banko. Jie be jokio paai\u0161kinimo nusprend\u0117 mus u\u017edaryti, palikdami tik devyniasde\u0161imties dien\u0173 termin\u0105 i\u0161gelb\u0117ti \u012fmon\u0119.<br><br>Mes nesiruo\u0161\u0117me pasiduoti. Laikui spaud\u017eiant, radome nauj\u0105 banko partner\u012f. \u012emon\u0117 i\u0161liko, ir nuo tada nuolat augame.<\/p>\n<\/div><\/div>\n<\/div><\/section>\n\n\n\n<section class=\"wp-block-tg-media-and-text media-and-text container-fluid alignfull is-style-square-image\" align=\"full\"><div class=\"container\">\n<div class=\"wp-block-media-text has-media-on-the-right is-stacked-on-mobile is-vertically-aligned-center media-and-text__container\"><div class=\"wp-block-media-text__content\">\n<h2 class=\"wp-block-heading has-text-align-left media-and-text__heading is-style-h2-higher-header-style has-blue-900-color has-text-color\">KELIAS \u012e <br><mark style=\"background-color:rgba(0, 0, 0, 0)\" class=\"has-inline-color has-blue-500-color\">S\u0116KM\u0118<\/mark><\/h2>\n\n\n\n<p class=\"has-text-align-left media-and-text__paragraph has-blue-900-color has-text-color\">\u0160iandien viskas atrodo visai kitaip. Bendradarbiaujame su daugiau nei 30 bank\u0173 visame pasaulyje \u2013 sunku patik\u0117ti, \u017einant, kaip kadaise buvo sud\u0117tinga rasti bent vien\u0105. 2018 m. buvome nominuoti \u201eFastest Rising Start-up\u201c apdovanojimui \u201eTechCrunch Europa\u201c apdovanojimuose ir \u201eTNW\u201c \u012fvardyti kaip vieni i\u0161 penki\u0173 spar\u010diausiai augan\u010di\u0173 startuoli\u0173 Jungtin\u0117je Karalyst\u0117je.<br><br>Ta\u010diau labiausiai norime pad\u0117koti jums \u2013 tiems, kurie sunkiai dirba, siun\u010dia pinigus namo, u\u017etikrina \u0161eim\u0173 gerov\u0119. Mes suk\u016br\u0117me TransferGo jums. Tai niekada nepasikeit\u0117.<\/p>\n<\/div><figure class=\"wp-block-media-text__media\"><img loading=\"lazy\" decoding=\"async\" width=\"450\" height=\"442\" src=\"https:\/\/www.transfergo.com\/wp-content\/uploads\/2024\/06\/Story-4-2.png\" alt=\"\" class=\"wp-image-71126 size-full\" srcset=\"https:\/\/www.transfergo.com\/wp-content\/uploads\/2024\/06\/Story-4-2.png 450w, https:\/\/www.transfergo.com\/wp-content\/uploads\/2024\/06\/Story-4-2.png?resize=300,295 300w\" sizes=\"auto, (max-width: 450px) 100vw, 450px\" \/><\/figure><\/div>\n<\/div><\/section>\n\n\n\n<section class=\"wp-block-tg-media-and-text media-and-text container-fluid alignfull is-style-square-image has-bw-200-background-color has-background\" align=\"full\"><div class=\"container\">\n<div class=\"wp-block-media-text is-stacked-on-mobile is-vertically-aligned-center media-and-text__container\"><figure class=\"wp-block-media-text__media\"><img loading=\"lazy\" decoding=\"async\" width=\"450\" height=\"442\" src=\"https:\/\/www.transfergo.com\/wp-content\/uploads\/2024\/06\/Story-5-2.png\" alt=\"\" class=\"wp-image-71137 size-full\" srcset=\"https:\/\/www.transfergo.com\/wp-content\/uploads\/2024\/06\/Story-5-2.png 450w, https:\/\/www.transfergo.com\/wp-content\/uploads\/2024\/06\/Story-5-2.png?resize=300,295 300w\" sizes=\"auto, (max-width: 450px) 100vw, 450px\" \/><\/figure><div class=\"wp-block-media-text__content\">\n<h2 class=\"wp-block-heading has-text-align-left media-and-text__heading is-style-h2-higher-header-style has-blue-900-color has-text-color\">\u0160VIESI <br><mark style=\"background-color:rgba(0, 0, 0, 0)\" class=\"has-inline-color has-blue-500-color\">ATEITIS<\/mark><\/h2>\n\n\n\n<p class=\"has-text-align-left media-and-text__paragraph has-blue-900-color has-text-color\">Nuo 2012 met\u0173 nu\u0117jome ilg\u0105 keli\u0105 \u2013 ir tai tik prad\u017eia. Daugiau pervedimo kryp\u010di\u0173, daugiau valiut\u0173, daugiau sprendim\u0173. Visa tai tam, kad gal\u0117tum\u0117te greitai ir pigiai si\u0173sti pinigus namo. Geriausia su TransferGo \u2013 dar prie\u0161akyje.<\/p>\n<\/div><\/div>\n<\/div><\/section>\n\n\n\n<section class=\"wp-block-tg-banner-cta banner-cta container-fluid alignfull is-style-rounded\" align=\"full\"><div class=\"container\">\n<div class=\"wp-block-group banner-cta__container has-blue-50-background-color has-background is-vertical is-content-justification-center is-layout-flex wp-container-core-group-is-layout-ce155fab wp-block-group-is-layout-flex\">\n<div class=\"wp-block-group banner-cta__text-wrapper is-vertical is-content-justification-stretch is-layout-flex wp-container-core-group-is-layout-353c4f5a wp-block-group-is-layout-flex\">\n<h2 class=\"wp-block-heading has-text-align-center banner-cta__heading has-blue-900-color has-text-color\">Mes esame tam, kad <mark style=\"background-color:rgba(0, 0, 0, 0)\" class=\"has-inline-color has-blue-500-color\">palengvintume j\u016bs\u0173 gyvenim\u0105.<\/mark><\/h2>\n\n\n\n<p class=\"has-text-align-center\">Nesvarbu, ar apmokate s\u0105skaitas, remiate \u0161eim\u0105 ar sprend\u017eiate skubius reikalus \u2013 norime, kad gal\u0117tum\u0117te atlikti greitus ir nebrangius pinig\u0173 pervedimus saugiai ir patikimai. Kod\u0117l? Nes dar visai neseniai pinig\u0173 siuntimas buvo tikras ko\u0161maras.<\/p>\n<\/div>\n\n\n\n<div class=\"wp-block-buttons banner-cta__buttons-wrapper is-content-justification-center is-layout-flex wp-container-core-buttons-is-layout-a89b3969 wp-block-buttons-is-layout-flex\">\n<div class=\"wp-block-button banner-cta__button is-style-fill\"><a class=\"wp-block-button__link wp-element-button\" href=\"https:\/\/app.transfergo.com\/lt\/login\" target=\"_blank\" rel=\"noopener\">Si\u0173skite pinigus dabar<\/a><\/div>\n<\/div>\n<\/div>\n<\/div><\/section>\n\n\n\n<div class=\"wp-block-buttons is-content-justification-center is-layout-flex wp-container-core-buttons-is-layout-c3d5205c wp-block-buttons-is-layout-flex\" style=\"margin-top:0;margin-bottom:0\">\n<div class=\"wp-block-button is-style-button-blue-with-reversed-arrow-no-background\"><a class=\"wp-block-button__link has-bw-900-color has-text-color has-link-color wp-element-button\" href=\"https:\/\/www.transfergo.com\/lt\/apie-mus\">Gr\u012f\u017eti \u012f \u201eApie mus\u201c puslap\u012f<\/a><\/div>\n<\/div>\n","protected":false},"excerpt":{"rendered":"","protected":false},"author":1,"featured_media":0,"parent":0,"menu_order":0,"comment_status":"closed","ping_status":"closed","template":"","meta":{"hideMenuColor":false,"footnotes":""},"class_list":["post-1317","page","type-page","status-publish","hentry"],"parsely":{"version":"1.1.0","canonical_url":"https:\/\/transfergo.com\/lt\/visa-istorija","smart_links":{"inbound":0,"outbound":0},"traffic_boost_suggestions_count":0,"meta":{"@context":"https:\/\/schema.org","@type":"WebPage","headline":"VISA ISTORIJA","url":"http:\/\/www.transfergo.com\/lt\/visa-istorija","mainEntityOfPage":{"@type":"WebPage","@id":"http:\/\/www.transfergo.com\/lt\/visa-istorija"},"thumbnailUrl":"","image":{"@type":"ImageObject","url":""},"articleSection":"Asmeniniai finansai","author":[{"@type":"Person","name":"TransferGo Team"}],"creator":["TransferGo Team"],"publisher":{"@type":"Organization","name":"TransferGo","logo":""},"keywords":[],"dateCreated":"2022-08-29T07:37:28Z","datePublished":"2022-08-29T07:37:28Z","dateModified":"2026-04-30T12:56:33Z"},"rendered":"<script type=\"application\/ld+json\" class=\"wp-parsely-metadata\">{\"@context\":\"https:\\\/\\\/schema.org\",\"@type\":\"WebPage\",\"headline\":\"VISA ISTORIJA\",\"url\":\"http:\\\/\\\/www.transfergo.com\\\/lt\\\/visa-istorija\",\"mainEntityOfPage\":{\"@type\":\"WebPage\",\"@id\":\"http:\\\/\\\/www.transfergo.com\\\/lt\\\/visa-istorija\"},\"thumbnailUrl\":\"\",\"image\":{\"@type\":\"ImageObject\",\"url\":\"\"},\"articleSection\":\"Asmeniniai finansai\",\"author\":[{\"@type\":\"Person\",\"name\":\"TransferGo Team\"}],\"creator\":[\"TransferGo Team\"],\"publisher\":{\"@type\":\"Organization\",\"name\":\"TransferGo\",\"logo\":\"\"},\"keywords\":[],\"dateCreated\":\"2022-08-29T07:37:28Z\",\"datePublished\":\"2022-08-29T07:37:28Z\",\"dateModified\":\"2026-04-30T12:56:33Z\"}<\/script>","tracker_url":"https:\/\/cdn.parsely.com\/keys\/transfergo.com\/p.js"},"jetpack_sharing_enabled":true,"hideMenuColor":false,"_links":{"self":[{"href":"https:\/\/www.transfergo.com\/lt\/wp-json\/wp\/v2\/pages\/1317","targetHints":{"allow":["GET"]}}],"collection":[{"href":"https:\/\/www.transfergo.com\/lt\/wp-json\/wp\/v2\/pages"}],"about":[{"href":"https:\/\/www.transfergo.com\/lt\/wp-json\/wp\/v2\/types\/page"}],"author":[{"embeddable":true,"href":"https:\/\/www.transfergo.com\/lt\/wp-json\/wp\/v2\/users\/1"}],"replies":[{"embeddable":true,"href":"https:\/\/www.transfergo.com\/lt\/wp-json\/wp\/v2\/comments?post=1317"}],"version-history":[{"count":8,"href":"https:\/\/www.transfergo.com\/lt\/wp-json\/wp\/v2\/pages\/1317\/revisions"}],"predecessor-version":[{"id":1449367,"href":"https:\/\/www.transfergo.com\/lt\/wp-json\/wp\/v2\/pages\/1317\/revisions\/1449367"}],"wp:attachment":[{"href":"https:\/\/www.transfergo.com\/lt\/wp-json\/wp\/v2\/media?parent=1317"}],"curies":[{"name":"wp","href":"https:\/\/api.w.org\/{rel}","templated":true}]}}