{"id":1387,"date":"2022-08-21T03:56:41","date_gmt":"2022-08-21T03:56:41","guid":{"rendered":"https:\/\/transfergo.wpengine.com\/referral-gift"},"modified":"2026-01-22T10:47:49","modified_gmt":"2026-01-22T10:47:49","slug":"pakvietimas-dovana","status":"publish","type":"page","link":"https:\/\/www.transfergo.com\/lt\/pakvietimas-dovana","title":{"rendered":"Pakvietimas dovana"},"content":{"rendered":"\r\n<section class=\"wp-block-tg-hero-refer-a-friend hero-refer-a-friend container-fluid alignfull\" align=\"full\"><div class=\"container\">\r\n<div class=\"wp-block-columns hero-refer-a-friend__columns is-layout-flex wp-container-core-columns-is-layout-28f84493 wp-block-columns-is-layout-flex\">\r\n<div class=\"wp-block-column hero-refer-a-friend__column is-layout-flow wp-block-column-is-layout-flow\">\n<p class=\"is-style-h2-higher-header-style wp-block-tg-hero-raf-parameter\">\n\t<mark class=\"has-inline-color has-blue-500-color\">\n\t\tJ\u016aS\u0172 DRAUGAS(-\u0116)\t<\/mark>\n<\/p>\n\r\n\r\n<h1 class=\"wp-block-heading hero-refer-a-friend__title is-style-h4-higher-header-style\">kvie\u010dia jus naudotis TransferGo<\/h1>\r\n\r\n<p  class=\"hero-refer-a-friend__subtitle\">Si\u0173skite pinigus pigiau ir atlikite pirmuosius 2 pervedimus nemokamai!<\/p>\r\n\r\n\r\n\r\n<div class=\"wp-block-button hero-refer-a-friend__button is-style-button-with-arrow\"><a class=\"wp-block-button__link wp-element-button\" href=\"https:\/\/app.transfergo.com\/lt\/register\" target=\"_blank\" rel=\"noopener\">Priimti pakvietim\u0105<\/a><\/div><\/div>\r\n\r\n\r\n\r\n<div class=\"wp-block-column hero-refer-a-friend__column hero-refer-a-friend__column--images is-layout-flow wp-block-column-is-layout-flow\">\r\n<figure class=\"wp-block-image hero-refer-a-friend__image\"><img decoding=\"async\" src=\"https:\/\/www.transfergo.com\/wp-content\/plugins\/transfergo-blocks\/assets\/img\/hero-refer-a-friend\/hero-refer-a-friend-image-male.webp\" alt=\"\"\/><\/figure>\r\n\r\n\r\n\r\n<figure class=\"wp-block-image hero-refer-a-friend__image\"><img decoding=\"async\" src=\"https:\/\/www.transfergo.com\/wp-content\/plugins\/transfergo-blocks\/assets\/img\/hero-refer-a-friend\/hero-refer-a-friend-image-female.webp\" alt=\"\"\/><\/figure>\r\n<\/div>\r\n<\/div>\r\n<\/div><\/section>\r\n\n\n\n<section class=\"wp-block-tg-benefits benefits  container-fluid\"><div class=\"container\">\n<h2 class=\"wp-block-heading has-text-align-center benefits__title has-blue-900-color has-text-color\">\u0160tai kod\u0117l daugiau nei 8 mln. klient\u0173 pasitiki TransferGo\u2026<\/h2>\n\n\n\n<div class=\"wp-block-columns benefits__columns is-layout-flex wp-container-core-columns-is-layout-28f84493 wp-block-columns-is-layout-flex\">\n<div class=\"wp-block-column benefits__column is-layout-flow wp-block-column-is-layout-flow\">\n<figure class=\"wp-block-image aligncenter benefits__column-image\"><img decoding=\"async\" src=\"https:\/\/www.transfergo.com\/wp-content\/plugins\/transfergo-blocks\/assets\/img\/benefits\/high-speed.svg\" alt=\"High speed icon\"\/><\/figure>\n\n\n\n<h6 class=\"wp-block-heading has-text-align-center t2 benefits__column-title has-blue-500-color has-text-color\"><strong>Didelis greitis<\/strong><\/h6>\n\n\n\n<p class=\"has-text-align-center benefits__column-subtitle has-blue-900-color has-text-color has-medium-font-size\">Dauguma pervedim\u0173 \u012fvykdomi per 2\u20133 minutes! Pinigus galite si\u0173sti net savaitgal\u012f.<\/p>\n<\/div>\n\n\n\n<div class=\"wp-block-column benefits__column is-layout-flow wp-block-column-is-layout-flow\">\n<figure class=\"wp-block-image aligncenter benefits__column-image\"><img decoding=\"async\" src=\"https:\/\/www.transfergo.com\/wp-content\/plugins\/transfergo-blocks\/assets\/img\/benefits\/low-fees.svg\" alt=\"Low fees icon\"\/><\/figure>\n\n\n\n<h6 class=\"wp-block-heading has-text-align-center t2 benefits__column-title has-blue-500-color has-text-color\"><strong>Ma\u017ei mokes\u010diai<\/strong><\/h6>\n\n\n\n<p class=\"has-text-align-center benefits__column-subtitle has-blue-900-color has-text-color has-medium-font-size\">Pasinaudokite puikiais \u012fkainiais, ma\u017eais mokes\u010diais ir nemokamais pirmaisiais dviem pervedimais!<\/p>\n<\/div>\n\n\n\n<div class=\"wp-block-column benefits__column is-layout-flow wp-block-column-is-layout-flow\">\n<figure class=\"wp-block-image aligncenter benefits__column-image\"><img decoding=\"async\" src=\"https:\/\/www.transfergo.com\/wp-content\/plugins\/transfergo-blocks\/assets\/img\/benefits\/no-hassle.svg\" alt=\"No hassle icon\"\/><\/figure>\n\n\n\n<h6 class=\"wp-block-heading has-text-align-center t2 benefits__column-title has-blue-500-color has-text-color\"><strong>Joki\u0173 r\u016bpes\u010di\u0173<\/strong><\/h6>\n\n\n\n<p class=\"has-text-align-center benefits__column-subtitle has-blue-900-color has-text-color has-medium-font-size\">Program\u0117l\u0117 nemokama ir ja lengva naudotis.<\/p>\n<\/div>\n\n\n\n<div class=\"wp-block-column benefits__column is-layout-flow wp-block-column-is-layout-flow\">\n<figure class=\"wp-block-image aligncenter benefits__column-image\"><img decoding=\"async\" src=\"https:\/\/www.transfergo.com\/wp-content\/plugins\/transfergo-blocks\/assets\/img\/benefits\/global.svg\" alt=\"Global icon\"\/><\/figure>\n\n\n\n<h6 class=\"wp-block-heading has-text-align-center t2 benefits__column-title has-blue-500-color has-text-color\"><strong>Veikia globaliai<\/strong><\/h6>\n\n\n\n<p class=\"has-text-align-center benefits__column-subtitle has-blue-900-color has-text-color has-medium-font-size\">Si\u0173skite pinigus \u012f banko korteles, banko s\u0105skaitas ir gryn\u0173j\u0173 pinig\u0173 i\u0161davimo vietas, esan\u010dias daugiau nei 160 pasaulio \u0161ali\u0173.<\/p>\n<\/div>\n\n\n\n<div class=\"wp-block-column benefits__column is-layout-flow wp-block-column-is-layout-flow\">\n<figure class=\"wp-block-image aligncenter benefits__column-image\"><img decoding=\"async\" src=\"https:\/\/www.transfergo.com\/wp-content\/plugins\/transfergo-blocks\/assets\/img\/benefits\/multilingual.svg\" alt=\"Multi-lingual icon\"\/><\/figure>\n\n\n\n<h6 class=\"wp-block-heading has-text-align-center t2 benefits__column-title has-blue-500-color has-text-color\"><strong>Aptarnavimas \u012fvairiomis kalbomis<\/strong><\/h6>\n\n\n\n<p class=\"has-text-align-center benefits__column-subtitle has-blue-900-color has-text-color has-medium-font-size\">M\u016bs\u0173 operatyvios ir draugi\u0161kos klient\u0173 aptarnavimo komandos nariai kalba 9 kalbomis ir yra pasireng\u0119 jums pad\u0117ti.<\/p>\n<\/div>\n\n\n\n<div class=\"wp-block-column benefits__column is-layout-flow wp-block-column-is-layout-flow\">\n<figure class=\"wp-block-image aligncenter benefits__column-image\"><img decoding=\"async\" src=\"https:\/\/www.transfergo.com\/wp-content\/plugins\/transfergo-blocks\/assets\/img\/benefits\/security.svg\" alt=\"Security icon\"\/><\/figure>\n\n\n\n<h6 class=\"wp-block-heading has-text-align-center t2 benefits__column-title has-blue-500-color has-text-color\"><strong>Saugu ir \u012fgaliota FCA<\/strong><\/h6>\n\n\n\n<p class=\"has-text-align-center benefits__column-subtitle has-blue-900-color has-text-color has-medium-font-size\">M\u016bs\u0173 veikl\u0105 reglamentuoja JK ir ES teis\u0117s aktai, o j\u016bs\u0173 pinig\u0173 saugumui u\u017etikrinti naudojame auk\u0161\u010diausio lygio apsaug\u0105 ir \u0161ifravim\u0105.<\/p>\n<\/div>\n<\/div>\n<\/div><\/section>\n\n\n\n<section class=\"wp-block-tg-make-faster-transfers make-faster-transfers container-fluid\" data-subtitle=\"Nuskaitykite, nor\u0117dami atsisi\u0173sti TransferGo program\u0117l\u0119\"><div class=\"container\">\n<h3 class=\"wp-block-heading has-text-align-left make-faster-transfers__title has-blue-900-color has-text-color\">Atlikite pervedimus bet kuriuo metu \u2014 atsisi\u0173skite TransferGo program\u0117l\u0119<\/h3>\n\n\n\n<div class=\"wp-block-group badges is-layout-flow wp-block-group-is-layout-flow\">\n<div class=\"badges__container\">\n\t<div class=\"wp-block-button badges__button  is-style-button-with-arrow\" data-button-id=\"tg-889980506\">\n\t\t<a class=\"wp-block-button__link wp-element-button\" href=\"https:\/\/transfergo.onelink.me\/3553566860\/auava1pk\" target=\"_blank\" rel=\"noreferrer noopener\">\n\t\t\tAtsisi\u0173sk program\u0117l\u0119\t\t<\/a>\n\t<\/div>\n\t<div class=\"badges__popup\" data-popup-id=\"tg-889980506\">\n\t\t<div class=\"badges__popup-wrapper\">\n\t\t\t<button class=\"badges__popup-button\"><\/button>\n\t\t\t<p class=\"badges__popup-title wp-heading is-style-h4-higher-header-style\">\n\t\t\t\t<mark style=\"background-color:rgba(0, 0, 0, 0)\" class=\"has-inline-color has-blue-500-color\">\n\t\t\t\t\tNuskaitykite,\t\t\t\t<\/mark>\n\t\t\t\t nor\u0117dami atsisi\u0173sti TransferGo program\u0117l\u0119\t\t\t<\/p>\n\t\t\t<img decoding=\"async\" class=\"badges__popup-image\" src=\"https:\/\/www.transfergo.com\/wp-content\/plugins\/transfergo-blocks\/assets\/img\/QR_code.webp\"\n\t\t\t\talt=\"http:\/\/QR%20code\"\/>\n\t\t<\/div>\n\t<\/div>\n<\/div>\n<\/div>\n\n\n\n<figure class=\"wp-block-image size-large make-faster-transfers__image make-faster-transfers__image--with-border\"><img loading=\"lazy\" decoding=\"async\" height=\"1024\" width=\"576\" src=\"https:\/\/www.transfergo.com\/lt\/wp-content\/uploads\/2024\/12\/lt-576x1024.jpg\" alt=\"\" class=\"wp-image-99259\"\/><\/figure>\n<\/div><\/section>\n\n\n\n<div style=\"height:8rem\" aria-hidden=\"true\" class=\"wp-block-spacer\"><\/div>\n","protected":false},"excerpt":{"rendered":"","protected":false},"author":1,"featured_media":0,"parent":0,"menu_order":0,"comment_status":"closed","ping_status":"closed","template":"landing","meta":{"hideMenuColor":false,"footnotes":""},"class_list":["post-1387","page","type-page","status-publish","hentry"],"parsely":{"version":"1.1.0","canonical_url":"https:\/\/transfergo.com\/lt\/pakvietimas-dovana","smart_links":{"inbound":0,"outbound":0},"traffic_boost_suggestions_count":0,"meta":{"@context":"https:\/\/schema.org","@type":"WebPage","headline":"Pakvietimas dovana","url":"http:\/\/www.transfergo.com\/lt\/pakvietimas-dovana","mainEntityOfPage":{"@type":"WebPage","@id":"http:\/\/www.transfergo.com\/lt\/pakvietimas-dovana"},"thumbnailUrl":"","image":{"@type":"ImageObject","url":""},"articleSection":"Asmeniniai finansai","author":[{"@type":"Person","name":"TransferGo Team"}],"creator":["TransferGo Team"],"publisher":{"@type":"Organization","name":"TransferGo","logo":""},"keywords":[],"dateCreated":"2022-08-21T03:56:41Z","datePublished":"2022-08-21T03:56:41Z","dateModified":"2026-01-22T10:47:49Z"},"rendered":"<script type=\"application\/ld+json\" class=\"wp-parsely-metadata\">{\"@context\":\"https:\\\/\\\/schema.org\",\"@type\":\"WebPage\",\"headline\":\"Pakvietimas dovana\",\"url\":\"http:\\\/\\\/www.transfergo.com\\\/lt\\\/pakvietimas-dovana\",\"mainEntityOfPage\":{\"@type\":\"WebPage\",\"@id\":\"http:\\\/\\\/www.transfergo.com\\\/lt\\\/pakvietimas-dovana\"},\"thumbnailUrl\":\"\",\"image\":{\"@type\":\"ImageObject\",\"url\":\"\"},\"articleSection\":\"Asmeniniai finansai\",\"author\":[{\"@type\":\"Person\",\"name\":\"TransferGo Team\"}],\"creator\":[\"TransferGo Team\"],\"publisher\":{\"@type\":\"Organization\",\"name\":\"TransferGo\",\"logo\":\"\"},\"keywords\":[],\"dateCreated\":\"2022-08-21T03:56:41Z\",\"datePublished\":\"2022-08-21T03:56:41Z\",\"dateModified\":\"2026-01-22T10:47:49Z\"}<\/script>","tracker_url":"https:\/\/cdn.parsely.com\/keys\/transfergo.com\/p.js"},"jetpack_sharing_enabled":true,"hideMenuColor":false,"_links":{"self":[{"href":"https:\/\/www.transfergo.com\/lt\/wp-json\/wp\/v2\/pages\/1387","targetHints":{"allow":["GET"]}}],"collection":[{"href":"https:\/\/www.transfergo.com\/lt\/wp-json\/wp\/v2\/pages"}],"about":[{"href":"https:\/\/www.transfergo.com\/lt\/wp-json\/wp\/v2\/types\/page"}],"author":[{"embeddable":true,"href":"https:\/\/www.transfergo.com\/lt\/wp-json\/wp\/v2\/users\/1"}],"replies":[{"embeddable":true,"href":"https:\/\/www.transfergo.com\/lt\/wp-json\/wp\/v2\/comments?post=1387"}],"version-history":[{"count":2,"href":"https:\/\/www.transfergo.com\/lt\/wp-json\/wp\/v2\/pages\/1387\/revisions"}],"predecessor-version":[{"id":847210,"href":"https:\/\/www.transfergo.com\/lt\/wp-json\/wp\/v2\/pages\/1387\/revisions\/847210"}],"wp:attachment":[{"href":"https:\/\/www.transfergo.com\/lt\/wp-json\/wp\/v2\/media?parent=1387"}],"curies":[{"name":"wp","href":"https:\/\/api.w.org\/{rel}","templated":true}]}}