{"id":1397,"date":"2022-08-20T08:01:05","date_gmt":"2022-08-20T08:01:05","guid":{"rendered":"https:\/\/transfergo.wpengine.com\/refer-a-friend"},"modified":"2026-02-23T09:22:50","modified_gmt":"2026-02-23T09:22:50","slug":"pakviesk-draugus","status":"publish","type":"page","link":"https:\/\/www.transfergo.com\/lt\/pakviesk-draugus","title":{"rendered":"Pakviesk draugus"},"content":{"rendered":"\n<section class=\"wp-block-tg-hero-refer-a-friend hero-refer-a-friend container-fluid alignfull\" align=\"full\"><div class=\"container\">\n<div class=\"wp-block-columns hero-refer-a-friend__columns is-layout-flex wp-container-core-columns-is-layout-28f84493 wp-block-columns-is-layout-flex\">\n<div class=\"wp-block-column hero-refer-a-friend__column is-layout-flow wp-block-column-is-layout-flow\">\n<h1 class=\"wp-block-heading hero-refer-a-friend__title is-style-default\">Pakviesk draugus, <br>u\u017edirbk \u0161imtus.<\/h1>\n\n\n\n<p class=\"hero-refer-a-friend__subtitle has-large-font-size\">Gauk \u00a320* u\u017e kiekvien\u0105 asmen\u012f, kur\u012f pakviesi \u012f TransferGo\u2014ir u\u017edirbk \u0161imtus kiekvien\u0105 m\u0117nes\u012f!<\/p>\n\n\n\n<p class=\"hero-refer-a-friend__text has-bw-700-color has-text-color has-medium-font-size\">* Valiutos ir sumos gali skirtis. \u0160iuo metu si\u016blomas atlygis ir salygos <a href=\"https:\/\/www.transfergo.com\/lt\/taisykles\/pakviesk-drauga-programa\" target=\"_blank\" data-type=\"link\" data-id=\"https:\/\/www.transfergo.com\/lt\/taisykles\/pakviesk-drauga-programa\" rel=\"noreferrer noopener\">\u010dia.<\/a> <\/p>\n\n\n\n<div class=\"wp-block-button hero-refer-a-friend__button is-style-button-with-arrow\"><a class=\"wp-block-button__link wp-element-button\" href=\"https:\/\/app.transfergo.com\/lt\/register\" target=\"_blank\" rel=\"noopener\">Pakviesk draugus<\/a><\/div>\n<\/div>\n\n\n\n<div class=\"wp-block-column hero-refer-a-friend__column hero-refer-a-friend__column--images is-layout-flow wp-block-column-is-layout-flow\">\n<figure class=\"wp-block-image hero-refer-a-friend__image\"><img decoding=\"async\" src=\"https:\/\/www.transfergo.com\/wp-content\/plugins\/transfergo-blocks\/assets\/img\/hero-refer-a-friend\/hero-refer-a-friend-image-male.webp\" alt=\"\"\/><\/figure>\n\n\n\n<figure class=\"wp-block-image hero-refer-a-friend__image\"><img decoding=\"async\" src=\"https:\/\/www.transfergo.com\/wp-content\/plugins\/transfergo-blocks\/assets\/img\/hero-refer-a-friend\/hero-refer-a-friend-image-female.webp\" alt=\"\"\/><\/figure>\n<\/div>\n<\/div>\n<\/div><\/section>\n\n\n\n<section class=\"wp-block-tg-how-do-i-invite how-do-i-invite container-fluid alignfull has-blue-900-background-color has-background\" align=\"full\"><div class=\"container\">\n<h2 class=\"wp-block-heading has-text-align-center how-do-i-invite__title is-style-h3-higher-header-style has-bw-100-color has-text-color\">Kaip pakviesti draugus?<\/h2>\n\n\n\n<h6 class=\"wp-block-heading has-text-align-center how-do-i-invite__subtitle has-bw-100-color has-text-color\">Tai paprasta\u2014tik 3 lengvi \u017eingsniai&#8230;<\/h6>\n\n\n\n<div class=\"wp-block-columns how-do-i-invite__columns is-layout-flex wp-container-core-columns-is-layout-28f84493 wp-block-columns-is-layout-flex\">\n<div class=\"wp-block-column how-do-i-invite__column is-layout-flow wp-block-column-is-layout-flow\">\n<figure class=\"wp-block-image aligncenter is-resized how-do-i-invite__column-image\"><img decoding=\"async\" src=\"https:\/\/www.transfergo.com\/wp-content\/plugins\/transfergo-blocks\/assets\/img\/how-do-i-invite-icon-0.svg\" alt=\"\" style=\"width:56;height:56\"\/><\/figure>\n\n\n\n<h3 class=\"wp-block-heading has-text-align-center t2 how-do-i-invite__column-title is-style-h6-higher-header-style has-bw-100-color has-text-color\"><strong>1. Rask<\/strong><\/h3>\n\n\n\n<p class=\"has-text-align-center how-do-i-invite__column-subtitle has-bw-100-color has-text-color has-medium-font-size\">Rask savo pakvietimo kod\u0105. Jis yra j\u016bs\u0173 paskyros \u2018Pakviesti\u2019 skiltyje.<\/p>\n<\/div>\n\n\n\n<div class=\"wp-block-column how-do-i-invite__column is-layout-flow wp-block-column-is-layout-flow\">\n<figure class=\"wp-block-image aligncenter is-resized how-do-i-invite__column-image\"><img decoding=\"async\" src=\"https:\/\/www.transfergo.com\/wp-content\/plugins\/transfergo-blocks\/assets\/img\/how-do-i-invite-icon-1.svg\" alt=\"\" style=\"width:56;height:56\"\/><\/figure>\n\n\n\n<h3 class=\"wp-block-heading has-text-align-center t2 how-do-i-invite__column-title is-style-h6-higher-header-style has-bw-100-color has-text-color\"><strong>2. Pakviesk<\/strong><\/h3>\n\n\n\n<p class=\"has-text-align-center how-do-i-invite__column-subtitle has-bw-100-color has-text-color has-medium-font-size\">Pasidalink savo pakvietimo kodu SMS, WhatsApp ar socialiniuose tinkluose. Draugams reik\u0117s kod\u0105 nukopijuoti.<\/p>\n<\/div>\n\n\n\n<div class=\"wp-block-column how-do-i-invite__column is-layout-flow wp-block-column-is-layout-flow\">\n<figure class=\"wp-block-image aligncenter is-resized how-do-i-invite__column-image\"><img decoding=\"async\" src=\"https:\/\/www.transfergo.com\/wp-content\/plugins\/transfergo-blocks\/assets\/img\/how-do-i-invite-icon-2.svg\" alt=\"\" style=\"width:56;height:56\"\/><\/figure>\n\n\n\n<h3 class=\"wp-block-heading has-text-align-center t2 how-do-i-invite__column-title is-style-h6-higher-header-style has-bw-100-color has-text-color\"><strong>3. Padr\u0105sink<\/strong><\/h3>\n\n\n\n<p class=\"has-text-align-center how-do-i-invite__column-subtitle has-bw-100-color has-text-color has-medium-font-size\">Pad\u0117k savo draugams prisiregistruoti ir prad\u0117ti si\u0173sti pinigus. U\u017e kiekvien\u0105 draug\u0105 gausi \u00a320! <\/p>\n<\/div>\n<\/div>\n\n\n\n<div class=\"wp-block-button how-do-i-invite__button is-style-button-with-arrow-light\"><a class=\"wp-block-button__link wp-element-button\" href=\"https:\/\/app.transfergo.com\/lt\/register\" target=\"_blank\" rel=\"noreferrer noopener\">U\u017esidirbk dabar<\/a><\/div>\n<\/div><\/section>\n\n\n\n<section class=\"wp-block-tg-text-and-image-with-icons text-and-image-with-icons container-fluid alignfull\"><div class=\"container\">\n<div class=\"wp-block-columns text-and-image-with-icons__columns is-layout-flex wp-container-core-columns-is-layout-28f84493 wp-block-columns-is-layout-flex\">\n<div class=\"wp-block-column text-and-image-with-icons__column is-layout-flow wp-block-column-is-layout-flow\">\n<h2 class=\"wp-block-heading text-and-image-with-icons__heading has-blue-900-color has-text-color\">Dalintis apsimoka<\/h2>\n\n\n\n<p class=\"text-and-image-with-icons__paragraph has-blue-900-color has-text-color has-medium-font-size\">Pasidalinkite savo pakvietimo kodu SMS, WhatsApp ar socialiniuose tinkluose. T\u0105 padar\u0119, papasakokite \u017emon\u0117ms apie m\u016bs\u0173 si\u016blomus greitus pervedimus, puikius \u012fkainius ir kaip paprasta naudotis TransferGo. <br><br>Kai jie i\u0161si\u0173s \u00a3100 kitam \u017emogui, \u012f kit\u0105 \u0161alyje\u2014atlygis j\u016bs\u0173.<\/p>\n<\/div>\n\n\n\n<div class=\"wp-block-column text-and-image-with-icons__column text-and-image-with-icons__column--image is-layout-flow wp-block-column-is-layout-flow\">\n<figure class=\"wp-block-image text-and-image-with-icons__image\"><img decoding=\"async\" src=\"https:\/\/www.transfergo.com\/wp-content\/plugins\/transfergo-blocks\/assets\/img\/text-and-image-with-icons.webp\" alt=\"Talking people\"\/><\/figure>\n\n\n\n<figure class=\"wp-block-image text-and-image-with-icons__icon text-and-image-with-icons__icon--facebook\"><img decoding=\"async\" src=\"https:\/\/www.transfergo.com\/wp-content\/plugins\/transfergo-blocks\/assets\/icons\/facebook.svg\" alt=\"Facebook\"\/><\/figure>\n\n\n\n<figure class=\"wp-block-image text-and-image-with-icons__icon text-and-image-with-icons__icon--messenger\"><img decoding=\"async\" src=\"https:\/\/www.transfergo.com\/wp-content\/plugins\/transfergo-blocks\/assets\/icons\/messenger.svg\" alt=\"Messenger\"\/><\/figure>\n\n\n\n<figure class=\"wp-block-image text-and-image-with-icons__icon text-and-image-with-icons__icon--whatsapp\"><img decoding=\"async\" src=\"https:\/\/www.transfergo.com\/wp-content\/plugins\/transfergo-blocks\/assets\/icons\/whatsapp.svg\" alt=\"WhatsApp\"\/><\/figure>\n\n\n\n<figure class=\"wp-block-image text-and-image-with-icons__icon text-and-image-with-icons__icon--x\"><img decoding=\"async\" src=\"https:\/\/www.transfergo.com\/wp-content\/plugins\/transfergo-blocks\/assets\/icons\/X.svg\" alt=\"X\"\/><\/figure>\n<\/div>\n<\/div>\n<\/div><\/section>\n\n\n\n<section class=\"wp-block-tg-text-on-image text-on-image container-fluid alignfull\"><div class=\"container\">\n<figure class=\"wp-block-image text-on-image__background-image\"><img decoding=\"async\" src=\"https:\/\/www.transfergo.com\/wp-content\/plugins\/transfergo-blocks\/assets\/img\/text-on-image-background.webp\" alt=\"Transfergo Background Image\"\/><\/figure>\n\n\n\n<div class=\"wp-block-group text-on-image__content is-layout-flex wp-block-group-is-layout-flex\">\n<h2 class=\"wp-block-heading has-text-align-left text-on-image__title has-bw-100-color has-text-color\">Visi yra laim\u0117tojai!<\/h2>\n\n\n\n<p class=\"text-on-image__text has-bw-100-color has-text-color has-medium-font-size\">Jie gauna momentinius pinig\u0173 pervedimus su puikiu valiutos keitimo kursu ir ma\u017eais mokes\u010diais. <br><br>J\u016bs gaunate \u00a320* atlyg\u012f kiekvien\u0105 kart\u0105, kai draugas u\u017esiregistruoja su pakvietimo kodu ir i\u0161siun\u010dia \u00a3100* tartpautiniu mastu tarp 2 skirting\u0173 valiut\u0173.<br><br>Su TransferGo laimi visi.<\/p>\n\n\n\n<p class=\"text-on-image__remark has-bw-100-color has-text-color has-small-font-size\">* Valiutos ir sumos gali skirtis.<\/p>\n<\/div>\n<\/div><\/section>\n\n\n\n<section class=\"wp-block-tg-click-and-collect click-and-collect container-fluid alignfull\" align=\"full\"><div class=\"container\">\n<h2 class=\"wp-block-heading has-text-align-center click-and-collect__title is-style-h3-higher-header-style has-blue-900-color has-text-color\">Spustel\u0117kite ir atsiimkite \u2014<mark class=\"has-inline-color has-blue-500-color\"> tai taip paprasta.<\/mark><\/h2>\n\n\n\n<p class=\"has-text-align-center click-and-collect__subtitle has-bw-700-color has-text-color has-medium-font-size\">J\u016bs\u0173 atlygis automati\u0161kai pridedamas prie j\u016bs\u0173 TransferGo paskyros \u2013 jums lieka tik j\u012f atsiimti.<\/p>\n\n\n\n<div class=\"wp-block-button click-and-collect__button is-style-button-with-arrow\"><a class=\"wp-block-button__link wp-element-button\" href=\"https:\/\/app.transfergo.com\/lt\/register\" target=\"_blank\" rel=\"noreferrer noopener\">Pakviesk draugus<\/a><\/div>\n\n\n\n<div class=\"wp-block-group click-and-collect__animation is-layout-flow wp-block-group-is-layout-flow\">\n<p class=\"has-text-align-left click-and-collect__animation-text has-blue-900-color has-text-color has-medium-font-size\">Paspausk \u201eATSIIMTI ATLYG\u012e\u201d savo paskyros &#8220;Pakviesk&#8221; skiltyje ir nurodyk savo s\u0105skaitos duomenis<\/p>\n<\/div>\n<\/div><\/section>\n\n\n\n<section class=\"wp-block-tg-faqs-accordion faqs-accordion container-fluid alignfull\" align=\"full\"><div class=\"container\">\n<h2 class=\"wp-block-heading has-text-align-center faqs-accordion__heading is-style-h3-higher-header-style has-blue-900-color has-text-color\">Da\u017eniausiai u\u017eduodami klausimai<\/h2>\n\n\n\n<details class=\"wp-block-tg-faqs-accordion-item faqs-accordion-item\"><summary class=\"faqs-accordion-item__question is-style-h6-higher-header-style\">Kas yra TransferGo \u201ePakviesk draug\u0105\u201c programa?<\/summary><div class=\"faqs-accordion-item__height-wrapper\"><div class=\"faqs-accordion-item__content-wrapper\">\n<p>TransferGo sumoka jums \u00a320 (arba lygiavert\u0119 sum\u0105) kiekvien\u0105 kart\u0105, kai kas nors prisijungia prie TransferGo su j\u016bs\u0173 unikaliu pakvietimo kodu ir per pirmuosius 6 m\u0117nesius i\u0161siun\u010dia \u00a3100 ar daugiau tarptautiniu mastu.<br>Kartais pasi\u016blymas kei\u010diasi ir kartais atlygis gali siekti \u00a330, ar net \u00a350.<\/p>\n<\/div><\/div><\/details>\n\n\n\n<details class=\"wp-block-tg-faqs-accordion-item faqs-accordion-item\"><summary class=\"faqs-accordion-item__question is-style-h6-higher-header-style\">Kiek pinig\u0173 galiu u\u017esidirbti su \u0161ia programa?<\/summary><div class=\"faqs-accordion-item__height-wrapper\"><div class=\"faqs-accordion-item__content-wrapper\">\n<p>Galite u\u017esidirbti tiek, kiek norite. Daugiausia u\u017edirbantys u\u017edirba net kelis t\u016bkstan\u010dius svar\u0173 kiekvien\u0105 m\u0117nes\u012f, per savo socialinius tinklus pakviesdami \u0161imtus \u017emoni\u0173. <\/p>\n<\/div><\/div><\/details>\n\n\n\n<details class=\"wp-block-tg-faqs-accordion-item faqs-accordion-item\"><summary class=\"faqs-accordion-item__question is-style-h6-higher-header-style\">Kaip veikia TransferGo \u201ePakviesk draug\u0105\u201c programa?<\/summary><div class=\"faqs-accordion-item__height-wrapper\"><div class=\"faqs-accordion-item__content-wrapper\">\n<p>U\u017esiregistrav\u0119 TransferGo gaunate unikal\u0173 pakvietimo kod\u0105. Taigi kiekvien\u0105 kart\u0105, kai kas nors \u012fveda j\u016bs\u0173 kod\u0105 registruojantis prie TransferGo, j\u016bs gaunate atlyg\u012f (kai jie atlieka reikiamus pervedimus tarptautiniu mastu).<\/p>\n<\/div><\/div><\/details>\n\n\n\n<details class=\"wp-block-tg-faqs-accordion-item faqs-accordion-item\"><summary class=\"faqs-accordion-item__question is-style-h6-higher-header-style\">Kaip galiu gauti pinigin\u012f atlyg\u012f?<\/summary><div class=\"faqs-accordion-item__height-wrapper\"><div class=\"faqs-accordion-item__content-wrapper\">\n<p>Jei laikot\u0117s \u201ePakviesk draug\u0105\u201c programos taisykli\u0173 ir s\u0105lyg\u0173, gal\u0117site gausite atlyg\u012f. \u0160io puslapio vir\u0161uje yra nuoroda \u012f taisykles ir s\u0105lygas.<br>Pagrindin\u0117s taisykl\u0117s yra tokios, kad turite pakviesti asmen\u012f, kuris n\u0117ra j\u016bs, kuris j\u016bs\u0173 nepakviet\u0117, o to asmens pervedimai turi b\u016bti tarptautiniai, kitam asmeniui ir kita valiuta, o j\u0173 suma turi atitikti bent \u00a3100.<\/p>\n<\/div><\/div><\/details>\n\n\n\n<details class=\"wp-block-tg-faqs-accordion-item faqs-accordion-item\"><summary class=\"faqs-accordion-item__question is-style-h6-higher-header-style\">Kur galiu rasti savo pakvietimo kod\u0105?<\/summary><div class=\"faqs-accordion-item__height-wrapper\"><div class=\"faqs-accordion-item__content-wrapper\">\n<p>J\u016bs\u0173 pakvietimo kodas yra j\u016bs\u0173 TransferGo program\u0117l\u0117je. Tiesiog eikite \u012f program\u0117l\u0117s skilt\u012f \u201ePagrindinis\u201c ir suraskite reklamjuost\u0119, kurioje minimas atlygis. Arba galite paliesti vir\u0161utin\u012f kair\u012fj\u012f meniu, spustelti \u201eU\u017edarbis\u201c ir \u010dia rasite savo pakvietimo kod\u0105.<br><br>Jei naudojate interneto nar\u0161ykl\u0119, kair\u0117je ekrano pus\u0117je rasite skilt\u012f \u201ePakvieskite ir u\u017edirbkite\u201c. \u010cia rasite savo pakvietimo nuorod\u0105, kuri\u0105 gal\u0117site nukopijuoti, \u012fklijuoti ir si\u0173sti kur norite ir kam tik norite.<\/p>\n<\/div><\/div><\/details>\n\n\n\n<details class=\"wp-block-tg-faqs-accordion-item faqs-accordion-item\"><summary class=\"faqs-accordion-item__question is-style-h6-higher-header-style\">Ar jie turi b\u016bti mano draugai?<\/summary><div class=\"faqs-accordion-item__height-wrapper\"><div class=\"faqs-accordion-item__content-wrapper\">\n<p>Jie gali b\u016bti draugai, pa\u017e\u012fstami, bendradarbiai, \u0161eimos nariai ar visi\u0161kai nepa\u017e\u012fstami \u017emon\u0117s. Jei jie prisiregistruos naudomi j\u016bs\u0173 pakvietimo kod\u0105, laikysime juos j\u016bs\u0173 draugais.<\/p>\n<\/div><\/div><\/details>\n\n\n\n<details class=\"wp-block-tg-faqs-accordion-item faqs-accordion-item\"><summary class=\"faqs-accordion-item__question is-style-h6-higher-header-style\">Kod\u0117l negavau atlygio u\u017e prisijungus\u012f draug\u0105?<\/summary><div class=\"faqs-accordion-item__height-wrapper\"><div class=\"faqs-accordion-item__content-wrapper\">\n<p>Pirmiausia jie turi prad\u0117ti naudotis m\u016bs\u0173 program\u0117le. Tai apibr\u0117\u017eiame kaip \u00a3100 ar daugiau pervedim\u0105 kitam asmeniui, kita valiuta ir \u012f kit\u0105 \u0161al\u012f per pirmuosius 6 m\u0117nesius nuo registracijos. <\/p>\n<\/div><\/div><\/details>\n\n\n\n<details class=\"wp-block-tg-faqs-accordion-item faqs-accordion-item\"><summary class=\"faqs-accordion-item__question is-style-h6-higher-header-style\">Ar naudotis TransferGo saugu?<\/summary><div class=\"faqs-accordion-item__height-wrapper\"><div class=\"faqs-accordion-item__content-wrapper\">\n<p>8 milijonai m\u016bs\u0173 klient\u0173 mano, kad taip! Galite per\u017ei\u016br\u0117ti m\u016bs\u0173 atsiliepimus \u201eTrustpilot\u201c ar paie\u0161koti informacijos apie mus internete, paskaityti apie mus \u012fvairiuose leidiniuose visame pasaulyje, kad \u012fsitikintum\u0117te patys. <\/p>\n<\/div><\/div><\/details>\n\n\n\n<details class=\"wp-block-tg-faqs-accordion-item faqs-accordion-item\"><summary class=\"faqs-accordion-item__question is-style-h6-higher-header-style\">Kaip galiu u\u017esidirbti pinig\u0173 internete, pakviesdamas draugus?<\/summary><div class=\"faqs-accordion-item__height-wrapper\"><div class=\"faqs-accordion-item__content-wrapper\">\n<p>Prad\u0117kite nuo draug\u0173 ir \u0161eimos nari\u0173, bet nebijokite skleisti \u017einut\u0117s savo socialiniuose tinkluose. J\u016bs\u0173 pakvietimo kodas negali b\u016bti pavogtas. Jis gali b\u016bti panaudojamas tik j\u016bs\u0173 u\u017edarbiui padidinti. <\/p>\n<\/div><\/div><\/details>\n\n\n\n<details class=\"wp-block-tg-faqs-accordion-item faqs-accordion-item\"><summary class=\"faqs-accordion-item__question is-style-h6-higher-header-style\">Koks yra u\u017edarbio limitas?<\/summary><div class=\"faqs-accordion-item__height-wrapper\"><div class=\"faqs-accordion-item__content-wrapper\">\n<p>Limito n\u0117ra. J\u016bs gaunate \u00a320 (arba lygiavert\u0119 sum\u0105) kiekvien\u0105 kart\u0105, kai kas nors, kas n\u0117ra j\u016bs, panaudoja j\u016bs\u0173 pakvietimo kod\u0105, kad prisiregistruot\u0173 prie TransferGo, ir i\u0161siun\u010dia pirmuosius \u00a3100 tarptautiniu mastu kita valiuta ir kitam asmeniui. \u017dinoma, jie turi laikytis m\u016bs\u0173 taisykli\u0173 ir s\u0105lyg\u0173.<\/p>\n<\/div><\/div><\/details>\n<\/div><\/section>\n\n\n\n<section class=\"wp-block-tg-make-faster-transfers make-faster-transfers container-fluid\" data-subtitle=\"Nuskaitykite, nor\u0117dami atsisi\u0173sti TransferGo program\u0117l\u0119\"><div class=\"container\">\n<h3 class=\"wp-block-heading has-text-align-left make-faster-transfers__title has-blue-900-color has-text-color\">Atlikite greitesnius ir pigesnius pervedimus \u2013 atsisi\u0173skite TransferGo program\u0117l\u0119!<\/h3>\n\n\n\n<div class=\"wp-block-group make-faster-transfers__badges is-layout-flex wp-block-group-is-layout-flex\">\n<div class=\"badges__container\">\n\t<div class=\"wp-block-button badges__button  is-style-button-with-arrow\" data-button-id=\"tg-864996904\">\n\t\t<a class=\"wp-block-button__link wp-element-button\" href=\"https:\/\/transfergo.onelink.me\/3553566860\/auava1pk\" target=\"_blank\" rel=\"noreferrer noopener\">\n\t\t\tAtsisi\u0173sk program\u0117l\u0119\t\t<\/a>\n\t<\/div>\n\t<div class=\"badges__popup\" data-popup-id=\"tg-864996904\">\n\t\t<div class=\"badges__popup-wrapper\">\n\t\t\t<button class=\"badges__popup-button\"><\/button>\n\t\t\t<p class=\"badges__popup-title wp-heading is-style-h4-higher-header-style\">\n\t\t\t\t<mark style=\"background-color:rgba(0, 0, 0, 0)\" class=\"has-inline-color has-blue-500-color\">\n\t\t\t\t\tNuskaitykite,\t\t\t\t<\/mark>\n\t\t\t\t nor\u0117dami atsisi\u0173sti TransferGo program\u0117l\u0119\t\t\t<\/p>\n\t\t\t<img decoding=\"async\" class=\"badges__popup-image\" src=\"https:\/\/www.transfergo.com\/wp-content\/plugins\/transfergo-blocks\/assets\/img\/QR_code.webp\"\n\t\t\t\talt=\"http:\/\/QR%20code\"\/>\n\t\t<\/div>\n\t<\/div>\n<\/div>\n<\/div>\n\n\n\n<figure class=\"wp-block-image make-faster-transfers__image\"><img decoding=\"async\" src=\"https:\/\/www.transfergo.com\/wp-content\/plugins\/transfergo-blocks\/assets\/img\/phone-image.webp\" alt=\"\"\/><\/figure>\n<\/div><\/section>\n","protected":false},"excerpt":{"rendered":"","protected":false},"author":1,"featured_media":241949,"parent":0,"menu_order":0,"comment_status":"closed","ping_status":"closed","template":"","meta":{"hideMenuColor":false,"footnotes":""},"class_list":["post-1397","page","type-page","status-publish","has-post-thumbnail","hentry"],"parsely":{"version":"1.1.0","canonical_url":"https:\/\/transfergo.com\/lt\/pakviesk-draugus","smart_links":{"inbound":0,"outbound":0},"traffic_boost_suggestions_count":0,"meta":{"@context":"https:\/\/schema.org","@type":"WebPage","headline":"Pakviesk draugus","url":"http:\/\/www.transfergo.com\/lt\/pakviesk-draugus","mainEntityOfPage":{"@type":"WebPage","@id":"http:\/\/www.transfergo.com\/lt\/pakviesk-draugus"},"thumbnailUrl":"https:\/\/www.transfergo.com\/wp-content\/uploads\/2025\/05\/Invite-a-friend-4.png?resize=150,150","image":{"@type":"ImageObject","url":"https:\/\/www.transfergo.com\/wp-content\/uploads\/2025\/05\/Invite-a-friend-4.png"},"articleSection":"Asmeniniai finansai","author":[{"@type":"Person","name":"TransferGo Team"}],"creator":["TransferGo Team"],"publisher":{"@type":"Organization","name":"TransferGo","logo":""},"keywords":[],"dateCreated":"2022-08-20T08:01:05Z","datePublished":"2022-08-20T08:01:05Z","dateModified":"2026-02-23T09:22:50Z"},"rendered":"<script type=\"application\/ld+json\" class=\"wp-parsely-metadata\">{\"@context\":\"https:\\\/\\\/schema.org\",\"@type\":\"WebPage\",\"headline\":\"Pakviesk draugus\",\"url\":\"http:\\\/\\\/www.transfergo.com\\\/lt\\\/pakviesk-draugus\",\"mainEntityOfPage\":{\"@type\":\"WebPage\",\"@id\":\"http:\\\/\\\/www.transfergo.com\\\/lt\\\/pakviesk-draugus\"},\"thumbnailUrl\":\"https:\\\/\\\/www.transfergo.com\\\/wp-content\\\/uploads\\\/2025\\\/05\\\/Invite-a-friend-4.png?resize=150,150\",\"image\":{\"@type\":\"ImageObject\",\"url\":\"https:\\\/\\\/www.transfergo.com\\\/wp-content\\\/uploads\\\/2025\\\/05\\\/Invite-a-friend-4.png\"},\"articleSection\":\"Asmeniniai finansai\",\"author\":[{\"@type\":\"Person\",\"name\":\"TransferGo Team\"}],\"creator\":[\"TransferGo Team\"],\"publisher\":{\"@type\":\"Organization\",\"name\":\"TransferGo\",\"logo\":\"\"},\"keywords\":[],\"dateCreated\":\"2022-08-20T08:01:05Z\",\"datePublished\":\"2022-08-20T08:01:05Z\",\"dateModified\":\"2026-02-23T09:22:50Z\"}<\/script>","tracker_url":"https:\/\/cdn.parsely.com\/keys\/transfergo.com\/p.js"},"jetpack_sharing_enabled":true,"hideMenuColor":false,"_links":{"self":[{"href":"https:\/\/www.transfergo.com\/lt\/wp-json\/wp\/v2\/pages\/1397","targetHints":{"allow":["GET"]}}],"collection":[{"href":"https:\/\/www.transfergo.com\/lt\/wp-json\/wp\/v2\/pages"}],"about":[{"href":"https:\/\/www.transfergo.com\/lt\/wp-json\/wp\/v2\/types\/page"}],"author":[{"embeddable":true,"href":"https:\/\/www.transfergo.com\/lt\/wp-json\/wp\/v2\/users\/1"}],"replies":[{"embeddable":true,"href":"https:\/\/www.transfergo.com\/lt\/wp-json\/wp\/v2\/comments?post=1397"}],"version-history":[{"count":4,"href":"https:\/\/www.transfergo.com\/lt\/wp-json\/wp\/v2\/pages\/1397\/revisions"}],"predecessor-version":[{"id":865515,"href":"https:\/\/www.transfergo.com\/lt\/wp-json\/wp\/v2\/pages\/1397\/revisions\/865515"}],"wp:featuredmedia":[{"embeddable":true,"href":"https:\/\/www.transfergo.com\/lt\/wp-json\/wp\/v2\/media\/241949"}],"wp:attachment":[{"href":"https:\/\/www.transfergo.com\/lt\/wp-json\/wp\/v2\/media?parent=1397"}],"curies":[{"name":"wp","href":"https:\/\/api.w.org\/{rel}","templated":true}]}}