{"id":1407,"date":"2022-08-09T15:21:13","date_gmt":"2022-08-09T15:21:13","guid":{"rendered":"https:\/\/transfergo.wpengine.com\/privacy-policy"},"modified":"2026-05-05T10:19:11","modified_gmt":"2026-05-05T10:19:11","slug":"privatumo-politika","status":"publish","type":"page","link":"https:\/\/www.transfergo.com\/lt\/privatumo-politika","title":{"rendered":"Privatumo politika"},"content":{"rendered":"\n<section class=\"wp-block-tg-privacy-policy-hero privacy-policy-hero container-fluid alignfull\" align=\"full\"><div class=\"container\">\n<h1 class=\"wp-block-heading has-text-align-center privacy-policy-hero__title has-blue-900-color has-text-color\">TransferGo: j\u016bs\u0173 <br>privatumas viename puslapyje<\/h1>\n\n\n\n<p class=\"has-text-align-center privacy-policy-hero__text has-blue-900-color has-text-color has-medium-font-size\">Niekam nepatinka skaityti kr\u016bvos teisini\u0173 popieri\u0173. Tad pateikiame visas j\u016bs\u0173 privatumo teises tik viename puslapyje.<\/p>\n<\/div><\/section>\n\n\n\n<section class=\"wp-block-tg-privacy-policy-cards-repeater privacy-policy-cards-repeater container-fluid\"><div class=\"container\"><div class=\"privacy-policy-cards-repeater__wrapper\">\n<div class=\"wp-block-tg-privacy-policy-small-card privacy-policy-small-card has-bw-200-background-color has-background\">\n<h4 class=\"wp-block-heading has-text-align-left privacy-policy-small-card__title is-style-h4-higher-header-style has-blue-900-color has-text-color\">J\u016bs turite teis\u0119\u2026<\/h4>\n\n\n\n<ul class=\"wp-block-list privacy-policy-small-card__list is-style-with-circle-icon has-blue-900-color has-text-color has-medium-font-size\">\n<li>b\u016bti informuotu, kaip konkre\u010diai naudosime j\u016bs\u0173 duomenis<\/li>\n\n\n\n<li>per\u017ei\u016br\u0117ti, pataisyti ir papra\u0161yti m\u016bs\u0173 pa\u0161alinti j\u016bs\u0173 duomenis<\/li>\n\n\n\n<li>atsisakyti rinkodaros komunikacijos<\/li>\n\n\n\n<li>bet kada at\u0161aukti sutikim\u0105<\/li>\n<\/ul>\n\n\n\n<div class=\"wp-block-button privacy-policy-small-card__button is-style-button-blue-with-arrow-no-background\"><a class=\"wp-block-button__link has-text-align-left wp-element-button\" href=\"https:\/\/www.transfergo.com\/lt\/privatumo-politika\/pilnas#your-rights\">Daugiau apie j\u016bs\u0173 teises<\/a><\/div>\n<\/div>\n\n\n\n<div class=\"wp-block-tg-privacy-policy-small-card privacy-policy-small-card has-bw-200-background-color has-background\">\n<h4 class=\"wp-block-heading has-text-align-left privacy-policy-small-card__title is-style-h4-higher-header-style has-blue-900-color has-text-color\">Mes pa\u017eadame\u2026<\/h4>\n\n\n\n<ul class=\"wp-block-list privacy-policy-small-card__list is-style-with-circle-icon has-blue-900-color has-text-color has-medium-font-size\">\n<li>kad j\u016bs\u0173 asmeniniai duomenys i\u0161liks saug\u016bs ir privat\u016bs<\/li>\n\n\n\n<li>niekada neparduoti j\u016bs\u0173 duomen\u0173<\/li>\n\n\n\n<li>leisti per\u017ei\u016br\u0117ti ir tvarkyti j\u016bs\u0173 privatumo nustatymus, kai tik to panor\u0117site<\/li>\n<\/ul>\n<\/div>\n\n\n\n<div class=\"wp-block-tg-privacy-policy-large-card privacy-policy-large-card has-bw-250-background-color has-background\">\n<h4 class=\"wp-block-heading has-text-align-left privacy-policy-large-card__title is-style-h4-higher-header-style has-blue-900-color has-text-color\">K\u0105 ir kada renkame<\/h4>\n\n\n\n<div class=\"wp-block-tg-privacy-policy-card-items-repeater card-items-repeater\">\n<div class=\"wp-block-tg-privacy-policy-card-item card-item\">\n<h5 class=\"wp-block-heading has-text-align-left card-item__title has-blue-900-color has-text-color\">Duomenys apie jus<\/h5>\n\n\n\n<p class=\"has-text-align-left card-item__text has-blue-900-color has-text-color\">registruojantis, pildant formas ar susisiekiant su mumis<\/p>\n<\/div>\n\n\n\n<div class=\"wp-block-tg-privacy-policy-card-item card-item\">\n<h5 class=\"wp-block-heading has-text-align-left card-item__title has-blue-900-color has-text-color\">Duomenys apie j\u016bs\u0173 vietov\u0119<\/h5>\n\n\n\n<p class=\"has-text-align-left card-item__text has-blue-900-color has-text-color\">kai \u012fjungiamos vietov\u0117s paslaugos<\/p>\n<\/div>\n\n\n\n<div class=\"wp-block-tg-privacy-policy-card-item card-item\">\n<h5 class=\"wp-block-heading has-text-align-left card-item__title has-blue-900-color has-text-color\">Duomenys i\u0161 \u012frenginio<\/h5>\n\n\n\n<p class=\"has-text-align-left card-item__text has-blue-900-color has-text-color\">kiekvien\u0105 kart\u0105 naudojantis TransferGo<\/p>\n<\/div>\n\n\n\n<div class=\"wp-block-tg-privacy-policy-card-item card-item\">\n<h5 class=\"wp-block-heading has-text-align-left card-item__title has-blue-900-color has-text-color\">Duomenys i\u0161 kit\u0173<\/h5>\n\n\n\n<p class=\"has-text-align-left card-item__text has-blue-900-color has-text-color\">kai pateikiate formas arba mes patikriname operacijas<\/p>\n<\/div>\n<\/div>\n\n\n\n<div class=\"wp-block-button privacy-policy-large-card__button is-style-button-blue-with-arrow-no-background\"><a class=\"wp-block-button__link has-text-align-left wp-element-button\" href=\"https:\/\/www.transfergo.com\/lt\/privatumo-politika\/pilnas#protecting-your-personal-data\">Daugiau apie tai, k\u0105 ir kada renkame<\/a><\/div>\n<\/div>\n\n\n\n<div class=\"wp-block-tg-privacy-policy-small-card privacy-policy-small-card has-bw-200-background-color has-background\">\n<h4 class=\"wp-block-heading has-text-align-left privacy-policy-small-card__title is-style-h4-higher-header-style has-blue-900-color has-text-color\">Mums reikia j\u016bs\u0173 duomen\u0173, kad\u2026<\/h4>\n\n\n\n<ul class=\"wp-block-list privacy-policy-small-card__list is-style-with-circle-icon has-blue-900-color has-text-color has-medium-font-size\">\n<li>m\u016bs\u0173 program\u0117l\u0117 veikt\u0173<\/li>\n\n\n\n<li>apsaugotume nuo suk\u010diavimo<\/li>\n\n\n\n<li>reklamuotume paslaugas, kurios, m\u016bs\u0173 nuomone, jums patikt\u0173 (galima i\u0161jungti)<\/li>\n\n\n\n<li>pagerintume m\u016bs\u0173 paslaugas<\/li>\n\n\n\n<li>nepa\u017eeistume \u012fstatym\u0173<\/li>\n<\/ul>\n\n\n\n<div class=\"wp-block-button privacy-policy-small-card__button is-style-button-blue-with-arrow-no-background\"><a class=\"wp-block-button__link has-text-align-left wp-element-button\" href=\"https:\/\/www.transfergo.com\/lt\/privatumo-politika\/pilnas#how-and-when-we-use-your-data\">Daugiau apie atsakomyb\u0119<\/a><\/div>\n<\/div>\n\n\n\n<div class=\"wp-block-tg-privacy-policy-small-card privacy-policy-small-card has-bw-200-background-color has-background\">\n<h4 class=\"wp-block-heading has-text-align-left privacy-policy-small-card__title is-style-h4-higher-header-style has-blue-900-color has-text-color\">Mes dalinam\u0117s duomenimis\u2026<\/h4>\n\n\n\n<ul class=\"wp-block-list privacy-policy-small-card__list is-style-with-circle-icon has-blue-900-color has-text-color has-medium-font-size\">\n<li>su tiek\u0117jais (pvz., tre\u010diosiomis \u0161alimis, atliekan\u010diomis ID patikrinimus)<\/li>\n\n\n\n<li>d\u0117l teisini\u0173 prie\u017eas\u010di\u0173<\/li>\n\n\n\n<li>su socialin\u0117s \u017einiasklaidos platformomis<\/li>\n<\/ul>\n\n\n\n<div class=\"wp-block-button privacy-policy-small-card__button is-style-button-blue-with-arrow-no-background\"><a class=\"wp-block-button__link has-text-align-left wp-element-button\" href=\"https:\/\/www.transfergo.com\/lt\/privatumo-politika\/pilnas#sharing-your-information-with-others\">Daugiau informacijos apie tai, kaip dalinam\u0117s duomenimis<\/a><\/div>\n<\/div>\n\n\n\n<div class=\"wp-block-tg-privacy-policy-large-card privacy-policy-large-card\">\n<h4 class=\"wp-block-heading has-text-align-left privacy-policy-large-card__title is-style-h4-higher-header-style has-blue-900-color has-text-color\">Taip pat verta \u017einoti\u2026<\/h4>\n\n\n\n<div class=\"wp-block-tg-privacy-policy-card-items-repeater card-items-repeater\">\n<div class=\"wp-block-tg-privacy-policy-card-item card-item\">\n<h5 class=\"wp-block-heading has-text-align-left card-item__title has-blue-900-color has-text-color\">Naudojame slapukus, kad<\/h5>\n\n\n\n<p class=\"has-text-align-left card-item__text has-blue-900-color has-text-color\">pagerintume j\u016bs\u0173 patirt\u012f<\/p>\n<\/div>\n\n\n\n<div class=\"wp-block-tg-privacy-policy-card-item card-item\">\n<h5 class=\"wp-block-heading has-text-align-left card-item__title has-blue-900-color has-text-color\">Saugome j\u016bs\u0173 duomenis<\/h5>\n\n\n\n<p class=\"has-text-align-left card-item__text has-blue-900-color has-text-color\">iki 8 met\u0173 (pagal \u012fstatym\u0105)<\/p>\n<\/div>\n\n\n\n<div class=\"wp-block-tg-privacy-policy-card-item card-item\">\n<h5 class=\"wp-block-heading has-text-align-left card-item__title has-blue-900-color has-text-color\">Saugome j\u016bs\u0173 duomenis<\/h5>\n\n\n\n<p class=\"has-text-align-left card-item__text has-blue-900-color has-text-color\">naudodami stipri\u0105 apsaug\u0105<\/p>\n<\/div>\n<\/div>\n\n\n\n<div class=\"wp-block-button privacy-policy-large-card__button is-style-button-blue-with-arrow-no-background\"><a class=\"wp-block-button__link has-text-align-left wp-element-button\" href=\"https:\/\/www.transfergo.com\/lt\/privatumo-politika\/pilnas#protecting-your-personal-data\">Daugiau apie tai<\/a><\/div>\n<\/div>\n<\/div><\/div><\/section>\n\n\n\n<section class=\"wp-block-tg-privacy-policy-text privacy-policy-text container-fluid\"><div class=\"container\">\n<p class=\"has-text-align-center privacy-policy-text__text has-blue-900-color has-text-color\">Turite klausim\u0173 apie savo privatum\u0105? Para\u0161ykite mums el. lai\u0161k\u0105 adresu&nbsp;<a href=\"mailto:dpo@transfergo.com\"><mark style=\"background-color:rgba(0, 0, 0, 0)\" class=\"has-inline-color has-blue-500-color\">dpo@transfergo.com<\/mark><\/a>. Norite mus apsk\u0173sti? Susisiekite su savo nacionaline duomen\u0173 apsaugos institucija.<br><\/p>\n<\/div><\/section>\n","protected":false},"excerpt":{"rendered":"","protected":false},"author":1,"featured_media":718152,"parent":0,"menu_order":0,"comment_status":"closed","ping_status":"closed","template":"page-with-short-footer","meta":{"hideMenuColor":true,"footnotes":""},"class_list":["post-1407","page","type-page","status-publish","has-post-thumbnail","hentry"],"parsely":{"version":"1.1.0","canonical_url":"https:\/\/transfergo.com\/lt\/privatumo-politika","smart_links":{"inbound":0,"outbound":0},"traffic_boost_suggestions_count":0,"meta":{"@context":"https:\/\/schema.org","@type":"WebPage","headline":"Privatumo politika","url":"http:\/\/www.transfergo.com\/lt\/privatumo-politika","mainEntityOfPage":{"@type":"WebPage","@id":"http:\/\/www.transfergo.com\/lt\/privatumo-politika"},"thumbnailUrl":"https:\/\/www.transfergo.com\/wp-content\/uploads\/2025\/10\/Terms-and-Conditions.png?resize=150,150","image":{"@type":"ImageObject","url":"https:\/\/www.transfergo.com\/wp-content\/uploads\/2025\/10\/Terms-and-Conditions.png"},"articleSection":"Asmeniniai finansai","author":[{"@type":"Person","name":"TransferGo Team"}],"creator":["TransferGo Team"],"publisher":{"@type":"Organization","name":"TransferGo","logo":""},"keywords":[],"dateCreated":"2022-08-09T15:21:13Z","datePublished":"2022-08-09T15:21:13Z","dateModified":"2026-05-05T10:19:11Z"},"rendered":"<script type=\"application\/ld+json\" class=\"wp-parsely-metadata\">{\"@context\":\"https:\\\/\\\/schema.org\",\"@type\":\"WebPage\",\"headline\":\"Privatumo politika\",\"url\":\"http:\\\/\\\/www.transfergo.com\\\/lt\\\/privatumo-politika\",\"mainEntityOfPage\":{\"@type\":\"WebPage\",\"@id\":\"http:\\\/\\\/www.transfergo.com\\\/lt\\\/privatumo-politika\"},\"thumbnailUrl\":\"https:\\\/\\\/www.transfergo.com\\\/wp-content\\\/uploads\\\/2025\\\/10\\\/Terms-and-Conditions.png?resize=150,150\",\"image\":{\"@type\":\"ImageObject\",\"url\":\"https:\\\/\\\/www.transfergo.com\\\/wp-content\\\/uploads\\\/2025\\\/10\\\/Terms-and-Conditions.png\"},\"articleSection\":\"Asmeniniai finansai\",\"author\":[{\"@type\":\"Person\",\"name\":\"TransferGo Team\"}],\"creator\":[\"TransferGo Team\"],\"publisher\":{\"@type\":\"Organization\",\"name\":\"TransferGo\",\"logo\":\"\"},\"keywords\":[],\"dateCreated\":\"2022-08-09T15:21:13Z\",\"datePublished\":\"2022-08-09T15:21:13Z\",\"dateModified\":\"2026-05-05T10:19:11Z\"}<\/script>","tracker_url":"https:\/\/cdn.parsely.com\/keys\/transfergo.com\/p.js"},"jetpack_sharing_enabled":true,"hideMenuColor":"1","_links":{"self":[{"href":"https:\/\/www.transfergo.com\/lt\/wp-json\/wp\/v2\/pages\/1407","targetHints":{"allow":["GET"]}}],"collection":[{"href":"https:\/\/www.transfergo.com\/lt\/wp-json\/wp\/v2\/pages"}],"about":[{"href":"https:\/\/www.transfergo.com\/lt\/wp-json\/wp\/v2\/types\/page"}],"author":[{"embeddable":true,"href":"https:\/\/www.transfergo.com\/lt\/wp-json\/wp\/v2\/users\/1"}],"replies":[{"embeddable":true,"href":"https:\/\/www.transfergo.com\/lt\/wp-json\/wp\/v2\/comments?post=1407"}],"version-history":[{"count":3,"href":"https:\/\/www.transfergo.com\/lt\/wp-json\/wp\/v2\/pages\/1407\/revisions"}],"predecessor-version":[{"id":1476991,"href":"https:\/\/www.transfergo.com\/lt\/wp-json\/wp\/v2\/pages\/1407\/revisions\/1476991"}],"wp:featuredmedia":[{"embeddable":true,"href":"https:\/\/www.transfergo.com\/lt\/wp-json\/wp\/v2\/media\/718152"}],"wp:attachment":[{"href":"https:\/\/www.transfergo.com\/lt\/wp-json\/wp\/v2\/media?parent=1407"}],"curies":[{"name":"wp","href":"https:\/\/api.w.org\/{rel}","templated":true}]}}