{"id":839678,"date":"2025-11-25T11:44:58","date_gmt":"2025-11-25T11:44:58","guid":{"rendered":"https:\/\/www.transfergo.com\/?page_id=839678"},"modified":"2025-12-01T16:19:32","modified_gmt":"2025-12-01T16:19:32","slug":"klientu-pazeidziamumas","status":"publish","type":"page","link":"https:\/\/www.transfergo.com\/lt\/klientu-pazeidziamumas","title":{"rendered":"Customer vulnerability"},"content":{"rendered":"\n<section class=\"wp-block-tg-terms-and-conditions-hero terms-and-conditions-hero container-fluid alignfull\" align=\"full\"><div class=\"container\">\n<h1 class=\"wp-block-heading has-text-align-center terms-and-conditions-hero__title has-blue-900-color has-text-color\"><strong><strong>Pagalba klientams pa\u017eeid\u017eiamose situacijose<\/strong><\/strong><\/h1>\n\n\n\n<div class=\"wp-block-group terms-and-conditions-hero__last-updated-wrapper is-layout-flow wp-block-group-is-layout-flow\">\n<p class=\"terms-and-conditions-hero__last-updated-text has-blue-900-color has-text-color has-medium-font-size\">\u012eSIGALIOJIMO DATA:<\/p>\n\n\n\t<p class=\"terms-and-conditions-hero__last-updated-date has-blue-900-color has-text-color has-large-font-size\">\n\t\t1\/12\/2025\t<\/p>\n<\/div>\n<\/div><\/section>\n\n\n\n<section class=\"wp-block-tg-terms-and-conditions-main-content terms-and-conditions-main-content container-fluid\"><div class=\"container\">\n<p>Mes suprantame, kad tam tikri gyvenimo \u012fvykiai ar asmenin\u0117s aplinkyb\u0117s gali paveikti tai, kaip \u017emon\u0117s valdo savo pinigus ar naudojasi finansin\u0117mis paslaugomis.<\/p>\n\n\n\n<p>J\u016bs galite patirti pa\u017eeid\u017eiamum\u0105 d\u0117l toki\u0173 situacij\u0173 kaip:<\/p>\n\n\n\n<ul class=\"wp-block-list\">\n<li>\u2022 didelis gyvenimo pokytis (pvz., netektis, liga)<\/li>\n\n\n\n<li>\u2022 laikini finansiniai sunkumai<\/li>\n\n\n\n<li>\u2022 su sveikata susij\u0119 i\u0161\u0161\u016bkiai (psichikos ar fiziniai)<\/li>\n\n\n\n<li>\u2022 sunkumai suprantant ar apdorojant informacij\u0105<\/li>\n\n\n\n<li>\u2022 emocinis stresas ar asmeniniai sunkumai<\/li>\n<\/ul>\n\n\n\n<p>Kiekvieno situacija yra skirtinga, o pa\u017eeid\u017eiamumas gali b\u016bti laikinas, ilgalaikis arba kisti laikui b\u0117gant.<\/p>\n\n\n\n<h2 class=\"wp-block-heading\">M\u016bs\u0173 \u012fsipareigojimas<\/h2>\n\n\n\n<p>Esame pasiry\u017e\u0119 visus klientus vertinti s\u0105\u017einingai ir su supratimu.<\/p>\n\n\n\n<p>Kai pastebime, kad klientui gali reik\u0117ti papildomos pagalbos, siekiame bendrauti ai\u0161kiai, veikti jautriai ir u\u017etikrinti, kad informacij\u0105 pateiktume taip, jog j\u0105 b\u016bt\u0173 lengva suprasti.<\/p>\n\n\n\n<h2 class=\"wp-block-heading\">Jei jau\u010diate, kad jums reikia papildomos pagalbos<\/h2>\n\n\n\n<p>Jei j\u016bs\u0173 asmenin\u0117s aplinkyb\u0117s veikia tai, kaip naudojat\u0117s m\u016bs\u0173 paslaugomis, galite apie tai prane\u0161ti m\u016bs\u0173 klient\u0173 aptarnavimo komandai.<\/p>\n\n\n\n<p>Jums reikia pasidalinti tik ta informacija, su kuria jau\u010diat\u0117s patogiai, o visa, k\u0105 mums pasakysite, bus laikoma konfidencialiai.<\/p>\n\n\n\n<h2 class=\"wp-block-heading\">J\u016bs\u0173 privatumas svarbus<\/h2>\n\n\n\n<p>Bet kokia informacija, kuria su mumis pasidalinate, yra tvarkoma saugiai ir laikantis duomen\u0173 apsaugos reikalavim\u0173. \u0160i\u0105 informacij\u0105 naudojame tik tam, kad gal\u0117tume jus palaikyti, kai bendraujate su TransferGo.<\/p>\n<\/div><\/section>\n","protected":false},"excerpt":{"rendered":"","protected":false},"author":7,"featured_media":0,"parent":0,"menu_order":0,"comment_status":"closed","ping_status":"closed","template":"","meta":{"hideMenuColor":false,"footnotes":""},"class_list":["post-839678","page","type-page","status-publish","hentry"],"parsely":{"version":"1.1.0","canonical_url":"https:\/\/transfergo.com\/lt\/klientu-pazeidziamumas","smart_links":{"inbound":0,"outbound":0},"traffic_boost_suggestions_count":0,"meta":{"@context":"https:\/\/schema.org","@type":"WebPage","headline":"Customer vulnerability","url":"http:\/\/www.transfergo.com\/lt\/klientu-pazeidziamumas","mainEntityOfPage":{"@type":"WebPage","@id":"http:\/\/www.transfergo.com\/lt\/klientu-pazeidziamumas"},"thumbnailUrl":"","image":{"@type":"ImageObject","url":""},"articleSection":"Asmeniniai finansai","author":[{"@type":"Person","name":"Jennifer Tate"}],"creator":["Jennifer Tate"],"publisher":{"@type":"Organization","name":"TransferGo","logo":""},"keywords":[],"dateCreated":"2025-11-25T11:44:58Z","datePublished":"2025-11-25T11:44:58Z","dateModified":"2025-12-01T16:19:32Z"},"rendered":"<script type=\"application\/ld+json\" class=\"wp-parsely-metadata\">{\"@context\":\"https:\\\/\\\/schema.org\",\"@type\":\"WebPage\",\"headline\":\"Customer vulnerability\",\"url\":\"http:\\\/\\\/www.transfergo.com\\\/lt\\\/klientu-pazeidziamumas\",\"mainEntityOfPage\":{\"@type\":\"WebPage\",\"@id\":\"http:\\\/\\\/www.transfergo.com\\\/lt\\\/klientu-pazeidziamumas\"},\"thumbnailUrl\":\"\",\"image\":{\"@type\":\"ImageObject\",\"url\":\"\"},\"articleSection\":\"Asmeniniai finansai\",\"author\":[{\"@type\":\"Person\",\"name\":\"Jennifer Tate\"}],\"creator\":[\"Jennifer Tate\"],\"publisher\":{\"@type\":\"Organization\",\"name\":\"TransferGo\",\"logo\":\"\"},\"keywords\":[],\"dateCreated\":\"2025-11-25T11:44:58Z\",\"datePublished\":\"2025-11-25T11:44:58Z\",\"dateModified\":\"2025-12-01T16:19:32Z\"}<\/script>","tracker_url":"https:\/\/cdn.parsely.com\/keys\/transfergo.com\/p.js"},"jetpack_sharing_enabled":true,"hideMenuColor":false,"_links":{"self":[{"href":"https:\/\/www.transfergo.com\/lt\/wp-json\/wp\/v2\/pages\/839678","targetHints":{"allow":["GET"]}}],"collection":[{"href":"https:\/\/www.transfergo.com\/lt\/wp-json\/wp\/v2\/pages"}],"about":[{"href":"https:\/\/www.transfergo.com\/lt\/wp-json\/wp\/v2\/types\/page"}],"author":[{"embeddable":true,"href":"https:\/\/www.transfergo.com\/lt\/wp-json\/wp\/v2\/users\/7"}],"replies":[{"embeddable":true,"href":"https:\/\/www.transfergo.com\/lt\/wp-json\/wp\/v2\/comments?post=839678"}],"version-history":[{"count":2,"href":"https:\/\/www.transfergo.com\/lt\/wp-json\/wp\/v2\/pages\/839678\/revisions"}],"predecessor-version":[{"id":839680,"href":"https:\/\/www.transfergo.com\/lt\/wp-json\/wp\/v2\/pages\/839678\/revisions\/839680"}],"wp:attachment":[{"href":"https:\/\/www.transfergo.com\/lt\/wp-json\/wp\/v2\/media?parent=839678"}],"curies":[{"name":"wp","href":"https:\/\/api.w.org\/{rel}","templated":true}]}}