{"id":1286,"date":"2022-08-29T11:52:22","date_gmt":"2022-08-29T11:52:22","guid":{"rendered":"https:\/\/transfergo.wpengine.com\/confirmation-one-day"},"modified":"2024-12-16T13:51:50","modified_gmt":"2024-12-16T13:51:50","slug":"apstiprinajums-viena-diena","status":"publish","type":"page","link":"https:\/\/www.transfergo.com\/lv\/apstiprinajums-viena-diena","title":{"rendered":"Apstiprin\u0101jums viena diena"},"content":{"rendered":"\n<section class=\"wp-block-tg-hero-confirmation hero-confirmation container-fluid alignfull\" align=\"full\"><div class=\"container\">\n<h2 class=\"wp-block-heading has-text-align-center hero-confirmation__subtitle--top has-blue-900-color has-text-color\">LIELISKI!<\/h2>\n\n\n\n<h1 class=\"wp-block-heading has-text-align-center hero-confirmation__title has-blue-900-color has-text-color\"><mark style=\"background-color:rgba(0, 0, 0, 0)\" class=\"has-inline-color has-blue-500-color\">Paldies<\/mark>, ka pazi\u0146oj\u0101t mums par veikto iemaksu!<\/h1>\n\n\n\n<h5 class=\"wp-block-heading has-text-align-center hero-confirmation__subtitle--bottom has-blue-900-color has-text-color\">Tas var aiz\u0146emt l\u012bdz vienai darba dienai, kam\u0113r J\u016bsu iemaksa sasniegs m\u016bsu kontu.<\/h5>\n<\/div><\/section>\n\n\n\n<h2 class=\"wp-block-heading has-text-align-center\">What&#8217;s <mark style=\"background-color:rgba(0, 0, 0, 0)\" class=\"has-inline-color has-blue-500-color\">next<\/mark>?<\/h2>\n\n\n\n<div class=\"wp-block-buttons is-vertical is-content-justification-center is-layout-flex wp-container-core-buttons-is-layout-734eb2c2 wp-block-buttons-is-layout-flex\">\n<div class=\"wp-block-button is-style-button-blue-with-arrow-no-background\"><a class=\"wp-block-button__link wp-element-button\" href=\"https:\/\/transfergo.zendesk.com\/auth\/v2\/login\/signin?return_to=https%3A%2F%2Fsupport.transfergo.com%2Fhc%2Flv%2Farticles%2F206466626-Kad-mans-p%25C4%2581rskait%25C4%25ABjums-non%25C4%2581ks-pie-sa%25C5%2586%25C4%2593m%25C4%2593ja-&amp;theme=hc&amp;locale=lv&amp;brand_id=2233236&amp;auth_origin=2233236%2Ctrue%2Ctrue\" target=\"_blank\" rel=\"noopener\">T\u0101 k\u0101 bankas neapstr\u0101d\u0101 p\u0101rskait\u012bjumus ned\u0113\u013cas nogal\u0113s<\/a><\/div>\n\n\n\n<div class=\"wp-block-button is-style-button-blue-with-arrow-no-background\"><a class=\"wp-block-button__link wp-element-button\" href=\"https:\/\/support.transfergo.com\/hc\/lv\/articles\/207267033-P%C4%81rbaudiet-savu-p%C4%81rskait%C4%ABjuma-statusu?_gl=1%2A858n6g%2A_gcl_au%2ANjkyMjk5MDY0LjE3MzE5MzQ4NDM.%2A_ga%2AMjEzODEwNjQ3NS4xNzI0MTU4MDg2%2A_ga_N5YECT9QN2%2AMTczNDM0ODE1OS4xLjEuMTczNDM1Njg4NC4yOC4wLjA.\" target=\"_blank\" rel=\"noopener\">P\u0101rbaudiet sava p\u0101rskait\u012bjuma statusu<\/a><\/div>\n\n\n\n<div class=\"wp-block-button is-style-button-blue-with-arrow-no-background\"><a class=\"wp-block-button__link wp-element-button\" href=\"https:\/\/support.transfergo.com\/hc\/lv?_gl=1*858n6g*_gcl_au*NjkyMjk5MDY0LjE3MzE5MzQ4NDM.*_ga*MjEzODEwNjQ3NS4xNzI0MTU4MDg2*_ga_N5YECT9QN2*MTczNDM0ODE1OS4xLjEuMTczNDM1Njg4NC4yOC4wLjA.\" target=\"_blank\" rel=\"noopener\">Rodas jaut\u0101jumi? Apmekl\u0113jiet sada\u013cu \\Pal\u012bdz\u012bba\\\u201d\u201d<\/a><\/div>\n<\/div>\n","protected":false},"excerpt":{"rendered":"<p>What&#8217;s next?<\/p>\n","protected":false},"author":1,"featured_media":0,"parent":0,"menu_order":0,"comment_status":"closed","ping_status":"closed","template":"page-with-short-footer","meta":{"hideMenuColor":false,"footnotes":""},"class_list":["post-1286","page","type-page","status-publish","hentry"],"parsely":{"version":"1.1.0","canonical_url":"https:\/\/transfergo.com\/lv\/apstiprinajums-viena-diena","smart_links":{"inbound":0,"outbound":0},"traffic_boost_suggestions_count":0,"meta":{"@context":"https:\/\/schema.org","@type":"WebPage","headline":"Apstiprin\u0101jums viena diena","url":"http:\/\/www.transfergo.com\/lv\/apstiprinajums-viena-diena","mainEntityOfPage":{"@type":"WebPage","@id":"http:\/\/www.transfergo.com\/lv\/apstiprinajums-viena-diena"},"thumbnailUrl":"","image":{"@type":"ImageObject","url":""},"articleSection":"Person\u012bg\u0101s finanses","author":[{"@type":"Person","name":"TransferGo Team"}],"creator":["TransferGo Team"],"publisher":{"@type":"Organization","name":"TransferGo","logo":""},"keywords":[],"dateCreated":"2022-08-29T11:52:22Z","datePublished":"2022-08-29T11:52:22Z","dateModified":"2024-12-16T13:51:50Z"},"rendered":"<script type=\"application\/ld+json\" class=\"wp-parsely-metadata\">{\"@context\":\"https:\\\/\\\/schema.org\",\"@type\":\"WebPage\",\"headline\":\"Apstiprin\\u0101jums viena diena\",\"url\":\"http:\\\/\\\/www.transfergo.com\\\/lv\\\/apstiprinajums-viena-diena\",\"mainEntityOfPage\":{\"@type\":\"WebPage\",\"@id\":\"http:\\\/\\\/www.transfergo.com\\\/lv\\\/apstiprinajums-viena-diena\"},\"thumbnailUrl\":\"\",\"image\":{\"@type\":\"ImageObject\",\"url\":\"\"},\"articleSection\":\"Person\\u012bg\\u0101s finanses\",\"author\":[{\"@type\":\"Person\",\"name\":\"TransferGo Team\"}],\"creator\":[\"TransferGo Team\"],\"publisher\":{\"@type\":\"Organization\",\"name\":\"TransferGo\",\"logo\":\"\"},\"keywords\":[],\"dateCreated\":\"2022-08-29T11:52:22Z\",\"datePublished\":\"2022-08-29T11:52:22Z\",\"dateModified\":\"2024-12-16T13:51:50Z\"}<\/script>","tracker_url":"https:\/\/cdn.parsely.com\/keys\/transfergo.com\/p.js"},"jetpack_sharing_enabled":true,"hideMenuColor":false,"_links":{"self":[{"href":"https:\/\/www.transfergo.com\/lv\/wp-json\/wp\/v2\/pages\/1286","targetHints":{"allow":["GET"]}}],"collection":[{"href":"https:\/\/www.transfergo.com\/lv\/wp-json\/wp\/v2\/pages"}],"about":[{"href":"https:\/\/www.transfergo.com\/lv\/wp-json\/wp\/v2\/types\/page"}],"author":[{"embeddable":true,"href":"https:\/\/www.transfergo.com\/lv\/wp-json\/wp\/v2\/users\/1"}],"replies":[{"embeddable":true,"href":"https:\/\/www.transfergo.com\/lv\/wp-json\/wp\/v2\/comments?post=1286"}],"version-history":[{"count":0,"href":"https:\/\/www.transfergo.com\/lv\/wp-json\/wp\/v2\/pages\/1286\/revisions"}],"wp:attachment":[{"href":"https:\/\/www.transfergo.com\/lv\/wp-json\/wp\/v2\/media?parent=1286"}],"curies":[{"name":"wp","href":"https:\/\/api.w.org\/{rel}","templated":true}]}}