{"id":1316,"date":"2022-08-29T07:37:28","date_gmt":"2022-08-29T07:37:28","guid":{"rendered":"https:\/\/transfergo.wpengine.com\/story"},"modified":"2026-04-30T12:54:37","modified_gmt":"2026-04-30T12:54:37","slug":"pilns-stasts","status":"publish","type":"page","link":"https:\/\/www.transfergo.com\/lv\/pilns-stasts","title":{"rendered":"PILNS ST\u0100STS"},"content":{"rendered":"\n<section class=\"wp-block-tg-media-and-text media-and-text container-fluid alignfull is-style-square-image\" align=\"full\"><div class=\"container\">\n<div class=\"wp-block-media-text has-media-on-the-right is-stacked-on-mobile is-vertically-aligned-center media-and-text__container\"><div class=\"wp-block-media-text__content\">\n<p class=\"has-text-align-left media-and-text__paragraph has-blue-900-color has-text-color has-large-font-size\"><strong><strong>Piln\u012bgais st\u0101sts<\/strong><\/strong><\/p>\n\n\n\n<h1 class=\"wp-block-heading has-text-align-left media-and-text__heading is-style-h2-higher-header-style has-blue-900-color has-text-color\">TransferGo <br><mark style=\"background-color:rgba(0, 0, 0, 0)\" class=\"has-inline-color has-blue-500-color\">ra\u0161an\u0101s<\/mark><\/h1>\n\n\n\n<p class=\"has-text-align-left media-and-text__paragraph has-blue-900-color has-text-color\">Bija 2012. gads. M\u0113s \u010detri vad\u012bj\u0101m importa un eksporta biznesu un visu laiku s\u016bt\u012bj\u0101m naudu uz \u0101rzem\u0113m. Katrs p\u0101rskait\u012bjums noz\u012bm\u0113ja l\u0113nu pieg\u0101di, augstas maksas un neeksist\u0113jo\u0161u klientu atbalstu. M\u0113s st\u0101v\u0113j\u0101m rind\u0101s kioskos, s\u016bt\u012bj\u0101m naudu uz nepareizu valsti un nesa\u0146\u0113m\u0101m nek\u0101du kompens\u0101ciju, kad kaut kas nog\u0101ja greizi.<br><br>Mums tas bija apnicis. T\u0101p\u0113c m\u0113s izveidoj\u0101m ko lab\u0101ku. M\u0113s izveidoj\u0101m TransferGo.<\/p>\n<\/div><figure class=\"wp-block-media-text__media\"><img loading=\"lazy\" decoding=\"async\" width=\"451\" height=\"453\" src=\"https:\/\/www.transfergo.com\/wp-content\/uploads\/2024\/06\/Story-2-2.png\" alt=\"\" class=\"wp-image-71104 size-full\" srcset=\"https:\/\/www.transfergo.com\/wp-content\/uploads\/2024\/06\/Story-2-2.png 451w, https:\/\/www.transfergo.com\/wp-content\/uploads\/2024\/06\/Story-2-2.png?resize=150,150 150w, https:\/\/www.transfergo.com\/wp-content\/uploads\/2024\/06\/Story-2-2.png?resize=300,300 300w\" sizes=\"auto, (max-width: 451px) 100vw, 451px\" \/><\/figure><\/div>\n<\/div><\/section>\n\n\n\n<section class=\"wp-block-tg-media-and-text media-and-text container-fluid alignfull is-style-square-image has-bw-200-background-color has-background\" align=\"full\"><div class=\"container\">\n<div class=\"wp-block-media-text is-stacked-on-mobile is-vertically-aligned-center media-and-text__container\"><figure class=\"wp-block-media-text__media\"><img loading=\"lazy\" decoding=\"async\" width=\"451\" height=\"451\" src=\"https:\/\/www.transfergo.com\/wp-content\/uploads\/2024\/06\/Story-3-2.png\" alt=\"\" class=\"wp-image-71115 size-full\" srcset=\"https:\/\/www.transfergo.com\/wp-content\/uploads\/2024\/06\/Story-3-2.png 451w, https:\/\/www.transfergo.com\/wp-content\/uploads\/2024\/06\/Story-3-2.png?resize=150,150 150w, https:\/\/www.transfergo.com\/wp-content\/uploads\/2024\/06\/Story-3-2.png?resize=300,300 300w\" sizes=\"auto, (max-width: 451px) 100vw, 451px\" \/><\/figure><div class=\"wp-block-media-text__content\">\n<h2 class=\"wp-block-heading has-text-align-left media-and-text__heading is-style-h2-higher-header-style has-blue-900-color has-text-color\">Gr\u016bti <br><mark style=\"background-color:rgba(0, 0, 0, 0)\" class=\"has-inline-color has-blue-500-color\">s\u0101kumi<\/mark><\/h2>\n\n\n\n<p class=\"has-text-align-left media-and-text__paragraph has-blue-900-color has-text-color\">Tas nebija viegli. Se\u0161i m\u0113ne\u0161i regulat\u012bv\u0101s licenc\u0113\u0161anas procesam. V\u0113l \u010detri, lai atrastu banku, kas b\u016btu gatava ar mums str\u0101d\u0101t. Gada ietaup\u012bjumi, prom. Tad, tie\u0161i tad, kad klientiem m\u016bsu produkts iepatik\u0101s, banka ats\u016bt\u012bja mums v\u0113stuli. Vi\u0146i m\u016bs sl\u0113dza bez jebk\u0101da skaidrojuma, dodot tikai devi\u0146desmit dienas, lai izgl\u0101btu uz\u0146\u0113mumu.<br><br>M\u0113s nepl\u0101noj\u0101m padoties. Sac\u012bkst\u0113s ar laiku m\u0113s atrad\u0101m jaunu banku partneri. Uz\u0146\u0113mums izdz\u012bvoja, un kop\u0161 t\u0101 br\u012b\u017ea m\u0113s augam nep\u0101rtraukti.<\/p>\n<\/div><\/div>\n<\/div><\/section>\n\n\n\n<section class=\"wp-block-tg-media-and-text media-and-text container-fluid alignfull is-style-square-image\" align=\"full\"><div class=\"container\">\n<div class=\"wp-block-media-text has-media-on-the-right is-stacked-on-mobile is-vertically-aligned-center media-and-text__container\"><div class=\"wp-block-media-text__content\">\n<h2 class=\"wp-block-heading has-text-align-left media-and-text__heading is-style-h2-higher-header-style has-blue-900-color has-text-color\"><mark style=\"background-color:rgba(0, 0, 0, 0)\" class=\"has-inline-color has-blue-500-color\">Ce\u013c\u0161 uz<\/mark> pan\u0101kumiem<\/h2>\n\n\n\n<p class=\"has-text-align-left media-and-text__paragraph has-blue-900-color has-text-color\">\u0160odien viss izskat\u0101s pavisam cit\u0101di. Mums ir partner\u012bbas ar vair\u0101k nek\u0101 30 bank\u0101m vis\u0101 pasaul\u0113, un tas \u0161\u0137iet neticami, ja atceras, cik gr\u016bti k\u0101dreiz bija atrast pat vienu. M\u016bs nomin\u0113ja balvai \u201cFastest Rising Start-up\u201d TechCrunch Europa 2018, un TNW nosauca m\u016bs par vienu no pieciem karst\u0101kajiem strauji augo\u0161ajiem uz\u0146\u0113mumiem Apvienotaj\u0101 Karalist\u0113.<br><br>Ta\u010du visvair\u0101k m\u0113s gribam pateikties tie\u0161i tev. Tev, kur\u0161 smagi str\u0101d\u0101, s\u016bta naudu uz m\u0101j\u0101m un uztur savas \u0123imenes. M\u0113s izveidoj\u0101m TransferGo tev. Tas nekad nav main\u012bjies.<\/p>\n<\/div><figure class=\"wp-block-media-text__media\"><img loading=\"lazy\" decoding=\"async\" width=\"450\" height=\"442\" src=\"https:\/\/www.transfergo.com\/wp-content\/uploads\/2024\/06\/Story-4-2.png\" alt=\"\" class=\"wp-image-71126 size-full\" srcset=\"https:\/\/www.transfergo.com\/wp-content\/uploads\/2024\/06\/Story-4-2.png 450w, https:\/\/www.transfergo.com\/wp-content\/uploads\/2024\/06\/Story-4-2.png?resize=300,295 300w\" sizes=\"auto, (max-width: 450px) 100vw, 450px\" \/><\/figure><\/div>\n<\/div><\/section>\n\n\n\n<section class=\"wp-block-tg-media-and-text media-and-text container-fluid alignfull is-style-square-image has-bw-200-background-color has-background\" align=\"full\"><div class=\"container\">\n<div class=\"wp-block-media-text is-stacked-on-mobile is-vertically-aligned-center media-and-text__container\"><figure class=\"wp-block-media-text__media\"><img loading=\"lazy\" decoding=\"async\" width=\"450\" height=\"442\" src=\"https:\/\/www.transfergo.com\/wp-content\/uploads\/2024\/06\/Story-5-2.png\" alt=\"\" class=\"wp-image-71137 size-full\" srcset=\"https:\/\/www.transfergo.com\/wp-content\/uploads\/2024\/06\/Story-5-2.png 450w, https:\/\/www.transfergo.com\/wp-content\/uploads\/2024\/06\/Story-5-2.png?resize=300,295 300w\" sizes=\"auto, (max-width: 450px) 100vw, 450px\" \/><\/figure><div class=\"wp-block-media-text__content\">\n<h2 class=\"wp-block-heading has-text-align-left media-and-text__heading is-style-h2-higher-header-style has-blue-900-color has-text-color\">Gai\u0161a <br><mark style=\"background-color:rgba(0, 0, 0, 0)\" class=\"has-inline-color has-blue-500-color\">n\u0101kotne<\/mark><\/h2>\n\n\n\n<p class=\"has-text-align-left media-and-text__paragraph has-blue-900-color has-text-color\">Kop\u0161 2012. gada m\u0113s esam nog\u0101ju\u0161i t\u0101lu ce\u013cu, un m\u0113s tikai s\u0101kam. Vair\u0101k mar\u0161rutu, vair\u0101k val\u016btu, vair\u0101k produktu. Viss rad\u012bts, lai pal\u012bdz\u0113tu tev \u0101tri un l\u0113ti s\u016bt\u012bt naudu uz m\u0101j\u0101m. Lab\u0101kais no TransferGo v\u0113l ir priek\u0161\u0101.<\/p>\n<\/div><\/div>\n<\/div><\/section>\n\n\n\n<section class=\"wp-block-tg-banner-cta banner-cta container-fluid alignfull is-style-rounded\" align=\"full\"><div class=\"container\">\n<div class=\"wp-block-group banner-cta__container has-blue-50-background-color has-background is-vertical is-content-justification-center is-layout-flex wp-container-core-group-is-layout-ce155fab wp-block-group-is-layout-flex\">\n<div class=\"wp-block-group banner-cta__text-wrapper is-vertical is-content-justification-stretch is-layout-flex wp-container-core-group-is-layout-353c4f5a wp-block-group-is-layout-flex\">\n<h2 class=\"wp-block-heading has-text-align-center banner-cta__heading has-blue-900-color has-text-color\">M\u0113s esam \u0161eit, <mark style=\"background-color:rgba(0, 0, 0, 0)\" class=\"has-inline-color has-blue-500-color\">lai atvieglotu tev dz\u012bvi.<\/mark><\/h2>\n\n\n\n<p class=\"has-text-align-center\">Neatkar\u012bgi no t\u0101, vai tu maks\u0101 r\u0113\u0137inus, atbalsti \u0123imeni, pal\u012bdz uz\u0146\u0113mumiem vai risini \u0101rk\u0101rtas situ\u0101cijas\u2014m\u0113s gribam, lai tu vari veikt \u0101trus, l\u0113tu izmaksu naudas p\u0101rskait\u012bjumus dro\u0161i un uzticami. K\u0101p\u0113c? T\u0101p\u0113c ka v\u0113l pavisam nesen naudas s\u016bt\u012b\u0161ana bija \u012bsts murgs.<\/p>\n<\/div>\n\n\n\n<div class=\"wp-block-buttons banner-cta__buttons-wrapper is-content-justification-center is-layout-flex wp-container-core-buttons-is-layout-a89b3969 wp-block-buttons-is-layout-flex\">\n<div class=\"wp-block-button banner-cta__button is-style-fill\"><a class=\"wp-block-button__link wp-element-button\" href=\"https:\/\/app.transfergo.com\/lv\/login\" target=\"_blank\" rel=\"noopener\">S\u016bt\u012bt naudu tagad<\/a><\/div>\n<\/div>\n<\/div>\n<\/div><\/section>\n\n\n\n<div class=\"wp-block-buttons is-content-justification-center is-layout-flex wp-container-core-buttons-is-layout-c3d5205c wp-block-buttons-is-layout-flex\" style=\"margin-top:0;margin-bottom:0\">\n<div class=\"wp-block-button is-style-button-blue-with-reversed-arrow-no-background\"><a class=\"wp-block-button__link has-bw-900-color has-text-color has-link-color wp-element-button\" href=\"https:\/\/www.transfergo.com\/lv\/par-mums\">Atpaka\u013c uz lapu \u201cPar mums\u201d<\/a><\/div>\n<\/div>\n","protected":false},"excerpt":{"rendered":"","protected":false},"author":1,"featured_media":0,"parent":0,"menu_order":0,"comment_status":"closed","ping_status":"closed","template":"","meta":{"hideMenuColor":false,"footnotes":""},"class_list":["post-1316","page","type-page","status-publish","hentry"],"parsely":{"version":"1.1.0","canonical_url":"https:\/\/transfergo.com\/lv\/pilns-stasts","smart_links":{"inbound":0,"outbound":0},"traffic_boost_suggestions_count":0,"meta":{"@context":"https:\/\/schema.org","@type":"WebPage","headline":"PILNS ST\u0100STS","url":"http:\/\/www.transfergo.com\/lv\/pilns-stasts","mainEntityOfPage":{"@type":"WebPage","@id":"http:\/\/www.transfergo.com\/lv\/pilns-stasts"},"thumbnailUrl":"","image":{"@type":"ImageObject","url":""},"articleSection":"Person\u012bg\u0101s finanses","author":[{"@type":"Person","name":"TransferGo Team"}],"creator":["TransferGo Team"],"publisher":{"@type":"Organization","name":"TransferGo","logo":""},"keywords":[],"dateCreated":"2022-08-29T07:37:28Z","datePublished":"2022-08-29T07:37:28Z","dateModified":"2026-04-30T12:54:37Z"},"rendered":"<script type=\"application\/ld+json\" class=\"wp-parsely-metadata\">{\"@context\":\"https:\\\/\\\/schema.org\",\"@type\":\"WebPage\",\"headline\":\"PILNS ST\\u0100STS\",\"url\":\"http:\\\/\\\/www.transfergo.com\\\/lv\\\/pilns-stasts\",\"mainEntityOfPage\":{\"@type\":\"WebPage\",\"@id\":\"http:\\\/\\\/www.transfergo.com\\\/lv\\\/pilns-stasts\"},\"thumbnailUrl\":\"\",\"image\":{\"@type\":\"ImageObject\",\"url\":\"\"},\"articleSection\":\"Person\\u012bg\\u0101s finanses\",\"author\":[{\"@type\":\"Person\",\"name\":\"TransferGo Team\"}],\"creator\":[\"TransferGo Team\"],\"publisher\":{\"@type\":\"Organization\",\"name\":\"TransferGo\",\"logo\":\"\"},\"keywords\":[],\"dateCreated\":\"2022-08-29T07:37:28Z\",\"datePublished\":\"2022-08-29T07:37:28Z\",\"dateModified\":\"2026-04-30T12:54:37Z\"}<\/script>","tracker_url":"https:\/\/cdn.parsely.com\/keys\/transfergo.com\/p.js"},"jetpack_sharing_enabled":true,"hideMenuColor":false,"_links":{"self":[{"href":"https:\/\/www.transfergo.com\/lv\/wp-json\/wp\/v2\/pages\/1316","targetHints":{"allow":["GET"]}}],"collection":[{"href":"https:\/\/www.transfergo.com\/lv\/wp-json\/wp\/v2\/pages"}],"about":[{"href":"https:\/\/www.transfergo.com\/lv\/wp-json\/wp\/v2\/types\/page"}],"author":[{"embeddable":true,"href":"https:\/\/www.transfergo.com\/lv\/wp-json\/wp\/v2\/users\/1"}],"replies":[{"embeddable":true,"href":"https:\/\/www.transfergo.com\/lv\/wp-json\/wp\/v2\/comments?post=1316"}],"version-history":[{"count":5,"href":"https:\/\/www.transfergo.com\/lv\/wp-json\/wp\/v2\/pages\/1316\/revisions"}],"predecessor-version":[{"id":1449366,"href":"https:\/\/www.transfergo.com\/lv\/wp-json\/wp\/v2\/pages\/1316\/revisions\/1449366"}],"wp:attachment":[{"href":"https:\/\/www.transfergo.com\/lv\/wp-json\/wp\/v2\/media?parent=1316"}],"curies":[{"name":"wp","href":"https:\/\/api.w.org\/{rel}","templated":true}]}}