{"id":1356,"date":"2022-08-22T13:25:41","date_gmt":"2022-08-22T13:25:41","guid":{"rendered":"https:\/\/transfergo.wpengine.com\/overview"},"modified":"2024-11-26T12:09:19","modified_gmt":"2024-11-26T12:09:19","slug":"parskats","status":"publish","type":"page","link":"https:\/\/www.transfergo.com\/lv\/privatuma-politika\/parskats","title":{"rendered":"P\u0101rskats"},"content":{"rendered":"\n<section class=\"wp-block-tg-privacy-policy-hero privacy-policy-hero container-fluid alignfull\" align=\"full\"><div class=\"container\">\n<h1 class=\"wp-block-heading has-text-align-center privacy-policy-hero__title has-blue-900-color has-text-color\">Priv\u0101tuma Politika<\/h1>\n<\/div><\/section>\n\n\n\n<section class=\"wp-block-tg-terms-and-conditions-cards-with-button terms-and-conditions-cards-with-button container-fluid alignfull\" align=\"full\"><div class=\"container\">\n<div class=\"wp-block-group terms-and-conditions-cards-with-button__cards-wrapper is-layout-flow wp-block-group-is-layout-flow\">\n<a href=\"https:\/\/www.transfergo.com\/lv\/privatuma-politika\/pilns\" class=\"wp-block-tg-terms-and-conditions-card terms-and-conditions-card\">\n<figure class=\"wp-block-image aligncenter size-full terms-and-conditions-card__image\"><img decoding=\"async\" src=\"https:\/\/www.transfergo.com\/wp-content\/uploads\/2024\/11\/united-kingdom\u2022S-1.svg\" alt=\"\" class=\"wp-image-96499\"\/><\/figure>\n\n\n\n<h4 class=\"wp-block-heading has-text-align-center terms-and-conditions-card__title has-blue-500-color has-text-color\">Lietot\u0101ji Apvienotaj\u0101 Karalist\u0113<\/h4>\n<\/a>\n\n\n\n<a href=\"https:\/\/www.transfergo.com\/lv\/privatuma-politika\/pilns\" class=\"wp-block-tg-terms-and-conditions-card terms-and-conditions-card\">\n<figure class=\"wp-block-image aligncenter terms-and-conditions-card__image\"><img decoding=\"async\" src=\"https:\/\/www.transfergo.com\/wp-content\/plugins\/transfergo-blocks\/assets\/img\/flags\/EU.svg\" alt=\"\"\/><\/figure>\n\n\n\n<h4 class=\"wp-block-heading has-text-align-center terms-and-conditions-card__title has-blue-500-color has-text-color\">Lietot\u0101ji ES<\/h4>\n<\/a>\n\n\n\n<a href=\"https:\/\/www.transfergo.com\/lv\/privatuma-politika\/pilns-turcija\" class=\"wp-block-tg-terms-and-conditions-card terms-and-conditions-card\">\n<figure class=\"wp-block-image aligncenter size-full terms-and-conditions-card__image\"><img decoding=\"async\" src=\"https:\/\/www.transfergo.com\/wp-content\/uploads\/2024\/11\/turkey\u2022M.svg\" alt=\"\" class=\"wp-image-96439\"\/><\/figure>\n\n\n\n<h4 class=\"wp-block-heading has-text-align-center terms-and-conditions-card__title has-blue-500-color has-text-color\">Lietot\u0101ji Turcij\u0101<\/h4>\n<\/a>\n<\/div>\n<\/div><\/section>\n","protected":false},"excerpt":{"rendered":"","protected":false},"author":1,"featured_media":0,"parent":1406,"menu_order":0,"comment_status":"closed","ping_status":"closed","template":"page-with-short-footer","meta":{"hideMenuColor":false,"footnotes":""},"class_list":["post-1356","page","type-page","status-publish","hentry"],"parsely":{"version":"1.1.0","canonical_url":"https:\/\/transfergo.com\/lv\/privatuma-politika\/parskats","smart_links":{"inbound":0,"outbound":0},"traffic_boost_suggestions_count":0,"meta":{"@context":"https:\/\/schema.org","@type":"WebPage","headline":"P\u0101rskats","url":"http:\/\/www.transfergo.com\/lv\/privatuma-politika\/parskats","mainEntityOfPage":{"@type":"WebPage","@id":"http:\/\/www.transfergo.com\/lv\/privatuma-politika\/parskats"},"thumbnailUrl":"","image":{"@type":"ImageObject","url":""},"articleSection":"Person\u012bg\u0101s finanses","author":[{"@type":"Person","name":"TransferGo Team"}],"creator":["TransferGo Team"],"publisher":{"@type":"Organization","name":"TransferGo","logo":""},"keywords":[],"dateCreated":"2022-08-22T13:25:41Z","datePublished":"2022-08-22T13:25:41Z","dateModified":"2024-11-26T12:09:19Z"},"rendered":"<script type=\"application\/ld+json\" class=\"wp-parsely-metadata\">{\"@context\":\"https:\\\/\\\/schema.org\",\"@type\":\"WebPage\",\"headline\":\"P\\u0101rskats\",\"url\":\"http:\\\/\\\/www.transfergo.com\\\/lv\\\/privatuma-politika\\\/parskats\",\"mainEntityOfPage\":{\"@type\":\"WebPage\",\"@id\":\"http:\\\/\\\/www.transfergo.com\\\/lv\\\/privatuma-politika\\\/parskats\"},\"thumbnailUrl\":\"\",\"image\":{\"@type\":\"ImageObject\",\"url\":\"\"},\"articleSection\":\"Person\\u012bg\\u0101s finanses\",\"author\":[{\"@type\":\"Person\",\"name\":\"TransferGo Team\"}],\"creator\":[\"TransferGo Team\"],\"publisher\":{\"@type\":\"Organization\",\"name\":\"TransferGo\",\"logo\":\"\"},\"keywords\":[],\"dateCreated\":\"2022-08-22T13:25:41Z\",\"datePublished\":\"2022-08-22T13:25:41Z\",\"dateModified\":\"2024-11-26T12:09:19Z\"}<\/script>","tracker_url":"https:\/\/cdn.parsely.com\/keys\/transfergo.com\/p.js"},"jetpack_sharing_enabled":true,"hideMenuColor":false,"_links":{"self":[{"href":"https:\/\/www.transfergo.com\/lv\/wp-json\/wp\/v2\/pages\/1356","targetHints":{"allow":["GET"]}}],"collection":[{"href":"https:\/\/www.transfergo.com\/lv\/wp-json\/wp\/v2\/pages"}],"about":[{"href":"https:\/\/www.transfergo.com\/lv\/wp-json\/wp\/v2\/types\/page"}],"author":[{"embeddable":true,"href":"https:\/\/www.transfergo.com\/lv\/wp-json\/wp\/v2\/users\/1"}],"replies":[{"embeddable":true,"href":"https:\/\/www.transfergo.com\/lv\/wp-json\/wp\/v2\/comments?post=1356"}],"version-history":[{"count":0,"href":"https:\/\/www.transfergo.com\/lv\/wp-json\/wp\/v2\/pages\/1356\/revisions"}],"up":[{"embeddable":true,"href":"https:\/\/www.transfergo.com\/lv\/wp-json\/wp\/v2\/pages\/1406"}],"wp:attachment":[{"href":"https:\/\/www.transfergo.com\/lv\/wp-json\/wp\/v2\/media?parent=1356"}],"curies":[{"name":"wp","href":"https:\/\/api.w.org\/{rel}","templated":true}]}}