{"id":839352,"date":"2025-11-25T11:44:58","date_gmt":"2025-11-25T11:44:58","guid":{"rendered":"https:\/\/www.transfergo.com\/?page_id=839352"},"modified":"2025-11-27T14:05:23","modified_gmt":"2025-11-27T14:05:23","slug":"klientu-ievainojamiba","status":"publish","type":"page","link":"https:\/\/www.transfergo.com\/lv\/klientu-ievainojamiba","title":{"rendered":"Vulnerable customers"},"content":{"rendered":"\n<section class=\"wp-block-tg-terms-and-conditions-hero terms-and-conditions-hero container-fluid alignfull\" align=\"full\"><div class=\"container\">\n<h1 class=\"wp-block-heading has-text-align-center terms-and-conditions-hero__title has-blue-900-color has-text-color\"><strong><strong>Atbalsts klientiem ievainojam\u0101s situ\u0101cij\u0101s<\/strong><\/strong><\/h1>\n\n\n\n<div class=\"wp-block-group terms-and-conditions-hero__last-updated-wrapper is-layout-flow wp-block-group-is-layout-flow\">\n<p class=\"terms-and-conditions-hero__last-updated-text has-blue-900-color has-text-color has-medium-font-size\">SP\u0112K\u0100 ST\u0100\u0160AN\u0100S DATUMS:<\/p>\n\n\n\t<p class=\"terms-and-conditions-hero__last-updated-date has-blue-900-color has-text-color has-large-font-size\">\n\t\t27\/11\/2025\t<\/p>\n<\/div>\n<\/div><\/section>\n\n\n\n<section class=\"wp-block-tg-terms-and-conditions-main-content terms-and-conditions-main-content container-fluid\"><div class=\"container\">\n<p>TransferGo saprot, ka noteikti dz\u012bves notikumi vai person\u012bgie apst\u0101k\u013ci var ietekm\u0113t, k\u0101 cilv\u0113ki p\u0101rvalda savu naudu vai mijiedarbojas ar finan\u0161u pakalpojumiem.<\/p>\n\n\n\n<p>J\u016bs varat piedz\u012bvot ievainojam\u012bbu situ\u0101cij\u0101s, piem\u0113ram:<\/p>\n\n\n\n<ul class=\"wp-block-list\">\n<li>\u2022 b\u016btiskas dz\u012bves p\u0101rmai\u0146as (piem\u0113ram, tuvinieka zaud\u0113jums, slim\u012bba)<\/li>\n\n\n\n<li>\u2022 \u012bslaic\u012bgas finansi\u0101las gr\u016bt\u012bbas<\/li>\n\n\n\n<li>\u2022 ar vesel\u012bbu saist\u012bti izaicin\u0101jumi (tai skait\u0101 gar\u012bg\u0101s vai fizisk\u0101s vesel\u012bbas jom\u0101)<\/li>\n\n\n\n<li>\u2022 gr\u016bt\u012bbas izprast vai apstr\u0101d\u0101t inform\u0101ciju<\/li>\n\n\n\n<li>\u2022 emocion\u0101ls stress vai personiskas gr\u016bt\u012bbas<\/li>\n<\/ul>\n\n\n\n<p>Ikviena situ\u0101cija ir at\u0161\u0137ir\u012bga, un ievainojam\u012bba var b\u016bt \u012bslaic\u012bga, ilgsto\u0161a vai main\u012bties laika gait\u0101.<\/p>\n\n\n\n<h2 class=\"wp-block-heading\">M\u016bsu ap\u0146em\u0161an\u0101s<\/h2>\n\n\n\n<p>M\u0113s esam ap\u0146\u0113mu\u0161ies iztur\u0113ties pret visiem klientiem taisn\u012bgi un ar izpratni.<\/p>\n\n\n\n<p>Kad uzzin\u0101m, ka klientam var b\u016bt nepiecie\u0161ams papildu atbalsts, m\u0113s cen\u0161amies sazin\u0101ties skaidri, r\u012bkoties iej\u016bt\u012bgi un nodro\u0161in\u0101t inform\u0101ciju saprotam\u0101 veid\u0101.<\/p>\n\n\n\n<h2 class=\"wp-block-heading\">Ja j\u016btat, ka jums nepiecie\u0161ams papildu atbalsts<\/h2>\n\n\n\n<p>Ja j\u016bsu person\u012bgie apst\u0101k\u013ci ietekm\u0113 to, k\u0101 izmantojat m\u016bsu pakalpojumus, j\u016bs varat izv\u0113l\u0113ties par to inform\u0113t m\u016bsu atbalsta komandu sazi\u0146as laik\u0101.<\/p>\n\n\n\n<p>Jums j\u0101dal\u0101s tikai ar to inform\u0101ciju, ar kuru j\u016btaties \u0113rti, un viss, ko mums past\u0101st\u012bsiet, tiks glab\u0101ts konfidenci\u0101li.<\/p>\n\n\n\n<h2 class=\"wp-block-heading\">J\u016bsu priv\u0101tums ir svar\u012bgs<\/h2>\n\n\n\n<p>Jebkura inform\u0101cija, ko mums sniedzat, tiek apstr\u0101d\u0101ta dro\u0161i un saska\u0146\u0101 ar datu aizsardz\u012bbas pras\u012bb\u0101m. M\u0113s \u0161o inform\u0101ciju izmantojam tikai, lai sniegtu jums atbalstu, kad mijiedarbojaties ar TransferGo.<\/p>\n<\/div><\/section>\n","protected":false},"excerpt":{"rendered":"","protected":false},"author":7,"featured_media":0,"parent":0,"menu_order":0,"comment_status":"closed","ping_status":"closed","template":"","meta":{"hideMenuColor":false,"footnotes":""},"class_list":["post-839352","page","type-page","status-publish","hentry"],"parsely":{"version":"1.1.0","canonical_url":"https:\/\/transfergo.com\/lv\/klientu-ievainojamiba","smart_links":{"inbound":0,"outbound":0},"traffic_boost_suggestions_count":0,"meta":{"@context":"https:\/\/schema.org","@type":"WebPage","headline":"Vulnerable customers","url":"http:\/\/www.transfergo.com\/lv\/klientu-ievainojamiba","mainEntityOfPage":{"@type":"WebPage","@id":"http:\/\/www.transfergo.com\/lv\/klientu-ievainojamiba"},"thumbnailUrl":"","image":{"@type":"ImageObject","url":""},"articleSection":"Person\u012bg\u0101s finanses","author":[{"@type":"Person","name":"Jennifer Tate"}],"creator":["Jennifer Tate"],"publisher":{"@type":"Organization","name":"TransferGo","logo":""},"keywords":[],"dateCreated":"2025-11-25T11:44:58Z","datePublished":"2025-11-25T11:44:58Z","dateModified":"2025-11-27T14:05:23Z"},"rendered":"<script type=\"application\/ld+json\" class=\"wp-parsely-metadata\">{\"@context\":\"https:\\\/\\\/schema.org\",\"@type\":\"WebPage\",\"headline\":\"Vulnerable customers\",\"url\":\"http:\\\/\\\/www.transfergo.com\\\/lv\\\/klientu-ievainojamiba\",\"mainEntityOfPage\":{\"@type\":\"WebPage\",\"@id\":\"http:\\\/\\\/www.transfergo.com\\\/lv\\\/klientu-ievainojamiba\"},\"thumbnailUrl\":\"\",\"image\":{\"@type\":\"ImageObject\",\"url\":\"\"},\"articleSection\":\"Person\\u012bg\\u0101s finanses\",\"author\":[{\"@type\":\"Person\",\"name\":\"Jennifer Tate\"}],\"creator\":[\"Jennifer Tate\"],\"publisher\":{\"@type\":\"Organization\",\"name\":\"TransferGo\",\"logo\":\"\"},\"keywords\":[],\"dateCreated\":\"2025-11-25T11:44:58Z\",\"datePublished\":\"2025-11-25T11:44:58Z\",\"dateModified\":\"2025-11-27T14:05:23Z\"}<\/script>","tracker_url":"https:\/\/cdn.parsely.com\/keys\/transfergo.com\/p.js"},"jetpack_sharing_enabled":true,"hideMenuColor":false,"_links":{"self":[{"href":"https:\/\/www.transfergo.com\/lv\/wp-json\/wp\/v2\/pages\/839352","targetHints":{"allow":["GET"]}}],"collection":[{"href":"https:\/\/www.transfergo.com\/lv\/wp-json\/wp\/v2\/pages"}],"about":[{"href":"https:\/\/www.transfergo.com\/lv\/wp-json\/wp\/v2\/types\/page"}],"author":[{"embeddable":true,"href":"https:\/\/www.transfergo.com\/lv\/wp-json\/wp\/v2\/users\/7"}],"replies":[{"embeddable":true,"href":"https:\/\/www.transfergo.com\/lv\/wp-json\/wp\/v2\/comments?post=839352"}],"version-history":[{"count":2,"href":"https:\/\/www.transfergo.com\/lv\/wp-json\/wp\/v2\/pages\/839352\/revisions"}],"predecessor-version":[{"id":839354,"href":"https:\/\/www.transfergo.com\/lv\/wp-json\/wp\/v2\/pages\/839352\/revisions\/839354"}],"wp:attachment":[{"href":"https:\/\/www.transfergo.com\/lv\/wp-json\/wp\/v2\/media?parent=839352"}],"curies":[{"name":"wp","href":"https:\/\/api.w.org\/{rel}","templated":true}]}}