{"id":1158490,"date":"2026-03-11T14:29:08","date_gmt":"2026-03-11T14:29:08","guid":{"rendered":"https:\/\/www.transfergo.com\/?page_id=1158490"},"modified":"2026-04-17T14:11:26","modified_gmt":"2026-04-17T14:11:26","slug":"zapros-znajomych","status":"publish","type":"page","link":"https:\/\/www.transfergo.com\/pl\/zapros-znajomych","title":{"rendered":"Zapro\u015b znajomych"},"content":{"rendered":"\n<section class=\"wp-block-tg-hero-raf-welcome hero-raf container-fluid alignfull\" align=\"full\"><div class=\"container\">\n<div class=\"wp-block-group hero-raf__background-container is-layout-flow wp-block-group-is-layout-flow\">\n<div class=\"wp-block-cover is-light hero-raf__background-image\"><img decoding=\"async\" class=\"wp-block-cover__image-background size-full\" alt=\"\" src=\"https:\/\/www.transfergo.com\/wp-content\/plugins\/transfergo-blocks\/assets\/img\/hero-raf\/hero-background-desktop.webp\" data-object-fit=\"cover\"\/><span aria-hidden=\"true\" class=\"wp-block-cover__background has-background-dim-0 has-background-dim\"><\/span><div class=\"wp-block-cover__inner-container is-layout-constrained wp-block-cover-is-layout-constrained\">\n<figure class=\"wp-block-image size-large hero-raf__background-image--mobile\"><img loading=\"lazy\" decoding=\"async\" height=\"1024\" width=\"452\" src=\"https:\/\/www.transfergo.com\/wp-content\/uploads\/2026\/03\/raf-hero-mobile.webp?resize=452,1024\" alt=\"\" class=\"wp-image-987306\" srcset=\"https:\/\/www.transfergo.com\/wp-content\/uploads\/2026\/03\/raf-hero-mobile.webp 720w, https:\/\/www.transfergo.com\/wp-content\/uploads\/2026\/03\/raf-hero-mobile.webp?resize=132,300 132w, https:\/\/www.transfergo.com\/wp-content\/uploads\/2026\/03\/raf-hero-mobile.webp?resize=452,1024 452w, https:\/\/www.transfergo.com\/wp-content\/uploads\/2026\/03\/raf-hero-mobile.webp?resize=678,1536 678w\" sizes=\"auto, (max-width: 452px) 100vw, 452px\" \/><\/figure>\n\n\n\n<div class=\"wp-block-group hero-raf__bubbles is-layout-flow wp-block-group-is-layout-flow\">\n<div class=\"wp-block-group hero-raf__bubbles__inner is-layout-flow wp-block-group-is-layout-flow\">\n<div class=\"wp-block-group hero-raf__bubbles--top is-layout-flow wp-block-group-is-layout-flow\">\n<p class=\"hero-raf__bubble has-bw-100-background-color has-background has-large-font-size\"><strong>Wys\u0142ano<\/strong> 50 \u20ac<\/p>\n\n\n\n<p class=\"hero-raf__bubble has-bw-100-color has-blue-500-background-color has-text-color has-background has-link-color has-large-font-size wp-elements-9e6e8d991834c682724ce32f8cd3bab8\"><strong>Zarobiono<\/strong> 10 \u20ac<\/p>\n<\/div>\n\n\n\n<div class=\"wp-block-group hero-raf__bubbles--bottom is-layout-flow wp-block-group-is-layout-flow\">\n<div class=\"wp-block-group hero-raf__bubble--with-avatar is-layout-flow wp-block-group-is-layout-flow\">\n<figure class=\"wp-block-image size-thumbnail is-resized hero-raf__bubble-avatar\"><img decoding=\"async\" src=\"https:\/\/www.transfergo.com\/wp-content\/plugins\/transfergo-blocks\/assets\/img\/hero-raf\/hero-raf-avatar.webp\" alt=\"\"\/><\/figure>\n\n\n\n<p class=\"hero-raf__bubble has-blue-50-background-color has-background has-large-font-size\"><strong>Zaproszenie wys\u0142ane<\/strong><\/p>\n<\/div>\n<\/div>\n<\/div>\n<\/div>\n\n\n\n<div class=\"wp-block-group hero-raf__text-wrapper is-layout-flow wp-block-group-is-layout-flow\">\n<div class=\"wp-block-group hero-raf__subheading-wrapper is-layout-flow wp-block-group-is-layout-flow\">\n<p class=\"has-text-align-left hero-raf__subheading has-blue-900-color has-text-color\">TransferGo x<\/p>\n\n\n\n<p class=\"hero-raf__subheading-parameter wp-block-tg-hero-raf-parameter\">\n\t<mark class=\"has-inline-color has-blue-500-color\">\n\t\tTW\u00d3J PRZYJACIEL\t<\/mark>\n<\/p>\n<\/div>\n\n\n\n<h1 class=\"wp-block-heading has-text-align-left hero-raf__heading is-style-h2-higher-header-style has-blue-900-color has-text-color\">Wy\u015blij pieni\u0105dze i <mark style=\"background-color:rgba(0, 0, 0, 0)\" class=\"has-inline-color has-blue-500-color\">natychmiast otrzymaj 10 <mark style=\"background-color:rgba(0, 0, 0, 0)\" class=\"has-inline-color has-blue-500-color\">\u20ac<\/mark>.<\/mark><\/h1>\n\n\n\n<div class=\"wp-block-buttons hero-raf__buttons-wrapper is-content-justification-left is-layout-flex wp-container-core-buttons-is-layout-fc4fd283 wp-block-buttons-is-layout-flex\">\n<div class=\"wp-block-button hero-raf__button is-style-button-with-arrow\"><a class=\"wp-block-button__link wp-element-button\" href=\"https:\/\/app.transfergo.com\/pl\/register\" target=\"_blank\" rel=\"noopener\">Odbierz swoje 10 \u20ac ju\u017c teraz<\/a><\/div>\n<\/div>\n<\/div>\n<\/div><\/div>\n<\/div>\n<\/div><\/section>\n\n\n\n<section class=\"wp-block-tg-benefits benefits container-fluid alignfull\" align=\"full\"><div class=\"container\">\n<h2 class=\"wp-block-heading has-text-align-center benefits__title has-blue-900-color has-text-color\">Oto dlaczego ponad 9 milion\u00f3w klient\u00f3w ufa TransferGo\u2026<\/h2>\n\n\n\n<div class=\"wp-block-columns benefits__columns is-layout-flex wp-container-core-columns-is-layout-28f84493 wp-block-columns-is-layout-flex\">\n<div class=\"wp-block-column benefits__column is-layout-flow wp-block-column-is-layout-flow\">\n<figure class=\"wp-block-image aligncenter benefits__column-image\"><img decoding=\"async\" src=\"https:\/\/www.transfergo.com\/wp-content\/plugins\/transfergo-blocks\/assets\/img\/benefits\/high-speed.svg\" alt=\"High speed icon\"\/><\/figure>\n\n\n\n<h6 class=\"wp-block-heading has-text-align-center t2 benefits__column-title has-blue-500-color has-text-color\"><strong>Szybkie pr\u0119dko\u015bci<\/strong><\/h6>\n\n\n\n<p class=\"has-text-align-center benefits__column-subtitle has-blue-900-color has-text-color has-medium-font-size\">Wi\u0119kszo\u015b\u0107 przelew\u00f3w trwa 2-3 minuty! Mo\u017cesz wysy\u0142a\u0107 pieni\u0105dze nawet w weekend.<\/p>\n<\/div>\n\n\n\n<div class=\"wp-block-column benefits__column is-layout-flow wp-block-column-is-layout-flow\">\n<figure class=\"wp-block-image aligncenter benefits__column-image\"><img decoding=\"async\" src=\"https:\/\/www.transfergo.com\/wp-content\/plugins\/transfergo-blocks\/assets\/img\/benefits\/low-fees.svg\" alt=\"Low fees icon\"\/><\/figure>\n\n\n\n<h6 class=\"wp-block-heading has-text-align-center t2 benefits__column-title has-blue-500-color has-text-color\"><strong>Niskie op\u0142aty<\/strong><\/h6>\n\n\n\n<p class=\"has-text-align-center benefits__column-subtitle has-blue-900-color has-text-color has-medium-font-size\">Skorzystaj z atrakcyjnych kurs\u00f3w, niskich op\u0142at i dw\u00f3ch pierwszych przelew\u00f3w za darmo!<\/p>\n<\/div>\n\n\n\n<div class=\"wp-block-column benefits__column is-layout-flow wp-block-column-is-layout-flow\">\n<figure class=\"wp-block-image aligncenter benefits__column-image\"><img decoding=\"async\" src=\"https:\/\/www.transfergo.com\/wp-content\/plugins\/transfergo-blocks\/assets\/img\/benefits\/no-hassle.svg\" alt=\"No hassle icon\"\/><\/figure>\n\n\n\n<h6 class=\"wp-block-heading has-text-align-center t2 benefits__column-title has-blue-500-color has-text-color\"><strong>Bez zb\u0119dnych formalno\u015bci<\/strong><\/h6>\n\n\n\n<p class=\"has-text-align-center benefits__column-subtitle has-blue-900-color has-text-color has-medium-font-size\">Aplikacja jest bezp\u0142atna i \u0142atwa w obs\u0142udze.<\/p>\n<\/div>\n\n\n\n<div class=\"wp-block-column benefits__column is-layout-flow wp-block-column-is-layout-flow\">\n<figure class=\"wp-block-image aligncenter benefits__column-image\"><img decoding=\"async\" src=\"https:\/\/www.transfergo.com\/wp-content\/plugins\/transfergo-blocks\/assets\/img\/benefits\/global.svg\" alt=\"Global icon\"\/><\/figure>\n\n\n\n<h6 class=\"wp-block-heading has-text-align-center t2 benefits__column-title has-blue-500-color has-text-color\"><strong>Globalnie<\/strong><\/h6>\n\n\n\n<p class=\"has-text-align-center benefits__column-subtitle has-blue-900-color has-text-color has-medium-font-size\">Wysy\u0142aj pieni\u0105dze na karty, konta bankowe i do punkt\u00f3w wyp\u0142at got\u00f3wki w ponad 160 krajach na ca\u0142ym \u015bwiecie.<\/p>\n<\/div>\n\n\n\n<div class=\"wp-block-column benefits__column is-layout-flow wp-block-column-is-layout-flow\">\n<figure class=\"wp-block-image aligncenter benefits__column-image\"><img decoding=\"async\" src=\"https:\/\/www.transfergo.com\/wp-content\/plugins\/transfergo-blocks\/assets\/img\/benefits\/multilingual.svg\" alt=\"Multi-lingual icon\"\/><\/figure>\n\n\n\n<h6 class=\"wp-block-heading has-text-align-center t2 benefits__column-title has-blue-500-color has-text-color\"><strong>Wsparcie wieloj\u0119zyczne<\/strong><\/h6>\n\n\n\n<p class=\"has-text-align-center benefits__column-subtitle has-blue-900-color has-text-color has-medium-font-size\">Nasz pomocny i przyjazny zesp\u00f3\u0142 obs\u0142ugi klienta m\u00f3wi w 9 j\u0119zykach i jest zawsze gotowy do pomocy.<\/p>\n<\/div>\n\n\n\n<div class=\"wp-block-column benefits__column is-layout-flow wp-block-column-is-layout-flow\">\n<figure class=\"wp-block-image aligncenter benefits__column-image\"><img decoding=\"async\" src=\"https:\/\/www.transfergo.com\/wp-content\/plugins\/transfergo-blocks\/assets\/img\/benefits\/security.svg\" alt=\"Security icon\"\/><\/figure>\n\n\n\n<h6 class=\"wp-block-heading has-text-align-center t2 benefits__column-title has-blue-500-color has-text-color\"><strong>Bezpiecze\u0144stwo i autoryzacja FCA<\/strong><\/h6>\n\n\n\n<p class=\"has-text-align-center benefits__column-subtitle has-blue-900-color has-text-color has-medium-font-size\">Jeste\u015bmy regulowani przez prawo Wielkiej Brytanii i UE, a dzi\u0119ki najwy\u017cszej klasy zabezpieczeniom i szyfrowaniu dbamy o bezpiecze\u0144stwo Twoich pieni\u0119dzy.<\/p>\n<\/div>\n<\/div>\n<\/div><\/section>\n\n\n\n<section class=\"wp-block-tg-make-faster-transfers make-faster-transfers container-fluid\" data-subtitle=\"Zeskanuj, aby pobra\u0107 aplikacj\u0119 TransferGo\"><div class=\"container\">\n<h3 class=\"wp-block-heading has-text-align-left make-faster-transfers__title has-blue-900-color has-text-color\">Wysy\u0142aj przelewy gdziekolwiek jeste\u015b \u2014 pobierz aplikacj\u0119 TransferGo!<\/h3>\n\n\n\n<div class=\"wp-block-group badges is-layout-flow wp-block-group-is-layout-flow\">\n<div class=\"badges__container\">\n\t<div class=\"wp-block-button badges__button  is-style-button-with-arrow\" data-button-id=\"tg-3207274837\">\n\t\t<a class=\"wp-block-button__link wp-element-button\" href=\"https:\/\/transfergo.onelink.me\/3553566860\/auava1pk\" target=\"_blank\" rel=\"noreferrer noopener\">\n\t\t\tPobierz aplikacj\u0119\t\t<\/a>\n\t<\/div>\n\t<div class=\"badges__popup\" data-popup-id=\"tg-3207274837\">\n\t\t<div class=\"badges__popup-wrapper\">\n\t\t\t<button class=\"badges__popup-button\"><\/button>\n\t\t\t<p class=\"badges__popup-title wp-heading is-style-h4-higher-header-style\">\n\t\t\t\t<mark style=\"background-color:rgba(0, 0, 0, 0)\" class=\"has-inline-color has-blue-500-color\">\n\t\t\t\t\tZeskanuj,\t\t\t\t<\/mark>\n\t\t\t\t aby pobra\u0107 aplikacj\u0119 TransferGo\t\t\t<\/p>\n\t\t\t<img decoding=\"async\" class=\"badges__popup-image\" src=\"https:\/\/www.transfergo.com\/wp-content\/plugins\/transfergo-blocks\/assets\/img\/QR_code.webp\"\n\t\t\t\talt=\"http:\/\/QR%20code\"\/>\n\t\t<\/div>\n\t<\/div>\n<\/div>\n<\/div>\n\n\n\n<figure class=\"wp-block-image size-full make-faster-transfers__image make-faster-transfers__image--with-border\"><img loading=\"lazy\" decoding=\"async\" width=\"277\" height=\"600\" src=\"https:\/\/www.transfergo.com\/wp-content\/uploads\/2024\/12\/en-gb.png\" alt=\"\" class=\"wp-image-99202\" srcset=\"https:\/\/www.transfergo.com\/wp-content\/uploads\/2024\/12\/en-gb.png 277w, https:\/\/www.transfergo.com\/wp-content\/uploads\/2024\/12\/en-gb.png?resize=139,300 139w\" sizes=\"auto, (max-width: 277px) 100vw, 277px\" \/><\/figure>\n<\/div><\/section>\n\n\n\n<div style=\"height:8rem\" aria-hidden=\"true\" class=\"wp-block-spacer\"><\/div>\n","protected":false},"excerpt":{"rendered":"","protected":false},"author":106,"featured_media":0,"parent":0,"menu_order":0,"comment_status":"closed","ping_status":"closed","template":"","meta":{"hideMenuColor":false,"footnotes":""},"class_list":["post-1158490","page","type-page","status-publish","hentry"],"parsely":{"version":"1.1.0","canonical_url":"https:\/\/transfergo.com\/pl\/zapros-znajomych","smart_links":{"inbound":0,"outbound":0},"traffic_boost_suggestions_count":0,"meta":{"@context":"https:\/\/schema.org","@type":"WebPage","headline":"Zapro\u015b znajomych","url":"http:\/\/www.transfergo.com\/pl\/zapros-znajomych","mainEntityOfPage":{"@type":"WebPage","@id":"http:\/\/www.transfergo.com\/pl\/zapros-znajomych"},"thumbnailUrl":"","image":{"@type":"ImageObject","url":""},"articleSection":"Finanse osobiste","author":[{"@type":"Person","name":"Bo\u017eena Voitkevi\u010d"}],"creator":["Bo\u017eena Voitkevi\u010d"],"publisher":{"@type":"Organization","name":"TransferGo","logo":""},"keywords":[],"dateCreated":"2026-03-11T14:29:08Z","datePublished":"2026-03-11T14:29:08Z","dateModified":"2026-04-17T14:11:26Z"},"rendered":"<script type=\"application\/ld+json\" class=\"wp-parsely-metadata\">{\"@context\":\"https:\\\/\\\/schema.org\",\"@type\":\"WebPage\",\"headline\":\"Zapro\\u015b znajomych\",\"url\":\"http:\\\/\\\/www.transfergo.com\\\/pl\\\/zapros-znajomych\",\"mainEntityOfPage\":{\"@type\":\"WebPage\",\"@id\":\"http:\\\/\\\/www.transfergo.com\\\/pl\\\/zapros-znajomych\"},\"thumbnailUrl\":\"\",\"image\":{\"@type\":\"ImageObject\",\"url\":\"\"},\"articleSection\":\"Finanse osobiste\",\"author\":[{\"@type\":\"Person\",\"name\":\"Bo\\u017eena Voitkevi\\u010d\"}],\"creator\":[\"Bo\\u017eena Voitkevi\\u010d\"],\"publisher\":{\"@type\":\"Organization\",\"name\":\"TransferGo\",\"logo\":\"\"},\"keywords\":[],\"dateCreated\":\"2026-03-11T14:29:08Z\",\"datePublished\":\"2026-03-11T14:29:08Z\",\"dateModified\":\"2026-04-17T14:11:26Z\"}<\/script>","tracker_url":"https:\/\/cdn.parsely.com\/keys\/transfergo.com\/p.js"},"jetpack_sharing_enabled":true,"hideMenuColor":false,"_links":{"self":[{"href":"https:\/\/www.transfergo.com\/pl\/wp-json\/wp\/v2\/pages\/1158490","targetHints":{"allow":["GET"]}}],"collection":[{"href":"https:\/\/www.transfergo.com\/pl\/wp-json\/wp\/v2\/pages"}],"about":[{"href":"https:\/\/www.transfergo.com\/pl\/wp-json\/wp\/v2\/types\/page"}],"author":[{"embeddable":true,"href":"https:\/\/www.transfergo.com\/pl\/wp-json\/wp\/v2\/users\/106"}],"replies":[{"embeddable":true,"href":"https:\/\/www.transfergo.com\/pl\/wp-json\/wp\/v2\/comments?post=1158490"}],"version-history":[{"count":11,"href":"https:\/\/www.transfergo.com\/pl\/wp-json\/wp\/v2\/pages\/1158490\/revisions"}],"predecessor-version":[{"id":1300397,"href":"https:\/\/www.transfergo.com\/pl\/wp-json\/wp\/v2\/pages\/1158490\/revisions\/1300397"}],"wp:attachment":[{"href":"https:\/\/www.transfergo.com\/pl\/wp-json\/wp\/v2\/media?parent=1158490"}],"curies":[{"name":"wp","href":"https:\/\/api.w.org\/{rel}","templated":true}]}}