{"id":1308,"date":"2022-08-29T11:05:00","date_gmt":"2022-08-29T11:05:00","guid":{"rendered":"https:\/\/pl.transfergo.wpengine.com\/confirmation-weekend"},"modified":"2025-05-14T10:44:16","modified_gmt":"2025-05-14T10:44:16","slug":"potwierdzenie-w-weekend","status":"publish","type":"page","link":"https:\/\/www.transfergo.com\/pl\/potwierdzenie-w-weekend","title":{"rendered":"Potwierdzenie w weekend"},"content":{"rendered":"\n<section class=\"wp-block-tg-hero-confirmation hero-confirmation container-fluid alignfull\" align=\"full\"><div class=\"container\">\n<h2 class=\"wp-block-heading has-text-align-center hero-confirmation__subtitle--top has-blue-900-color has-text-color\">SUPER!<\/h2>\n\n\n\n<h1 class=\"wp-block-heading has-text-align-center hero-confirmation__title has-blue-900-color has-text-color\"><mark class=\"has-inline-color has-blue-500-color\">Dzi\u0119kujemy<\/mark> za powiadomienie nas o Twojej wp\u0142acie!<\/h1>\n\n\n\n<h5 class=\"wp-block-heading has-text-align-center hero-confirmation__subtitle--bottom has-blue-900-color has-text-color\">Twoja wp\u0142ata powinna dotrze\u0107 na nasze konto w poniedzia\u0142ek, poniewa\u017c<br>banki nie realizuj\u0105 przelew\u00f3w w weekendy.<\/h5>\n<\/div><\/section>\n\n\n\n<h2 class=\"wp-block-heading has-text-align-center\">Co <mark class=\"has-inline-color has-blue-500-color\">dalej<\/mark>?<\/h2>\n\n\n\n<div class=\"wp-block-buttons is-vertical is-content-justification-center is-layout-flex wp-container-core-buttons-is-layout-734eb2c2 wp-block-buttons-is-layout-flex\">\n<div class=\"wp-block-button is-style-button-blue-with-arrow-no-background\"><a class=\"wp-block-button__link wp-element-button\" href=\"https:\/\/transfergo.zendesk.com\/auth\/v2\/login\/signin?return_to=https%3A%2F%2Fsupport.transfergo.com%2Fhc%2Fpl%2Farticles%2F206818513-Jaki-jest-czas-realizacji-przelewu-&amp;theme=hc&amp;locale=pl&amp;brand_id=2233236&amp;auth_origin=2233236%2Ctrue%2Ctrue\" target=\"_blank\" rel=\"noopener\">Jaki jest czas realizacji przelewu?<\/a><\/div>\n\n\n\n<div class=\"wp-block-button is-style-button-blue-with-arrow-no-background\"><a class=\"wp-block-button__link wp-element-button\" href=\"https:\/\/support.transfergo.com\/hc\/pl\/articles\/207513493-Sprawd%C5%BA-status-przelewu?_gl=1%2A1tp6gom%2A_gcl_au%2ANjkyMjk5MDY0LjE3MzE5MzQ4NDM.%2A_ga%2AMjEzODEwNjQ3NS4xNzI0MTU4MDg2%2A_ga_N5YECT9QN2%2AMTczNDM0ODE1OS4xLjEuMTczNDM1ODkxOS4xMi4wLjA.\" target=\"_blank\" rel=\"noopener\">Sprawd\u017a status Twojego przelewu<\/a><\/div>\n\n\n\n<div class=\"wp-block-button is-style-button-blue-with-arrow-no-background\"><a class=\"wp-block-button__link wp-element-button\" href=\"https:\/\/support.transfergo.com\/hc\/pl?_gl=1*1tp6gom*_gcl_au*NjkyMjk5MDY0LjE3MzE5MzQ4NDM.*_ga*MjEzODEwNjQ3NS4xNzI0MTU4MDg2*_ga_N5YECT9QN2*MTczNDM0ODE1OS4xLjEuMTczNDM1ODkxOS4xMi4wLjA.\" target=\"_blank\" rel=\"noopener\">Masz wi\u0119cej pyta\u0144? Sprawd\u017a nasz dzia\u0142 Pomocy<\/a><\/div>\n<\/div>\n","protected":false},"excerpt":{"rendered":"<p>Co dalej?<\/p>\n","protected":false},"author":1,"featured_media":0,"parent":0,"menu_order":0,"comment_status":"closed","ping_status":"closed","template":"page-with-short-footer","meta":{"hideMenuColor":false,"footnotes":""},"class_list":["post-1308","page","type-page","status-publish","hentry"],"parsely":{"version":"1.1.0","canonical_url":"https:\/\/transfergo.com\/pl\/potwierdzenie-w-weekend","smart_links":{"inbound":0,"outbound":0},"traffic_boost_suggestions_count":0,"meta":{"@context":"https:\/\/schema.org","@type":"WebPage","headline":"Potwierdzenie w weekend","url":"http:\/\/www.transfergo.com\/pl\/potwierdzenie-w-weekend","mainEntityOfPage":{"@type":"WebPage","@id":"http:\/\/www.transfergo.com\/pl\/potwierdzenie-w-weekend"},"thumbnailUrl":"","image":{"@type":"ImageObject","url":""},"articleSection":"Finanse osobiste","author":[{"@type":"Person","name":"TransferGo Team"}],"creator":["TransferGo Team"],"publisher":{"@type":"Organization","name":"TransferGo","logo":""},"keywords":[],"dateCreated":"2022-08-29T11:05:00Z","datePublished":"2022-08-29T11:05:00Z","dateModified":"2025-05-14T10:44:16Z"},"rendered":"<script type=\"application\/ld+json\" class=\"wp-parsely-metadata\">{\"@context\":\"https:\\\/\\\/schema.org\",\"@type\":\"WebPage\",\"headline\":\"Potwierdzenie w weekend\",\"url\":\"http:\\\/\\\/www.transfergo.com\\\/pl\\\/potwierdzenie-w-weekend\",\"mainEntityOfPage\":{\"@type\":\"WebPage\",\"@id\":\"http:\\\/\\\/www.transfergo.com\\\/pl\\\/potwierdzenie-w-weekend\"},\"thumbnailUrl\":\"\",\"image\":{\"@type\":\"ImageObject\",\"url\":\"\"},\"articleSection\":\"Finanse osobiste\",\"author\":[{\"@type\":\"Person\",\"name\":\"TransferGo Team\"}],\"creator\":[\"TransferGo Team\"],\"publisher\":{\"@type\":\"Organization\",\"name\":\"TransferGo\",\"logo\":\"\"},\"keywords\":[],\"dateCreated\":\"2022-08-29T11:05:00Z\",\"datePublished\":\"2022-08-29T11:05:00Z\",\"dateModified\":\"2025-05-14T10:44:16Z\"}<\/script>","tracker_url":"https:\/\/cdn.parsely.com\/keys\/transfergo.com\/p.js"},"jetpack_sharing_enabled":true,"hideMenuColor":false,"_links":{"self":[{"href":"https:\/\/www.transfergo.com\/pl\/wp-json\/wp\/v2\/pages\/1308","targetHints":{"allow":["GET"]}}],"collection":[{"href":"https:\/\/www.transfergo.com\/pl\/wp-json\/wp\/v2\/pages"}],"about":[{"href":"https:\/\/www.transfergo.com\/pl\/wp-json\/wp\/v2\/types\/page"}],"author":[{"embeddable":true,"href":"https:\/\/www.transfergo.com\/pl\/wp-json\/wp\/v2\/users\/1"}],"replies":[{"embeddable":true,"href":"https:\/\/www.transfergo.com\/pl\/wp-json\/wp\/v2\/comments?post=1308"}],"version-history":[{"count":1,"href":"https:\/\/www.transfergo.com\/pl\/wp-json\/wp\/v2\/pages\/1308\/revisions"}],"predecessor-version":[{"id":242240,"href":"https:\/\/www.transfergo.com\/pl\/wp-json\/wp\/v2\/pages\/1308\/revisions\/242240"}],"wp:attachment":[{"href":"https:\/\/www.transfergo.com\/pl\/wp-json\/wp\/v2\/media?parent=1308"}],"curies":[{"name":"wp","href":"https:\/\/api.w.org\/{rel}","templated":true}]}}