{"id":1388,"date":"2022-08-21T03:56:41","date_gmt":"2022-08-21T03:56:41","guid":{"rendered":"https:\/\/pl.transfergo.wpengine.com\/referral-gift"},"modified":"2026-01-22T10:50:27","modified_gmt":"2026-01-22T10:50:27","slug":"nagroda-za-polecenie","status":"publish","type":"page","link":"https:\/\/www.transfergo.com\/pl\/nagroda-za-polecenie","title":{"rendered":"Nagroda za polecenie"},"content":{"rendered":"\r\n<section class=\"wp-block-tg-hero-refer-a-friend hero-refer-a-friend container-fluid alignfull\" align=\"full\"><div class=\"container\">\r\n<div class=\"wp-block-columns hero-refer-a-friend__columns is-layout-flex wp-container-core-columns-is-layout-28f84493 wp-block-columns-is-layout-flex\">\r\n<div class=\"wp-block-column hero-refer-a-friend__column is-layout-flow wp-block-column-is-layout-flow\">\n<p class=\"is-style-h2-higher-header-style wp-block-tg-hero-raf-parameter\">\n\t<mark class=\"has-inline-color has-blue-500-color\">\n\t\tTW\u00d3J PRZYJACIEL\t<\/mark>\n<\/p>\n\r\n\r\n<h1 class=\"wp-block-heading hero-refer-a-friend__title is-style-h4-higher-header-style\">zaprasza Ci\u0119 do TransferGo<\/h1>\r\n\r\n<p  class=\"hero-refer-a-friend__subtitle\">Wysy\u0142aj pieni\u0105dze taniej i zyskaj dwa pierwsze przelewy za darmo!<\/p>\r\n\r\n\r\n\r\n<div class=\"wp-block-button hero-refer-a-friend__button is-style-button-with-arrow\"><a class=\"wp-block-button__link wp-element-button\" href=\"https:\/\/app.transfergo.com\/pl\/login\" target=\"_blank\" rel=\"noopener\">Zaakceptuj zaproszenie<\/a><\/div><\/div>\r\n\r\n\r\n\r\n<div class=\"wp-block-column hero-refer-a-friend__column hero-refer-a-friend__column--images is-layout-flow wp-block-column-is-layout-flow\">\r\n<figure class=\"wp-block-image hero-refer-a-friend__image\"><img decoding=\"async\" src=\"https:\/\/www.transfergo.com\/wp-content\/plugins\/transfergo-blocks\/assets\/img\/hero-refer-a-friend\/hero-refer-a-friend-image-male.webp\" alt=\"\"\/><\/figure>\r\n\r\n\r\n\r\n<figure class=\"wp-block-image hero-refer-a-friend__image\"><img decoding=\"async\" src=\"https:\/\/www.transfergo.com\/wp-content\/plugins\/transfergo-blocks\/assets\/img\/hero-refer-a-friend\/hero-refer-a-friend-image-female.webp\" alt=\"\"\/><\/figure>\r\n<\/div>\r\n<\/div>\r\n<\/div><\/section>\r\n\n\n\n<section class=\"wp-block-tg-benefits benefits  container-fluid\"><div class=\"container\">\n<h2 class=\"wp-block-heading has-text-align-center benefits__title has-blue-900-color has-text-color\">Oto dlaczego ponad 8 milion\u00f3w klient\u00f3w zaufa\u0142o TransferGo\u2026<\/h2>\n\n\n\n<div class=\"wp-block-columns benefits__columns is-layout-flex wp-container-core-columns-is-layout-28f84493 wp-block-columns-is-layout-flex\">\n<div class=\"wp-block-column benefits__column is-layout-flow wp-block-column-is-layout-flow\">\n<figure class=\"wp-block-image aligncenter benefits__column-image\"><img decoding=\"async\" src=\"https:\/\/www.transfergo.com\/pl\/wp-content\/plugins\/transfergo-blocks\/assets\/img\/benefits\/high-speed.svg\" alt=\"High speed icon\"\/><\/figure>\n\n\n\n<h6 class=\"wp-block-heading has-text-align-center t2 benefits__column-title has-blue-500-color has-text-color\"><strong>Szybko<\/strong><\/h6>\n\n\n\n<p class=\"has-text-align-center benefits__column-subtitle has-blue-900-color has-text-color has-medium-font-size\">Wi\u0119kszo\u015b\u0107 przelew\u00f3w zajmuje 2\u20133 minuty! Mo\u017cesz przelewa\u0107 \u015brodki nawet w weekendy.<\/p>\n<\/div>\n\n\n\n<div class=\"wp-block-column benefits__column is-layout-flow wp-block-column-is-layout-flow\">\n<figure class=\"wp-block-image aligncenter benefits__column-image\"><img decoding=\"async\" src=\"https:\/\/www.transfergo.com\/pl\/wp-content\/plugins\/transfergo-blocks\/assets\/img\/benefits\/low-fees.svg\" alt=\"Low fees icon\"\/><\/figure>\n\n\n\n<h6 class=\"wp-block-heading has-text-align-center t2 benefits__column-title has-blue-500-color has-text-color\"><strong>Niskie op\u0142aty<\/strong><\/h6>\n\n\n\n<p class=\"has-text-align-center benefits__column-subtitle has-blue-900-color has-text-color has-medium-font-size\">Zyskaj korzystne stawki i niskie op\u0142aty \u2014 a do tego pierwsze dwa przelewy za darmo!<\/p>\n<\/div>\n\n\n\n<div class=\"wp-block-column benefits__column is-layout-flow wp-block-column-is-layout-flow\">\n<figure class=\"wp-block-image aligncenter benefits__column-image\"><img decoding=\"async\" src=\"https:\/\/www.transfergo.com\/pl\/wp-content\/plugins\/transfergo-blocks\/assets\/img\/benefits\/no-hassle.svg\" alt=\"No hassle icon\"\/><\/figure>\n\n\n\n<h6 class=\"wp-block-heading has-text-align-center t2 benefits__column-title has-blue-500-color has-text-color\"><strong>Bez problem\u00f3w<\/strong><\/h6>\n\n\n\n<p class=\"has-text-align-center benefits__column-subtitle has-blue-900-color has-text-color has-medium-font-size\">Mo\u017cesz pobra\u0107 aplikacj\u0119 za darmo i z \u0142atwo\u015bci\u0105 z niej korzysta\u0107.<\/p>\n<\/div>\n\n\n\n<div class=\"wp-block-column benefits__column is-layout-flow wp-block-column-is-layout-flow\">\n<figure class=\"wp-block-image aligncenter benefits__column-image\"><img decoding=\"async\" src=\"https:\/\/www.transfergo.com\/pl\/wp-content\/plugins\/transfergo-blocks\/assets\/img\/benefits\/global.svg\" alt=\"Global icon\"\/><\/figure>\n\n\n\n<h6 class=\"wp-block-heading has-text-align-center t2 benefits__column-title has-blue-500-color has-text-color\"><strong>Globalnie<\/strong><\/h6>\n\n\n\n<p class=\"has-text-align-center benefits__column-subtitle has-blue-900-color has-text-color has-medium-font-size\">Przesy\u0142aj \u015brodki na karty i konta bankowe w ponad 160 krajach \u015bwiata.<\/p>\n<\/div>\n\n\n\n<div class=\"wp-block-column benefits__column is-layout-flow wp-block-column-is-layout-flow\">\n<figure class=\"wp-block-image aligncenter benefits__column-image\"><img decoding=\"async\" src=\"https:\/\/www.transfergo.com\/pl\/wp-content\/plugins\/transfergo-blocks\/assets\/img\/benefits\/multilingual.svg\" alt=\"Multi-lingual icon\"\/><\/figure>\n\n\n\n<h6 class=\"wp-block-heading has-text-align-center t2 benefits__column-title has-blue-500-color has-text-color\"><strong>Wsparcie klienta w wielu j\u0119zykach<\/strong><\/h6>\n\n\n\n<p class=\"has-text-align-center benefits__column-subtitle has-blue-900-color has-text-color has-medium-font-size\">Nasz przyjazny klientom zesp\u00f3\u0142 obs\u0142ugi klienta m\u00f3wi w 9 j\u0119zykach i ch\u0119tnie Ci pomo\u017ce.<\/p>\n<\/div>\n\n\n\n<div class=\"wp-block-column benefits__column is-layout-flow wp-block-column-is-layout-flow\">\n<figure class=\"wp-block-image aligncenter benefits__column-image\"><img decoding=\"async\" src=\"https:\/\/www.transfergo.com\/pl\/wp-content\/plugins\/transfergo-blocks\/assets\/img\/benefits\/security.svg\" alt=\"Security icon\"\/><\/figure>\n\n\n\n<h6 class=\"wp-block-heading has-text-align-center t2 benefits__column-title has-blue-500-color has-text-color\"><strong>Bezpiecze\u0144stwo i autoryzacja FCA<\/strong><\/h6>\n\n\n\n<p class=\"has-text-align-center benefits__column-subtitle has-blue-900-color has-text-color has-medium-font-size\">Podlegamy prawu brytyjskiemu i prawu UE. Korzystamy z najwy\u017cszej jako\u015bci zabezpiecze\u0144 i szyfrowania, aby zapewni\u0107 bezpiecze\u0144stwo Twoich \u015brodk\u00f3w.<\/p>\n<\/div>\n<\/div>\n<\/div><\/section>\n\n\n\n<section class=\"wp-block-tg-make-faster-transfers make-faster-transfers container-fluid\" data-subtitle=\"Zeskanuj, aby pobra\u0107 aplikacj\u0119 TransferGo\"><div class=\"container\">\n<h3 class=\"wp-block-heading has-text-align-left make-faster-transfers__title has-blue-900-color has-text-color\">R\u00f3b przelewy szybko i \u0142atwo \u2014<br>Pobierz aplikacj\u0119 TransferGo!<\/h3>\n\n\n\n<div class=\"wp-block-group badges is-layout-flow wp-block-group-is-layout-flow\">\n<div class=\"badges__container\">\n\t<div class=\"wp-block-button badges__button  is-style-button-with-arrow\" data-button-id=\"tg-2076777112\">\n\t\t<a class=\"wp-block-button__link wp-element-button\" href=\"https:\/\/transfergo.onelink.me\/3553566860\/auava1pk\" target=\"_blank\" rel=\"noreferrer noopener\">\n\t\t\tPobierz aplikacj\u0119\t\t<\/a>\n\t<\/div>\n\t<div class=\"badges__popup\" data-popup-id=\"tg-2076777112\">\n\t\t<div class=\"badges__popup-wrapper\">\n\t\t\t<button class=\"badges__popup-button\"><\/button>\n\t\t\t<p class=\"badges__popup-title wp-heading is-style-h4-higher-header-style\">\n\t\t\t\t<mark style=\"background-color:rgba(0, 0, 0, 0)\" class=\"has-inline-color has-blue-500-color\">\n\t\t\t\t\tZeskanuj,\t\t\t\t<\/mark>\n\t\t\t\t aby pobra\u0107 aplikacj\u0119 TransferGo\t\t\t<\/p>\n\t\t\t<img decoding=\"async\" class=\"badges__popup-image\" src=\"https:\/\/www.transfergo.com\/wp-content\/plugins\/transfergo-blocks\/assets\/img\/QR_code.webp\"\n\t\t\t\talt=\"http:\/\/QR%20code\"\/>\n\t\t<\/div>\n\t<\/div>\n<\/div>\n<\/div>\n\n\n\n<figure class=\"wp-block-image size-full make-faster-transfers__image make-faster-transfers__image--with-border\"><img loading=\"lazy\" decoding=\"async\" width=\"473\" height=\"1024\" src=\"https:\/\/www.transfergo.com\/pl\/wp-content\/uploads\/2025\/05\/pl-phone-app.webp\" alt=\"\" class=\"wp-image-251608\" srcset=\"https:\/\/www.transfergo.com\/wp-content\/uploads\/2025\/05\/pl-phone-app.webp 473w, https:\/\/www.transfergo.com\/wp-content\/uploads\/2025\/05\/pl-phone-app.webp?resize=139,300 139w\" sizes=\"auto, (max-width: 473px) 100vw, 473px\" \/><\/figure>\n<\/div><\/section>\n\n\n\n<div style=\"height:8rem\" aria-hidden=\"true\" class=\"wp-block-spacer\"><\/div>\n","protected":false},"excerpt":{"rendered":"","protected":false},"author":1,"featured_media":0,"parent":0,"menu_order":0,"comment_status":"closed","ping_status":"closed","template":"landing","meta":{"hideMenuColor":false,"footnotes":""},"class_list":["post-1388","page","type-page","status-publish","hentry"],"parsely":{"version":"1.1.0","canonical_url":"https:\/\/transfergo.com\/pl\/nagroda-za-polecenie","smart_links":{"inbound":0,"outbound":0},"traffic_boost_suggestions_count":0,"meta":{"@context":"https:\/\/schema.org","@type":"WebPage","headline":"Nagroda za polecenie","url":"http:\/\/www.transfergo.com\/pl\/nagroda-za-polecenie","mainEntityOfPage":{"@type":"WebPage","@id":"http:\/\/www.transfergo.com\/pl\/nagroda-za-polecenie"},"thumbnailUrl":"","image":{"@type":"ImageObject","url":""},"articleSection":"Finanse osobiste","author":[{"@type":"Person","name":"TransferGo Team"}],"creator":["TransferGo Team"],"publisher":{"@type":"Organization","name":"TransferGo","logo":""},"keywords":[],"dateCreated":"2022-08-21T03:56:41Z","datePublished":"2022-08-21T03:56:41Z","dateModified":"2026-01-22T10:50:27Z"},"rendered":"<script type=\"application\/ld+json\" class=\"wp-parsely-metadata\">{\"@context\":\"https:\\\/\\\/schema.org\",\"@type\":\"WebPage\",\"headline\":\"Nagroda za polecenie\",\"url\":\"http:\\\/\\\/www.transfergo.com\\\/pl\\\/nagroda-za-polecenie\",\"mainEntityOfPage\":{\"@type\":\"WebPage\",\"@id\":\"http:\\\/\\\/www.transfergo.com\\\/pl\\\/nagroda-za-polecenie\"},\"thumbnailUrl\":\"\",\"image\":{\"@type\":\"ImageObject\",\"url\":\"\"},\"articleSection\":\"Finanse osobiste\",\"author\":[{\"@type\":\"Person\",\"name\":\"TransferGo Team\"}],\"creator\":[\"TransferGo Team\"],\"publisher\":{\"@type\":\"Organization\",\"name\":\"TransferGo\",\"logo\":\"\"},\"keywords\":[],\"dateCreated\":\"2022-08-21T03:56:41Z\",\"datePublished\":\"2022-08-21T03:56:41Z\",\"dateModified\":\"2026-01-22T10:50:27Z\"}<\/script>","tracker_url":"https:\/\/cdn.parsely.com\/keys\/transfergo.com\/p.js"},"jetpack_sharing_enabled":true,"hideMenuColor":false,"_links":{"self":[{"href":"https:\/\/www.transfergo.com\/pl\/wp-json\/wp\/v2\/pages\/1388","targetHints":{"allow":["GET"]}}],"collection":[{"href":"https:\/\/www.transfergo.com\/pl\/wp-json\/wp\/v2\/pages"}],"about":[{"href":"https:\/\/www.transfergo.com\/pl\/wp-json\/wp\/v2\/types\/page"}],"author":[{"embeddable":true,"href":"https:\/\/www.transfergo.com\/pl\/wp-json\/wp\/v2\/users\/1"}],"replies":[{"embeddable":true,"href":"https:\/\/www.transfergo.com\/pl\/wp-json\/wp\/v2\/comments?post=1388"}],"version-history":[{"count":3,"href":"https:\/\/www.transfergo.com\/pl\/wp-json\/wp\/v2\/pages\/1388\/revisions"}],"predecessor-version":[{"id":847213,"href":"https:\/\/www.transfergo.com\/pl\/wp-json\/wp\/v2\/pages\/1388\/revisions\/847213"}],"wp:attachment":[{"href":"https:\/\/www.transfergo.com\/pl\/wp-json\/wp\/v2\/media?parent=1388"}],"curies":[{"name":"wp","href":"https:\/\/api.w.org\/{rel}","templated":true}]}}