{"id":242128,"date":"2022-08-29T07:37:28","date_gmt":"2022-08-29T07:37:28","guid":{"rendered":"https:\/\/www.transfergo.com\/pl\/?page_id=34561"},"modified":"2026-04-29T15:13:27","modified_gmt":"2026-04-29T15:13:27","slug":"cala-historia","status":"publish","type":"page","link":"https:\/\/www.transfergo.com\/pl\/cala-historia","title":{"rendered":"Story (PL)"},"content":{"rendered":"\n<section class=\"wp-block-tg-media-and-text media-and-text container-fluid alignfull is-style-square-image\" align=\"full\"><div class=\"container\">\n<div class=\"wp-block-media-text has-media-on-the-right is-stacked-on-mobile is-vertically-aligned-center media-and-text__container\"><div class=\"wp-block-media-text__content\">\n<p class=\"has-text-align-left media-and-text__paragraph has-blue-900-color has-text-color has-large-font-size\"><strong>Ca\u0142a historia<\/strong><\/p>\n\n\n\n<h1 class=\"wp-block-heading has-text-align-left media-and-text__heading is-style-h2-higher-header-style has-blue-900-color has-text-color\"><mark style=\"background-color:rgba(0, 0, 0, 0)\" class=\"has-inline-color has-blue-500-color\">Narodziny<\/mark> TransferGo<\/h1>\n\n\n\n<p class=\"has-text-align-left media-and-text__paragraph has-blue-900-color has-text-color\">By\u0142 rok 2012. We czworo prowadzili\u015bmy firm\u0119 importowo-eksportow\u0105 i stale wysy\u0142ali\u015bmy pieni\u0105dze za granic\u0119. Ka\u017cdy przelew oznacza\u0142 d\u0142ugie oczekiwanie, wysokie op\u0142aty i praktycznie zerow\u0105 obs\u0142ug\u0119 klienta. Stali\u015bmy w kolejkach w punktach p\u0142atniczych, wysy\u0142ali\u015bmy pieni\u0105dze do niew\u0142a\u015bciwego kraju i nie dostawali\u015bmy \u017cadnej rekompensaty, gdy co\u015b sz\u0142o nie tak.<br><br>Mieli\u015bmy tego do\u015b\u0107. Dlatego stworzyli\u015bmy co\u015b lepszego. Stworzyli\u015bmy TransferGo.<\/p>\n<\/div><figure class=\"wp-block-media-text__media\"><img loading=\"lazy\" decoding=\"async\" width=\"451\" height=\"453\" src=\"https:\/\/www.transfergo.com\/wp-content\/uploads\/2024\/06\/Story-2-2.png\" alt=\"\" class=\"wp-image-71104 size-full\" srcset=\"https:\/\/www.transfergo.com\/wp-content\/uploads\/2024\/06\/Story-2-2.png 451w, https:\/\/www.transfergo.com\/wp-content\/uploads\/2024\/06\/Story-2-2.png?resize=150,150 150w, https:\/\/www.transfergo.com\/wp-content\/uploads\/2024\/06\/Story-2-2.png?resize=300,300 300w\" sizes=\"auto, (max-width: 451px) 100vw, 451px\" \/><\/figure><\/div>\n<\/div><\/section>\n\n\n\n<section class=\"wp-block-tg-media-and-text media-and-text container-fluid alignfull is-style-square-image has-bw-200-background-color has-background\" align=\"full\"><div class=\"container\">\n<div class=\"wp-block-media-text is-stacked-on-mobile is-vertically-aligned-center media-and-text__container\"><figure class=\"wp-block-media-text__media\"><img loading=\"lazy\" decoding=\"async\" width=\"451\" height=\"451\" src=\"https:\/\/www.transfergo.com\/wp-content\/uploads\/2024\/06\/Story-3-2.png\" alt=\"\" class=\"wp-image-71115 size-full\" srcset=\"https:\/\/www.transfergo.com\/wp-content\/uploads\/2024\/06\/Story-3-2.png 451w, https:\/\/www.transfergo.com\/wp-content\/uploads\/2024\/06\/Story-3-2.png?resize=150,150 150w, https:\/\/www.transfergo.com\/wp-content\/uploads\/2024\/06\/Story-3-2.png?resize=300,300 300w\" sizes=\"auto, (max-width: 451px) 100vw, 451px\" \/><\/figure><div class=\"wp-block-media-text__content\">\n<h2 class=\"wp-block-heading has-text-align-left media-and-text__heading is-style-h2-higher-header-style has-blue-900-color has-text-color\">Trudne  <mark style=\"background-color:rgba(0, 0, 0, 0)\" class=\"has-inline-color has-blue-500-color\">pocz\u0105tki<\/mark><\/h2>\n\n\n\n<p class=\"has-text-align-left media-and-text__paragraph has-blue-900-color has-text-color\">Nie by\u0142o \u0142atwo. Sze\u015b\u0107 miesi\u0119cy zaj\u0119\u0142o uzyskanie licencji regulacyjnej. Kolejne cztery znalezienie banku, kt\u00f3ry chcia\u0142 z nami wsp\u00f3\u0142pracowa\u0107. Roczne oszcz\u0119dno\u015bci przepad\u0142y. A potem, gdy klienci zacz\u0119li naprawd\u0119 docenia\u0107 nasz produkt, nasz bank wys\u0142a\u0142 nam pismo. Wypowiedzia\u0142 nam umow\u0119 bez wyja\u015bnienia, daj\u0105c jedynie 90 dni na uratowanie firmy.<br><br>Nie zamierzali\u015bmy si\u0119 podda\u0107. Dzia\u0142aj\u0105c pod presj\u0105 czasu, znale\u017ali\u015bmy nowego partnera bankowego. Firma przetrwa\u0142a i od tamtej pory nieprzerwanie si\u0119 rozwija.<\/p>\n<\/div><\/div>\n<\/div><\/section>\n\n\n\n<section class=\"wp-block-tg-media-and-text media-and-text container-fluid alignfull is-style-square-image\" align=\"full\"><div class=\"container\">\n<div class=\"wp-block-media-text has-media-on-the-right is-stacked-on-mobile is-vertically-aligned-center media-and-text__container\"><div class=\"wp-block-media-text__content\">\n<h2 class=\"wp-block-heading has-text-align-left media-and-text__heading is-style-h2-higher-header-style has-blue-900-color has-text-color\"><mark style=\"background-color:rgba(0, 0, 0, 0)\" class=\"has-inline-color has-blue-500-color\">Droga do<\/mark>  sukcesu<\/h2>\n\n\n\n<p class=\"has-text-align-left media-and-text__paragraph has-blue-900-color has-text-color\">Dzi\u015b wszystko wygl\u0105da zupe\u0142nie inaczej. Wsp\u00f3\u0142pracujemy z ponad 30 bankami na ca\u0142ym \u015bwiecie, co wydaje si\u0119 imponuj\u0105ce, bior\u0105c pod uwag\u0119, jak trudno by\u0142o kiedy\u015b znale\u017a\u0107 cho\u0107 jeden. Zostali\u015bmy nominowani do nagrody \u201eFastest Rising Start-up\u201d (najszybciej rozwijaj\u0105cy si\u0119 start-up) na TechCrunch Europa 2018 oraz uznani przez TNW za jeden z pi\u0119ciu najbardziej obiecuj\u0105cych scale-up\u00f3w w Wielkiej Brytanii.<br><br>Ale najbardziej chcemy podzi\u0119kowa\u0107 Wam. Tym, kt\u00f3rzy ci\u0119\u017cko pracuj\u0105, wysy\u0142aj\u0105 pieni\u0105dze do domu i wspieraj\u0105 swoje rodziny. To dla Was stworzyli\u015bmy TransferGo. I to si\u0119 nigdy nie zmieni.<\/p>\n<\/div><figure class=\"wp-block-media-text__media\"><img loading=\"lazy\" decoding=\"async\" width=\"450\" height=\"442\" src=\"https:\/\/www.transfergo.com\/wp-content\/uploads\/2024\/06\/Story-4-2.png\" alt=\"\" class=\"wp-image-71126 size-full\" srcset=\"https:\/\/www.transfergo.com\/wp-content\/uploads\/2024\/06\/Story-4-2.png 450w, https:\/\/www.transfergo.com\/wp-content\/uploads\/2024\/06\/Story-4-2.png?resize=300,295 300w\" sizes=\"auto, (max-width: 450px) 100vw, 450px\" \/><\/figure><\/div>\n<\/div><\/section>\n\n\n\n<section class=\"wp-block-tg-media-and-text media-and-text container-fluid alignfull is-style-square-image has-bw-200-background-color has-background\" align=\"full\"><div class=\"container\">\n<div class=\"wp-block-media-text is-stacked-on-mobile is-vertically-aligned-center media-and-text__container\"><figure class=\"wp-block-media-text__media\"><img loading=\"lazy\" decoding=\"async\" width=\"450\" height=\"442\" src=\"https:\/\/www.transfergo.com\/wp-content\/uploads\/2024\/06\/Story-5-2.png\" alt=\"\" class=\"wp-image-71137 size-full\" srcset=\"https:\/\/www.transfergo.com\/wp-content\/uploads\/2024\/06\/Story-5-2.png 450w, https:\/\/www.transfergo.com\/wp-content\/uploads\/2024\/06\/Story-5-2.png?resize=300,295 300w\" sizes=\"auto, (max-width: 450px) 100vw, 450px\" \/><\/figure><div class=\"wp-block-media-text__content\">\n<h2 class=\"wp-block-heading has-text-align-left media-and-text__heading is-style-h2-higher-header-style has-blue-900-color has-text-color\">Jasna  <mark style=\"background-color:rgba(0, 0, 0, 0)\" class=\"has-inline-color has-blue-500-color\">przysz\u0142o\u015b\u0107<\/mark><\/h2>\n\n\n\n<p class=\"has-text-align-left media-and-text__paragraph has-blue-900-color has-text-color\">Przeszli\u015bmy d\u0142ug\u0105 drog\u0119 od 2012 roku, a to dopiero pocz\u0105tek. Wi\u0119cej kierunk\u00f3w, wi\u0119cej walut, wi\u0119cej produkt\u00f3w. Wszystko po to, \u017ceby pom\u00f3c Ci szybko i tanio wysy\u0142a\u0107 pieni\u0105dze do domu. Najlepsze w TransferGo dopiero przed nami.<\/p>\n<\/div><\/div>\n<\/div><\/section>\n\n\n\n<section class=\"wp-block-tg-banner-cta banner-cta container-fluid alignfull is-style-rounded\" align=\"full\"><div class=\"container\">\n<div class=\"wp-block-group banner-cta__container has-blue-50-background-color has-background is-vertical is-content-justification-center is-layout-flex wp-container-core-group-is-layout-ce155fab wp-block-group-is-layout-flex\">\n<div class=\"wp-block-group banner-cta__text-wrapper is-vertical is-content-justification-stretch is-layout-flex wp-container-core-group-is-layout-353c4f5a wp-block-group-is-layout-flex\">\n<h2 class=\"wp-block-heading has-text-align-center banner-cta__heading has-blue-900-color has-text-color\">Jeste\u015bmy tutaj, \u017ceby <mark style=\"background-color:rgba(0, 0, 0, 0)\" class=\"has-inline-color has-blue-500-color\">u\u0142atwia\u0107 Ci \u017cycie.<\/mark><\/h2>\n\n\n\n<p class=\"has-text-align-center\">Niezale\u017cnie od tego, czy op\u0142acasz rachunki, wspierasz rodzin\u0119, pomagasz firmom czy radzisz sobie w nag\u0142ych sytuacjach, chcemy, aby\u015b m\u00f3g\u0142 szybko, tanio i bezpiecznie wysy\u0142a\u0107 pieni\u0105dze. Dlaczego? Bo jeszcze niedawno wysy\u0142anie pieni\u0119dzy by\u0142o koszmarem.<\/p>\n<\/div>\n\n\n\n<div class=\"wp-block-buttons banner-cta__buttons-wrapper is-content-justification-center is-layout-flex wp-container-core-buttons-is-layout-a89b3969 wp-block-buttons-is-layout-flex\">\n<div class=\"wp-block-button banner-cta__button is-style-fill\"><a class=\"wp-block-button__link wp-element-button\" href=\"https:\/\/app.transfergo.com\/pl\/login\" target=\"_blank\" rel=\"noopener\">Wy\u015blij pieni\u0105dze ju\u017c teraz<\/a><\/div>\n<\/div>\n<\/div>\n<\/div><\/section>\n\n\n\n<div class=\"wp-block-buttons is-content-justification-center is-layout-flex wp-container-core-buttons-is-layout-c3d5205c wp-block-buttons-is-layout-flex\" style=\"margin-top:0;margin-bottom:0\">\n<div class=\"wp-block-button is-style-button-blue-with-reversed-arrow-no-background\"><a class=\"wp-block-button__link has-bw-900-color has-text-color has-link-color wp-element-button\" href=\"https:\/\/www.transfergo.com\/pl\/o-nas\">Wr\u00f3\u0107 do strony O nas<\/a><\/div>\n<\/div>\n","protected":false},"excerpt":{"rendered":"","protected":false},"author":7,"featured_media":0,"parent":0,"menu_order":0,"comment_status":"closed","ping_status":"closed","template":"","meta":{"hideMenuColor":false,"footnotes":""},"class_list":["post-242128","page","type-page","status-publish","hentry"],"parsely":{"version":"1.1.0","canonical_url":"https:\/\/transfergo.com\/pl\/cala-historia","smart_links":{"inbound":0,"outbound":0},"traffic_boost_suggestions_count":0,"meta":{"@context":"https:\/\/schema.org","@type":"WebPage","headline":"Story (PL)","url":"http:\/\/www.transfergo.com\/pl\/cala-historia","mainEntityOfPage":{"@type":"WebPage","@id":"http:\/\/www.transfergo.com\/pl\/cala-historia"},"thumbnailUrl":"","image":{"@type":"ImageObject","url":""},"articleSection":"Finanse osobiste","author":[{"@type":"Person","name":"Jennifer Tate"}],"creator":["Jennifer Tate"],"publisher":{"@type":"Organization","name":"TransferGo","logo":""},"keywords":[],"dateCreated":"2022-08-29T07:37:28Z","datePublished":"2022-08-29T07:37:28Z","dateModified":"2026-04-29T15:13:27Z"},"rendered":"<script type=\"application\/ld+json\" class=\"wp-parsely-metadata\">{\"@context\":\"https:\\\/\\\/schema.org\",\"@type\":\"WebPage\",\"headline\":\"Story (PL)\",\"url\":\"http:\\\/\\\/www.transfergo.com\\\/pl\\\/cala-historia\",\"mainEntityOfPage\":{\"@type\":\"WebPage\",\"@id\":\"http:\\\/\\\/www.transfergo.com\\\/pl\\\/cala-historia\"},\"thumbnailUrl\":\"\",\"image\":{\"@type\":\"ImageObject\",\"url\":\"\"},\"articleSection\":\"Finanse osobiste\",\"author\":[{\"@type\":\"Person\",\"name\":\"Jennifer Tate\"}],\"creator\":[\"Jennifer Tate\"],\"publisher\":{\"@type\":\"Organization\",\"name\":\"TransferGo\",\"logo\":\"\"},\"keywords\":[],\"dateCreated\":\"2022-08-29T07:37:28Z\",\"datePublished\":\"2022-08-29T07:37:28Z\",\"dateModified\":\"2026-04-29T15:13:27Z\"}<\/script>","tracker_url":"https:\/\/cdn.parsely.com\/keys\/transfergo.com\/p.js"},"jetpack_sharing_enabled":true,"hideMenuColor":false,"_links":{"self":[{"href":"https:\/\/www.transfergo.com\/pl\/wp-json\/wp\/v2\/pages\/242128","targetHints":{"allow":["GET"]}}],"collection":[{"href":"https:\/\/www.transfergo.com\/pl\/wp-json\/wp\/v2\/pages"}],"about":[{"href":"https:\/\/www.transfergo.com\/pl\/wp-json\/wp\/v2\/types\/page"}],"author":[{"embeddable":true,"href":"https:\/\/www.transfergo.com\/pl\/wp-json\/wp\/v2\/users\/7"}],"replies":[{"embeddable":true,"href":"https:\/\/www.transfergo.com\/pl\/wp-json\/wp\/v2\/comments?post=242128"}],"version-history":[{"count":2,"href":"https:\/\/www.transfergo.com\/pl\/wp-json\/wp\/v2\/pages\/242128\/revisions"}],"predecessor-version":[{"id":1449330,"href":"https:\/\/www.transfergo.com\/pl\/wp-json\/wp\/v2\/pages\/242128\/revisions\/1449330"}],"wp:attachment":[{"href":"https:\/\/www.transfergo.com\/pl\/wp-json\/wp\/v2\/media?parent=242128"}],"curies":[{"name":"wp","href":"https:\/\/api.w.org\/{rel}","templated":true}]}}