{"id":104845,"date":"2025-01-23T11:35:13","date_gmt":"2025-01-23T11:35:13","guid":{"rendered":"https:\/\/www.transfergo.com\/?page_id=104845"},"modified":"2026-02-11T14:35:41","modified_gmt":"2026-02-11T14:35:41","slug":"povestile-clientilo","status":"publish","type":"page","link":"https:\/\/www.transfergo.com\/ro\/afacere\/povestile-clientilo","title":{"rendered":"SME Customer Stories (RO)"},"content":{"rendered":"\n<section class=\"wp-block-tg-hero-text-and-image hero-text-and-image container-fluid alignfull has-blue-900-background-color has-background\" align=\"full\"><div class=\"container\">\n<div class=\"wp-block-columns hero-text-and-image__columns is-layout-flex wp-container-core-columns-is-layout-28f84493 wp-block-columns-is-layout-flex\">\n<div class=\"wp-block-column hero-text-and-image__column is-layout-flow wp-block-column-is-layout-flow\">\n<p class=\"hero-text-and-image__subheading is-style-h6-higher-header-style has-blue-900-color has-text-color\"><mark style=\"background-color:rgba(0, 0, 0, 0)\" class=\"has-inline-color has-bw-100-color\">Pove\u0219ti de succes ale clien\u021bilor TransferGo pentru Afaceri<\/mark><\/p>\n\n\n\n<h1 class=\"wp-block-heading hero-text-and-image__heading is-style-h1-higher-header-style has-bw-100-color has-text-color\">Pove\u0219ti reale, <mark style=\"background-color:rgba(0, 0, 0, 0)\" class=\"has-inline-color has-yellow-color\">reu\u0219ite reale.<\/mark><\/h1>\n\n\n\n<p class=\"hero-text-and-image__paragraph is-style-h6-higher-header-style has-blue-900-color has-text-color\"><mark style=\"background-color:rgba(0, 0, 0, 0)\" class=\"has-inline-color has-bw-100-color\">Scopul nostru este simplu\u2014s\u0103 ajut\u0103m afacerile cu ambi\u021bii mari s\u0103-\u0219i eficientizeze opera\u021biunile financiare \u0219i s\u0103 prospere.<\/mark><\/p>\n\n\n\n<p class=\"hero-text-and-image__paragraph has-blue-900-color has-text-color\"><mark style=\"background-color:rgba(0, 0, 0, 0)\" class=\"has-inline-color has-bw-100-color\">Descoper\u0103 cum afacerile din diferite industrii au folosit cu succes TransferGo pentru a facilita pl\u0103\u021bile interna\u021bionale de afaceri, cu multe beneficii tangibile\u2014de la accelerarea proceselor de plat\u0103 p\u00e2n\u0103 la reducerea costurilor de transfer \u0219i maximizarea profiturilor.<\/mark><\/p>\n\n\n\n<div class=\"wp-block-buttons hero-text-and-image__buttons is-layout-flex wp-block-buttons-is-layout-flex\">\n<div class=\"wp-block-button hero-text-and-image__button is-style-button-with-arrow-light\"><a class=\"wp-block-button__link wp-element-button\" href=\"https:\/\/app.transfergo.com\/ro\/register\/business\" target=\"_blank\" rel=\"noreferrer noopener\">\u00cencepe acum<\/a><\/div>\n<\/div>\n<\/div>\n\n\n\n<div class=\"wp-block-column hero-text-and-image__column is-layout-flow wp-block-column-is-layout-flow\">\n<figure class=\"wp-block-image hero-text-and-image__image\"><img decoding=\"async\" src=\"https:\/\/www.transfergo.com\/wp-content\/plugins\/transfergo-blocks\/assets\/img\/hero-text-and-image\/hero-business-customer-stories.webp\" alt=\"\"\/><\/figure>\n<\/div>\n<\/div>\n<\/div><\/section>\n\n\n\n<section class=\"wp-block-tg-business-case-studies-with-title business-case-studies-with-title container-fluid\"><div class=\"container\">\n<h2 class=\"wp-block-heading has-text-align-center business-case-studies-with-title__title has-blue-900-color has-text-color\">Exploreaz\u0103 mai multe studii de caz TransferGo pentru Afaceri<\/h2>\n\n\n\n<p class=\"has-text-align-center business-case-studies-with-title__subtitle is-style-h4-higher-header-style has-blue-900-color has-text-color has-medium-font-size\">Afl\u0103 cum alte afaceri din diverse sectoare au folosit platforma TransferGo pentru a beneficia de pl\u0103\u021bi interna\u021bionale avantajoase, mai rapide \u0219i mai sigure.<\/p>\n\n\n\n<div class=\"wp-block-query is-layout-flow wp-block-query-is-layout-flow\">\n\n<\/div>\n<\/div><\/section>\n\n\n\n<section class=\"wp-block-tg-text-with-button-and-images text-with-button-and-images container-fluid alignfull has-background-color has-bw-200-background-color\" align=\"full\"><div class=\"container\">\n<div class=\"wp-block-columns text-with-button-and-images__columns is-layout-flex wp-container-core-columns-is-layout-28f84493 wp-block-columns-is-layout-flex\">\n<div class=\"wp-block-column text-with-button-and-images__column is-layout-flow wp-block-column-is-layout-flow\">\n<div class=\"wp-block-group text-with-button-and-images__text-wrapper is-layout-flow wp-block-group-is-layout-flow\">\n<h2 class=\"wp-block-heading has-text-align-left text-with-button-and-images__heading has-blue-900-color has-text-color\">E\u0219ti preg\u0103tit s\u0103 te numeri printre aceste pove\u0219ti de succes ale clien\u021bilor no\u0219tri?<\/h2>\n\n\n\n<p class=\"has-text-align-left text-with-button-and-images__paragraph has-blue-900-color has-text-color has-medium-font-size\">TransferGo pentru Afaceri ofer\u0103 flexibilitatea \u0219i fiabilitatea de care compania ta are nevoie pentru a cre\u0219te \u0219i a prospera la nivel global.<\/p>\n\n\n\n<div class=\"wp-block-button text-with-button-and-images__button is-style-button-with-arrow\"><a class=\"wp-block-button__link has-text-align-center wp-element-button\" href=\"https:\/\/www.transfergo.com\/ro\/afaceri\">Afl\u0103 mai multe<\/a><\/div>\n<\/div>\n<\/div>\n\n\n\n<div class=\"wp-block-column text-with-button-and-images__column is-layout-flow wp-block-column-is-layout-flow\">\n<div class=\"wp-block-group text-with-button-and-images__images-wrapper is-layout-flow wp-block-group-is-layout-flow\">\n<figure class=\"wp-block-image text-with-button-and-images__image text-with-button-and-images__image--icon\"><img decoding=\"async\" src=\"https:\/\/www.transfergo.com\/wp-content\/plugins\/transfergo-blocks\/assets\/img\/text-with-button-and-images-0.webp\" alt=\"\"\/><\/figure>\n\n\n\n<figure class=\"wp-block-image text-with-button-and-images__image text-with-button-and-images__image--man\"><img decoding=\"async\" src=\"https:\/\/www.transfergo.com\/wp-content\/plugins\/transfergo-blocks\/assets\/img\/text-with-button-and-images-1.webp\" alt=\"\"\/><\/figure>\n\n\n\n<figure class=\"wp-block-image text-with-button-and-images__image text-with-button-and-images__image--woman\"><img decoding=\"async\" src=\"https:\/\/www.transfergo.com\/wp-content\/plugins\/transfergo-blocks\/assets\/img\/text-with-button-and-images-2.webp\" alt=\"\"\/><\/figure>\n<\/div>\n<\/div>\n<\/div>\n<\/div><\/section>\n","protected":false},"excerpt":{"rendered":"","protected":false},"author":7,"featured_media":239282,"parent":1369,"menu_order":0,"comment_status":"closed","ping_status":"closed","template":"business-page-template","meta":{"hideMenuColor":false,"footnotes":""},"class_list":["post-104845","page","type-page","status-publish","has-post-thumbnail","hentry"],"parsely":{"version":"1.1.0","canonical_url":"https:\/\/transfergo.com\/ro\/afacere\/povestile-clientilo","smart_links":{"inbound":0,"outbound":0},"traffic_boost_suggestions_count":0,"meta":{"@context":"https:\/\/schema.org","@type":"WebPage","headline":"SME Customer Stories (RO)","url":"http:\/\/www.transfergo.com\/ro\/afacere\/povestile-clientilo","mainEntityOfPage":{"@type":"WebPage","@id":"http:\/\/www.transfergo.com\/ro\/afacere\/povestile-clientilo"},"thumbnailUrl":"https:\/\/www.transfergo.com\/wp-content\/uploads\/2025\/04\/Customer-stories-6.png?resize=150,150","image":{"@type":"ImageObject","url":"https:\/\/www.transfergo.com\/wp-content\/uploads\/2025\/04\/Customer-stories-6.png"},"articleSection":"Finan\u021be personale","author":[{"@type":"Person","name":"Jennifer Tate"}],"creator":["Jennifer Tate"],"publisher":{"@type":"Organization","name":"TransferGo","logo":""},"keywords":[],"dateCreated":"2025-01-23T11:35:13Z","datePublished":"2025-01-23T11:35:13Z","dateModified":"2026-02-11T14:35:41Z"},"rendered":"<script type=\"application\/ld+json\" class=\"wp-parsely-metadata\">{\"@context\":\"https:\\\/\\\/schema.org\",\"@type\":\"WebPage\",\"headline\":\"SME Customer Stories (RO)\",\"url\":\"http:\\\/\\\/www.transfergo.com\\\/ro\\\/afacere\\\/povestile-clientilo\",\"mainEntityOfPage\":{\"@type\":\"WebPage\",\"@id\":\"http:\\\/\\\/www.transfergo.com\\\/ro\\\/afacere\\\/povestile-clientilo\"},\"thumbnailUrl\":\"https:\\\/\\\/www.transfergo.com\\\/wp-content\\\/uploads\\\/2025\\\/04\\\/Customer-stories-6.png?resize=150,150\",\"image\":{\"@type\":\"ImageObject\",\"url\":\"https:\\\/\\\/www.transfergo.com\\\/wp-content\\\/uploads\\\/2025\\\/04\\\/Customer-stories-6.png\"},\"articleSection\":\"Finan\\u021be personale\",\"author\":[{\"@type\":\"Person\",\"name\":\"Jennifer Tate\"}],\"creator\":[\"Jennifer Tate\"],\"publisher\":{\"@type\":\"Organization\",\"name\":\"TransferGo\",\"logo\":\"\"},\"keywords\":[],\"dateCreated\":\"2025-01-23T11:35:13Z\",\"datePublished\":\"2025-01-23T11:35:13Z\",\"dateModified\":\"2026-02-11T14:35:41Z\"}<\/script>","tracker_url":"https:\/\/cdn.parsely.com\/keys\/transfergo.com\/p.js"},"jetpack_sharing_enabled":true,"hideMenuColor":false,"_links":{"self":[{"href":"https:\/\/www.transfergo.com\/ro\/wp-json\/wp\/v2\/pages\/104845","targetHints":{"allow":["GET"]}}],"collection":[{"href":"https:\/\/www.transfergo.com\/ro\/wp-json\/wp\/v2\/pages"}],"about":[{"href":"https:\/\/www.transfergo.com\/ro\/wp-json\/wp\/v2\/types\/page"}],"author":[{"embeddable":true,"href":"https:\/\/www.transfergo.com\/ro\/wp-json\/wp\/v2\/users\/7"}],"replies":[{"embeddable":true,"href":"https:\/\/www.transfergo.com\/ro\/wp-json\/wp\/v2\/comments?post=104845"}],"version-history":[{"count":4,"href":"https:\/\/www.transfergo.com\/ro\/wp-json\/wp\/v2\/pages\/104845\/revisions"}],"predecessor-version":[{"id":862578,"href":"https:\/\/www.transfergo.com\/ro\/wp-json\/wp\/v2\/pages\/104845\/revisions\/862578"}],"up":[{"embeddable":true,"href":"https:\/\/www.transfergo.com\/ro\/wp-json\/wp\/v2\/pages\/1369"}],"wp:featuredmedia":[{"embeddable":true,"href":"https:\/\/www.transfergo.com\/ro\/wp-json\/wp\/v2\/media\/239282"}],"wp:attachment":[{"href":"https:\/\/www.transfergo.com\/ro\/wp-json\/wp\/v2\/media?parent=104845"}],"curies":[{"name":"wp","href":"https:\/\/api.w.org\/{rel}","templated":true}]}}