{"id":1289,"date":"2022-08-29T11:52:22","date_gmt":"2022-08-29T11:52:22","guid":{"rendered":"https:\/\/transfergo.wpengine.com\/confirmation-one-day"},"modified":"2024-12-16T14:06:37","modified_gmt":"2024-12-16T14:06:37","slug":"confirmare-o-zi-lucratoare","status":"publish","type":"page","link":"https:\/\/www.transfergo.com\/ro\/confirmare-o-zi-lucratoare","title":{"rendered":"Confirmare &#8211; o zi lucr\u0103toare"},"content":{"rendered":"\n<section class=\"wp-block-tg-hero-confirmation hero-confirmation container-fluid alignfull\" align=\"full\"><div class=\"container\">\n<h2 class=\"wp-block-heading has-text-align-center hero-confirmation__subtitle--top has-blue-900-color has-text-color\">EXCELENT!<\/h2>\n\n\n\n<h1 class=\"wp-block-heading has-text-align-center hero-confirmation__title has-blue-900-color has-text-color\"><mark style=\"background-color:rgba(0, 0, 0, 0)\" class=\"has-inline-color has-blue-500-color\">\u00ce\u021bi mul\u021bumim<\/mark> pentru c\u0103 ne-ai spus de plata ta!<\/h1>\n\n\n\n<h5 class=\"wp-block-heading has-text-align-center hero-confirmation__subtitle--bottom has-blue-900-color has-text-color\">Poate dura p\u00e2n\u0103 la o zi lucr\u0103toare pentru ca depozitul t\u0103u s\u0103 ajung\u0103 \u00een contul nostru.<\/h5>\n<\/div><\/section>\n\n\n\n<h2 class=\"wp-block-heading has-text-align-center\">Ce <mark style=\"background-color:rgba(0, 0, 0, 0)\" class=\"has-inline-color has-blue-500-color\">urmeaz\u0103<\/mark>?<\/h2>\n\n\n\n<div class=\"wp-block-buttons is-vertical is-content-justification-center is-layout-flex wp-container-core-buttons-is-layout-734eb2c2 wp-block-buttons-is-layout-flex\">\n<div class=\"wp-block-button is-style-button-blue-with-arrow-no-background\"><a class=\"wp-block-button__link wp-element-button\" href=\"https:\/\/support.transfergo.com\/hc\/ro\/articles\/206815753-De-ce-pot-%C3%AEnt%C3%A2rzia-banii?_gl=1%2A1wimlx6%2A_gcl_au%2ANjkyMjk5MDY0LjE3MzE5MzQ4NDM.%2A_ga%2AMjEzODEwNjQ3NS4xNzI0MTU4MDg2%2A_ga_N5YECT9QN2%2AMTczNDM0ODE1OS4xLjEuMTczNDM1Nzc1NC42MC4wLjA.\" target=\"_blank\" rel=\"noopener\">C\u00e2t dureaz\u0103 p\u00e2n\u0103 este primit un transfer?<\/a><\/div>\n\n\n\n<div class=\"wp-block-button is-style-button-blue-with-arrow-no-background\"><a class=\"wp-block-button__link wp-element-button\" href=\"https:\/\/support.transfergo.com\/hc\/ro\/articles\/206467206-Verific%C4%83-statusul-transferului?_gl=1*1wimlx6*_gcl_au*NjkyMjk5MDY0LjE3MzE5MzQ4NDM.*_ga*MjEzODEwNjQ3NS4xNzI0MTU4MDg2*_ga_N5YECT9QN2*MTczNDM0ODE1OS4xLjEuMTczNDM1Nzc1NC42MC4wLjA.\" target=\"_blank\" rel=\"noopener\">Verific\u0103 statusul transferului<\/a><\/div>\n\n\n\n<div class=\"wp-block-button is-style-button-blue-with-arrow-no-background\"><a class=\"wp-block-button__link wp-element-button\" href=\"https:\/\/support.transfergo.com\/hc\/ro?_gl=1*1wimlx6*_gcl_au*NjkyMjk5MDY0LjE3MzE5MzQ4NDM.*_ga*MjEzODEwNjQ3NS4xNzI0MTU4MDg2*_ga_N5YECT9QN2*MTczNDM0ODE1OS4xLjEuMTczNDM1Nzc1NC42MC4wLjA.\" target=\"_blank\" rel=\"noopener\">Ai \u00eentreb\u0103ri? Viziteaz\u0103 sec\u021biunea noastr\u0103 de Ajutor<\/a><\/div>\n<\/div>\n","protected":false},"excerpt":{"rendered":"<p>Ce urmeaz\u0103?<\/p>\n","protected":false},"author":1,"featured_media":0,"parent":0,"menu_order":0,"comment_status":"closed","ping_status":"closed","template":"page-with-short-footer","meta":{"hideMenuColor":false,"footnotes":""},"class_list":["post-1289","page","type-page","status-publish","hentry"],"parsely":{"version":"1.1.0","canonical_url":"https:\/\/transfergo.com\/ro\/confirmare-o-zi-lucratoare","smart_links":{"inbound":0,"outbound":0},"traffic_boost_suggestions_count":0,"meta":{"@context":"https:\/\/schema.org","@type":"WebPage","headline":"Confirmare &#8211; o zi lucr\u0103toare","url":"http:\/\/www.transfergo.com\/ro\/confirmare-o-zi-lucratoare","mainEntityOfPage":{"@type":"WebPage","@id":"http:\/\/www.transfergo.com\/ro\/confirmare-o-zi-lucratoare"},"thumbnailUrl":"","image":{"@type":"ImageObject","url":""},"articleSection":"Finan\u021be personale","author":[{"@type":"Person","name":"TransferGo Team"}],"creator":["TransferGo Team"],"publisher":{"@type":"Organization","name":"TransferGo","logo":""},"keywords":[],"dateCreated":"2022-08-29T11:52:22Z","datePublished":"2022-08-29T11:52:22Z","dateModified":"2024-12-16T14:06:37Z"},"rendered":"<script type=\"application\/ld+json\" class=\"wp-parsely-metadata\">{\"@context\":\"https:\\\/\\\/schema.org\",\"@type\":\"WebPage\",\"headline\":\"Confirmare &#8211; o zi lucr\\u0103toare\",\"url\":\"http:\\\/\\\/www.transfergo.com\\\/ro\\\/confirmare-o-zi-lucratoare\",\"mainEntityOfPage\":{\"@type\":\"WebPage\",\"@id\":\"http:\\\/\\\/www.transfergo.com\\\/ro\\\/confirmare-o-zi-lucratoare\"},\"thumbnailUrl\":\"\",\"image\":{\"@type\":\"ImageObject\",\"url\":\"\"},\"articleSection\":\"Finan\\u021be personale\",\"author\":[{\"@type\":\"Person\",\"name\":\"TransferGo Team\"}],\"creator\":[\"TransferGo Team\"],\"publisher\":{\"@type\":\"Organization\",\"name\":\"TransferGo\",\"logo\":\"\"},\"keywords\":[],\"dateCreated\":\"2022-08-29T11:52:22Z\",\"datePublished\":\"2022-08-29T11:52:22Z\",\"dateModified\":\"2024-12-16T14:06:37Z\"}<\/script>","tracker_url":"https:\/\/cdn.parsely.com\/keys\/transfergo.com\/p.js"},"jetpack_sharing_enabled":true,"hideMenuColor":false,"_links":{"self":[{"href":"https:\/\/www.transfergo.com\/ro\/wp-json\/wp\/v2\/pages\/1289","targetHints":{"allow":["GET"]}}],"collection":[{"href":"https:\/\/www.transfergo.com\/ro\/wp-json\/wp\/v2\/pages"}],"about":[{"href":"https:\/\/www.transfergo.com\/ro\/wp-json\/wp\/v2\/types\/page"}],"author":[{"embeddable":true,"href":"https:\/\/www.transfergo.com\/ro\/wp-json\/wp\/v2\/users\/1"}],"replies":[{"embeddable":true,"href":"https:\/\/www.transfergo.com\/ro\/wp-json\/wp\/v2\/comments?post=1289"}],"version-history":[{"count":0,"href":"https:\/\/www.transfergo.com\/ro\/wp-json\/wp\/v2\/pages\/1289\/revisions"}],"wp:attachment":[{"href":"https:\/\/www.transfergo.com\/ro\/wp-json\/wp\/v2\/media?parent=1289"}],"curies":[{"name":"wp","href":"https:\/\/api.w.org\/{rel}","templated":true}]}}