{"id":1299943,"date":"2026-03-11T14:29:08","date_gmt":"2026-03-11T14:29:08","guid":{"rendered":"https:\/\/www.transfergo.com\/?page_id=1299943"},"modified":"2026-04-17T11:37:19","modified_gmt":"2026-04-17T11:37:19","slug":"invita-prietenii","status":"publish","type":"page","link":"https:\/\/www.transfergo.com\/ro\/invita-prietenii","title":{"rendered":"Refer a friend &#8211; RO"},"content":{"rendered":"\n<section class=\"wp-block-tg-hero-raf-welcome hero-raf container-fluid alignfull\" align=\"full\"><div class=\"container\">\n<div class=\"wp-block-group hero-raf__background-container is-layout-flow wp-block-group-is-layout-flow\">\n<div class=\"wp-block-cover is-light hero-raf__background-image\"><img decoding=\"async\" class=\"wp-block-cover__image-background size-full\" alt=\"\" src=\"https:\/\/www.transfergo.com\/wp-content\/plugins\/transfergo-blocks\/assets\/img\/hero-raf\/hero-background-desktop.webp\" data-object-fit=\"cover\"\/><span aria-hidden=\"true\" class=\"wp-block-cover__background has-background-dim-0 has-background-dim\"><\/span><div class=\"wp-block-cover__inner-container is-layout-constrained wp-block-cover-is-layout-constrained\">\n<figure class=\"wp-block-image size-large hero-raf__background-image--mobile\"><img loading=\"lazy\" decoding=\"async\" height=\"1024\" width=\"452\" src=\"https:\/\/www.transfergo.com\/wp-content\/uploads\/2026\/03\/raf-hero-mobile.webp?resize=452,1024\" alt=\"\" class=\"wp-image-987306\" srcset=\"https:\/\/www.transfergo.com\/wp-content\/uploads\/2026\/03\/raf-hero-mobile.webp 720w, https:\/\/www.transfergo.com\/wp-content\/uploads\/2026\/03\/raf-hero-mobile.webp?resize=132,300 132w, https:\/\/www.transfergo.com\/wp-content\/uploads\/2026\/03\/raf-hero-mobile.webp?resize=452,1024 452w, https:\/\/www.transfergo.com\/wp-content\/uploads\/2026\/03\/raf-hero-mobile.webp?resize=678,1536 678w\" sizes=\"auto, (max-width: 452px) 100vw, 452px\" \/><\/figure>\n\n\n\n<div class=\"wp-block-group hero-raf__bubbles is-layout-flow wp-block-group-is-layout-flow\">\n<div class=\"wp-block-group hero-raf__bubbles__inner is-layout-flow wp-block-group-is-layout-flow\">\n<div class=\"wp-block-group hero-raf__bubbles--top is-layout-flow wp-block-group-is-layout-flow\">\n<p class=\"hero-raf__bubble has-bw-100-background-color has-background has-large-font-size\"><strong>Bani trimi\u0219i<\/strong> 50&nbsp;\u20ac<\/p>\n\n\n\n<p class=\"hero-raf__bubble has-bw-100-color has-blue-500-background-color has-text-color has-background has-link-color has-large-font-size wp-elements-45482ddee8199b057ec9395627b0fffd\"><strong>Ai c\u00e2\u0219tigat<\/strong> 10&nbsp;\u20ac<\/p>\n<\/div>\n\n\n\n<div class=\"wp-block-group hero-raf__bubbles--bottom is-layout-flow wp-block-group-is-layout-flow\">\n<div class=\"wp-block-group hero-raf__bubble--with-avatar is-layout-flow wp-block-group-is-layout-flow\">\n<figure class=\"wp-block-image size-thumbnail is-resized hero-raf__bubble-avatar\"><img decoding=\"async\" src=\"https:\/\/www.transfergo.com\/wp-content\/plugins\/transfergo-blocks\/assets\/img\/hero-raf\/hero-raf-avatar.webp\" alt=\"\"\/><\/figure>\n\n\n\n<p class=\"hero-raf__bubble has-blue-50-background-color has-background has-large-font-size\"><strong>Invita\u021bie trimis\u0103<\/strong><\/p>\n<\/div>\n<\/div>\n<\/div>\n<\/div>\n\n\n\n<div class=\"wp-block-group hero-raf__text-wrapper is-layout-flow wp-block-group-is-layout-flow\">\n<div class=\"wp-block-group hero-raf__subheading-wrapper is-layout-flow wp-block-group-is-layout-flow\">\n<p class=\"has-text-align-left hero-raf__subheading has-blue-900-color has-text-color\">TransferGo x<\/p>\n\n\n\n<p class=\"hero-raf__subheading-parameter wp-block-tg-hero-raf-parameter\">\n\t<mark class=\"has-inline-color has-blue-500-color\">\n\t\tPRIETENUL T\u0102U \/ PRIETENA TA\t<\/mark>\n<\/p>\n<\/div>\n\n\n\n<h1 class=\"wp-block-heading has-text-align-left hero-raf__heading is-style-h2-higher-header-style has-blue-900-color has-text-color\">Trimite bani acum <mark style=\"background-color:rgba(0, 0, 0, 0)\" class=\"has-inline-color has-blue-500-color\">\u0219i prime\u0219te instant 10&nbsp;\u20ac.<\/mark><\/h1>\n\n\n\n<div class=\"wp-block-buttons hero-raf__buttons-wrapper is-content-justification-left is-layout-flex wp-container-core-buttons-is-layout-fc4fd283 wp-block-buttons-is-layout-flex\">\n<div class=\"wp-block-button hero-raf__button is-style-button-with-arrow\"><a class=\"wp-block-button__link wp-element-button\" href=\"https:\/\/app.transfergo.com\/ro\/register\" target=\"_blank\" rel=\"noopener\">Prime\u0219te 10&nbsp;\u20ac acum<\/a><\/div>\n<\/div>\n<\/div>\n<\/div><\/div>\n<\/div>\n<\/div><\/section>\n\n\n\n<section class=\"wp-block-tg-benefits benefits container-fluid alignfull\" align=\"full\"><div class=\"container\">\n<h2 class=\"wp-block-heading has-text-align-center benefits__title has-blue-900-color has-text-color\">Iat\u0103 de ce peste 9 milioane de clien\u021bi au \u00eencredere \u00een TransferGo\u2026<\/h2>\n\n\n\n<div class=\"wp-block-columns benefits__columns is-layout-flex wp-container-core-columns-is-layout-28f84493 wp-block-columns-is-layout-flex\">\n<div class=\"wp-block-column benefits__column is-layout-flow wp-block-column-is-layout-flow\">\n<figure class=\"wp-block-image aligncenter benefits__column-image\"><img decoding=\"async\" src=\"https:\/\/www.transfergo.com\/wp-content\/plugins\/transfergo-blocks\/assets\/img\/benefits\/high-speed.svg\" alt=\"High speed icon\"\/><\/figure>\n\n\n\n<h6 class=\"wp-block-heading has-text-align-center t2 benefits__column-title has-blue-500-color has-text-color\"><strong>Viteze ridicate<\/strong><\/h6>\n\n\n\n<p class=\"has-text-align-center benefits__column-subtitle has-blue-900-color has-text-color has-medium-font-size\">Cele mai multe transferuri dureaz\u0103 2\u20133 minute! Po\u021bi chiar s\u0103 trimi\u021bi bani \u0219i \u00een weekend.<\/p>\n<\/div>\n\n\n\n<div class=\"wp-block-column benefits__column is-layout-flow wp-block-column-is-layout-flow\">\n<figure class=\"wp-block-image aligncenter benefits__column-image\"><img decoding=\"async\" src=\"https:\/\/www.transfergo.com\/wp-content\/plugins\/transfergo-blocks\/assets\/img\/benefits\/low-fees.svg\" alt=\"Low fees icon\"\/><\/figure>\n\n\n\n<h6 class=\"wp-block-heading has-text-align-center t2 benefits__column-title has-blue-500-color has-text-color\"><strong>Comisioane mici<\/strong><\/h6>\n\n\n\n<p class=\"has-text-align-center benefits__column-subtitle has-blue-900-color has-text-color has-medium-font-size\">Bucur\u0103-te de cursuri avantajoase, comisioane mici \u2014 \u0219i primele tale dou\u0103 transferuri gratuite!<\/p>\n<\/div>\n\n\n\n<div class=\"wp-block-column benefits__column is-layout-flow wp-block-column-is-layout-flow\">\n<figure class=\"wp-block-image aligncenter benefits__column-image\"><img decoding=\"async\" src=\"https:\/\/www.transfergo.com\/wp-content\/plugins\/transfergo-blocks\/assets\/img\/benefits\/no-hassle.svg\" alt=\"No hassle icon\"\/><\/figure>\n\n\n\n<h6 class=\"wp-block-heading has-text-align-center t2 benefits__column-title has-blue-500-color has-text-color\"><strong>F\u0103r\u0103 b\u0103t\u0103i de cap<\/strong><\/h6>\n\n\n\n<p class=\"has-text-align-center benefits__column-subtitle has-blue-900-color has-text-color has-medium-font-size\">Aplica\u021bia este gratuit\u0103 la desc\u0103rcare \u0219i u\u0219or de folosit.<\/p>\n<\/div>\n\n\n\n<div class=\"wp-block-column benefits__column is-layout-flow wp-block-column-is-layout-flow\">\n<figure class=\"wp-block-image aligncenter benefits__column-image\"><img decoding=\"async\" src=\"https:\/\/www.transfergo.com\/wp-content\/plugins\/transfergo-blocks\/assets\/img\/benefits\/global.svg\" alt=\"Global icon\"\/><\/figure>\n\n\n\n<h6 class=\"wp-block-heading has-text-align-center t2 benefits__column-title has-blue-500-color has-text-color\"><strong>La nivel global<\/strong><\/h6>\n\n\n\n<p class=\"has-text-align-center benefits__column-subtitle has-blue-900-color has-text-color has-medium-font-size\">Trimite bani c\u0103tre carduri, conturi bancare \u0219i puncte de numerar \u00een peste 160 de \u021b\u0103ri din \u00eentreaga lume.<\/p>\n<\/div>\n\n\n\n<div class=\"wp-block-column benefits__column is-layout-flow wp-block-column-is-layout-flow\">\n<figure class=\"wp-block-image aligncenter benefits__column-image\"><img decoding=\"async\" src=\"https:\/\/www.transfergo.com\/wp-content\/plugins\/transfergo-blocks\/assets\/img\/benefits\/multilingual.svg\" alt=\"Multi-lingual icon\"\/><\/figure>\n\n\n\n<h6 class=\"wp-block-heading has-text-align-center t2 benefits__column-title has-blue-500-color has-text-color\"><strong>Suport \u00een mai multe limbi<\/strong><\/h6>\n\n\n\n<p class=\"has-text-align-center benefits__column-subtitle has-blue-900-color has-text-color has-medium-font-size\">Echipa noastr\u0103 de asisten\u021b\u0103 clien\u021bi, receptiv\u0103 \u0219i prietenoas\u0103, vorbe\u0219te 9 limbi \u0219i e gata s\u0103 te ajute.<\/p>\n<\/div>\n\n\n\n<div class=\"wp-block-column benefits__column is-layout-flow wp-block-column-is-layout-flow\">\n<figure class=\"wp-block-image aligncenter benefits__column-image\"><img decoding=\"async\" src=\"https:\/\/www.transfergo.com\/wp-content\/plugins\/transfergo-blocks\/assets\/img\/benefits\/security.svg\" alt=\"Security icon\"\/><\/figure>\n\n\n\n<h6 class=\"wp-block-heading has-text-align-center t2 benefits__column-title has-blue-500-color has-text-color\"><strong>Sigur\u0103 \u0219i autorizat\u0103 FCA<\/strong><\/h6>\n\n\n\n<p class=\"has-text-align-center benefits__column-subtitle has-blue-900-color has-text-color has-medium-font-size\">Suntem reglementa\u021bi de legisla\u021bia din Marea Britanie \u0219i din UE \u0219i folosim securitate \u0219i criptare de top ca s\u0103 \u00ee\u021bi p\u0103str\u0103m banii \u00een siguran\u021b\u0103.<\/p>\n<\/div>\n<\/div>\n<\/div><\/section>\n\n\n\n<section class=\"wp-block-tg-make-faster-transfers make-faster-transfers container-fluid\" data-subtitle=\"Scaneaz\u0103 pentru a desc\u0103rca aplica\u021bia TransferGo\"><div class=\"container\">\n<h3 class=\"wp-block-heading has-text-align-left make-faster-transfers__title has-blue-900-color has-text-color\">Efectueaz\u0103 transferuri oriunde te afli \u2014 descarc\u0103 aplica\u021bia TransferGo!<\/h3>\n\n\n\n<div class=\"wp-block-group badges is-layout-flow wp-block-group-is-layout-flow\">\n<div class=\"badges__container\">\n\t<div class=\"wp-block-button badges__button  is-style-button-with-arrow\" data-button-id=\"tg-2766803902\">\n\t\t<a class=\"wp-block-button__link wp-element-button\" href=\"https:\/\/transfergo.onelink.me\/3553566860\/auava1pk\" target=\"_blank\" rel=\"noreferrer noopener\">\n\t\t\tDescarc\u0103 aplica\u021bia\t\t<\/a>\n\t<\/div>\n\t<div class=\"badges__popup\" data-popup-id=\"tg-2766803902\">\n\t\t<div class=\"badges__popup-wrapper\">\n\t\t\t<button class=\"badges__popup-button\"><\/button>\n\t\t\t<p class=\"badges__popup-title wp-heading is-style-h4-higher-header-style\">\n\t\t\t\t<mark style=\"background-color:rgba(0, 0, 0, 0)\" class=\"has-inline-color has-blue-500-color\">\n\t\t\t\t\tScaneaz\u0103\t\t\t\t<\/mark>\n\t\t\t\t pentru a desc\u0103rca aplica\u021bia TransferGo\t\t\t<\/p>\n\t\t\t<img decoding=\"async\" class=\"badges__popup-image\" src=\"https:\/\/www.transfergo.com\/wp-content\/plugins\/transfergo-blocks\/assets\/img\/QR_code.webp\"\n\t\t\t\talt=\"http:\/\/QR%20code\"\/>\n\t\t<\/div>\n\t<\/div>\n<\/div>\n<\/div>\n\n\n\n<figure class=\"wp-block-image size-full make-faster-transfers__image make-faster-transfers__image--with-border\"><img loading=\"lazy\" decoding=\"async\" width=\"277\" height=\"600\" src=\"https:\/\/www.transfergo.com\/wp-content\/uploads\/2024\/12\/en-gb.png\" alt=\"\" class=\"wp-image-99202\" srcset=\"https:\/\/www.transfergo.com\/wp-content\/uploads\/2024\/12\/en-gb.png 277w, https:\/\/www.transfergo.com\/wp-content\/uploads\/2024\/12\/en-gb.png?resize=139,300 139w\" sizes=\"auto, (max-width: 277px) 100vw, 277px\" \/><\/figure>\n<\/div><\/section>\n\n\n\n<div style=\"height:8rem\" aria-hidden=\"true\" class=\"wp-block-spacer\"><\/div>\n","protected":false},"excerpt":{"rendered":"","protected":false},"author":106,"featured_media":0,"parent":0,"menu_order":0,"comment_status":"closed","ping_status":"closed","template":"","meta":{"hideMenuColor":false,"footnotes":""},"class_list":["post-1299943","page","type-page","status-publish","hentry"],"parsely":{"version":"1.1.0","canonical_url":"https:\/\/transfergo.com\/ro\/invita-prietenii","smart_links":{"inbound":0,"outbound":0},"traffic_boost_suggestions_count":0,"meta":{"@context":"https:\/\/schema.org","@type":"WebPage","headline":"Refer a friend &#8211; RO","url":"http:\/\/www.transfergo.com\/ro\/invita-prietenii","mainEntityOfPage":{"@type":"WebPage","@id":"http:\/\/www.transfergo.com\/ro\/invita-prietenii"},"thumbnailUrl":"","image":{"@type":"ImageObject","url":""},"articleSection":"Finan\u021be personale","author":[{"@type":"Person","name":"Bo\u017eena Voitkevi\u010d"}],"creator":["Bo\u017eena Voitkevi\u010d"],"publisher":{"@type":"Organization","name":"TransferGo","logo":""},"keywords":[],"dateCreated":"2026-03-11T14:29:08Z","datePublished":"2026-03-11T14:29:08Z","dateModified":"2026-04-17T11:37:19Z"},"rendered":"<script type=\"application\/ld+json\" class=\"wp-parsely-metadata\">{\"@context\":\"https:\\\/\\\/schema.org\",\"@type\":\"WebPage\",\"headline\":\"Refer a friend &#8211; RO\",\"url\":\"http:\\\/\\\/www.transfergo.com\\\/ro\\\/invita-prietenii\",\"mainEntityOfPage\":{\"@type\":\"WebPage\",\"@id\":\"http:\\\/\\\/www.transfergo.com\\\/ro\\\/invita-prietenii\"},\"thumbnailUrl\":\"\",\"image\":{\"@type\":\"ImageObject\",\"url\":\"\"},\"articleSection\":\"Finan\\u021be personale\",\"author\":[{\"@type\":\"Person\",\"name\":\"Bo\\u017eena Voitkevi\\u010d\"}],\"creator\":[\"Bo\\u017eena Voitkevi\\u010d\"],\"publisher\":{\"@type\":\"Organization\",\"name\":\"TransferGo\",\"logo\":\"\"},\"keywords\":[],\"dateCreated\":\"2026-03-11T14:29:08Z\",\"datePublished\":\"2026-03-11T14:29:08Z\",\"dateModified\":\"2026-04-17T11:37:19Z\"}<\/script>","tracker_url":"https:\/\/cdn.parsely.com\/keys\/transfergo.com\/p.js"},"jetpack_sharing_enabled":true,"hideMenuColor":false,"_links":{"self":[{"href":"https:\/\/www.transfergo.com\/ro\/wp-json\/wp\/v2\/pages\/1299943","targetHints":{"allow":["GET"]}}],"collection":[{"href":"https:\/\/www.transfergo.com\/ro\/wp-json\/wp\/v2\/pages"}],"about":[{"href":"https:\/\/www.transfergo.com\/ro\/wp-json\/wp\/v2\/types\/page"}],"author":[{"embeddable":true,"href":"https:\/\/www.transfergo.com\/ro\/wp-json\/wp\/v2\/users\/106"}],"replies":[{"embeddable":true,"href":"https:\/\/www.transfergo.com\/ro\/wp-json\/wp\/v2\/comments?post=1299943"}],"version-history":[{"count":7,"href":"https:\/\/www.transfergo.com\/ro\/wp-json\/wp\/v2\/pages\/1299943\/revisions"}],"predecessor-version":[{"id":1300096,"href":"https:\/\/www.transfergo.com\/ro\/wp-json\/wp\/v2\/pages\/1299943\/revisions\/1300096"}],"wp:attachment":[{"href":"https:\/\/www.transfergo.com\/ro\/wp-json\/wp\/v2\/media?parent=1299943"}],"curies":[{"name":"wp","href":"https:\/\/api.w.org\/{rel}","templated":true}]}}