{"id":1389,"date":"2022-08-21T03:56:41","date_gmt":"2022-08-21T03:56:41","guid":{"rendered":"https:\/\/transfergo.wpengine.com\/referral-gift"},"modified":"2026-01-22T10:52:03","modified_gmt":"2026-01-22T10:52:03","slug":"recompensa-ta","status":"publish","type":"page","link":"https:\/\/www.transfergo.com\/ro\/recompensa-ta","title":{"rendered":"Recompensa ta"},"content":{"rendered":"\r\n<section class=\"wp-block-tg-hero-refer-a-friend hero-refer-a-friend container-fluid alignfull\" align=\"full\"><div class=\"container\">\r\n<div class=\"wp-block-columns hero-refer-a-friend__columns is-layout-flex wp-container-core-columns-is-layout-28f84493 wp-block-columns-is-layout-flex\">\r\n<div class=\"wp-block-column hero-refer-a-friend__column is-layout-flow wp-block-column-is-layout-flow\">\n<p class=\"is-style-h2-higher-header-style wp-block-tg-hero-raf-parameter\">\n\t<mark class=\"has-inline-color has-blue-500-color\">\n\t\tPRIETENUL T\u0102U \/ PRIETENA TA\t<\/mark>\n<\/p>\n\r\n\r\n<h1 class=\"wp-block-heading hero-refer-a-friend__title is-style-h4-higher-header-style\">te invit\u0103 s\u0103 folose\u0219ti TransferGo<\/h1>\r\n\r\n<p  class=\"hero-refer-a-friend__subtitle\">Trimite bani pentru mai pu\u021bin \u0219i primele 2 transferuri sunt gratuite!<\/p>\r\n\r\n\r\n\r\n<div class=\"wp-block-button hero-refer-a-friend__button is-style-button-with-arrow\"><a class=\"wp-block-button__link wp-element-button\" href=\"https:\/\/app.transfergo.com\/ro\/register\" target=\"_blank\" rel=\"noopener\">Accept\u0103 invita\u021bia<\/a><\/div><\/div>\r\n\r\n\r\n\r\n<div class=\"wp-block-column hero-refer-a-friend__column hero-refer-a-friend__column--images is-layout-flow wp-block-column-is-layout-flow\">\r\n<figure class=\"wp-block-image hero-refer-a-friend__image\"><img decoding=\"async\" src=\"https:\/\/www.transfergo.com\/wp-content\/plugins\/transfergo-blocks\/assets\/img\/hero-refer-a-friend\/hero-refer-a-friend-image-male.webp\" alt=\"\"\/><\/figure>\r\n\r\n\r\n\r\n<figure class=\"wp-block-image hero-refer-a-friend__image\"><img decoding=\"async\" src=\"https:\/\/www.transfergo.com\/wp-content\/plugins\/transfergo-blocks\/assets\/img\/hero-refer-a-friend\/hero-refer-a-friend-image-female.webp\" alt=\"\"\/><\/figure>\r\n<\/div>\r\n<\/div>\r\n<\/div><\/section>\r\n\n\n\n<section class=\"wp-block-tg-benefits benefits  container-fluid\"><div class=\"container\">\n<h2 class=\"wp-block-heading has-text-align-center benefits__title has-blue-900-color has-text-color\">Iat\u0103 de ce peste 8 milioane de clien\u021bi au \u00eencredere \u00een TransferGo\u2026<\/h2>\n\n\n\n<div class=\"wp-block-columns benefits__columns is-layout-flex wp-container-core-columns-is-layout-28f84493 wp-block-columns-is-layout-flex\">\n<div class=\"wp-block-column benefits__column is-layout-flow wp-block-column-is-layout-flow\">\n<figure class=\"wp-block-image aligncenter benefits__column-image\"><img decoding=\"async\" src=\"https:\/\/www.transfergo.com\/wp-content\/plugins\/transfergo-blocks\/assets\/img\/benefits\/high-speed.svg\" alt=\"High speed icon\"\/><\/figure>\n\n\n\n<h6 class=\"wp-block-heading has-text-align-center t2 benefits__column-title has-blue-500-color has-text-color\"><strong>Rapid<\/strong><\/h6>\n\n\n\n<p class=\"has-text-align-center benefits__column-subtitle has-blue-900-color has-text-color has-medium-font-size\">Majoritatea transferurilor dureaz\u0103 2-3 minute! Po\u021bi s\u0103 trimi\u021bi bani chiar \u0219i \u00een weekend.<\/p>\n<\/div>\n\n\n\n<div class=\"wp-block-column benefits__column is-layout-flow wp-block-column-is-layout-flow\">\n<figure class=\"wp-block-image aligncenter benefits__column-image\"><img decoding=\"async\" src=\"https:\/\/www.transfergo.com\/wp-content\/plugins\/transfergo-blocks\/assets\/img\/benefits\/low-fees.svg\" alt=\"Low fees icon\"\/><\/figure>\n\n\n\n<h6 class=\"wp-block-heading has-text-align-center t2 benefits__column-title has-blue-500-color has-text-color\"><strong>Taxe mici<\/strong><\/h6>\n\n\n\n<p class=\"has-text-align-center benefits__column-subtitle has-blue-900-color has-text-color has-medium-font-size\">Ob\u021bine rate excelente, taxe mici \u2013 \u0219i primele dou\u0103 transferuri gratuite!<\/p>\n<\/div>\n\n\n\n<div class=\"wp-block-column benefits__column is-layout-flow wp-block-column-is-layout-flow\">\n<figure class=\"wp-block-image aligncenter benefits__column-image\"><img decoding=\"async\" src=\"https:\/\/www.transfergo.com\/wp-content\/plugins\/transfergo-blocks\/assets\/img\/benefits\/no-hassle.svg\" alt=\"No hassle icon\"\/><\/figure>\n\n\n\n<h6 class=\"wp-block-heading has-text-align-center t2 benefits__column-title has-blue-500-color has-text-color\"><strong>F\u0103r\u0103 b\u0103t\u0103i de cap<\/strong><\/h6>\n\n\n\n<p class=\"has-text-align-center benefits__column-subtitle has-blue-900-color has-text-color has-medium-font-size\">Aplica\u021bia este gratuit\u0103 pentru desc\u0103rcare \u0219i u\u0219or de utilizat.<\/p>\n<\/div>\n\n\n\n<div class=\"wp-block-column benefits__column is-layout-flow wp-block-column-is-layout-flow\">\n<figure class=\"wp-block-image aligncenter benefits__column-image\"><img decoding=\"async\" src=\"https:\/\/www.transfergo.com\/wp-content\/plugins\/transfergo-blocks\/assets\/img\/benefits\/global.svg\" alt=\"Global icon\"\/><\/figure>\n\n\n\n<h6 class=\"wp-block-heading has-text-align-center t2 benefits__column-title has-blue-500-color has-text-color\"><strong>Global<\/strong><\/h6>\n\n\n\n<p class=\"has-text-align-center benefits__column-subtitle has-blue-900-color has-text-color has-medium-font-size\">Po\u021bi trimite bani c\u0103tre carduri, conturi bancare \u0219i puncte de \u00eencasare \u00een peste 160 de \u021b\u0103ri din \u00eentreaga lume.<\/p>\n<\/div>\n\n\n\n<div class=\"wp-block-column benefits__column is-layout-flow wp-block-column-is-layout-flow\">\n<figure class=\"wp-block-image aligncenter benefits__column-image\"><img decoding=\"async\" src=\"https:\/\/www.transfergo.com\/wp-content\/plugins\/transfergo-blocks\/assets\/img\/benefits\/multilingual.svg\" alt=\"Multi-lingual icon\"\/><\/figure>\n\n\n\n<h6 class=\"wp-block-heading has-text-align-center t2 benefits__column-title has-blue-500-color has-text-color\"><strong>Asisten\u021b\u0103 multilingv\u0103<\/strong><\/h6>\n\n\n\n<p class=\"has-text-align-center benefits__column-subtitle has-blue-900-color has-text-color has-medium-font-size\">Echipa noastr\u0103 de Asisten\u021b\u0103 pentru Clien\u021bi, receptiv\u0103 \u0219i prietenoas\u0103, vorbe\u0219te 9 limbi \u0219i este gata s\u0103 te ajute.<\/p>\n<\/div>\n\n\n\n<div class=\"wp-block-column benefits__column is-layout-flow wp-block-column-is-layout-flow\">\n<figure class=\"wp-block-image aligncenter benefits__column-image\"><img decoding=\"async\" src=\"https:\/\/www.transfergo.com\/wp-content\/plugins\/transfergo-blocks\/assets\/img\/benefits\/security.svg\" alt=\"Security icon\"\/><\/figure>\n\n\n\n<h6 class=\"wp-block-heading has-text-align-center t2 benefits__column-title has-blue-500-color has-text-color\"><strong>Securizat &amp; autorizat FCA<\/strong><\/h6>\n\n\n\n<p class=\"has-text-align-center benefits__column-subtitle has-blue-900-color has-text-color has-medium-font-size\">Suntem reglementa\u021bi de legisla\u021bia din Regatul Unit \u0219i UE, \u0219i folosim metode de securitate \u0219i de criptare de top pentru a-\u021bi p\u0103stra banii \u00een siguran\u021b\u0103.<\/p>\n<\/div>\n<\/div>\n<\/div><\/section>\n\n\n\n<section class=\"wp-block-tg-make-faster-transfers make-faster-transfers container-fluid\" data-subtitle=\"Scaneaz\u0103 pentru a desc\u0103rca aplica\u021bia TransferGo\"><div class=\"container\">\n<h3 class=\"wp-block-heading has-text-align-left make-faster-transfers__title has-blue-900-color has-text-color\">Efectueaz\u0103 transferuri din mers \u2014 descarc\u0103 aplica\u021bia TransferGo!<\/h3>\n\n\n\n<div class=\"wp-block-group badges is-layout-flow wp-block-group-is-layout-flow\">\n<div class=\"badges__container\">\n\t<div class=\"wp-block-button badges__button  is-style-button-with-arrow\" data-button-id=\"tg-420159115\">\n\t\t<a class=\"wp-block-button__link wp-element-button\" href=\"https:\/\/transfergo.onelink.me\/3553566860\/auava1pk\" target=\"_blank\" rel=\"noreferrer noopener\">\n\t\t\tDescarc\u0103 aplica\u021bia\t\t<\/a>\n\t<\/div>\n\t<div class=\"badges__popup\" data-popup-id=\"tg-420159115\">\n\t\t<div class=\"badges__popup-wrapper\">\n\t\t\t<button class=\"badges__popup-button\"><\/button>\n\t\t\t<p class=\"badges__popup-title wp-heading is-style-h4-higher-header-style\">\n\t\t\t\t<mark style=\"background-color:rgba(0, 0, 0, 0)\" class=\"has-inline-color has-blue-500-color\">\n\t\t\t\t\tScaneaz\u0103\t\t\t\t<\/mark>\n\t\t\t\t pentru a desc\u0103rca aplica\u021bia TransferGo\t\t\t<\/p>\n\t\t\t<img decoding=\"async\" class=\"badges__popup-image\" src=\"https:\/\/www.transfergo.com\/wp-content\/plugins\/transfergo-blocks\/assets\/img\/QR_code.webp\"\n\t\t\t\talt=\"http:\/\/QR%20code\"\/>\n\t\t<\/div>\n\t<\/div>\n<\/div>\n<\/div>\n\n\n\n<figure class=\"wp-block-image size-large make-faster-transfers__image make-faster-transfers__image--with-border\"><img loading=\"lazy\" decoding=\"async\" height=\"1024\" width=\"473\" src=\"https:\/\/www.transfergo.com\/ro\/wp-content\/uploads\/2024\/12\/RO-473x1024.png\" alt=\"\" class=\"wp-image-99291\" srcset=\"https:\/\/www.transfergo.com\/wp-content\/uploads\/2024\/12\/RO-473x1024.png 473w, https:\/\/www.transfergo.com\/wp-content\/uploads\/2024\/12\/RO-139x300.png 139w, https:\/\/www.transfergo.com\/wp-content\/uploads\/2024\/12\/RO-768x1662.png 768w, https:\/\/www.transfergo.com\/wp-content\/uploads\/2024\/12\/RO-710x1536.png 710w, https:\/\/www.transfergo.com\/wp-content\/uploads\/2024\/12\/RO-946x2048.png 946w, https:\/\/www.transfergo.com\/wp-content\/uploads\/2024\/12\/RO.png 1170w\" sizes=\"auto, (max-width: 473px) 100vw, 473px\" \/><\/figure>\n<\/div><\/section>\n\n\n\n<div style=\"height:8rem\" aria-hidden=\"true\" class=\"wp-block-spacer\"><\/div>\n","protected":false},"excerpt":{"rendered":"","protected":false},"author":1,"featured_media":0,"parent":0,"menu_order":0,"comment_status":"closed","ping_status":"closed","template":"landing","meta":{"hideMenuColor":false,"footnotes":""},"class_list":["post-1389","page","type-page","status-publish","hentry"],"parsely":{"version":"1.1.0","canonical_url":"https:\/\/transfergo.com\/ro\/recompensa-ta","smart_links":{"inbound":0,"outbound":0},"traffic_boost_suggestions_count":0,"meta":{"@context":"https:\/\/schema.org","@type":"WebPage","headline":"Recompensa ta","url":"http:\/\/www.transfergo.com\/ro\/recompensa-ta","mainEntityOfPage":{"@type":"WebPage","@id":"http:\/\/www.transfergo.com\/ro\/recompensa-ta"},"thumbnailUrl":"","image":{"@type":"ImageObject","url":""},"articleSection":"Finan\u021be personale","author":[{"@type":"Person","name":"TransferGo Team"}],"creator":["TransferGo Team"],"publisher":{"@type":"Organization","name":"TransferGo","logo":""},"keywords":[],"dateCreated":"2022-08-21T03:56:41Z","datePublished":"2022-08-21T03:56:41Z","dateModified":"2026-01-22T10:52:03Z"},"rendered":"<script type=\"application\/ld+json\" class=\"wp-parsely-metadata\">{\"@context\":\"https:\\\/\\\/schema.org\",\"@type\":\"WebPage\",\"headline\":\"Recompensa ta\",\"url\":\"http:\\\/\\\/www.transfergo.com\\\/ro\\\/recompensa-ta\",\"mainEntityOfPage\":{\"@type\":\"WebPage\",\"@id\":\"http:\\\/\\\/www.transfergo.com\\\/ro\\\/recompensa-ta\"},\"thumbnailUrl\":\"\",\"image\":{\"@type\":\"ImageObject\",\"url\":\"\"},\"articleSection\":\"Finan\\u021be personale\",\"author\":[{\"@type\":\"Person\",\"name\":\"TransferGo Team\"}],\"creator\":[\"TransferGo Team\"],\"publisher\":{\"@type\":\"Organization\",\"name\":\"TransferGo\",\"logo\":\"\"},\"keywords\":[],\"dateCreated\":\"2022-08-21T03:56:41Z\",\"datePublished\":\"2022-08-21T03:56:41Z\",\"dateModified\":\"2026-01-22T10:52:03Z\"}<\/script>","tracker_url":"https:\/\/cdn.parsely.com\/keys\/transfergo.com\/p.js"},"jetpack_sharing_enabled":true,"hideMenuColor":false,"_links":{"self":[{"href":"https:\/\/www.transfergo.com\/ro\/wp-json\/wp\/v2\/pages\/1389","targetHints":{"allow":["GET"]}}],"collection":[{"href":"https:\/\/www.transfergo.com\/ro\/wp-json\/wp\/v2\/pages"}],"about":[{"href":"https:\/\/www.transfergo.com\/ro\/wp-json\/wp\/v2\/types\/page"}],"author":[{"embeddable":true,"href":"https:\/\/www.transfergo.com\/ro\/wp-json\/wp\/v2\/users\/1"}],"replies":[{"embeddable":true,"href":"https:\/\/www.transfergo.com\/ro\/wp-json\/wp\/v2\/comments?post=1389"}],"version-history":[{"count":2,"href":"https:\/\/www.transfergo.com\/ro\/wp-json\/wp\/v2\/pages\/1389\/revisions"}],"predecessor-version":[{"id":847216,"href":"https:\/\/www.transfergo.com\/ro\/wp-json\/wp\/v2\/pages\/1389\/revisions\/847216"}],"wp:attachment":[{"href":"https:\/\/www.transfergo.com\/ro\/wp-json\/wp\/v2\/media?parent=1389"}],"curies":[{"name":"wp","href":"https:\/\/api.w.org\/{rel}","templated":true}]}}