{"id":841888,"date":"2025-12-09T15:22:56","date_gmt":"2025-12-09T15:22:56","guid":{"rendered":"https:\/\/www.transfergo.com\/?page_id=841888"},"modified":"2025-12-16T11:02:58","modified_gmt":"2025-12-16T11:02:58","slug":"iban-virtual","status":"publish","type":"page","link":"https:\/\/www.transfergo.com\/ro\/iban-virtual","title":{"rendered":"Virtual iBAN (vIBAN)"},"content":{"rendered":"\n<section class=\"wp-block-tg-terms-and-conditions-hero terms-and-conditions-hero container-fluid alignfull\" align=\"full\"><div class=\"container\">\n<h1 class=\"wp-block-heading has-text-align-center terms-and-conditions-hero__title has-blue-900-color has-text-color\"><strong><strong><strong><strong>\u00cen\u021belegerea IBAN-ului t\u0103u virtual (vIBAN) pentru transferuri<\/strong><\/strong><\/strong><\/strong><\/h1>\n<\/div><\/section>\n\n\n\n<section class=\"wp-block-tg-terms-and-conditions-main-content terms-and-conditions-main-content container-fluid\"><div class=\"container\">\n<p>Atunci c\u00e2nd faci sau prime\u0219ti transferuri interna\u021bionale prin TransferGo, este posibil s\u0103 \u021bi se ofere un IBAN virtual (vIBAN).<\/p>\n\n\n\n<p>Un vIBAN func\u021bioneaz\u0103 la fel ca un IBAN obi\u0219nuit, dar \u00een loc s\u0103 reprezinte un Cont bancar separat, este un identificator unic legat de Contul t\u0103u TransferGo.<\/p>\n\n\n\n<p>\u00ce\u021bi permite s\u0103 prime\u0219ti bani pe numele t\u0103u, \u00eentr-o Valut\u0103 specific\u0103, \u0219i ajut\u0103 TransferGo s\u0103 direc\u021bioneze fondurile rapid \u0219i corect.<\/p>\n\n\n\n<h2 class=\"wp-block-heading has-x-large-font-size\"><strong>Cine \u00ee\u021bi emite vIBAN-ul pentru EUR?<\/strong><\/h2>\n\n\n\n<p>vIBAN-ul t\u0103u este emis \u0219i administrat de LHV Pank, o institu\u021bie de credit estonian\u0103 licen\u021biat\u0103 \u0219i reglementat\u0103 de Banca Estoniei (Eesti Pank).<\/p>\n\n\n\n<p>LHV Pank colaboreaz\u0103 cu TransferGo pentru a oferi anumite servicii bancare, inclusiv generarea de vIBAN-uri folosite pentru trimiterea \u0219i primirea de transferuri.<\/p>\n\n\n\n<h2 class=\"wp-block-heading has-x-large-font-size\"><strong>Cine \u00ee\u021bi emite vIBAN-ul pentru PLN?<\/strong><\/h2>\n\n\n\n<p>vIBAN-ul t\u0103u este emis \u0219i administrat de Santander Bank Polska S.A., o institu\u021bie de credit polonez\u0103 licen\u021biat\u0103 \u0219i reglementat\u0103 de autoritatea de supraveghere financiar\u0103 din Polonia (Komisja Nadzoru Finansowego).<\/p>\n\n\n\n<p>Santander Bank Polska S.A. colaboreaz\u0103 cu TransferGo pentru a oferi anumite servicii bancare, inclusiv generarea de vIBAN-uri folosite pentru trimiterea \u0219i primirea de transferuri.<\/p>\n\n\n\n<h2 class=\"wp-block-heading has-x-large-font-size\"><strong><strong>Cine \u00ee\u021bi emite vIBAN-ul pentru USD?<\/strong><\/strong><\/h2>\n\n\n\n<p>vIBAN-ul t\u0103u este emis \u0219i administrat de Santander Bank Polska S.A., o institu\u021bie de credit polonez\u0103 licen\u021biat\u0103 \u0219i reglementat\u0103 de autoritatea de supraveghere financiar\u0103 din Polonia (Komisja Nadzoru Finansowego).<\/p>\n\n\n\n<p>Santander Bank Polska S.A. colaboreaz\u0103 cu TransferGo pentru a oferi anumite servicii bancare, inclusiv generarea de vIBAN-uri folosite pentru trimiterea \u0219i primirea de transferuri.<\/p>\n\n\n\n<h2 class=\"wp-block-heading has-x-large-font-size\"><strong><strong>Cine \u00ee\u021bi emite vIBAN-ul pentru GBP?<\/strong><\/strong><\/h2>\n\n\n\n<p>vIBAN-ul t\u0103u este emis \u0219i administrat de LHV Bank Limited, autorizat\u0103 ca institu\u021bie financiar\u0103 de c\u0103tre Prudent Regulation Authority. LHV Bank colaboreaz\u0103 cu TransferGo pentru a oferi anumite servicii bancare, inclusiv generarea de vIBAN-uri folosite pentru trimiterea \u0219i primirea de transferuri.<\/p>\n\n\n\n<h2 class=\"wp-block-heading has-x-large-font-size\"><strong>Ce \u00eenseamn\u0103 acest lucru pentru tine<\/strong><\/h2>\n\n\n\n<p>Pentru c\u0103 vIBAN-ul t\u0103u este furnizat prin aceste b\u0103nci, te rug\u0103m s\u0103 \u021bii cont de faptul c\u0103:<\/p>\n\n\n\n<ul class=\"wp-block-list\">\n<li>\u2022 Unele servicii sunt supuse jurisdic\u021biei \u0219i reglement\u0103rilor lor.<\/li>\n\n\n\n<li>\u2022 Contul t\u0103u TransferGo continu\u0103 s\u0103 func\u021bioneze normal; totu\u0219i, pl\u0103\u021bile f\u0103cute c\u0103tre sau din vIBAN-ul t\u0103u urmeaz\u0103 regulile care se aplic\u0103 Conturilor lor bancare.<\/li>\n\n\n\n<li>\u2022 Aceast\u0103 configurare ajut\u0103 TransferGo s\u0103 ofere transferuri rapide, sigure \u0219i de tip local \u00een euro (EUR), zlot polonez (PLN), dolar american (USD) \u0219i lir\u0103 sterlin\u0103 (GBP).<\/li>\n\n\n\n<li><\/li>\n<\/ul>\n\n\n\n<p><strong>Important de re\u021binut: <\/strong>Chiar dac\u0103 vIBAN-ul t\u0103u este emis de aceste b\u0103nci, fondurile din Contul t\u0103u TransferGo r\u0103m\u00e2n protejate \u0219i p\u0103strate \u00een siguran\u021b\u0103, \u00een conformitate cu toate cerin\u021bele de reglementare.<\/p>\n<\/div><\/section>\n","protected":false},"excerpt":{"rendered":"","protected":false},"author":7,"featured_media":0,"parent":0,"menu_order":0,"comment_status":"closed","ping_status":"closed","template":"","meta":{"hideMenuColor":false,"footnotes":""},"class_list":["post-841888","page","type-page","status-publish","hentry"],"parsely":{"version":"1.1.0","canonical_url":"https:\/\/transfergo.com\/ro\/iban-virtual","smart_links":{"inbound":0,"outbound":0},"traffic_boost_suggestions_count":0,"meta":{"@context":"https:\/\/schema.org","@type":"WebPage","headline":"Virtual iBAN (vIBAN)","url":"http:\/\/www.transfergo.com\/ro\/iban-virtual","mainEntityOfPage":{"@type":"WebPage","@id":"http:\/\/www.transfergo.com\/ro\/iban-virtual"},"thumbnailUrl":"","image":{"@type":"ImageObject","url":""},"articleSection":"Finan\u021be personale","author":[{"@type":"Person","name":"Jennifer Tate"}],"creator":["Jennifer Tate"],"publisher":{"@type":"Organization","name":"TransferGo","logo":""},"keywords":[],"dateCreated":"2025-12-09T15:22:56Z","datePublished":"2025-12-09T15:22:56Z","dateModified":"2025-12-16T11:02:58Z"},"rendered":"<script type=\"application\/ld+json\" class=\"wp-parsely-metadata\">{\"@context\":\"https:\\\/\\\/schema.org\",\"@type\":\"WebPage\",\"headline\":\"Virtual iBAN (vIBAN)\",\"url\":\"http:\\\/\\\/www.transfergo.com\\\/ro\\\/iban-virtual\",\"mainEntityOfPage\":{\"@type\":\"WebPage\",\"@id\":\"http:\\\/\\\/www.transfergo.com\\\/ro\\\/iban-virtual\"},\"thumbnailUrl\":\"\",\"image\":{\"@type\":\"ImageObject\",\"url\":\"\"},\"articleSection\":\"Finan\\u021be personale\",\"author\":[{\"@type\":\"Person\",\"name\":\"Jennifer Tate\"}],\"creator\":[\"Jennifer Tate\"],\"publisher\":{\"@type\":\"Organization\",\"name\":\"TransferGo\",\"logo\":\"\"},\"keywords\":[],\"dateCreated\":\"2025-12-09T15:22:56Z\",\"datePublished\":\"2025-12-09T15:22:56Z\",\"dateModified\":\"2025-12-16T11:02:58Z\"}<\/script>","tracker_url":"https:\/\/cdn.parsely.com\/keys\/transfergo.com\/p.js"},"jetpack_sharing_enabled":true,"hideMenuColor":false,"_links":{"self":[{"href":"https:\/\/www.transfergo.com\/ro\/wp-json\/wp\/v2\/pages\/841888","targetHints":{"allow":["GET"]}}],"collection":[{"href":"https:\/\/www.transfergo.com\/ro\/wp-json\/wp\/v2\/pages"}],"about":[{"href":"https:\/\/www.transfergo.com\/ro\/wp-json\/wp\/v2\/types\/page"}],"author":[{"embeddable":true,"href":"https:\/\/www.transfergo.com\/ro\/wp-json\/wp\/v2\/users\/7"}],"replies":[{"embeddable":true,"href":"https:\/\/www.transfergo.com\/ro\/wp-json\/wp\/v2\/comments?post=841888"}],"version-history":[{"count":1,"href":"https:\/\/www.transfergo.com\/ro\/wp-json\/wp\/v2\/pages\/841888\/revisions"}],"predecessor-version":[{"id":841891,"href":"https:\/\/www.transfergo.com\/ro\/wp-json\/wp\/v2\/pages\/841888\/revisions\/841891"}],"wp:attachment":[{"href":"https:\/\/www.transfergo.com\/ro\/wp-json\/wp\/v2\/media?parent=841888"}],"curies":[{"name":"wp","href":"https:\/\/api.w.org\/{rel}","templated":true}]}}