{"id":1292,"date":"2022-08-29T11:52:22","date_gmt":"2022-08-29T11:52:22","guid":{"rendered":"https:\/\/transfergo.wpengine.com\/confirmation-one-day"},"modified":"2024-12-16T14:12:06","modified_gmt":"2024-12-16T14:12:06","slug":"paraniz-bize-1-gun-icinde-ulasacaktir","status":"publish","type":"page","link":"https:\/\/www.transfergo.com\/tr\/paraniz-bize-1-gun-icinde-ulasacaktir","title":{"rendered":"Paran\u0131z bize 1 g\u00fcn i\u00e7inde ula\u015facakt\u0131r!"},"content":{"rendered":"\n<section class=\"wp-block-tg-hero-confirmation hero-confirmation container-fluid alignfull\" align=\"full\"><div class=\"container\">\n<h2 class=\"wp-block-heading has-text-align-center hero-confirmation__subtitle--top has-blue-900-color has-text-color\">HAR\u0130KA!<\/h2>\n\n\n\n<h1 class=\"wp-block-heading has-text-align-center hero-confirmation__title has-blue-900-color has-text-color\">\u00d6demeniz hakk\u0131nda bizi bilgilendirdi\u011finiz i\u00e7in <mark style=\"background-color:rgba(0, 0, 0, 0)\" class=\"has-inline-color has-blue-500-color\">te\u015fekk\u00fcr<\/mark> ederiz!<\/h1>\n\n\n\n<h5 class=\"wp-block-heading has-text-align-center hero-confirmation__subtitle--bottom has-blue-900-color has-text-color\">Yat\u0131rd\u0131\u011f\u0131n\u0131z paran\u0131n hesab\u0131m\u0131za ula\u015fmas\u0131 bir i\u015f g\u00fcn\u00fcne kadar s\u00fcrebilir.<\/h5>\n<\/div><\/section>\n\n\n\n<h2 class=\"wp-block-heading has-text-align-center\"><mark style=\"background-color:rgba(0, 0, 0, 0)\" class=\"has-inline-color has-blue-500-color\">S\u0131rada<\/mark> ne var?<\/h2>\n\n\n\n<div class=\"wp-block-buttons is-vertical is-content-justification-center is-layout-flex wp-container-core-buttons-is-layout-734eb2c2 wp-block-buttons-is-layout-flex\">\n<div class=\"wp-block-button is-style-button-blue-with-arrow-no-background\"><a class=\"wp-block-button__link wp-element-button\" href=\"https:\/\/support.transfergo.com\/hc\/en-gb\/articles\/206284315-Transfer-speeds?_gl=1%2Ar2e4xg%2A_gcl_au%2ANjkyMjk5MDY0LjE3MzE5MzQ4NDM.%2A_ga%2AMjEzODEwNjQ3NS4xNzI0MTU4MDg2%2A_ga_N5YECT9QN2%2AMTczNDM0ODE1OS4xLjEuMTczNDM1ODA5NC41Ny4wLjA.\" target=\"_blank\" rel=\"noopener\">Bir aktar\u0131m\u0131n ula\u015fmas\u0131 ne kadar s\u00fcrer?<\/a><\/div>\n\n\n\n<div class=\"wp-block-button is-style-button-blue-with-arrow-no-background\"><a class=\"wp-block-button__link wp-element-button\" href=\"https:\/\/support.transfergo.com\/hc\/en-gb\/articles\/206416593-Check-Your-Transfer-Status?_gl=1%2Ay17uj%2A_gcl_au%2ANjkyMjk5MDY0LjE3MzE5MzQ4NDM.%2A_ga%2AMjEzODEwNjQ3NS4xNzI0MTU4MDg2%2A_ga_N5YECT9QN2%2AMTczNDM0ODE1OS4xLjEuMTczNDM1ODA5NC41Ny4wLjA.\" target=\"_blank\" rel=\"noopener\">Aktar\u0131m durumunuzu kontrol edin<\/a><\/div>\n\n\n\n<div class=\"wp-block-button is-style-button-blue-with-arrow-no-background\"><a class=\"wp-block-button__link wp-element-button\" href=\"https:\/\/support.transfergo.com\/hc\/tr?_gl=1*y17uj*_gcl_au*NjkyMjk5MDY0LjE3MzE5MzQ4NDM.*_ga*MjEzODEwNjQ3NS4xNzI0MTU4MDg2*_ga_N5YECT9QN2*MTczNDM0ODE1OS4xLjEuMTczNDM1ODA5NC41Ny4wLjA.\" target=\"_blank\" rel=\"noopener\">Sorunuz mu var? Yard\u0131m b\u00f6l\u00fcm\u00fcm\u00fcz\u00fc ziyaret edin<\/a><\/div>\n<\/div>\n","protected":false},"excerpt":{"rendered":"<p>S\u0131rada ne var?<\/p>\n","protected":false},"author":1,"featured_media":0,"parent":0,"menu_order":0,"comment_status":"closed","ping_status":"closed","template":"page-with-short-footer","meta":{"hideMenuColor":false,"footnotes":""},"class_list":["post-1292","page","type-page","status-publish","hentry"],"parsely":{"version":"1.1.0","canonical_url":"https:\/\/transfergo.com\/tr\/paraniz-bize-1-gun-icinde-ulasacaktir","smart_links":{"inbound":0,"outbound":0},"traffic_boost_suggestions_count":0,"meta":{"@context":"https:\/\/schema.org","@type":"WebPage","headline":"Paran\u0131z bize 1 g\u00fcn i\u00e7inde ula\u015facakt\u0131r!","url":"http:\/\/www.transfergo.com\/tr\/paraniz-bize-1-gun-icinde-ulasacaktir","mainEntityOfPage":{"@type":"WebPage","@id":"http:\/\/www.transfergo.com\/tr\/paraniz-bize-1-gun-icinde-ulasacaktir"},"thumbnailUrl":"","image":{"@type":"ImageObject","url":""},"articleSection":"Bireysel Finans","author":[{"@type":"Person","name":"TransferGo Team"}],"creator":["TransferGo Team"],"publisher":{"@type":"Organization","name":"TransferGo","logo":""},"keywords":[],"dateCreated":"2022-08-29T11:52:22Z","datePublished":"2022-08-29T11:52:22Z","dateModified":"2024-12-16T14:12:06Z"},"rendered":"<script type=\"application\/ld+json\" class=\"wp-parsely-metadata\">{\"@context\":\"https:\\\/\\\/schema.org\",\"@type\":\"WebPage\",\"headline\":\"Paran\\u0131z bize 1 g\\u00fcn i\\u00e7inde ula\\u015facakt\\u0131r!\",\"url\":\"http:\\\/\\\/www.transfergo.com\\\/tr\\\/paraniz-bize-1-gun-icinde-ulasacaktir\",\"mainEntityOfPage\":{\"@type\":\"WebPage\",\"@id\":\"http:\\\/\\\/www.transfergo.com\\\/tr\\\/paraniz-bize-1-gun-icinde-ulasacaktir\"},\"thumbnailUrl\":\"\",\"image\":{\"@type\":\"ImageObject\",\"url\":\"\"},\"articleSection\":\"Bireysel Finans\",\"author\":[{\"@type\":\"Person\",\"name\":\"TransferGo Team\"}],\"creator\":[\"TransferGo Team\"],\"publisher\":{\"@type\":\"Organization\",\"name\":\"TransferGo\",\"logo\":\"\"},\"keywords\":[],\"dateCreated\":\"2022-08-29T11:52:22Z\",\"datePublished\":\"2022-08-29T11:52:22Z\",\"dateModified\":\"2024-12-16T14:12:06Z\"}<\/script>","tracker_url":"https:\/\/cdn.parsely.com\/keys\/transfergo.com\/p.js"},"jetpack_sharing_enabled":true,"hideMenuColor":false,"_links":{"self":[{"href":"https:\/\/www.transfergo.com\/tr\/wp-json\/wp\/v2\/pages\/1292","targetHints":{"allow":["GET"]}}],"collection":[{"href":"https:\/\/www.transfergo.com\/tr\/wp-json\/wp\/v2\/pages"}],"about":[{"href":"https:\/\/www.transfergo.com\/tr\/wp-json\/wp\/v2\/types\/page"}],"author":[{"embeddable":true,"href":"https:\/\/www.transfergo.com\/tr\/wp-json\/wp\/v2\/users\/1"}],"replies":[{"embeddable":true,"href":"https:\/\/www.transfergo.com\/tr\/wp-json\/wp\/v2\/comments?post=1292"}],"version-history":[{"count":0,"href":"https:\/\/www.transfergo.com\/tr\/wp-json\/wp\/v2\/pages\/1292\/revisions"}],"wp:attachment":[{"href":"https:\/\/www.transfergo.com\/tr\/wp-json\/wp\/v2\/media?parent=1292"}],"curies":[{"name":"wp","href":"https:\/\/api.w.org\/{rel}","templated":true}]}}