{"id":1402,"date":"2022-08-20T08:01:05","date_gmt":"2022-08-20T08:01:05","guid":{"rendered":"https:\/\/transfergo.wpengine.com\/refer-a-friend"},"modified":"2026-03-24T10:31:06","modified_gmt":"2026-03-24T10:31:06","slug":"arkadas-davet","status":"publish","type":"page","link":"https:\/\/www.transfergo.com\/tr\/arkadas-davet","title":{"rendered":"20\u20ac nas\u0131l kazan\u0131l\u0131r?"},"content":{"rendered":"\n<section class=\"wp-block-tg-hero-refer-a-friend hero-refer-a-friend container-fluid alignfull\" align=\"full\"><div class=\"container\">\n<div class=\"wp-block-columns hero-refer-a-friend__columns is-layout-flex wp-container-core-columns-is-layout-28f84493 wp-block-columns-is-layout-flex\">\n<div class=\"wp-block-column hero-refer-a-friend__column is-layout-flow wp-block-column-is-layout-flow\">\n<h1 class=\"wp-block-heading hero-refer-a-friend__title is-style-default\">Arkada\u015flar\u0131n\u0131z\u0131 davet ed\u0130n, <br>Her ay y\u00fczlerce euro kazan\u0131n<\/h1>\n\n\n\n<p class=\"hero-refer-a-friend__subtitle has-large-font-size\">Arkada\u015flar\u0131n\u0131za TransferGo\u2019yu anlat\u0131n. Her kullanmaya ba\u015flayan arkada\u015f\u0131n\u0131z i\u00e7in, <br>20\u20ac* (veya para biriminizdeki e\u015fde\u011feri) \u00f6d\u00fcl kazan\u0131n!<\/p>\n\n\n\n<p class=\"hero-refer-a-friend__text has-bw-700-color has-text-color has-medium-font-size\">*Para birimleri ve tutarlar de\u011fi\u015febilir.  <a href=\"https:\/\/www.transfergo.com\/tr\/hukum-ve-kosullarimiz\/arkadas-davet-programi\">Mevcut \u00f6d\u00fcl\u00fcm\u00fcz i\u00e7in buradaki 9. b\u00f6l\u00fcme bak\u0131n!<\/a><\/p>\n\n\n\n<div class=\"wp-block-button hero-refer-a-friend__button is-style-button-with-arrow\"><a class=\"wp-block-button__link wp-element-button\" href=\"https:\/\/app.transfergo.com\/tr\/register\" target=\"_blank\" rel=\"noopener\">Davet etmeye ba\u015flay\u0131n<\/a><\/div>\n<\/div>\n\n\n\n<div class=\"wp-block-column hero-refer-a-friend__column hero-refer-a-friend__column--images is-layout-flow wp-block-column-is-layout-flow\">\n<figure class=\"wp-block-image hero-refer-a-friend__image\"><img decoding=\"async\" src=\"https:\/\/www.transfergo.com\/wp-content\/plugins\/transfergo-blocks\/assets\/img\/hero-refer-a-friend\/hero-refer-a-friend-image-male.webp\" alt=\"\"\/><\/figure>\n\n\n\n<figure class=\"wp-block-image hero-refer-a-friend__image\"><img decoding=\"async\" src=\"https:\/\/www.transfergo.com\/wp-content\/plugins\/transfergo-blocks\/assets\/img\/hero-refer-a-friend\/hero-refer-a-friend-image-female.webp\" alt=\"\"\/><\/figure>\n<\/div>\n<\/div>\n<\/div><\/section>\n\n\n\n<section class=\"wp-block-tg-how-do-i-invite how-do-i-invite container-fluid alignfull has-blue-900-background-color has-background\" align=\"full\"><div class=\"container\">\n<h2 class=\"wp-block-heading has-text-align-center how-do-i-invite__title is-style-h3-higher-header-style has-bw-100-color has-text-color\">Arkada\u015flar\u0131m\u0131 nas\u0131l davet ederim?<\/h2>\n\n\n\n<h6 class=\"wp-block-heading has-text-align-center how-do-i-invite__subtitle has-bw-100-color has-text-color\">\u00c7ok kolay; \u015fu \u00fc\u00e7 basit ad\u0131m\u0131 izleyin\u2026<\/h6>\n\n\n\n<div class=\"wp-block-columns how-do-i-invite__columns is-layout-flex wp-container-core-columns-is-layout-28f84493 wp-block-columns-is-layout-flex\">\n<div class=\"wp-block-column how-do-i-invite__column is-layout-flow wp-block-column-is-layout-flow\">\n<figure class=\"wp-block-image aligncenter is-resized how-do-i-invite__column-image\"><img decoding=\"async\" src=\"https:\/\/www.transfergo.com\/wp-content\/plugins\/transfergo-blocks\/assets\/img\/how-do-i-invite-icon-0.svg\" alt=\"\" style=\"width:56;height:56\"\/><\/figure>\n\n\n\n<h3 class=\"wp-block-heading has-text-align-center t2 how-do-i-invite__column-title is-style-h6-higher-header-style has-bw-100-color has-text-color\"><strong>1. Bulun<\/strong><\/h3>\n\n\n\n<p class=\"has-text-align-center how-do-i-invite__column-subtitle has-bw-100-color has-text-color has-medium-font-size\">Davet kodunuzu bulmak i\u0307\u00e7in, web sitesinde veya uygulamada \u201cDavet Et\u201d b\u00f6l\u00fcm\u00fcne girin.<\/p>\n<\/div>\n\n\n\n<div class=\"wp-block-column how-do-i-invite__column is-layout-flow wp-block-column-is-layout-flow\">\n<figure class=\"wp-block-image aligncenter is-resized how-do-i-invite__column-image\"><img decoding=\"async\" src=\"https:\/\/www.transfergo.com\/wp-content\/plugins\/transfergo-blocks\/assets\/img\/how-do-i-invite-icon-1.svg\" alt=\"\" style=\"width:56;height:56\"\/><\/figure>\n\n\n\n<h3 class=\"wp-block-heading has-text-align-center t2 how-do-i-invite__column-title is-style-h6-higher-header-style has-bw-100-color has-text-color\"><strong>2. Payla\u015f\u0131n<\/strong><\/h3>\n\n\n\n<p class=\"has-text-align-center how-do-i-invite__column-subtitle has-bw-100-color has-text-color has-medium-font-size\">Davet kodunuzu SMS, WhatsApp veya sosyal medya \u00fczerinden payla\u015f\u0131n. Arkada\u015flar\u0131n\u0131z kodu kopyala-yap\u0131\u015ft\u0131r yaparak kay\u0131t olabilirler<\/p>\n<\/div>\n\n\n\n<div class=\"wp-block-column how-do-i-invite__column is-layout-flow wp-block-column-is-layout-flow\">\n<figure class=\"wp-block-image aligncenter is-resized how-do-i-invite__column-image\"><img decoding=\"async\" src=\"https:\/\/www.transfergo.com\/wp-content\/plugins\/transfergo-blocks\/assets\/img\/how-do-i-invite-icon-2.svg\" alt=\"\" style=\"width:56;height:56\"\/><\/figure>\n\n\n\n<h3 class=\"wp-block-heading has-text-align-center t2 how-do-i-invite__column-title is-style-h6-higher-header-style has-bw-100-color has-text-color\"><strong>3. Yard\u0131m edin<\/strong><\/h3>\n\n\n\n<p class=\"has-text-align-center how-do-i-invite__column-subtitle has-bw-100-color has-text-color has-medium-font-size\">Arkada\u015flar\u0131n\u0131z\u0131n kaydolmalar\u0131na ve ilk transferlerini yapmalar\u0131na yard\u0131mc\u0131 olun. Her zaman 20\u20ac \u00f6d\u00fcl\u00fcn\u00fcz\u00fc kazan\u0131n!<\/p>\n<\/div>\n<\/div>\n\n\n\n<div class=\"wp-block-button how-do-i-invite__button is-style-button-with-arrow-light\"><a class=\"wp-block-button__link wp-element-button\" href=\"https:\/\/app.transfergo.com\/tr\/register\" target=\"_blank\" rel=\"noopener\">Davet etmeye ba\u015flay\u0131n<\/a><\/div>\n<\/div><\/section>\n\n\n\n<section class=\"wp-block-tg-text-and-image-with-icons text-and-image-with-icons container-fluid alignfull\"><div class=\"container\">\n<div class=\"wp-block-columns text-and-image-with-icons__columns is-layout-flex wp-container-core-columns-is-layout-28f84493 wp-block-columns-is-layout-flex\">\n<div class=\"wp-block-column text-and-image-with-icons__column is-layout-flow wp-block-column-is-layout-flow\">\n<h2 class=\"wp-block-heading text-and-image-with-icons__heading has-blue-900-color has-text-color\">Payla\u015fmak kazand\u0131r\u0131r<\/h2>\n\n\n\n<p class=\"text-and-image-with-icons__paragraph has-blue-900-color has-text-color has-medium-font-size\">Davet kodunuzu k\u0131sa mesajla, WhatsApp veya sosyal medya arac\u0131l\u0131\u011f\u0131yla her yerde payla\u015f\u0131n. Bunu yapt\u0131\u011f\u0131n\u0131zda insanlara h\u0131zl\u0131 ve kolay transferlerimizden, harika fiyatlar\u0131m\u0131zdan ve uygulama kullan\u0131m\u0131n\u0131n ne kadar kolay oldu\u011fundan bahsedin.<br><br>Davet kodunuzu kullanarak kaydolan ve ilk 6 ay i\u00e7erisinde 2 farkl\u0131 para birimi aras\u0131nda 100\u20ac* de\u011ferinde transfer yapan her arkada\u015f\u0131n\u0131z i\u00e7in, 20\u20ac* \u00f6d\u00fcl kazan\u0131rs\u0131n\u0131z.<br><br>* Para birimleri ve tutarlar farkl\u0131l\u0131k g\u00f6sterebilir.<br><\/p>\n<\/div>\n\n\n\n<div class=\"wp-block-column text-and-image-with-icons__column text-and-image-with-icons__column--image is-layout-flow wp-block-column-is-layout-flow\">\n<figure class=\"wp-block-image text-and-image-with-icons__image\"><img decoding=\"async\" src=\"https:\/\/www.transfergo.com\/wp-content\/plugins\/transfergo-blocks\/assets\/img\/text-and-image-with-icons.webp\" alt=\"Talking people\"\/><\/figure>\n\n\n\n<figure class=\"wp-block-image text-and-image-with-icons__icon text-and-image-with-icons__icon--facebook\"><img decoding=\"async\" src=\"https:\/\/www.transfergo.com\/wp-content\/plugins\/transfergo-blocks\/assets\/icons\/facebook.svg\" alt=\"Facebook\"\/><\/figure>\n\n\n\n<figure class=\"wp-block-image text-and-image-with-icons__icon text-and-image-with-icons__icon--messenger\"><img decoding=\"async\" src=\"https:\/\/www.transfergo.com\/wp-content\/plugins\/transfergo-blocks\/assets\/icons\/messenger.svg\" alt=\"Messenger\"\/><\/figure>\n\n\n\n<figure class=\"wp-block-image text-and-image-with-icons__icon text-and-image-with-icons__icon--whatsapp\"><img decoding=\"async\" src=\"https:\/\/www.transfergo.com\/wp-content\/plugins\/transfergo-blocks\/assets\/icons\/whatsapp.svg\" alt=\"WhatsApp\"\/><\/figure>\n\n\n\n<figure class=\"wp-block-image text-and-image-with-icons__icon text-and-image-with-icons__icon--x\"><img decoding=\"async\" src=\"https:\/\/www.transfergo.com\/wp-content\/plugins\/transfergo-blocks\/assets\/icons\/X.svg\" alt=\"X\"\/><\/figure>\n<\/div>\n<\/div>\n<\/div><\/section>\n\n\n\n<section class=\"wp-block-tg-text-on-image text-on-image container-fluid alignfull\"><div class=\"container\">\n<figure class=\"wp-block-image text-on-image__background-image\"><img decoding=\"async\" src=\"https:\/\/www.transfergo.com\/wp-content\/plugins\/transfergo-blocks\/assets\/img\/text-on-image-background.webp\" alt=\"Transfergo Background Image\"\/><\/figure>\n\n\n\n<div class=\"wp-block-group text-on-image__content is-layout-flex wp-block-group-is-layout-flex\">\n<h2 class=\"wp-block-heading has-text-align-left text-on-image__title has-bw-100-color has-text-color\">Tam b\u0130r kazan-kazan!<\/h2>\n\n\n\n<p class=\"text-on-image__text has-bw-100-color has-text-color has-medium-font-size\">Arkada\u015flar\u0131n\u0131z an\u0131nda, az masrafl\u0131 ve uygun kurlarla para transferleri yaps\u0131n.<br><br>Siz davet kodunuzu kullanarak kaydolan ve ilk 6 ay i\u00e7erisinde 2 farkl\u0131 para birimi aras\u0131nda 100\u20ac* de\u011ferinde transfer yapan her arkada\u015f\u0131n\u0131z i\u00e7in, 20\u20ac* \u00f6d\u00fcl kazan\u0131n.<br><br><br>TransferGo ile herkes kazans\u0131n.<\/p>\n\n\n\n<p class=\"text-on-image__remark has-bw-100-color has-text-color has-small-font-size\">* Para birimleri ve tutarlar farkl\u0131l\u0131k g\u00f6sterebilir.<\/p>\n<\/div>\n<\/div><\/section>\n\n\n\n<section class=\"wp-block-tg-click-and-collect click-and-collect container-fluid alignfull\" align=\"full\"><div class=\"container\">\n<h2 class=\"wp-block-heading has-text-align-center click-and-collect__title is-style-h3-higher-header-style has-blue-900-color has-text-color\">T\u0131klay\u0131n ve \u00f6d\u00fcl\u00fcn\u00fcz\u00fc al\u0131n, <mark class=\"has-inline-color has-blue-500-color\">bu kadar basit.<\/mark><\/h2>\n\n\n\n<p class=\"has-text-align-center click-and-collect__subtitle has-bw-700-color has-text-color has-medium-font-size\"><br>\u00d6d\u00fcl\u00fcn\u00fcz TransferGo hesab\u0131n\u0131za otomatik olarak i\u015flenir ancak \u00f6d\u00fcl\u00fc kendiniz talep ederek alman\u0131z gerekir.<\/p>\n\n\n\n<div class=\"wp-block-button click-and-collect__button is-style-button-with-arrow\"><a class=\"wp-block-button__link wp-element-button\" href=\"https:\/\/app.transfergo.com\/tr\/register\" target=\"_blank\" rel=\"noopener\">Davet etmeye ba\u015flay\u0131n<\/a><\/div>\n\n\n\n<div class=\"wp-block-group click-and-collect__animation is-layout-flow wp-block-group-is-layout-flow\">\n<p class=\"has-text-align-left click-and-collect__animation-text has-blue-900-color has-text-color has-medium-font-size\">Hesab\u0131n\u0131z\u0131n &#8216;Davet Et&#8217; b\u00f6l\u00fcm\u00fcnde &#8216;\u00d6D\u00dcL\u00dcM\u00dc TOPLA!&#8217; se\u00e7ene\u011fini t\u0131klay\u0131n ve ayr\u0131nt\u0131lar\u0131 doldurun.<\/p>\n<\/div>\n<\/div><\/section>\n\n\n\n<section class=\"wp-block-tg-faqs-accordion faqs-accordion container-fluid alignfull\" align=\"full\"><div class=\"container\">\n<h2 class=\"wp-block-heading has-text-align-center faqs-accordion__heading is-style-h3-higher-header-style has-blue-900-color has-text-color\">S\u0131k Sorulan Sorular<\/h2>\n\n\n\n<details class=\"wp-block-tg-faqs-accordion-item faqs-accordion-item\"><summary class=\"faqs-accordion-item__question is-style-h6-higher-header-style\">TransferGo arkada\u015f davet program\u0131 nedir?<\/summary><div class=\"faqs-accordion-item__height-wrapper\"><div class=\"faqs-accordion-item__content-wrapper\">\n<p>Davet kodunuzu kullanarak kaydolan ve ilk 6 ay i\u00e7erisinde 2 farkl\u0131 para birimi aras\u0131nda 100\u20ac* de\u011ferinde transfer yapan her arkada\u015f\u0131n\u0131z i\u00e7in, TransferGo&#8217;dan 20\u20ac* \u00f6d\u00fcl kazan\u0131rs\u0131n\u0131z.<br><br>Bazen program de\u011fi\u015fiklik g\u00f6sterir ve baz\u0131 y\u00f6nlendirmeler i\u00e7in \u00f6d\u00fcller 30\u20ac, hatta 50\u20ac&#8217;a kadar \u00e7\u0131kar.<\/p>\n<\/div><\/div><\/details>\n\n\n\n<details class=\"wp-block-tg-faqs-accordion-item faqs-accordion-item\"><summary class=\"faqs-accordion-item__question is-style-h6-higher-header-style\">Arkada\u015f davet program\u0131ndan ne kadar para kazanabilirim?<\/summary><div class=\"faqs-accordion-item__height-wrapper\"><div class=\"faqs-accordion-item__content-wrapper\">\n<p>Diledi\u011finiz kadar arkada\u015f\u0131n\u0131z\u0131 davet edebilirsiniz. En \u00e7ok kazananlar, sosyal medya kanallar\u0131nda y\u00fczlerce ki\u015fiyi davet ederek her ay binlerce euro kazan\u0131yor.<\/p>\n<\/div><\/div><\/details>\n\n\n\n<details class=\"wp-block-tg-faqs-accordion-item faqs-accordion-item\"><summary class=\"faqs-accordion-item__question is-style-h6-higher-header-style\">TransferGo arkada\u015f davet program\u0131 nas\u0131l \u00e7al\u0131\u015f\u0131yor?<\/summary><div class=\"faqs-accordion-item__height-wrapper\"><div class=\"faqs-accordion-item__content-wrapper\">\n<p>TransferGo, kaydoldu\u011funuzda size kendi benzersiz davet kodunuzu verir. TransferGo&#8217;ya kay\u0131t olan yeni biri bu kodu her kulland\u0131\u011f\u0131nda, \u00f6deme al\u0131rs\u0131n\u0131z (uluslararas\u0131 ve uygun transferleri yapt\u0131ktan sonra).<\/p>\n<\/div><\/div><\/details>\n\n\n\n<details class=\"wp-block-tg-faqs-accordion-item faqs-accordion-item\"><summary class=\"faqs-accordion-item__question is-style-h6-higher-header-style\">Nakit \u00f6d\u00fcle nas\u0131l hak kazan\u0131r\u0131m?<\/summary><div class=\"faqs-accordion-item__height-wrapper\"><div class=\"faqs-accordion-item__content-wrapper\">\n<p>Arkada\u015f davet h\u00fck\u00fcm ve ko\u015fullar\u0131m\u0131za uydu\u011funuz s\u00fcrece \u00f6d\u00fcle hak kazan\u0131rs\u0131n\u0131z. Sayfan\u0131n \u00fcst k\u0131sm\u0131ndaki ba\u011flant\u0131da ko\u015fullar\u0131m\u0131z\u0131 g\u00f6zden ge\u00e7irebilirsiniz.<br><br>Davet kodunuzu kullanarak kaydolan ve ilk 6 ay i\u00e7erisinde 2 farkl\u0131 para birimi aras\u0131nda 100\u20ac de\u011ferinde transfer yapan her arkada\u015f\u0131n\u0131z i\u00e7in, 20\u20ac \u00f6d\u00fcl kazan\u0131rs\u0131n\u0131z.<\/p>\n<\/div><\/div><\/details>\n\n\n\n<details class=\"wp-block-tg-faqs-accordion-item faqs-accordion-item\"><summary class=\"faqs-accordion-item__question is-style-h6-higher-header-style\">TransferGo davet kodumu nerede bulabilirim?<\/summary><div class=\"faqs-accordion-item__height-wrapper\"><div class=\"faqs-accordion-item__content-wrapper\">\n<p>Davet kodunuz TransferGo uygulaman\u0131zdad\u0131r. Uygulaman\u0131n &#8221;Ana Sayfa&#8221; b\u00f6l\u00fcm\u00fcne gidin ve \u00f6d\u00fcl kazand\u0131\u011f\u0131n\u0131z\u0131 belirten imgeyi aray\u0131n veya sol \u00fcstteki men\u00fcde &#8221;kazan\u00e7lar&#8221; k\u0131sm\u0131na dokunup kodunuzu al\u0131n. <br><br>Web sitesinde oturum a\u00e7t\u0131ysan\u0131z sol kenardaki &#8221;Davet Et&#8221; b\u00f6l\u00fcm\u00fcn\u00fc bulman\u0131z yeterli. \u0130stedi\u011finiz yere kopyalay\u0131p, yap\u0131\u015ft\u0131rabilece\u011finiz ve g\u00f6nderebilece\u011finiz davet ba\u011flant\u0131n\u0131z\u0131 burada g\u00f6receksiniz.<\/p>\n<\/div><\/div><\/details>\n\n\n\n<details class=\"wp-block-tg-faqs-accordion-item faqs-accordion-item\"><summary class=\"faqs-accordion-item__question is-style-h6-higher-header-style\">Davet etti\u011fim ki\u015filer arkada\u015f\u0131m olmak zorunda m\u0131?<\/summary><div class=\"faqs-accordion-item__height-wrapper\"><div class=\"faqs-accordion-item__content-wrapper\">\n<p>Arkada\u015f, tan\u0131d\u0131k, aile \u00fcyesi veya tamamen yabanc\u0131 olabilirler. Kaydolmak i\u00e7in davet kodunuzu kulland\u0131klar\u0131 s\u00fcrece onlar\u0131 arkada\u015f\u0131n\u0131z olarak sayaca\u011f\u0131z.<\/p>\n<\/div><\/div><\/details>\n\n\n\n<details class=\"wp-block-tg-faqs-accordion-item faqs-accordion-item\"><summary class=\"faqs-accordion-item__question is-style-h6-higher-header-style\">Ne kadar kazanabilece\u011finizin bir s\u0131n\u0131r\u0131 var m\u0131?<\/summary><div class=\"faqs-accordion-item__height-wrapper\"><div class=\"faqs-accordion-item__content-wrapper\">\n<p>Herhangi bir s\u0131n\u0131r yok. Davet kodunuzu kullanarak kaydolan ve ilk 6 ay i\u00e7erisinde 2 farkl\u0131 para birimi aras\u0131nda 100\u20ac* de\u011ferinde transfer yapan her arkada\u015f\u0131n\u0131z i\u00e7in, TransferGo&#8217;dan 20\u20ac* \u00f6d\u00fcl kazan\u0131rs\u0131n\u0131z. Tabii ki, \u015eartlar ve Ko\u015fullar\u0131m\u0131za uymalar\u0131 gerekiyor.<\/p>\n<\/div><\/div><\/details>\n\n\n\n<details class=\"wp-block-tg-faqs-accordion-item faqs-accordion-item\"><summary class=\"faqs-accordion-item__question is-style-h6-higher-header-style\">Kay\u0131t olan bir arkada\u015f\u0131mdan neden bonusumu alamad\u0131m?<\/summary><div class=\"faqs-accordion-item__height-wrapper\"><div class=\"faqs-accordion-item__content-wrapper\">\n<p>\u00c7\u00fcnk\u00fc arkada\u015flar\u0131n\u0131z\u0131n uygulamam\u0131z\u0131 kullanmaya ba\u015flamalar\u0131 gerekiyor. Arkada\u015flar\u0131n\u0131z\u0131n davet kodunuzu kullan\u0131p kay\u0131t olmalar\u0131 ve ilk 6 ay i\u00e7erisinde 2 farkl\u0131 para birimi aras\u0131nda 100\u20ac* de\u011ferinde transfer yapmalar\u0131 gerekli. \u015eartlar\u0131 ve ko\u015fullar\u0131 yerine getiren her bir arkada\u015f\u0131n\u0131z i\u00e7in TransferGo&#8217;dan 20\u20ac* \u00f6d\u00fcl kazan\u0131rs\u0131n\u0131z.<\/p>\n<\/div><\/div><\/details>\n\n\n\n<details class=\"wp-block-tg-faqs-accordion-item faqs-accordion-item\"><summary class=\"faqs-accordion-item__question is-style-h6-higher-header-style\">TransferGo g\u00fcvenli mi?<\/summary><div class=\"faqs-accordion-item__height-wrapper\"><div class=\"faqs-accordion-item__content-wrapper\">\n<p>8 milyondan fazla kullan\u0131c\u0131m\u0131z TransferGo&#8217;nun g\u00fcvenli oldu\u011funu d\u00fc\u015f\u00fcn\u00fcyor! Daha fazla g\u00fcvence istiyorsan\u0131z Trustpilot&#8217;taki incelemelerimize g\u00f6z atabilir, \u00e7evrimi\u00e7i olarak bize bakabilir ve d\u00fcnya \u00e7ap\u0131ndaki \u00f6nemli yay\u0131nlarda hakk\u0131m\u0131zda yaz\u0131lanlar\u0131 okuyabilirsiniz.<\/p>\n<\/div><\/div><\/details>\n\n\n\n<details class=\"wp-block-tg-faqs-accordion-item faqs-accordion-item\"><summary class=\"faqs-accordion-item__question is-style-h6-higher-header-style\">Arkada\u015flar\u0131ma tavsiye ederek internetten nas\u0131l para kazanabilirim?<\/summary><div class=\"faqs-accordion-item__height-wrapper\"><div class=\"faqs-accordion-item__content-wrapper\">\n<p>Arkada\u015flar\u0131n\u0131zla ve ailenizle ba\u015flay\u0131n ancak davet kodunuzu sosyal kanallar\u0131n\u0131zda yaymaktan korkmay\u0131n. Davet kodunuz \u00e7al\u0131namaz. Sadece para kazanmak i\u00e7in kullan\u0131labilir.<\/p>\n<\/div><\/div><\/details>\n<\/div><\/section>\n\n\n\n<section class=\"wp-block-tg-make-faster-transfers make-faster-transfers container-fluid\" data-subtitle=\"TransferGo uygulamas\u0131n\u0131 indirmek i\u00e7in taray\u0131n\"><div class=\"container\">\n<h3 class=\"wp-block-heading has-text-align-left make-faster-transfers__title has-blue-900-color has-text-color\">Make faster, cheaper transfers\u2014\ndownload the TransferGo app!<\/h3>\n\n\n\n<div class=\"wp-block-group make-faster-transfers__badges is-layout-flex wp-block-group-is-layout-flex\">\n<div class=\"badges__container\">\n\t<div class=\"wp-block-button badges__button  is-style-button-with-arrow\" data-button-id=\"tg-4027674965\">\n\t\t<a class=\"wp-block-button__link wp-element-button\" href=\"https:\/\/transfergo.onelink.me\/3553566860\/auava1pk\" target=\"_blank\" rel=\"noreferrer noopener\">\n\t\t\tUygulamay\u0131 indirin\t\t<\/a>\n\t<\/div>\n\t<div class=\"badges__popup\" data-popup-id=\"tg-4027674965\">\n\t\t<div class=\"badges__popup-wrapper\">\n\t\t\t<button class=\"badges__popup-button\"><\/button>\n\t\t\t<p class=\"badges__popup-title wp-heading is-style-h4-higher-header-style\">\n\t\t\t\t<mark style=\"background-color:rgba(0, 0, 0, 0)\" class=\"has-inline-color has-blue-500-color\">\n\t\t\t\t\t \t\t\t\t<\/mark>\n\t\t\t\tTransferGo uygulamas\u0131n\u0131 indirmek i\u00e7in taray\u0131n\t\t\t<\/p>\n\t\t\t<img decoding=\"async\" class=\"badges__popup-image\" src=\"https:\/\/www.transfergo.com\/wp-content\/plugins\/transfergo-blocks\/assets\/img\/QR_code.webp\"\n\t\t\t\talt=\"http:\/\/QR%20code\"\/>\n\t\t<\/div>\n\t<\/div>\n<\/div>\n<\/div>\n\n\n\n<figure class=\"wp-block-image make-faster-transfers__image\"><img decoding=\"async\" src=\"https:\/\/www.transfergo.com\/wp-content\/plugins\/transfergo-blocks\/assets\/img\/phone-image.webp\" alt=\"\"\/><\/figure>\n<\/div><\/section>\n","protected":false},"excerpt":{"rendered":"","protected":false},"author":1,"featured_media":241997,"parent":0,"menu_order":0,"comment_status":"closed","ping_status":"closed","template":"","meta":{"hideMenuColor":false,"footnotes":""},"class_list":["post-1402","page","type-page","status-publish","has-post-thumbnail","hentry"],"parsely":{"version":"1.1.0","canonical_url":"https:\/\/transfergo.com\/tr\/arkadas-davet","smart_links":{"inbound":0,"outbound":0},"traffic_boost_suggestions_count":0,"meta":{"@context":"https:\/\/schema.org","@type":"WebPage","headline":"20\u20ac nas\u0131l kazan\u0131l\u0131r?","url":"http:\/\/www.transfergo.com\/tr\/arkadas-davet","mainEntityOfPage":{"@type":"WebPage","@id":"http:\/\/www.transfergo.com\/tr\/arkadas-davet"},"thumbnailUrl":"https:\/\/www.transfergo.com\/wp-content\/uploads\/2025\/05\/Invite-a-friend-8.png?resize=150,150","image":{"@type":"ImageObject","url":"https:\/\/www.transfergo.com\/wp-content\/uploads\/2025\/05\/Invite-a-friend-8.png"},"articleSection":"Bireysel Finans","author":[{"@type":"Person","name":"TransferGo Team"}],"creator":["TransferGo Team"],"publisher":{"@type":"Organization","name":"TransferGo","logo":""},"keywords":[],"dateCreated":"2022-08-20T08:01:05Z","datePublished":"2022-08-20T08:01:05Z","dateModified":"2026-03-24T10:31:06Z"},"rendered":"<script type=\"application\/ld+json\" class=\"wp-parsely-metadata\">{\"@context\":\"https:\\\/\\\/schema.org\",\"@type\":\"WebPage\",\"headline\":\"20\\u20ac nas\\u0131l kazan\\u0131l\\u0131r?\",\"url\":\"http:\\\/\\\/www.transfergo.com\\\/tr\\\/arkadas-davet\",\"mainEntityOfPage\":{\"@type\":\"WebPage\",\"@id\":\"http:\\\/\\\/www.transfergo.com\\\/tr\\\/arkadas-davet\"},\"thumbnailUrl\":\"https:\\\/\\\/www.transfergo.com\\\/wp-content\\\/uploads\\\/2025\\\/05\\\/Invite-a-friend-8.png?resize=150,150\",\"image\":{\"@type\":\"ImageObject\",\"url\":\"https:\\\/\\\/www.transfergo.com\\\/wp-content\\\/uploads\\\/2025\\\/05\\\/Invite-a-friend-8.png\"},\"articleSection\":\"Bireysel Finans\",\"author\":[{\"@type\":\"Person\",\"name\":\"TransferGo Team\"}],\"creator\":[\"TransferGo Team\"],\"publisher\":{\"@type\":\"Organization\",\"name\":\"TransferGo\",\"logo\":\"\"},\"keywords\":[],\"dateCreated\":\"2022-08-20T08:01:05Z\",\"datePublished\":\"2022-08-20T08:01:05Z\",\"dateModified\":\"2026-03-24T10:31:06Z\"}<\/script>","tracker_url":"https:\/\/cdn.parsely.com\/keys\/transfergo.com\/p.js"},"jetpack_sharing_enabled":true,"hideMenuColor":false,"_links":{"self":[{"href":"https:\/\/www.transfergo.com\/tr\/wp-json\/wp\/v2\/pages\/1402","targetHints":{"allow":["GET"]}}],"collection":[{"href":"https:\/\/www.transfergo.com\/tr\/wp-json\/wp\/v2\/pages"}],"about":[{"href":"https:\/\/www.transfergo.com\/tr\/wp-json\/wp\/v2\/types\/page"}],"author":[{"embeddable":true,"href":"https:\/\/www.transfergo.com\/tr\/wp-json\/wp\/v2\/users\/1"}],"replies":[{"embeddable":true,"href":"https:\/\/www.transfergo.com\/tr\/wp-json\/wp\/v2\/comments?post=1402"}],"version-history":[{"count":5,"href":"https:\/\/www.transfergo.com\/tr\/wp-json\/wp\/v2\/pages\/1402\/revisions"}],"predecessor-version":[{"id":987517,"href":"https:\/\/www.transfergo.com\/tr\/wp-json\/wp\/v2\/pages\/1402\/revisions\/987517"}],"wp:featuredmedia":[{"embeddable":true,"href":"https:\/\/www.transfergo.com\/tr\/wp-json\/wp\/v2\/media\/241997"}],"wp:attachment":[{"href":"https:\/\/www.transfergo.com\/tr\/wp-json\/wp\/v2\/media?parent=1402"}],"curies":[{"name":"wp","href":"https:\/\/api.w.org\/{rel}","templated":true}]}}